{"id":196,"date":"2024-11-10T02:09:38","date_gmt":"2024-11-10T02:09:38","guid":{"rendered":"http:\/\/laximenavelasquez.com\/reflexiones-sobre-el-paisaje\/lejos-en-la-distancia-sus-ojos-siguen-mirando\/"},"modified":"2024-12-03T15:29:17","modified_gmt":"2024-12-03T15:29:17","slug":"lejos-en-la-distancia-sus-ojos-siguen-mirando","status":"publish","type":"page","link":"http:\/\/laximenavelasquez.com\/en\/reflexiones-sobre-el-paisaje\/lejos-en-la-distancia-sus-ojos-siguen-mirando\/","title":{"rendered":"Far in the distance their eyes continue to gaze"},"content":{"rendered":"<div data-elementor-type=\"wp-page\" data-elementor-id=\"196\" class=\"elementor elementor-196\" data-elementor-post-type=\"page\">\n\t\t\t\t<div class=\"elementor-element elementor-element-28fef2b e-flex e-con-boxed e-con e-child\" data-id=\"28fef2b\" data-element_type=\"container\">\n\t\t\t\t\t<div class=\"e-con-inner\">\n\t\t\t\t<div class=\"elementor-element elementor-element-539a163 elementor-widget elementor-widget-heading\" data-id=\"539a163\" data-element_type=\"widget\" data-widget_type=\"heading.default\">\n\t\t\t\t<div class=\"elementor-widget-container\">\n\t\t\t\t\t<h1 class=\"elementor-heading-title elementor-size-default\">Far in the distance their eyes continue to gaze<\/h1>\t\t\t\t<\/div>\n\t\t\t\t<\/div>\n\t\t\t\t<div class=\"elementor-element elementor-element-4014d87 elementor-widget elementor-widget-text-editor\" data-id=\"4014d87\" data-element_type=\"widget\" data-widget_type=\"text-editor.default\">\n\t\t\t\t<div class=\"elementor-widget-container\">\n\t\t\t\t\t\t\t\t\t<p><strong>Video installation, cage and projection format 16:9 digital black and white, with a duration: 00:06:52\u00a0\u00a0<br \/>Variable dimensions 4 x 4 meters.<br \/>2022\u00a0<\/strong><\/p>\t\t\t\t\t\t\t\t<\/div>\n\t\t\t\t<\/div>\n\t\t\t\t<div class=\"elementor-element elementor-element-695d592 elementor-widget-mobile__width-inherit uael-aspect-ratio-16_9 elementor-widget elementor-widget-uael-video\" data-id=\"695d592\" data-element_type=\"widget\" data-widget_type=\"uael-video.default\">\n\t\t\t\t<div class=\"elementor-widget-container\">\n\t\t\t\t\t\t\t\t\t<div class=\"uael-video__outer-wrap  uael-video-type-vimeo\" data-device=\"false\" data-vsticky=\"no\" data-hidedesktop=\"\" data-hidetablet=\"\" data-hidemobile=\"\" data-vsticky-viewport=\"0\" data-autoplay=\"0\">\n\t\t\t\t\t\t\t\t<div class=\"uael-video-inner-wrap\">\n\t\t\t\t<div class=\"uael-video__play\" data-src=\"https:\/\/player.vimeo.com\/video\/745977225?loop=0&amp;title=0&amp;portrait=0&amp;byline=0&amp;muted=0&amp;color&amp;autopause=0&amp;autoplay=1#t=\">\n\t\t\t\t\t<img decoding=\"async\" class=\"uael-video__thumb\" src=\"https:\/\/i.vimeocdn.com\/video\/1500322006-202c9ccb4a6de330854ed0f0bb6f3b4caf7b4b0fd24e37c562ce7997b4e38dd3-d_840?region=us\" alt=\"\"><\/img>\n\t\t\t\t\t<div class=\"uael-video__play-icon uael-animation-\">\n\t\t\t\t\t\t<svg aria-hidden=\"true\" class=\"e-font-icon-svg e-fa-play-circle\" viewbox=\"0 0 512 512\" xmlns=\"http:\/\/www.w3.org\/2000\/svg\"><path d=\"M256 8C119 8 8 119 8 256s111 248 248 248 248-111 248-248S393 8 256 8zm115.7 272l-176 101c-15.8 8.8-35.7-2.5-35.7-21V152c0-18.4 19.8-29.8 35.7-21l176 107c16.4 9.2 16.4 32.9 0 42z\"><\/path><\/svg>\t\t\t\t\t<\/div>\n\t\t\t\t<\/div>\n\t\t\t\t\t\t\t\t\t\t\t<\/div>\n\t\t<\/div>\n\t\t\t\t\t\t\t<\/div>\n\t\t\t\t<\/div>\n\t\t\t\t<div class=\"elementor-element elementor-element-d24d938 uael-img-grid__column-2 uael-img-grid-mobile__column-1 uael-img-grid-tablet__column-3 uael-ins-normal elementor-widget elementor-widget-uael-image-gallery\" data-id=\"d24d938\" data-element_type=\"widget\" data-settings=\"{&quot;gallery_columns&quot;:&quot;2&quot;,&quot;gallery_columns_mobile&quot;:&quot;1&quot;,&quot;gallery_columns_tablet&quot;:&quot;3&quot;,&quot;column_gap&quot;:{&quot;unit&quot;:&quot;px&quot;,&quot;size&quot;:20,&quot;sizes&quot;:[]},&quot;column_gap_tablet&quot;:{&quot;unit&quot;:&quot;px&quot;,&quot;size&quot;:&quot;&quot;,&quot;sizes&quot;:[]},&quot;column_gap_mobile&quot;:{&quot;unit&quot;:&quot;px&quot;,&quot;size&quot;:&quot;&quot;,&quot;sizes&quot;:[]},&quot;row_gap&quot;:{&quot;unit&quot;:&quot;px&quot;,&quot;size&quot;:20,&quot;sizes&quot;:[]},&quot;row_gap_tablet&quot;:{&quot;unit&quot;:&quot;px&quot;,&quot;size&quot;:&quot;&quot;,&quot;sizes&quot;:[]},&quot;row_gap_mobile&quot;:{&quot;unit&quot;:&quot;px&quot;,&quot;size&quot;:&quot;&quot;,&quot;sizes&quot;:[]},&quot;images_valign&quot;:&quot;flex-start&quot;}\" data-widget_type=\"uael-image-gallery.default\">\n\t\t\t\t<div class=\"elementor-widget-container\">\n\t\t\t\t\t<div class=\"uael-gallery-parent uael-caption- uael-gallery-unjustified\"><div class=\"uael-img-gallery-wrap uael-img-grid-wrap uael-img-grid-masonry-wrap uael-image-lightbox-wrap\" data-filter-default=\"All\" data-lightbox_actions=\"[&quot;close&quot;]\" data-lightbox-gallery-loop=\"1\"><div class=\"uael-grid-item  uael-img-gallery-item-1\"><div class=\"uael-grid-item-content\"><a class=\"uael-grid-img uael-grid-gallery-img uael-ins-hover elementor-clickable\" data-fancybox=\"uael-gallery\" href=\"https:\/\/laximenavelasquez.com\/wp-content\/uploads\/2024\/12\/Lejos-en-la-distancia2.jpg\" data-elementor-open-lightbox=\"no\"><div class=\"uael-grid-img-thumbnail uael-ins-target\"><img fetchpriority=\"high\" decoding=\"async\" width=\"768\" height=\"432\" src=\"https:\/\/laximenavelasquez.com\/wp-content\/smush-webp\/2024\/12\/Lejos-en-la-distancia2-768x432.jpg.webp\" class=\"attachment-medium_large size-medium_large wp-image-451\" alt=\"\" srcset=\"http:\/\/laximenavelasquez.com\/wp-content\/smush-webp\/2024\/12\/Lejos-en-la-distancia2-768x432.jpg.webp 768w, http:\/\/laximenavelasquez.com\/wp-content\/uploads\/2024\/12\/Lejos-en-la-distancia2-300x169.jpg 300w, http:\/\/laximenavelasquez.com\/wp-content\/smush-webp\/2024\/12\/Lejos-en-la-distancia2-1024x576.jpg.webp 1024w, http:\/\/laximenavelasquez.com\/wp-content\/smush-webp\/2024\/12\/Lejos-en-la-distancia2-1536x864.jpg.webp 1536w, http:\/\/laximenavelasquez.com\/wp-content\/uploads\/2024\/12\/Lejos-en-la-distancia2-18x10.jpg 18w, http:\/\/laximenavelasquez.com\/wp-content\/uploads\/2024\/12\/Lejos-en-la-distancia2.jpg 1920w\" sizes=\"(max-width: 768px) 100vw, 768px\" data-smush-webp-fallback=\"{&quot;src&quot;:&quot;https:\\\/\\\/laximenavelasquez.com\\\/wp-content\\\/uploads\\\/2024\\\/12\\\/Lejos-en-la-distancia2-768x432.jpg&quot;,&quot;srcset&quot;:&quot;http:\\\/\\\/laximenavelasquez.com\\\/wp-content\\\/uploads\\\/2024\\\/12\\\/Lejos-en-la-distancia2-768x432.jpg 768w, http:\\\/\\\/laximenavelasquez.com\\\/wp-content\\\/uploads\\\/2024\\\/12\\\/Lejos-en-la-distancia2-300x169.jpg 300w, http:\\\/\\\/laximenavelasquez.com\\\/wp-content\\\/uploads\\\/2024\\\/12\\\/Lejos-en-la-distancia2-1024x576.jpg 1024w, http:\\\/\\\/laximenavelasquez.com\\\/wp-content\\\/uploads\\\/2024\\\/12\\\/Lejos-en-la-distancia2-1536x864.jpg 1536w, http:\\\/\\\/laximenavelasquez.com\\\/wp-content\\\/uploads\\\/2024\\\/12\\\/Lejos-en-la-distancia2-18x10.jpg 18w, http:\\\/\\\/laximenavelasquez.com\\\/wp-content\\\/uploads\\\/2024\\\/12\\\/Lejos-en-la-distancia2.jpg 1920w&quot;}\" \/><\/div><div class=\"uael-grid-img-overlay\"><\/div><\/a><\/div><\/div><div class=\"uael-grid-item  uael-img-gallery-item-2\"><div class=\"uael-grid-item-content\"><a class=\"uael-grid-img uael-grid-gallery-img uael-ins-hover elementor-clickable\" data-fancybox=\"uael-gallery\" href=\"https:\/\/laximenavelasquez.com\/wp-content\/uploads\/2024\/12\/Lejos-en-la-distancia.jpg\" data-elementor-open-lightbox=\"no\"><div class=\"uael-grid-img-thumbnail uael-ins-target\"><img decoding=\"async\" width=\"768\" height=\"432\" data-src=\"https:\/\/laximenavelasquez.com\/wp-content\/smush-webp\/2024\/12\/Lejos-en-la-distancia-768x432.jpg.webp\" class=\"attachment-medium_large size-medium_large wp-image-499 lazyload\" alt=\"\" data-srcset=\"http:\/\/laximenavelasquez.com\/wp-content\/smush-webp\/2024\/12\/Lejos-en-la-distancia-768x432.jpg.webp 768w, http:\/\/laximenavelasquez.com\/wp-content\/smush-webp\/2024\/12\/Lejos-en-la-distancia-300x169.jpg.webp 300w, http:\/\/laximenavelasquez.com\/wp-content\/smush-webp\/2024\/12\/Lejos-en-la-distancia-1024x576.jpg.webp 1024w, http:\/\/laximenavelasquez.com\/wp-content\/smush-webp\/2024\/12\/Lejos-en-la-distancia-1536x864.jpg.webp 1536w, http:\/\/laximenavelasquez.com\/wp-content\/uploads\/2024\/12\/Lejos-en-la-distancia-18x10.jpg 18w, http:\/\/laximenavelasquez.com\/wp-content\/uploads\/2024\/12\/Lejos-en-la-distancia.jpg 1920w\" data-sizes=\"(max-width: 768px) 100vw, 768px\" src=\"data:image\/gif;base64,R0lGODlhAQABAAAAACH5BAEKAAEALAAAAAABAAEAAAICTAEAOw==\" style=\"--smush-placeholder-width: 768px; --smush-placeholder-aspect-ratio: 768\/432;\" data-smush-webp-fallback=\"{&quot;data-src&quot;:&quot;https:\\\/\\\/laximenavelasquez.com\\\/wp-content\\\/uploads\\\/2024\\\/12\\\/Lejos-en-la-distancia-768x432.jpg&quot;,&quot;data-srcset&quot;:&quot;http:\\\/\\\/laximenavelasquez.com\\\/wp-content\\\/uploads\\\/2024\\\/12\\\/Lejos-en-la-distancia-768x432.jpg 768w, http:\\\/\\\/laximenavelasquez.com\\\/wp-content\\\/uploads\\\/2024\\\/12\\\/Lejos-en-la-distancia-300x169.jpg 300w, http:\\\/\\\/laximenavelasquez.com\\\/wp-content\\\/uploads\\\/2024\\\/12\\\/Lejos-en-la-distancia-1024x576.jpg 1024w, http:\\\/\\\/laximenavelasquez.com\\\/wp-content\\\/uploads\\\/2024\\\/12\\\/Lejos-en-la-distancia-1536x864.jpg 1536w, http:\\\/\\\/laximenavelasquez.com\\\/wp-content\\\/uploads\\\/2024\\\/12\\\/Lejos-en-la-distancia-18x10.jpg 18w, http:\\\/\\\/laximenavelasquez.com\\\/wp-content\\\/uploads\\\/2024\\\/12\\\/Lejos-en-la-distancia.jpg 1920w&quot;}\" \/><noscript><img decoding=\"async\" width=\"768\" height=\"432\" src=\"https:\/\/laximenavelasquez.com\/wp-content\/uploads\/2024\/12\/Lejos-en-la-distancia-768x432.jpg\" class=\"attachment-medium_large size-medium_large wp-image-499\" alt=\"\" srcset=\"http:\/\/laximenavelasquez.com\/wp-content\/uploads\/2024\/12\/Lejos-en-la-distancia-768x432.jpg 768w, http:\/\/laximenavelasquez.com\/wp-content\/uploads\/2024\/12\/Lejos-en-la-distancia-300x169.jpg 300w, http:\/\/laximenavelasquez.com\/wp-content\/uploads\/2024\/12\/Lejos-en-la-distancia-1024x576.jpg 1024w, http:\/\/laximenavelasquez.com\/wp-content\/uploads\/2024\/12\/Lejos-en-la-distancia-1536x864.jpg 1536w, http:\/\/laximenavelasquez.com\/wp-content\/uploads\/2024\/12\/Lejos-en-la-distancia-18x10.jpg 18w, http:\/\/laximenavelasquez.com\/wp-content\/uploads\/2024\/12\/Lejos-en-la-distancia.jpg 1920w\" sizes=\"(max-width: 768px) 100vw, 768px\" \/><\/noscript><\/div><div class=\"uael-grid-img-overlay\"><\/div><\/a><\/div><\/div><\/div><\/div>\t\t\t\t<\/div>\n\t\t\t\t<\/div>\n\t\t\t\t<div class=\"elementor-element elementor-element-d606de8 elementor-widget elementor-widget-text-editor\" data-id=\"d606de8\" data-element_type=\"widget\" data-widget_type=\"text-editor.default\">\n\t\t\t\t<div class=\"elementor-widget-container\">\n\t\t\t\t\t\t\t\t\t<p><span data-contrast=\"none\">A woman bird is the protagonist of this work, a polemic female figure against the established canons throughout a markedly masculine history. She is an ambiguous character who carries a historical weight with imposed symbolic marks.<\/span><span data-ccp-props=\"{&quot;134245417&quot;:false,&quot;335551550&quot;:6,&quot;335551620&quot;:6,&quot;335559738&quot;:56}\">\u00a0<\/span><\/p><p><span data-contrast=\"none\">The bird woman is a figure in constant tension between opposites, she is submissive and emancipated, she is beautiful and macabre, she transits tranquility and vertigo. But above all, the greatest contradiction resides in the cage, since it is an object that seems to contain and limit her, although it is also a place of refuge for a life of autonomy and freedom.<\/span><\/p><p><span data-contrast=\"auto\">The name of the work is based on a biblical fragment from the book of Job, which invites us to think about the will imposed on bodies and especially the role of women in trying to define a series of parameters and hierarchies.<\/span><span data-ccp-props=\"{}\">\u00a0<\/span><\/p>\t\t\t\t\t\t\t\t<\/div>\n\t\t\t\t<\/div>\n\t\t\t\t<div class=\"elementor-element elementor-element-39155a7 elementor-widget elementor-widget-text-editor\" data-id=\"39155a7\" data-element_type=\"widget\" data-widget_type=\"text-editor.default\">\n\t\t\t\t<div class=\"elementor-widget-container\">\n\t\t\t\t\t\t\t\t\t<div style=\"text-align: justify;\"><p>\"<span class=\"TextRun SCXW146753784 BCX8\" lang=\"ES-ES\" xml:lang=\"ES-ES\" data-contrast=\"auto\"><span class=\"NormalTextRun SCXW146753784 BCX8\">Is it due to your understanding that the hawk soars, that it spreads its wings to the south wind? Or is it by your command that an eagle flies upward, and that it builds its nest high, that on a crag it resides, and stays for the night on the tooth of a crag and in an inaccessible place? From there he must seek food; far in the distance his eyes keep watching. And her chicks themselves keep sipping blood; and where are those who have been slain, there she is.<\/span><\/span><span class=\"EOP SCXW146753784 BCX8\" data-ccp-props=\"{&quot;335559685&quot;:708}\">\u00a0<\/span>.\"<\/p><p style=\"text-align: right; margin-top: 10px;\"><span class=\"TextRun SCXW5449680 BCX8\" lang=\"ES-ES\" xml:lang=\"ES-ES\" data-contrast=\"auto\"><span class=\"NormalTextRun SCXW5449680 BCX8\">\u00a0Job 39,27<\/span><\/span><span class=\"EOP SCXW5449680 BCX8\" data-ccp-props=\"{&quot;335551550&quot;:3,&quot;335551620&quot;:3,&quot;335559685&quot;:1068}\">\u00a0<\/span><\/p><\/div>\t\t\t\t\t\t\t\t<\/div>\n\t\t\t\t<\/div>\n\t\t\t\t<div class=\"elementor-element elementor-element-1ccf636 elementor-widget elementor-widget-text-editor\" data-id=\"1ccf636\" data-element_type=\"widget\" data-widget_type=\"text-editor.default\">\n\t\t\t\t<div class=\"elementor-widget-container\">\n\t\t\t\t\t\t\t\t\t<p><span class=\"TextRun SCXW76477266 BCX8\" lang=\"ES-ES\" xml:lang=\"ES-ES\" data-contrast=\"auto\"><span class=\"NormalTextRun SCXW76477266 BCX8\">Work realized thanks to the Creation Grant for artists with trajectory, Ministry of Culture 2021.<\/span><\/span><span class=\"EOP SCXW76477266 BCX8\" data-ccp-props=\"{}\">\u00a0<\/span><\/p>\t\t\t\t\t\t\t\t<\/div>\n\t\t\t\t<\/div>\n\t\t\t\t\t<\/div>\n\t\t\t\t<\/div>\n\t\t\t\t<\/div>","protected":false},"excerpt":{"rendered":"<p>Lejos en la distancia sus ojos siguen mirando Video instalaci\u00f3n, jaula y proyecci\u00f3n formato16:9 blanco y negro digital, con una duraci\u00f3n: 00:06:52\u00a0\u00a0Dimensiones variables 4 x 4 metros.2022\u00a0 https:\/\/vimeo.com\/745977225 Una mujer p\u00e1jaro es la protagonista de esta obra, una figura femenina pol\u00e9mica en contra de los c\u00e1nones establecidos a lo largo de una historia marcadamente masculina. [&hellip;]<\/p>","protected":false},"author":1,"featured_media":0,"parent":195,"menu_order":0,"comment_status":"closed","ping_status":"closed","template":"","meta":{"footnotes":""},"class_list":["post-196","page","type-page","status-publish","hentry"],"_links":{"self":[{"href":"http:\/\/laximenavelasquez.com\/en\/wp-json\/wp\/v2\/pages\/196","targetHints":{"allow":["GET"]}}],"collection":[{"href":"http:\/\/laximenavelasquez.com\/en\/wp-json\/wp\/v2\/pages"}],"about":[{"href":"http:\/\/laximenavelasquez.com\/en\/wp-json\/wp\/v2\/types\/page"}],"author":[{"embeddable":true,"href":"http:\/\/laximenavelasquez.com\/en\/wp-json\/wp\/v2\/users\/1"}],"replies":[{"embeddable":true,"href":"http:\/\/laximenavelasquez.com\/en\/wp-json\/wp\/v2\/comments?post=196"}],"version-history":[{"count":9,"href":"http:\/\/laximenavelasquez.com\/en\/wp-json\/wp\/v2\/pages\/196\/revisions"}],"predecessor-version":[{"id":826,"href":"http:\/\/laximenavelasquez.com\/en\/wp-json\/wp\/v2\/pages\/196\/revisions\/826"}],"up":[{"embeddable":true,"href":"http:\/\/laximenavelasquez.com\/en\/wp-json\/wp\/v2\/pages\/195"}],"wp:attachment":[{"href":"http:\/\/laximenavelasquez.com\/en\/wp-json\/wp\/v2\/media?parent=196"}],"curies":[{"name":"wp","href":"https:\/\/api.w.org\/{rel}","templated":true}]}}