{"id":198,"date":"2024-11-10T02:09:44","date_gmt":"2024-11-10T02:09:44","guid":{"rendered":"http:\/\/laximenavelasquez.com\/reflexiones-sobre-el-paisaje\/saudade\/"},"modified":"2024-12-03T15:12:47","modified_gmt":"2024-12-03T15:12:47","slug":"saudade","status":"publish","type":"page","link":"http:\/\/laximenavelasquez.com\/en\/reflexiones-sobre-el-paisaje\/saudade\/","title":{"rendered":"Saudade"},"content":{"rendered":"<div data-elementor-type=\"wp-page\" data-elementor-id=\"198\" class=\"elementor elementor-198\" data-elementor-post-type=\"page\">\n\t\t\t\t<div class=\"elementor-element elementor-element-6bb3d7b e-flex e-con-boxed e-con e-parent\" data-id=\"6bb3d7b\" data-element_type=\"container\">\n\t\t\t\t\t<div class=\"e-con-inner\">\n\t\t<div class=\"elementor-element elementor-element-945f7ea e-con-full e-flex e-con e-child\" data-id=\"945f7ea\" data-element_type=\"container\">\n\t\t\t\t<div class=\"elementor-element elementor-element-b75a503 elementor-widget elementor-widget-heading\" data-id=\"b75a503\" data-element_type=\"widget\" data-widget_type=\"heading.default\">\n\t\t\t\t<div class=\"elementor-widget-container\">\n\t\t\t\t\t<h1 class=\"elementor-heading-title elementor-size-default\">Saudade<\/h1>\t\t\t\t<\/div>\n\t\t\t\t<\/div>\n\t\t\t\t<div class=\"elementor-element elementor-element-2237040 elementor-widget elementor-widget-text-editor\" data-id=\"2237040\" data-element_type=\"widget\" data-widget_type=\"text-editor.default\">\n\t\t\t\t<div class=\"elementor-widget-container\">\n\t\t\t\t\t\t\t\t\t<p><strong>Installation 3 single-channel videos, Photographs in different formats.\u00a0\u00a0<br \/>Variable dimensions, 5 x 4 meters approx.<br \/>2016\u00a0<\/strong><\/p>\t\t\t\t\t\t\t\t<\/div>\n\t\t\t\t<\/div>\n\t\t\t\t<div class=\"elementor-element elementor-element-a030056 uael-ins-normal elementor-widget elementor-widget-uael-image-gallery\" data-id=\"a030056\" data-element_type=\"widget\" data-settings=\"{&quot;justified_margin&quot;:{&quot;unit&quot;:&quot;px&quot;,&quot;size&quot;:3,&quot;sizes&quot;:[]},&quot;justified_margin_tablet&quot;:{&quot;unit&quot;:&quot;px&quot;,&quot;size&quot;:&quot;&quot;,&quot;sizes&quot;:[]},&quot;justified_margin_mobile&quot;:{&quot;unit&quot;:&quot;px&quot;,&quot;size&quot;:&quot;&quot;,&quot;sizes&quot;:[]}}\" data-widget_type=\"uael-image-gallery.default\">\n\t\t\t\t<div class=\"elementor-widget-container\">\n\t\t\t\t\t<div class=\"uael-gallery-parent uael-caption-\"><div class=\"uael-img-gallery-wrap uael-img-justified-wrap uael-img-grid-masonry-wrap uael-image-lightbox-wrap\" data-filter-default=\"All\" data-rowheight=\"423\" data-lastrow=\"nojustify\" data-lightbox_actions=\"[&quot;close&quot;]\" data-lightbox-gallery-loop=\"1\"><div class=\"uael-grid-item\"><div class=\"uael-grid-item-content\"><a class=\"uael-grid-img uael-grid-gallery-img uael-ins-hover elementor-clickable\" data-fancybox=\"uael-gallery\" href=\"http:\/\/laximenavelasquez.com\/wp-content\/smush-webp\/2024\/12\/Saudade-1-scaled.jpg.webp\" data-elementor-open-lightbox=\"no\" data-smush-webp-fallback=\"{&quot;href&quot;:&quot;http:\\\/\\\/laximenavelasquez.com\\\/wp-content\\\/uploads\\\/2024\\\/12\\\/Saudade-1-scaled.jpg&quot;}\"><div class=\"uael-grid-img-thumbnail uael-ins-target\"><img fetchpriority=\"high\" decoding=\"async\" width=\"768\" height=\"597\" src=\"http:\/\/laximenavelasquez.com\/wp-content\/smush-webp\/2024\/12\/Saudade-1-768x597.jpg.webp\" class=\"attachment-medium_large size-medium_large wp-image-501\" alt=\"\" srcset=\"http:\/\/laximenavelasquez.com\/wp-content\/smush-webp\/2024\/12\/Saudade-1-768x597.jpg.webp 768w, http:\/\/laximenavelasquez.com\/wp-content\/smush-webp\/2024\/12\/Saudade-1-300x233.jpg.webp 300w, http:\/\/laximenavelasquez.com\/wp-content\/smush-webp\/2024\/12\/Saudade-1-1024x797.jpg.webp 1024w, http:\/\/laximenavelasquez.com\/wp-content\/smush-webp\/2024\/12\/Saudade-1-1536x1195.jpg.webp 1536w, http:\/\/laximenavelasquez.com\/wp-content\/smush-webp\/2024\/12\/Saudade-1-2048x1593.jpg.webp 2048w, http:\/\/laximenavelasquez.com\/wp-content\/uploads\/2024\/12\/Saudade-1-15x12.jpg 15w\" sizes=\"(max-width: 768px) 100vw, 768px\" data-smush-webp-fallback=\"{&quot;src&quot;:&quot;http:\\\/\\\/laximenavelasquez.com\\\/wp-content\\\/uploads\\\/2024\\\/12\\\/Saudade-1-768x597.jpg&quot;,&quot;srcset&quot;:&quot;http:\\\/\\\/laximenavelasquez.com\\\/wp-content\\\/uploads\\\/2024\\\/12\\\/Saudade-1-768x597.jpg 768w, http:\\\/\\\/laximenavelasquez.com\\\/wp-content\\\/uploads\\\/2024\\\/12\\\/Saudade-1-300x233.jpg 300w, http:\\\/\\\/laximenavelasquez.com\\\/wp-content\\\/uploads\\\/2024\\\/12\\\/Saudade-1-1024x797.jpg 1024w, http:\\\/\\\/laximenavelasquez.com\\\/wp-content\\\/uploads\\\/2024\\\/12\\\/Saudade-1-1536x1195.jpg 1536w, http:\\\/\\\/laximenavelasquez.com\\\/wp-content\\\/uploads\\\/2024\\\/12\\\/Saudade-1-2048x1593.jpg 2048w, http:\\\/\\\/laximenavelasquez.com\\\/wp-content\\\/uploads\\\/2024\\\/12\\\/Saudade-1-15x12.jpg 15w&quot;}\" \/><\/div><div class=\"uael-grid-img-overlay\"><\/div><\/a><\/div><\/div><div class=\"uael-grid-item\"><div class=\"uael-grid-item-content\"><a class=\"uael-grid-img uael-grid-gallery-img uael-ins-hover elementor-clickable\" data-fancybox=\"uael-gallery\" href=\"http:\/\/laximenavelasquez.com\/wp-content\/smush-webp\/2024\/12\/Saudade-2-scaled.jpg.webp\" data-elementor-open-lightbox=\"no\" data-smush-webp-fallback=\"{&quot;href&quot;:&quot;http:\\\/\\\/laximenavelasquez.com\\\/wp-content\\\/uploads\\\/2024\\\/12\\\/Saudade-2-scaled.jpg&quot;}\"><div class=\"uael-grid-img-thumbnail uael-ins-target\"><img decoding=\"async\" width=\"768\" height=\"597\" data-src=\"http:\/\/laximenavelasquez.com\/wp-content\/smush-webp\/2024\/12\/Saudade-2-768x597.jpg.webp\" class=\"attachment-medium_large size-medium_large wp-image-455 lazyload\" alt=\"\" data-srcset=\"http:\/\/laximenavelasquez.com\/wp-content\/smush-webp\/2024\/12\/Saudade-2-768x597.jpg.webp 768w, http:\/\/laximenavelasquez.com\/wp-content\/smush-webp\/2024\/12\/Saudade-2-300x233.jpg.webp 300w, http:\/\/laximenavelasquez.com\/wp-content\/smush-webp\/2024\/12\/Saudade-2-1024x797.jpg.webp 1024w, http:\/\/laximenavelasquez.com\/wp-content\/smush-webp\/2024\/12\/Saudade-2-1536x1195.jpg.webp 1536w, http:\/\/laximenavelasquez.com\/wp-content\/smush-webp\/2024\/12\/Saudade-2-2048x1593.jpg.webp 2048w, http:\/\/laximenavelasquez.com\/wp-content\/uploads\/2024\/12\/Saudade-2-15x12.jpg 15w\" data-sizes=\"(max-width: 768px) 100vw, 768px\" src=\"data:image\/gif;base64,R0lGODlhAQABAAAAACH5BAEKAAEALAAAAAABAAEAAAICTAEAOw==\" style=\"--smush-placeholder-width: 768px; --smush-placeholder-aspect-ratio: 768\/597;\" data-smush-webp-fallback=\"{&quot;data-src&quot;:&quot;http:\\\/\\\/laximenavelasquez.com\\\/wp-content\\\/uploads\\\/2024\\\/12\\\/Saudade-2-768x597.jpg&quot;,&quot;data-srcset&quot;:&quot;http:\\\/\\\/laximenavelasquez.com\\\/wp-content\\\/uploads\\\/2024\\\/12\\\/Saudade-2-768x597.jpg 768w, http:\\\/\\\/laximenavelasquez.com\\\/wp-content\\\/uploads\\\/2024\\\/12\\\/Saudade-2-300x233.jpg 300w, http:\\\/\\\/laximenavelasquez.com\\\/wp-content\\\/uploads\\\/2024\\\/12\\\/Saudade-2-1024x797.jpg 1024w, http:\\\/\\\/laximenavelasquez.com\\\/wp-content\\\/uploads\\\/2024\\\/12\\\/Saudade-2-1536x1195.jpg 1536w, http:\\\/\\\/laximenavelasquez.com\\\/wp-content\\\/uploads\\\/2024\\\/12\\\/Saudade-2-2048x1593.jpg 2048w, http:\\\/\\\/laximenavelasquez.com\\\/wp-content\\\/uploads\\\/2024\\\/12\\\/Saudade-2-15x12.jpg 15w&quot;}\" \/><noscript><img decoding=\"async\" width=\"768\" height=\"597\" src=\"http:\/\/laximenavelasquez.com\/wp-content\/uploads\/2024\/12\/Saudade-2-768x597.jpg\" class=\"attachment-medium_large size-medium_large wp-image-455\" alt=\"\" srcset=\"http:\/\/laximenavelasquez.com\/wp-content\/uploads\/2024\/12\/Saudade-2-768x597.jpg 768w, http:\/\/laximenavelasquez.com\/wp-content\/uploads\/2024\/12\/Saudade-2-300x233.jpg 300w, http:\/\/laximenavelasquez.com\/wp-content\/uploads\/2024\/12\/Saudade-2-1024x797.jpg 1024w, http:\/\/laximenavelasquez.com\/wp-content\/uploads\/2024\/12\/Saudade-2-1536x1195.jpg 1536w, http:\/\/laximenavelasquez.com\/wp-content\/uploads\/2024\/12\/Saudade-2-2048x1593.jpg 2048w, http:\/\/laximenavelasquez.com\/wp-content\/uploads\/2024\/12\/Saudade-2-15x12.jpg 15w\" sizes=\"(max-width: 768px) 100vw, 768px\" \/><\/noscript><\/div><div class=\"uael-grid-img-overlay\"><\/div><\/a><\/div><\/div><\/div><\/div>\t\t\t\t<\/div>\n\t\t\t\t<\/div>\n\t\t\t\t<div class=\"elementor-element elementor-element-ad3e653 uael-img-grid__column-1 uael-img-grid-mobile__column-1 uael-img-grid-tablet__column-1 uael-ins-normal elementor-widget elementor-widget-uael-image-gallery\" data-id=\"ad3e653\" data-element_type=\"widget\" data-settings=\"{&quot;gallery_columns&quot;:&quot;1&quot;,&quot;gallery_columns_mobile&quot;:&quot;1&quot;,&quot;gallery_columns_tablet&quot;:&quot;1&quot;,&quot;column_gap_tablet&quot;:{&quot;unit&quot;:&quot;px&quot;,&quot;size&quot;:0,&quot;sizes&quot;:[]},&quot;row_gap_tablet&quot;:{&quot;unit&quot;:&quot;px&quot;,&quot;size&quot;:0,&quot;sizes&quot;:[]},&quot;column_gap&quot;:{&quot;unit&quot;:&quot;px&quot;,&quot;size&quot;:20,&quot;sizes&quot;:[]},&quot;column_gap_mobile&quot;:{&quot;unit&quot;:&quot;px&quot;,&quot;size&quot;:&quot;&quot;,&quot;sizes&quot;:[]},&quot;row_gap&quot;:{&quot;unit&quot;:&quot;px&quot;,&quot;size&quot;:20,&quot;sizes&quot;:[]},&quot;row_gap_mobile&quot;:{&quot;unit&quot;:&quot;px&quot;,&quot;size&quot;:&quot;&quot;,&quot;sizes&quot;:[]},&quot;images_valign&quot;:&quot;flex-start&quot;}\" data-widget_type=\"uael-image-gallery.default\">\n\t\t\t\t<div class=\"elementor-widget-container\">\n\t\t\t\t\t<div class=\"uael-gallery-parent uael-caption- uael-gallery-unjustified\"><div class=\"uael-img-gallery-wrap uael-img-grid-wrap uael-img-grid-masonry-wrap uael-image-lightbox-wrap\" data-filter-default=\"All\" data-lightbox_actions=\"[&quot;close&quot;]\" data-lightbox-gallery-loop=\"1\"><div class=\"uael-grid-item  uael-img-gallery-item-1\"><div class=\"uael-grid-item-content\"><a class=\"uael-grid-img uael-grid-gallery-img uael-ins-hover elementor-clickable\" data-fancybox=\"uael-gallery\" href=\"http:\/\/laximenavelasquez.com\/wp-content\/smush-webp\/2024\/12\/saudade-3-scaled.jpg.webp\" data-elementor-open-lightbox=\"no\" data-smush-webp-fallback=\"{&quot;href&quot;:&quot;http:\\\/\\\/laximenavelasquez.com\\\/wp-content\\\/uploads\\\/2024\\\/12\\\/saudade-3-scaled.jpg&quot;}\"><div class=\"uael-grid-img-thumbnail uael-ins-target\"><img decoding=\"async\" width=\"768\" height=\"597\" data-src=\"http:\/\/laximenavelasquez.com\/wp-content\/smush-webp\/2024\/12\/saudade-3-768x597.jpg.webp\" class=\"attachment-medium_large size-medium_large wp-image-447 lazyload\" alt=\"\" data-srcset=\"http:\/\/laximenavelasquez.com\/wp-content\/smush-webp\/2024\/12\/saudade-3-768x597.jpg.webp 768w, http:\/\/laximenavelasquez.com\/wp-content\/smush-webp\/2024\/12\/saudade-3-300x233.jpg.webp 300w, http:\/\/laximenavelasquez.com\/wp-content\/smush-webp\/2024\/12\/saudade-3-1024x797.jpg.webp 1024w, http:\/\/laximenavelasquez.com\/wp-content\/smush-webp\/2024\/12\/saudade-3-1536x1195.jpg.webp 1536w, http:\/\/laximenavelasquez.com\/wp-content\/smush-webp\/2024\/12\/saudade-3-2048x1593.jpg.webp 2048w, http:\/\/laximenavelasquez.com\/wp-content\/uploads\/2024\/12\/saudade-3-15x12.jpg 15w\" data-sizes=\"(max-width: 768px) 100vw, 768px\" src=\"data:image\/gif;base64,R0lGODlhAQABAAAAACH5BAEKAAEALAAAAAABAAEAAAICTAEAOw==\" style=\"--smush-placeholder-width: 768px; --smush-placeholder-aspect-ratio: 768\/597;\" data-smush-webp-fallback=\"{&quot;data-src&quot;:&quot;http:\\\/\\\/laximenavelasquez.com\\\/wp-content\\\/uploads\\\/2024\\\/12\\\/saudade-3-768x597.jpg&quot;,&quot;data-srcset&quot;:&quot;http:\\\/\\\/laximenavelasquez.com\\\/wp-content\\\/uploads\\\/2024\\\/12\\\/saudade-3-768x597.jpg 768w, http:\\\/\\\/laximenavelasquez.com\\\/wp-content\\\/uploads\\\/2024\\\/12\\\/saudade-3-300x233.jpg 300w, http:\\\/\\\/laximenavelasquez.com\\\/wp-content\\\/uploads\\\/2024\\\/12\\\/saudade-3-1024x797.jpg 1024w, http:\\\/\\\/laximenavelasquez.com\\\/wp-content\\\/uploads\\\/2024\\\/12\\\/saudade-3-1536x1195.jpg 1536w, http:\\\/\\\/laximenavelasquez.com\\\/wp-content\\\/uploads\\\/2024\\\/12\\\/saudade-3-2048x1593.jpg 2048w, http:\\\/\\\/laximenavelasquez.com\\\/wp-content\\\/uploads\\\/2024\\\/12\\\/saudade-3-15x12.jpg 15w&quot;}\" \/><noscript><img decoding=\"async\" width=\"768\" height=\"597\" src=\"http:\/\/laximenavelasquez.com\/wp-content\/uploads\/2024\/12\/saudade-3-768x597.jpg\" class=\"attachment-medium_large size-medium_large wp-image-447\" alt=\"\" srcset=\"http:\/\/laximenavelasquez.com\/wp-content\/uploads\/2024\/12\/saudade-3-768x597.jpg 768w, http:\/\/laximenavelasquez.com\/wp-content\/uploads\/2024\/12\/saudade-3-300x233.jpg 300w, http:\/\/laximenavelasquez.com\/wp-content\/uploads\/2024\/12\/saudade-3-1024x797.jpg 1024w, http:\/\/laximenavelasquez.com\/wp-content\/uploads\/2024\/12\/saudade-3-1536x1195.jpg 1536w, http:\/\/laximenavelasquez.com\/wp-content\/uploads\/2024\/12\/saudade-3-2048x1593.jpg 2048w, http:\/\/laximenavelasquez.com\/wp-content\/uploads\/2024\/12\/saudade-3-15x12.jpg 15w\" sizes=\"(max-width: 768px) 100vw, 768px\" \/><\/noscript><\/div><div class=\"uael-grid-img-overlay\"><\/div><\/a><\/div><\/div><\/div><\/div>\t\t\t\t<\/div>\n\t\t\t\t<\/div>\n\t\t\t\t<div class=\"elementor-element elementor-element-bf875e7 elementor-widget-mobile__width-inherit uael-aspect-ratio-16_9 elementor-widget elementor-widget-uael-video\" data-id=\"bf875e7\" data-element_type=\"widget\" data-widget_type=\"uael-video.default\">\n\t\t\t\t<div class=\"elementor-widget-container\">\n\t\t\t\t\t\t\t\t\t<div class=\"uael-video__outer-wrap  uael-video-type-vimeo\" data-device=\"false\" data-vsticky=\"no\" data-hidedesktop=\"\" data-hidetablet=\"\" data-hidemobile=\"\" data-vsticky-viewport=\"0\" data-autoplay=\"0\">\n\t\t\t\t\t<div class=\"uael-vimeo-wrap\">\n\t\t\t\t\t\t\t\t\t<div class=\"uael-vimeo-headers\">\n\t\t\t\t\t\t\t\t<div class=\"uael-vimeo-title\">\n\t\t\t\t\t<a href=\"\">Saudade<\/a>\n\t\t\t\t<\/div>\n\t\t\t\t\t\t\t\t\t\t\t\t<div class=\"uael-vimeo-byline\">\n\t\t\t\t\tfrom  <a href=\"\">ximena vel\u00e1squez<\/a>\n\t\t\t\t<\/div>\n\t\t\t\t\t\t\t<\/div>\n\t\t\t\t\t<\/div>\n\t\t\t\t\t\t\t<div class=\"uael-video-inner-wrap\">\n\t\t\t\t<div class=\"uael-video__play\" data-src=\"https:\/\/player.vimeo.com\/video\/177252886?loop=0&amp;title=1&amp;portrait=0&amp;byline=1&amp;muted=0&amp;color&amp;autopause=0&amp;autoplay=1#t=\">\n\t\t\t\t\t<img decoding=\"async\" class=\"uael-video__thumb\" src=\"https:\/\/i.vimeocdn.com\/video\/584631814-96576a99bbadba05559b18f35b9157ae6c173024f065ba6b3afc70a4e66f472a-d_840?region=us\" alt=\"\"><\/img>\n\t\t\t\t\t<div class=\"uael-video__play-icon uael-animation-\">\n\t\t\t\t\t\t<svg aria-hidden=\"true\" class=\"e-font-icon-svg e-fa-play-circle\" viewbox=\"0 0 512 512\" xmlns=\"http:\/\/www.w3.org\/2000\/svg\"><path d=\"M256 8C119 8 8 119 8 256s111 248 248 248 248-111 248-248S393 8 256 8zm115.7 272l-176 101c-15.8 8.8-35.7-2.5-35.7-21V152c0-18.4 19.8-29.8 35.7-21l176 107c16.4 9.2 16.4 32.9 0 42z\"><\/path><\/svg>\t\t\t\t\t<\/div>\n\t\t\t\t<\/div>\n\t\t\t\t\t\t\t\t\t\t\t<\/div>\n\t\t<\/div>\n\t\t\t\t\t\t\t<\/div>\n\t\t\t\t<\/div>\n\t\t\t\t<div class=\"elementor-element elementor-element-9b4fa63 elementor-widget elementor-widget-text-editor\" data-id=\"9b4fa63\" data-element_type=\"widget\" data-widget_type=\"text-editor.default\">\n\t\t\t\t<div class=\"elementor-widget-container\">\n\t\t\t\t\t\t\t\t\t<p><span data-contrast=\"auto\">The artwork <\/span><i><span data-contrast=\"auto\">Saudade<\/span><\/i><span data-contrast=\"auto\"> is a reflection on the coastal landscape of Santa Marta, Colombia, the shipping point for the coal that has been exploited in the Cerrej\u00f3n mines in the north of the country for several years. The environmental damage in the bay is a consequence of inadequate handling in the transport of the mineral to the cargo ships, an activity that has been carried out in the open air, dispersing coal dust and causing serious damage to the environment. This deterioration of the landscape has been aggravated by the lack of political will to address the problem.<\/span><span data-ccp-props=\"{}\">\u00a0<\/span><\/p><p><span data-contrast=\"auto\">The word <\/span><i><span data-contrast=\"auto\">of the word by<\/span><\/i><span data-contrast=\"auto\"> comes from Portuguese and is famously untranslatable, as it conveys a feeling that simultaneously evokes both sadness and joy. It strikes me as the perfect word to title a series of drawings created by ocean waves, using the coal dust that has accumulated year after year on the beach and in the water. The patterns left by the waves resemble a mountainous landscape, moving in their beauty yet painful when recalling their origin. This duality is encapsulated in the definition <\/span><i><span data-contrast=\"auto\">of the word by<\/span><\/i><span data-contrast=\"auto\">the Portuguese poet Manuel de Melo: \"saudade: bem que se padece e mal de que se gosta\" (a pleasure you suffer, a pain you enjoy).<\/span><span data-ccp-props=\"{}\">\u00a0<\/span><\/p>\t\t\t\t\t\t\t\t<\/div>\n\t\t\t\t<\/div>\n\t\t\t\t<div class=\"elementor-element elementor-element-37a6d92 elementor-widget elementor-widget-text-editor\" data-id=\"37a6d92\" data-element_type=\"widget\" data-widget_type=\"text-editor.default\">\n\t\t\t\t<div class=\"elementor-widget-container\">\n\t\t\t\t\t\t\t\t\t<p><span class=\"TextRun SCXW239762237 BCX8\" lang=\"ES-ES\" xml:lang=\"ES-ES\" data-contrast=\"none\"><span class=\"NormalTextRun SCXW239762237 BCX8\">Work<\/span> <span class=\"NormalTextRun SCXW239762237 BCX8\">selected<\/span> <span class=\"NormalTextRun SCXW239762237 BCX8\">for<\/span> <span class=\"NormalTextRun SCXW239762237 BCX8\">the<\/span> <span class=\"NormalTextRun SCXW239762237 BCX8\">XIX<\/span> <span class=\"NormalTextRun SCXW239762237 BCX8\">Biennial<\/span> <span class=\"NormalTextRun SCXW239762237 BCX8\">International<\/span> <span class=\"NormalTextRun SCXW239762237 BCX8\">from<\/span> <span class=\"NormalTextRun SpellingErrorV2Themed SCXW239762237 BCX8\">Cerveira<\/span><span class=\"NormalTextRun SCXW239762237 BCX8\">.<\/span> <span class=\"NormalTextRun SCXW239762237 BCX8\">Portugal<\/span> <span class=\"NormalTextRun SCXW239762237 BCX8\">2017.<\/span><\/span><\/p>\t\t\t\t\t\t\t\t<\/div>\n\t\t\t\t<\/div>\n\t\t\t\t<\/div>\n\t\t\t\t\t<\/div>\n\t\t\t\t<\/div>\n\t\t\t\t<\/div>","protected":false},"excerpt":{"rendered":"<p>Saudade Instalaci\u00f3n 3 videos monocanal, Fotograf\u00edas diferentes formatos.\u00a0\u00a0Dimensiones variables, 5 x 4 metros aprox.2016\u00a0 https:\/\/vimeo.com\/177252886 La obra Saudade es una reflexi\u00f3n sobre el paisaje costero de Santa Marta, Colombia, punto de embarque del carb\u00f3n que se explota en las minas del cerrej\u00f3n en el norte del pa\u00eds desde hace varios a\u00f1os. El da\u00f1o ambiental en [&hellip;]<\/p>","protected":false},"author":1,"featured_media":0,"parent":195,"menu_order":0,"comment_status":"closed","ping_status":"closed","template":"","meta":{"footnotes":""},"class_list":["post-198","page","type-page","status-publish","hentry"],"_links":{"self":[{"href":"http:\/\/laximenavelasquez.com\/en\/wp-json\/wp\/v2\/pages\/198","targetHints":{"allow":["GET"]}}],"collection":[{"href":"http:\/\/laximenavelasquez.com\/en\/wp-json\/wp\/v2\/pages"}],"about":[{"href":"http:\/\/laximenavelasquez.com\/en\/wp-json\/wp\/v2\/types\/page"}],"author":[{"embeddable":true,"href":"http:\/\/laximenavelasquez.com\/en\/wp-json\/wp\/v2\/users\/1"}],"replies":[{"embeddable":true,"href":"http:\/\/laximenavelasquez.com\/en\/wp-json\/wp\/v2\/comments?post=198"}],"version-history":[{"count":18,"href":"http:\/\/laximenavelasquez.com\/en\/wp-json\/wp\/v2\/pages\/198\/revisions"}],"predecessor-version":[{"id":796,"href":"http:\/\/laximenavelasquez.com\/en\/wp-json\/wp\/v2\/pages\/198\/revisions\/796"}],"up":[{"embeddable":true,"href":"http:\/\/laximenavelasquez.com\/en\/wp-json\/wp\/v2\/pages\/195"}],"wp:attachment":[{"href":"http:\/\/laximenavelasquez.com\/en\/wp-json\/wp\/v2\/media?parent=198"}],"curies":[{"name":"wp","href":"https:\/\/api.w.org\/{rel}","templated":true}]}}