{"id":2,"date":"2024-11-09T01:08:09","date_gmt":"2024-11-09T01:08:09","guid":{"rendered":"http:\/\/laximenavelasquez.com\/?page_id=2"},"modified":"2024-12-03T14:49:08","modified_gmt":"2024-12-03T14:49:08","slug":"ximena-2","status":"publish","type":"page","link":"http:\/\/laximenavelasquez.com\/en\/","title":{"rendered":"Ximena Velasquez"},"content":{"rendered":"<div data-elementor-type=\"wp-page\" data-elementor-id=\"2\" class=\"elementor elementor-2\" data-elementor-post-type=\"page\">\n\t\t\t\t<div class=\"elementor-element elementor-element-3890352b e-flex e-con-boxed e-con e-parent\" data-id=\"3890352b\" data-element_type=\"container\">\n\t\t\t\t\t<div class=\"e-con-inner\">\n\t\t\t\t<div class=\"elementor-element elementor-element-edbf547 elementor-widget__width-initial elementor-widget elementor-widget-image\" data-id=\"edbf547\" data-element_type=\"widget\" data-widget_type=\"image.default\">\n\t\t\t\t<div class=\"elementor-widget-container\">\n\t\t\t\t\t\t\t\t\t\t\t\t\t\t\t<img decoding=\"async\" width=\"156\" height=\"300\" data-src=\"https:\/\/laximenavelasquez.com\/wp-content\/smush-webp\/2024\/11\/xime-156x300.jpg.webp\" class=\"attachment-medium size-medium wp-image-262 lazyload\" alt=\"\" data-srcset=\"https:\/\/laximenavelasquez.com\/wp-content\/smush-webp\/2024\/11\/xime-156x300.jpg.webp 156w, https:\/\/laximenavelasquez.com\/wp-content\/smush-webp\/2024\/11\/xime-531x1024.jpg.webp 531w, https:\/\/laximenavelasquez.com\/wp-content\/smush-webp\/2024\/11\/xime.jpg.webp 678w\" data-sizes=\"(max-width: 156px) 100vw, 156px\" src=\"data:image\/gif;base64,R0lGODlhAQABAAAAACH5BAEKAAEALAAAAAABAAEAAAICTAEAOw==\" style=\"--smush-placeholder-width: 156px; --smush-placeholder-aspect-ratio: 156\/300;\" data-smush-webp-fallback=\"{&quot;data-src&quot;:&quot;https:\\\/\\\/laximenavelasquez.com\\\/wp-content\\\/uploads\\\/2024\\\/11\\\/xime-156x300.jpg&quot;,&quot;data-srcset&quot;:&quot;https:\\\/\\\/laximenavelasquez.com\\\/wp-content\\\/uploads\\\/2024\\\/11\\\/xime-156x300.jpg 156w, https:\\\/\\\/laximenavelasquez.com\\\/wp-content\\\/uploads\\\/2024\\\/11\\\/xime-531x1024.jpg 531w, https:\\\/\\\/laximenavelasquez.com\\\/wp-content\\\/uploads\\\/2024\\\/11\\\/xime.jpg 678w&quot;}\" \/><noscript><img decoding=\"async\" width=\"156\" height=\"300\" src=\"https:\/\/laximenavelasquez.com\/wp-content\/uploads\/2024\/11\/xime-156x300.jpg\" class=\"attachment-medium size-medium wp-image-262\" alt=\"\" srcset=\"https:\/\/laximenavelasquez.com\/wp-content\/uploads\/2024\/11\/xime-156x300.jpg 156w, https:\/\/laximenavelasquez.com\/wp-content\/uploads\/2024\/11\/xime-531x1024.jpg 531w, https:\/\/laximenavelasquez.com\/wp-content\/uploads\/2024\/11\/xime.jpg 678w\" sizes=\"(max-width: 156px) 100vw, 156px\" \/><\/noscript>\t\t\t\t\t\t\t\t\t\t\t\t\t\t\t<\/div>\n\t\t\t\t<\/div>\n\t\t<div class=\"elementor-element elementor-element-457d4f3 e-con-full e-flex e-con e-child\" data-id=\"457d4f3\" data-element_type=\"container\">\n\t\t\t\t<div class=\"elementor-element elementor-element-43af4ec elementor-widget elementor-widget-heading\" data-id=\"43af4ec\" data-element_type=\"widget\" data-widget_type=\"heading.default\">\n\t\t\t\t<div class=\"elementor-widget-container\">\n\t\t\t\t\t<h1 class=\"elementor-heading-title elementor-size-default\">Ximena Vel\u00e1squez S\u00e1nchez<\/h1>\t\t\t\t<\/div>\n\t\t\t\t<\/div>\n\t\t\t\t<div class=\"elementor-element elementor-element-5aaa1e12 elementor-widget elementor-widget-text-editor\" data-id=\"5aaa1e12\" data-element_type=\"widget\" data-widget_type=\"text-editor.default\">\n\t\t\t\t<div class=\"elementor-widget-container\">\n\t\t\t\t\t\t\t\t\t<p>Artist, researcher and professor at the Pontificia Universidad Javeriana in Bogot\u00e1, Colombia.<\/p>\n<p><!-- \/wp:paragraph --><\/p>\t\t\t\t\t\t\t\t<\/div>\n\t\t\t\t<\/div>\n\t\t\t\t<\/div>\n\t\t\t\t\t<\/div>\n\t\t\t\t<\/div>\n\t\t\t\t<\/div>","protected":false},"excerpt":{"rendered":"<p>Ximena Vel\u00e1squez S\u00e1nchez Artist, researcher and lecturer at the Pontificia Universidad Javeriana de Bogot\u00e1, Colombia<\/p>","protected":false},"author":1,"featured_media":264,"parent":0,"menu_order":0,"comment_status":"closed","ping_status":"closed","template":"","meta":{"footnotes":""},"class_list":["post-2","page","type-page","status-publish","has-post-thumbnail","hentry"],"_links":{"self":[{"href":"http:\/\/laximenavelasquez.com\/en\/wp-json\/wp\/v2\/pages\/2","targetHints":{"allow":["GET"]}}],"collection":[{"href":"http:\/\/laximenavelasquez.com\/en\/wp-json\/wp\/v2\/pages"}],"about":[{"href":"http:\/\/laximenavelasquez.com\/en\/wp-json\/wp\/v2\/types\/page"}],"author":[{"embeddable":true,"href":"http:\/\/laximenavelasquez.com\/en\/wp-json\/wp\/v2\/users\/1"}],"replies":[{"embeddable":true,"href":"http:\/\/laximenavelasquez.com\/en\/wp-json\/wp\/v2\/comments?post=2"}],"version-history":[{"count":22,"href":"http:\/\/laximenavelasquez.com\/en\/wp-json\/wp\/v2\/pages\/2\/revisions"}],"predecessor-version":[{"id":761,"href":"http:\/\/laximenavelasquez.com\/en\/wp-json\/wp\/v2\/pages\/2\/revisions\/761"}],"wp:featuredmedia":[{"embeddable":true,"href":"http:\/\/laximenavelasquez.com\/en\/wp-json\/wp\/v2\/media\/264"}],"wp:attachment":[{"href":"http:\/\/laximenavelasquez.com\/en\/wp-json\/wp\/v2\/media?parent=2"}],"curies":[{"name":"wp","href":"https:\/\/api.w.org\/{rel}","templated":true}]}}