{"id":200,"date":"2024-11-10T02:09:51","date_gmt":"2024-11-10T02:09:51","guid":{"rendered":"http:\/\/laximenavelasquez.com\/reflexiones-sobre-el-paisaje\/paisaje-interpretado\/"},"modified":"2024-12-03T15:14:34","modified_gmt":"2024-12-03T15:14:34","slug":"paisaje-interpretado","status":"publish","type":"page","link":"http:\/\/laximenavelasquez.com\/en\/reflexiones-sobre-el-paisaje\/paisaje-interpretado\/","title":{"rendered":"Interpreted landscape"},"content":{"rendered":"<div data-elementor-type=\"wp-page\" data-elementor-id=\"200\" class=\"elementor elementor-200\" data-elementor-post-type=\"page\">\n\t\t\t\t<div class=\"elementor-element elementor-element-a138066 e-flex e-con-boxed e-con e-parent\" data-id=\"a138066\" data-element_type=\"container\">\n\t\t\t\t\t<div class=\"e-con-inner\">\n\t\t<div class=\"elementor-element elementor-element-4405df2 e-con-full e-flex e-con e-child\" data-id=\"4405df2\" data-element_type=\"container\">\n\t\t\t\t<div class=\"elementor-element elementor-element-771671d elementor-widget elementor-widget-heading\" data-id=\"771671d\" data-element_type=\"widget\" data-widget_type=\"heading.default\">\n\t\t\t\t<div class=\"elementor-widget-container\">\n\t\t\t\t\t<h1 class=\"elementor-heading-title elementor-size-default\">Interpreted landscape<\/h1>\t\t\t\t<\/div>\n\t\t\t\t<\/div>\n\t\t\t\t<div class=\"elementor-element elementor-element-cb9e17f elementor-widget elementor-widget-text-editor\" data-id=\"cb9e17f\" data-element_type=\"widget\" data-widget_type=\"text-editor.default\">\n\t\t\t\t<div class=\"elementor-widget-container\">\n\t\t\t\t\t\t\t\t\t<p><strong>Installation, perforated photographs, 3 wooden musical boxes of different sizes.\u00a0<br \/>Variable dimensions 5 x 5 meters approx.\u00a0<br \/>2013\u00a0<\/strong><\/p>\t\t\t\t\t\t\t\t<\/div>\n\t\t\t\t<\/div>\n\t\t\t\t<div class=\"elementor-element elementor-element-b25358a elementor-widget-mobile__width-inherit uael-aspect-ratio-16_9 elementor-widget elementor-widget-uael-video\" data-id=\"b25358a\" data-element_type=\"widget\" data-widget_type=\"uael-video.default\">\n\t\t\t\t<div class=\"elementor-widget-container\">\n\t\t\t\t\t\t\t\t\t<div class=\"uael-video__outer-wrap  uael-video-type-vimeo\" data-device=\"false\" data-vsticky=\"no\" data-hidedesktop=\"\" data-hidetablet=\"\" data-hidemobile=\"\" data-vsticky-viewport=\"0\" data-autoplay=\"0\">\n\t\t\t\t\t<div class=\"uael-vimeo-wrap\">\n\t\t\t\t\t\t\t\t\t<div class=\"uael-vimeo-headers\">\n\t\t\t\t\t\t\t\t<div class=\"uael-vimeo-title\">\n\t\t\t\t\t<a href=\"\">Paisagem interpreted<\/a>\n\t\t\t\t<\/div>\n\t\t\t\t\t\t\t\t\t\t\t\t<div class=\"uael-vimeo-byline\">\n\t\t\t\t\tfrom  <a href=\"\">ximena vel\u00e1squez<\/a>\n\t\t\t\t<\/div>\n\t\t\t\t\t\t\t<\/div>\n\t\t\t\t\t<\/div>\n\t\t\t\t\t\t\t<div class=\"uael-video-inner-wrap\">\n\t\t\t\t<div class=\"uael-video__play\" data-src=\"https:\/\/player.vimeo.com\/video\/51383344?loop=0&amp;title=1&amp;portrait=0&amp;byline=1&amp;muted=0&amp;color&amp;autopause=0&amp;autoplay=1#t=\">\n\t\t\t\t\t<img decoding=\"async\" class=\"uael-video__thumb\" src=\"https:\/\/i.vimeocdn.com\/video\/354194259-5cce349bb697ba179634b641a5015bd30e8f0e1c428054cb4760a87f296479e8-d_840?region=us\" alt=\"\"><\/img>\n\t\t\t\t\t<div class=\"uael-video__play-icon uael-animation-\">\n\t\t\t\t\t\t<svg aria-hidden=\"true\" class=\"e-font-icon-svg e-fa-play-circle\" viewbox=\"0 0 512 512\" xmlns=\"http:\/\/www.w3.org\/2000\/svg\"><path d=\"M256 8C119 8 8 119 8 256s111 248 248 248 248-111 248-248S393 8 256 8zm115.7 272l-176 101c-15.8 8.8-35.7-2.5-35.7-21V152c0-18.4 19.8-29.8 35.7-21l176 107c16.4 9.2 16.4 32.9 0 42z\"><\/path><\/svg>\t\t\t\t\t<\/div>\n\t\t\t\t<\/div>\n\t\t\t\t\t\t\t\t\t\t\t<\/div>\n\t\t<\/div>\n\t\t\t\t\t\t\t<\/div>\n\t\t\t\t<\/div>\n\t\t\t\t<div class=\"elementor-element elementor-element-3e9c976 uael-img-grid__column-2 uael-img-grid-mobile__column-1 uael-img-grid-tablet__column-3 uael-ins-normal elementor-widget elementor-widget-uael-image-gallery\" data-id=\"3e9c976\" data-element_type=\"widget\" data-settings=\"{&quot;gallery_columns&quot;:&quot;2&quot;,&quot;gallery_columns_mobile&quot;:&quot;1&quot;,&quot;gallery_columns_tablet&quot;:&quot;3&quot;,&quot;column_gap&quot;:{&quot;unit&quot;:&quot;px&quot;,&quot;size&quot;:20,&quot;sizes&quot;:[]},&quot;column_gap_tablet&quot;:{&quot;unit&quot;:&quot;px&quot;,&quot;size&quot;:&quot;&quot;,&quot;sizes&quot;:[]},&quot;column_gap_mobile&quot;:{&quot;unit&quot;:&quot;px&quot;,&quot;size&quot;:&quot;&quot;,&quot;sizes&quot;:[]},&quot;row_gap&quot;:{&quot;unit&quot;:&quot;px&quot;,&quot;size&quot;:20,&quot;sizes&quot;:[]},&quot;row_gap_tablet&quot;:{&quot;unit&quot;:&quot;px&quot;,&quot;size&quot;:&quot;&quot;,&quot;sizes&quot;:[]},&quot;row_gap_mobile&quot;:{&quot;unit&quot;:&quot;px&quot;,&quot;size&quot;:&quot;&quot;,&quot;sizes&quot;:[]},&quot;images_valign&quot;:&quot;flex-start&quot;}\" data-widget_type=\"uael-image-gallery.default\">\n\t\t\t\t<div class=\"elementor-widget-container\">\n\t\t\t\t\t<div class=\"uael-gallery-parent uael-caption- uael-gallery-unjustified\"><div class=\"uael-img-gallery-wrap uael-img-grid-wrap uael-img-grid-masonry-wrap uael-image-lightbox-wrap\" data-filter-default=\"All\" data-lightbox_actions=\"[&quot;close&quot;]\" data-lightbox-gallery-loop=\"1\"><div class=\"uael-grid-item  uael-img-gallery-item-1\"><div class=\"uael-grid-item-content\"><a class=\"uael-grid-img uael-grid-gallery-img uael-ins-hover elementor-clickable\" data-fancybox=\"uael-gallery\" href=\"http:\/\/laximenavelasquez.com\/wp-content\/smush-webp\/2024\/12\/Paisaje-interpretado-1-scaled.jpg.webp\" data-elementor-open-lightbox=\"no\" data-smush-webp-fallback=\"{&quot;href&quot;:&quot;http:\\\/\\\/laximenavelasquez.com\\\/wp-content\\\/uploads\\\/2024\\\/12\\\/Paisaje-interpretado-1-scaled.jpg&quot;}\"><div class=\"uael-grid-img-thumbnail uael-ins-target\"><img fetchpriority=\"high\" decoding=\"async\" width=\"768\" height=\"519\" src=\"http:\/\/laximenavelasquez.com\/wp-content\/smush-webp\/2024\/12\/Paisaje-interpretado-1-768x519.jpg.webp\" class=\"attachment-medium_large size-medium_large wp-image-484\" alt=\"\" srcset=\"http:\/\/laximenavelasquez.com\/wp-content\/smush-webp\/2024\/12\/Paisaje-interpretado-1-768x519.jpg.webp 768w, http:\/\/laximenavelasquez.com\/wp-content\/uploads\/2024\/12\/Paisaje-interpretado-1-300x203.jpg 300w, http:\/\/laximenavelasquez.com\/wp-content\/smush-webp\/2024\/12\/Paisaje-interpretado-1-1024x692.jpg.webp 1024w, http:\/\/laximenavelasquez.com\/wp-content\/smush-webp\/2024\/12\/Paisaje-interpretado-1-1536x1038.jpg.webp 1536w, http:\/\/laximenavelasquez.com\/wp-content\/smush-webp\/2024\/12\/Paisaje-interpretado-1-2048x1384.jpg.webp 2048w, http:\/\/laximenavelasquez.com\/wp-content\/uploads\/2024\/12\/Paisaje-interpretado-1-18x12.jpg 18w\" sizes=\"(max-width: 768px) 100vw, 768px\" data-smush-webp-fallback=\"{&quot;src&quot;:&quot;http:\\\/\\\/laximenavelasquez.com\\\/wp-content\\\/uploads\\\/2024\\\/12\\\/Paisaje-interpretado-1-768x519.jpg&quot;,&quot;srcset&quot;:&quot;http:\\\/\\\/laximenavelasquez.com\\\/wp-content\\\/uploads\\\/2024\\\/12\\\/Paisaje-interpretado-1-768x519.jpg 768w, http:\\\/\\\/laximenavelasquez.com\\\/wp-content\\\/uploads\\\/2024\\\/12\\\/Paisaje-interpretado-1-300x203.jpg 300w, http:\\\/\\\/laximenavelasquez.com\\\/wp-content\\\/uploads\\\/2024\\\/12\\\/Paisaje-interpretado-1-1024x692.jpg 1024w, http:\\\/\\\/laximenavelasquez.com\\\/wp-content\\\/uploads\\\/2024\\\/12\\\/Paisaje-interpretado-1-1536x1038.jpg 1536w, http:\\\/\\\/laximenavelasquez.com\\\/wp-content\\\/uploads\\\/2024\\\/12\\\/Paisaje-interpretado-1-2048x1384.jpg 2048w, http:\\\/\\\/laximenavelasquez.com\\\/wp-content\\\/uploads\\\/2024\\\/12\\\/Paisaje-interpretado-1-18x12.jpg 18w&quot;}\" \/><\/div><div class=\"uael-grid-img-overlay\"><\/div><\/a><\/div><\/div><div class=\"uael-grid-item  uael-img-gallery-item-2\"><div class=\"uael-grid-item-content\"><a class=\"uael-grid-img uael-grid-gallery-img uael-ins-hover elementor-clickable\" data-fancybox=\"uael-gallery\" href=\"http:\/\/laximenavelasquez.com\/wp-content\/uploads\/2024\/12\/Paisaje-interpretado-Sala.jpg\" data-elementor-open-lightbox=\"no\"><div class=\"uael-grid-img-thumbnail uael-ins-target\"><img decoding=\"async\" width=\"768\" height=\"510\" data-src=\"http:\/\/laximenavelasquez.com\/wp-content\/uploads\/2024\/12\/Paisaje-interpretado-Sala-768x510.jpg\" class=\"attachment-medium_large size-medium_large wp-image-513 lazyload\" alt=\"\" data-srcset=\"http:\/\/laximenavelasquez.com\/wp-content\/uploads\/2024\/12\/Paisaje-interpretado-Sala-768x510.jpg 768w, http:\/\/laximenavelasquez.com\/wp-content\/uploads\/2024\/12\/Paisaje-interpretado-Sala-300x199.jpg 300w, http:\/\/laximenavelasquez.com\/wp-content\/uploads\/2024\/12\/Paisaje-interpretado-Sala-1024x679.jpg 1024w, http:\/\/laximenavelasquez.com\/wp-content\/uploads\/2024\/12\/Paisaje-interpretado-Sala-18x12.jpg 18w, http:\/\/laximenavelasquez.com\/wp-content\/uploads\/2024\/12\/Paisaje-interpretado-Sala.jpg 1180w\" data-sizes=\"(max-width: 768px) 100vw, 768px\" src=\"data:image\/gif;base64,R0lGODlhAQABAAAAACH5BAEKAAEALAAAAAABAAEAAAICTAEAOw==\" style=\"--smush-placeholder-width: 768px; --smush-placeholder-aspect-ratio: 768\/510;\" \/><noscript><img decoding=\"async\" width=\"768\" height=\"510\" src=\"http:\/\/laximenavelasquez.com\/wp-content\/uploads\/2024\/12\/Paisaje-interpretado-Sala-768x510.jpg\" class=\"attachment-medium_large size-medium_large wp-image-513\" alt=\"\" srcset=\"http:\/\/laximenavelasquez.com\/wp-content\/uploads\/2024\/12\/Paisaje-interpretado-Sala-768x510.jpg 768w, http:\/\/laximenavelasquez.com\/wp-content\/uploads\/2024\/12\/Paisaje-interpretado-Sala-300x199.jpg 300w, http:\/\/laximenavelasquez.com\/wp-content\/uploads\/2024\/12\/Paisaje-interpretado-Sala-1024x679.jpg 1024w, http:\/\/laximenavelasquez.com\/wp-content\/uploads\/2024\/12\/Paisaje-interpretado-Sala-18x12.jpg 18w, http:\/\/laximenavelasquez.com\/wp-content\/uploads\/2024\/12\/Paisaje-interpretado-Sala.jpg 1180w\" sizes=\"(max-width: 768px) 100vw, 768px\" \/><\/noscript><\/div><div class=\"uael-grid-img-overlay\"><\/div><\/a><\/div><\/div><\/div><\/div>\t\t\t\t<\/div>\n\t\t\t\t<\/div>\n\t\t\t\t<div class=\"elementor-element elementor-element-800fe1a elementor-widget elementor-widget-text-editor\" data-id=\"800fe1a\" data-element_type=\"widget\" data-widget_type=\"text-editor.default\">\n\t\t\t\t<div class=\"elementor-widget-container\">\n\t\t\t\t\t\t\t\t\t<p><span data-contrast=\"auto\">\"There is no landscape without interpretation\", says historian Javier Maderuelo, and based on this premise, I explore different plastic possibilities within this genre in search of metaphors and emotional relationships with the landscape.<\/span><span data-ccp-props=\"{}\">\u00a0<\/span><\/p><p><span data-contrast=\"auto\">Interpreted Landscape is a work made from a series of photographs taken of light wires on which moss balls have grown, or pigeons have stood forming a kind of score, which are interpreted by musical boxes with the punch card system, creating a series of nostalgic melodies from the randomness of nature.<\/span><span data-ccp-props=\"{}\">\u00a0<\/span><\/p>\t\t\t\t\t\t\t\t<\/div>\n\t\t\t\t<\/div>\n\t\t\t\t<div class=\"elementor-element elementor-element-f2b378f elementor-widget elementor-widget-text-editor\" data-id=\"f2b378f\" data-element_type=\"widget\" data-widget_type=\"text-editor.default\">\n\t\t\t\t<div class=\"elementor-widget-container\">\n\t\t\t\t\t\t\t\t\t<div style=\"text-align: justify;\"><p>\"Landscape is not a mere physical place, but the set of a series of ideas, sensations and feelings that we elaborate from the place and its constituent elements. The word landscape, with a letter rather than a place, calls for an interpretation, the search for a character and the presence of an emotionality.\"<\/p><p style=\"text-align: right; margin-top: 10px;\">Javier Maderuelo<\/p><\/div>\t\t\t\t\t\t\t\t<\/div>\n\t\t\t\t<\/div>\n\t\t\t\t<div class=\"elementor-element elementor-element-3445557 uael-img-grid__column-1 uael-img-grid-mobile__column-1 uael-img-grid-tablet__column-3 uael-ins-normal elementor-widget elementor-widget-uael-image-gallery\" data-id=\"3445557\" data-element_type=\"widget\" data-settings=\"{&quot;gallery_columns&quot;:&quot;1&quot;,&quot;gallery_columns_mobile&quot;:&quot;1&quot;,&quot;gallery_columns_tablet&quot;:&quot;3&quot;,&quot;column_gap&quot;:{&quot;unit&quot;:&quot;px&quot;,&quot;size&quot;:20,&quot;sizes&quot;:[]},&quot;column_gap_tablet&quot;:{&quot;unit&quot;:&quot;px&quot;,&quot;size&quot;:&quot;&quot;,&quot;sizes&quot;:[]},&quot;column_gap_mobile&quot;:{&quot;unit&quot;:&quot;px&quot;,&quot;size&quot;:&quot;&quot;,&quot;sizes&quot;:[]},&quot;row_gap&quot;:{&quot;unit&quot;:&quot;px&quot;,&quot;size&quot;:20,&quot;sizes&quot;:[]},&quot;row_gap_tablet&quot;:{&quot;unit&quot;:&quot;px&quot;,&quot;size&quot;:&quot;&quot;,&quot;sizes&quot;:[]},&quot;row_gap_mobile&quot;:{&quot;unit&quot;:&quot;px&quot;,&quot;size&quot;:&quot;&quot;,&quot;sizes&quot;:[]},&quot;images_valign&quot;:&quot;flex-start&quot;}\" data-widget_type=\"uael-image-gallery.default\">\n\t\t\t\t<div class=\"elementor-widget-container\">\n\t\t\t\t\t<div class=\"uael-gallery-parent uael-caption- uael-gallery-unjustified\"><div class=\"uael-img-gallery-wrap uael-img-grid-wrap uael-img-grid-masonry-wrap uael-image-lightbox-wrap\" data-filter-default=\"All\" data-lightbox_actions=\"[&quot;close&quot;]\" data-lightbox-gallery-loop=\"1\"><div class=\"uael-grid-item  uael-img-gallery-item-1\"><div class=\"uael-grid-item-content\"><a class=\"uael-grid-img uael-grid-gallery-img uael-ins-hover elementor-clickable\" data-fancybox=\"uael-gallery\" href=\"http:\/\/laximenavelasquez.com\/wp-content\/smush-webp\/2024\/12\/Paisaje-interpretado-dibujo-caja-musical--scaled.jpg.webp\" data-elementor-open-lightbox=\"no\" data-smush-webp-fallback=\"{&quot;href&quot;:&quot;http:\\\/\\\/laximenavelasquez.com\\\/wp-content\\\/uploads\\\/2024\\\/12\\\/Paisaje-interpretado-dibujo-caja-musical--scaled.jpg&quot;}\"><div class=\"uael-grid-img-thumbnail uael-ins-target\"><img decoding=\"async\" width=\"768\" height=\"802\" data-src=\"http:\/\/laximenavelasquez.com\/wp-content\/smush-webp\/2024\/12\/Paisaje-interpretado-dibujo-caja-musical--768x802.jpg.webp\" class=\"attachment-medium_large size-medium_large wp-image-485 lazyload\" alt=\"\" data-srcset=\"http:\/\/laximenavelasquez.com\/wp-content\/smush-webp\/2024\/12\/Paisaje-interpretado-dibujo-caja-musical--768x802.jpg.webp 768w, http:\/\/laximenavelasquez.com\/wp-content\/uploads\/2024\/12\/Paisaje-interpretado-dibujo-caja-musical--287x300.jpg 287w, http:\/\/laximenavelasquez.com\/wp-content\/smush-webp\/2024\/12\/Paisaje-interpretado-dibujo-caja-musical--981x1024.jpg.webp 981w, http:\/\/laximenavelasquez.com\/wp-content\/smush-webp\/2024\/12\/Paisaje-interpretado-dibujo-caja-musical--1471x1536.jpg.webp 1471w, http:\/\/laximenavelasquez.com\/wp-content\/smush-webp\/2024\/12\/Paisaje-interpretado-dibujo-caja-musical--1961x2048.jpg.webp 1961w, http:\/\/laximenavelasquez.com\/wp-content\/uploads\/2024\/12\/Paisaje-interpretado-dibujo-caja-musical--11x12.jpg 11w\" data-sizes=\"(max-width: 768px) 100vw, 768px\" src=\"data:image\/gif;base64,R0lGODlhAQABAAAAACH5BAEKAAEALAAAAAABAAEAAAICTAEAOw==\" style=\"--smush-placeholder-width: 768px; --smush-placeholder-aspect-ratio: 768\/802;\" data-smush-webp-fallback=\"{&quot;data-src&quot;:&quot;http:\\\/\\\/laximenavelasquez.com\\\/wp-content\\\/uploads\\\/2024\\\/12\\\/Paisaje-interpretado-dibujo-caja-musical--768x802.jpg&quot;,&quot;data-srcset&quot;:&quot;http:\\\/\\\/laximenavelasquez.com\\\/wp-content\\\/uploads\\\/2024\\\/12\\\/Paisaje-interpretado-dibujo-caja-musical--768x802.jpg 768w, http:\\\/\\\/laximenavelasquez.com\\\/wp-content\\\/uploads\\\/2024\\\/12\\\/Paisaje-interpretado-dibujo-caja-musical--287x300.jpg 287w, http:\\\/\\\/laximenavelasquez.com\\\/wp-content\\\/uploads\\\/2024\\\/12\\\/Paisaje-interpretado-dibujo-caja-musical--981x1024.jpg 981w, http:\\\/\\\/laximenavelasquez.com\\\/wp-content\\\/uploads\\\/2024\\\/12\\\/Paisaje-interpretado-dibujo-caja-musical--1471x1536.jpg 1471w, http:\\\/\\\/laximenavelasquez.com\\\/wp-content\\\/uploads\\\/2024\\\/12\\\/Paisaje-interpretado-dibujo-caja-musical--1961x2048.jpg 1961w, http:\\\/\\\/laximenavelasquez.com\\\/wp-content\\\/uploads\\\/2024\\\/12\\\/Paisaje-interpretado-dibujo-caja-musical--11x12.jpg 11w&quot;}\" \/><noscript><img decoding=\"async\" width=\"768\" height=\"802\" src=\"http:\/\/laximenavelasquez.com\/wp-content\/uploads\/2024\/12\/Paisaje-interpretado-dibujo-caja-musical--768x802.jpg\" class=\"attachment-medium_large size-medium_large wp-image-485\" alt=\"\" srcset=\"http:\/\/laximenavelasquez.com\/wp-content\/uploads\/2024\/12\/Paisaje-interpretado-dibujo-caja-musical--768x802.jpg 768w, http:\/\/laximenavelasquez.com\/wp-content\/uploads\/2024\/12\/Paisaje-interpretado-dibujo-caja-musical--287x300.jpg 287w, http:\/\/laximenavelasquez.com\/wp-content\/uploads\/2024\/12\/Paisaje-interpretado-dibujo-caja-musical--981x1024.jpg 981w, http:\/\/laximenavelasquez.com\/wp-content\/uploads\/2024\/12\/Paisaje-interpretado-dibujo-caja-musical--1471x1536.jpg 1471w, http:\/\/laximenavelasquez.com\/wp-content\/uploads\/2024\/12\/Paisaje-interpretado-dibujo-caja-musical--1961x2048.jpg 1961w, http:\/\/laximenavelasquez.com\/wp-content\/uploads\/2024\/12\/Paisaje-interpretado-dibujo-caja-musical--11x12.jpg 11w\" sizes=\"(max-width: 768px) 100vw, 768px\" \/><\/noscript><\/div><div class=\"uael-grid-img-overlay\"><\/div><\/a><\/div><\/div><\/div><\/div>\t\t\t\t<\/div>\n\t\t\t\t<\/div>\n\t\t\t\t<div class=\"elementor-element elementor-element-c1ac1c2 elementor-widget elementor-widget-text-editor\" data-id=\"c1ac1c2\" data-element_type=\"widget\" data-widget_type=\"text-editor.default\">\n\t\t\t\t<div class=\"elementor-widget-container\">\n\t\t\t\t\t\t\t\t\t<p><span data-contrast=\"none\">Editing assistants: Adri\u00e1n Hueso, Diego Sierra Enciso<\/span><span data-contrast=\"auto\">\u00a0<\/span><span data-ccp-props=\"{}\">\u00a0<\/span><\/p><p><span data-contrast=\"auto\">Winner of the IDARTES Circulation Grant 2012. Solo exhibition Art Nexus space, Bogota 2012. Selection Pabell\u00f3n Arte C\u00e1mara - ARTBO International Art Fair of Bogota, 2012.<\/span><span data-ccp-props=\"{}\">\u00a0<\/span><\/p>\t\t\t\t\t\t\t\t<\/div>\n\t\t\t\t<\/div>\n\t\t\t\t<\/div>\n\t\t\t\t\t<\/div>\n\t\t\t\t<\/div>\n\t\t\t\t<\/div>","protected":false},"excerpt":{"rendered":"<p>Paisaje interpretado Instalaci\u00f3n, fotograf\u00edas perforadas, 3 Cajas musicales de madera diferentes tama\u00f1os.\u00a0Dimensiones variables 5 x 5 metros aprox.\u00a02013\u00a0 https:\/\/vimeo.com\/51383344 \u201cNo existe paisaje sin interpretaci\u00f3n\u201d, asegura el historiador Javier Maderuelo, y a partir de esta premisa, exploro diferentes posibilidades pl\u00e1sticas dentro de este g\u00e9nero en busca de met\u00e1foras y relaciones emotivas con el paisaje.\u00a0 Paisaje Interpretado [&hellip;]<\/p>","protected":false},"author":1,"featured_media":0,"parent":195,"menu_order":0,"comment_status":"closed","ping_status":"closed","template":"","meta":{"footnotes":""},"class_list":["post-200","page","type-page","status-publish","hentry"],"_links":{"self":[{"href":"http:\/\/laximenavelasquez.com\/en\/wp-json\/wp\/v2\/pages\/200","targetHints":{"allow":["GET"]}}],"collection":[{"href":"http:\/\/laximenavelasquez.com\/en\/wp-json\/wp\/v2\/pages"}],"about":[{"href":"http:\/\/laximenavelasquez.com\/en\/wp-json\/wp\/v2\/types\/page"}],"author":[{"embeddable":true,"href":"http:\/\/laximenavelasquez.com\/en\/wp-json\/wp\/v2\/users\/1"}],"replies":[{"embeddable":true,"href":"http:\/\/laximenavelasquez.com\/en\/wp-json\/wp\/v2\/comments?post=200"}],"version-history":[{"count":6,"href":"http:\/\/laximenavelasquez.com\/en\/wp-json\/wp\/v2\/pages\/200\/revisions"}],"predecessor-version":[{"id":799,"href":"http:\/\/laximenavelasquez.com\/en\/wp-json\/wp\/v2\/pages\/200\/revisions\/799"}],"up":[{"embeddable":true,"href":"http:\/\/laximenavelasquez.com\/en\/wp-json\/wp\/v2\/pages\/195"}],"wp:attachment":[{"href":"http:\/\/laximenavelasquez.com\/en\/wp-json\/wp\/v2\/media?parent=200"}],"curies":[{"name":"wp","href":"https:\/\/api.w.org\/{rel}","templated":true}]}}