{"id":221,"date":"2024-11-10T02:11:07","date_gmt":"2024-11-10T02:11:07","guid":{"rendered":"http:\/\/laximenavelasquez.com\/colectivo-patasola\/meditaciones\/"},"modified":"2024-12-03T16:21:21","modified_gmt":"2024-12-03T16:21:21","slug":"meditaciones","status":"publish","type":"page","link":"http:\/\/laximenavelasquez.com\/en\/colectivo-patasola\/meditaciones\/","title":{"rendered":"Meditations"},"content":{"rendered":"<div data-elementor-type=\"wp-page\" data-elementor-id=\"221\" class=\"elementor elementor-221\" data-elementor-post-type=\"page\">\n\t\t\t\t<div class=\"elementor-element elementor-element-40a7503 e-flex e-con-boxed e-con e-child\" data-id=\"40a7503\" data-element_type=\"container\">\n\t\t\t\t\t<div class=\"e-con-inner\">\n\t\t\t\t<div class=\"elementor-element elementor-element-864cd69 elementor-widget elementor-widget-heading\" data-id=\"864cd69\" data-element_type=\"widget\" data-widget_type=\"heading.default\">\n\t\t\t\t<div class=\"elementor-widget-container\">\n\t\t\t\t\t<h1 class=\"elementor-heading-title elementor-size-default\">Meditations<\/h1>\t\t\t\t<\/div>\n\t\t\t\t<\/div>\n\t\t\t\t<div class=\"elementor-element elementor-element-2fb399d elementor-widget elementor-widget-text-editor\" data-id=\"2fb399d\" data-element_type=\"widget\" data-widget_type=\"text-editor.default\">\n\t\t\t\t<div class=\"elementor-widget-container\">\n\t\t\t\t\t\t\t\t\t<p><strong>Ximena Velasquez Sanchez \/ Juan Alonso\u00a0<\/strong><br \/><strong>Bust free version of St. Ignatius and Video mapping\u00a0<\/strong><br \/><strong>2018\u00a0<\/strong><\/p>\t\t\t\t\t\t\t\t<\/div>\n\t\t\t\t<\/div>\n\t\t\t\t<div class=\"elementor-element elementor-element-184f7f0f uael-aspect-ratio-16_9 elementor-widget elementor-widget-uael-video\" data-id=\"184f7f0f\" data-element_type=\"widget\" data-widget_type=\"uael-video.default\">\n\t\t\t\t<div class=\"elementor-widget-container\">\n\t\t\t\t\t\t\t\t\t<div class=\"uael-video__outer-wrap  uael-video-type-vimeo\" data-device=\"false\" data-vsticky=\"no\" data-hidedesktop=\"\" data-hidetablet=\"\" data-hidemobile=\"\" data-vsticky-viewport=\"0\" data-autoplay=\"0\">\n\t\t\t\t\t<div class=\"uael-vimeo-wrap\">\n\t\t\t\t\t\t<div class=\"uael-vimeo-portrait\">\n\t\t\t\t<a href=\"\"><img decoding=\"async\" src=\"https:\/\/i.vimeocdn.com\/portrait\/9899527_300x300?sig=8d2f8090e76c828b87b493bcd0505d2f61b958b613b90f748f0a334c3591f378&#038;v=1&#038;region=us\" alt=\"\"><\/a>\n\t\t\t<\/div>\n\t\t\t\t\t\t\t\t\t<div class=\"uael-vimeo-headers\">\n\t\t\t\t\t\t\t\t<div class=\"uael-vimeo-title\">\n\t\t\t\t\t<a href=\"\">MEDITATIONS<\/a>\n\t\t\t\t<\/div>\n\t\t\t\t\t\t\t\t\t\t\t<\/div>\n\t\t\t\t\t<\/div>\n\t\t\t\t\t\t\t<div class=\"uael-video-inner-wrap\">\n\t\t\t\t<div class=\"uael-video__play\" data-src=\"https:\/\/player.vimeo.com\/video\/311008890?loop=0&amp;title=1&amp;portrait=1&amp;byline=0&amp;muted=0&amp;color=FFFFFF&amp;autopause=0&amp;autoplay=1#t=\">\n\t\t\t\t\t<img decoding=\"async\" class=\"uael-video__thumb\" src=\"https:\/\/i.vimeocdn.com\/video\/751724447-ab96a3a8929f946f3b64b15ef0bcb6827bc298022c44b6d258d2ce82825d74a7-d_840?region=us\" alt=\"\"><\/img>\n\t\t\t\t\t<div class=\"uael-video__play-icon uael-animation-\">\n\t\t\t\t\t\t<svg aria-hidden=\"true\" class=\"e-font-icon-svg e-fa-play-circle\" viewbox=\"0 0 512 512\" xmlns=\"http:\/\/www.w3.org\/2000\/svg\"><path d=\"M256 8C119 8 8 119 8 256s111 248 248 248 248-111 248-248S393 8 256 8zm115.7 272l-176 101c-15.8 8.8-35.7-2.5-35.7-21V152c0-18.4 19.8-29.8 35.7-21l176 107c16.4 9.2 16.4 32.9 0 42z\"><\/path><\/svg>\t\t\t\t\t<\/div>\n\t\t\t\t<\/div>\n\t\t\t\t\t\t\t\t\t\t\t<\/div>\n\t\t<\/div>\n\t\t\t\t\t\t\t<\/div>\n\t\t\t\t<\/div>\n\t\t\t\t<div class=\"elementor-element elementor-element-87597af elementor-widget elementor-widget-text-editor\" data-id=\"87597af\" data-element_type=\"widget\" data-widget_type=\"text-editor.default\">\n\t\t\t\t<div class=\"elementor-widget-container\">\n\t\t\t\t\t\t\t\t\t<p><span data-contrast=\"auto\">The work \"Meditations\" is part of the project <\/span><i><span data-contrast=\"auto\">Lenin's last journey<\/span><\/i><span data-contrast=\"auto\">The sculpture is not a representation of the Jesuit saint, but of Vladimir Lenin, a plastic research about the sculpture of San Ignacio de Loyola located in the front of the Church of Cristo Rey in Pasto - Nari\u00f1o, which is said to be not the representation of the Jesuit saint, but of Vladimir Lenin.<\/span><span data-ccp-props=\"{}\">\u00a0<\/span><span data-ccp-props=\"{}\">\u00a0<\/span><\/p><p><span data-contrast=\"auto\">For the development of this piece, a bust of the Saint was commissioned to a recognized master of the Black and White Carnival, Andr\u00e9s Barrera, who using current techniques for the production of floats, gives us a free version of Saint Ignatius of Loyola, which we intervene with a video projection, causing a state of confusion between the revolutionary discourse and the singing of the Jesuit hymn.<\/span><\/p>\t\t\t\t\t\t\t\t<\/div>\n\t\t\t\t<\/div>\n\t\t\t\t\t<\/div>\n\t\t\t\t<\/div>\n\t\t\t\t<\/div>","protected":false},"excerpt":{"rendered":"<p>Meditaciones Ximena Vel\u00e1squez S\u00e1nchez \/ Juan Alonso\u00a0Busto versi\u00f3n libre de San Ignacio y Video mapping\u00a02018\u00a0 https:\/\/vimeo.com\/311008890 La obra \u201cMeditaciones\u201d hace parte del proyecto El \u00faltimo viaje de Lenin, una investigaci\u00f3n pl\u00e1stica en torno a la escultura de San Ignacio de Loyola ubicada en el frontis de la Iglesia de Cristo Rey en Pasto \u2013 Nari\u00f1o, [&hellip;]<\/p>","protected":false},"author":1,"featured_media":0,"parent":220,"menu_order":0,"comment_status":"closed","ping_status":"closed","template":"","meta":{"footnotes":""},"class_list":["post-221","page","type-page","status-publish","hentry"],"_links":{"self":[{"href":"http:\/\/laximenavelasquez.com\/en\/wp-json\/wp\/v2\/pages\/221","targetHints":{"allow":["GET"]}}],"collection":[{"href":"http:\/\/laximenavelasquez.com\/en\/wp-json\/wp\/v2\/pages"}],"about":[{"href":"http:\/\/laximenavelasquez.com\/en\/wp-json\/wp\/v2\/types\/page"}],"author":[{"embeddable":true,"href":"http:\/\/laximenavelasquez.com\/en\/wp-json\/wp\/v2\/users\/1"}],"replies":[{"embeddable":true,"href":"http:\/\/laximenavelasquez.com\/en\/wp-json\/wp\/v2\/comments?post=221"}],"version-history":[{"count":24,"href":"http:\/\/laximenavelasquez.com\/en\/wp-json\/wp\/v2\/pages\/221\/revisions"}],"predecessor-version":[{"id":920,"href":"http:\/\/laximenavelasquez.com\/en\/wp-json\/wp\/v2\/pages\/221\/revisions\/920"}],"up":[{"embeddable":true,"href":"http:\/\/laximenavelasquez.com\/en\/wp-json\/wp\/v2\/pages\/220"}],"wp:attachment":[{"href":"http:\/\/laximenavelasquez.com\/en\/wp-json\/wp\/v2\/media?parent=221"}],"curies":[{"name":"wp","href":"https:\/\/api.w.org\/{rel}","templated":true}]}}