{"id":376,"date":"2024-11-18T22:29:44","date_gmt":"2024-11-18T22:29:44","guid":{"rendered":"http:\/\/laximenavelasquez.com\/lo-que-no-alcanza-a-ser-llovizna\/ilusion-en-movimiento\/"},"modified":"2024-12-16T22:34:32","modified_gmt":"2024-12-16T22:34:32","slug":"ilusion-en-movimiento","status":"publish","type":"page","link":"http:\/\/laximenavelasquez.com\/en\/lo-que-no-alcanza-a-ser-llovizna\/ilusion-en-movimiento\/","title":{"rendered":"Illusion in Motion"},"content":{"rendered":"<div data-elementor-type=\"wp-page\" data-elementor-id=\"376\" class=\"elementor elementor-376\" data-elementor-post-type=\"page\">\n\t\t\t\t<div class=\"elementor-element elementor-element-124ba72 e-flex e-con-boxed e-con e-parent\" data-id=\"124ba72\" data-element_type=\"container\">\n\t\t\t\t\t<div class=\"e-con-inner\">\n\t\t\t\t<div class=\"elementor-element elementor-element-66f4751 elementor-widget elementor-widget-heading\" data-id=\"66f4751\" data-element_type=\"widget\" data-widget_type=\"heading.default\">\n\t\t\t\t<div class=\"elementor-widget-container\">\n\t\t\t\t\t<h2 class=\"elementor-heading-title elementor-size-default\">Illusion in Motion <\/h2>\t\t\t\t<\/div>\n\t\t\t\t<\/div>\n\t\t\t\t<div class=\"elementor-element elementor-element-029d6ce elementor-widget elementor-widget-text-editor\" data-id=\"029d6ce\" data-element_type=\"widget\" data-widget_type=\"text-editor.default\">\n\t\t\t\t<div class=\"elementor-widget-container\">\n\t\t\t\t\t\t\t\t\t<p><span data-contrast=\"auto\">Installation, table and frame-by-frame animation<\/span><span data-ccp-props=\"{}\">\u00a0<br \/><\/span><span data-contrast=\"auto\">Animation duration 00:01:24<\/span><span data-ccp-props=\"{}\">\u00a0<br \/><\/span><span data-contrast=\"auto\">Variable dimensions, 4 x 3 meters approx.\u00a0<\/span><span data-ccp-props=\"{}\">\u00a0<br \/><\/span><span data-contrast=\"auto\">2019- 22<\/span><span data-ccp-props=\"{}\">\u00a0<\/span><\/p>\t\t\t\t\t\t\t\t<\/div>\n\t\t\t\t<\/div>\n\t\t\t\t<div class=\"elementor-element elementor-element-d32f808 elementor-widget-mobile__width-inherit uael-aspect-ratio-16_9 elementor-widget elementor-widget-uael-video\" data-id=\"d32f808\" data-element_type=\"widget\" data-widget_type=\"uael-video.default\">\n\t\t\t\t<div class=\"elementor-widget-container\">\n\t\t\t\t\t\t\t\t\t<div class=\"uael-video__outer-wrap  uael-video-type-vimeo\" data-device=\"false\" data-vsticky=\"no\" data-hidedesktop=\"\" data-hidetablet=\"\" data-hidemobile=\"\" data-vsticky-viewport=\"0\" data-autoplay=\"0\">\n\t\t\t\t\t<div class=\"uael-vimeo-wrap\">\n\t\t\t\t\t\t\t\t\t<div class=\"uael-vimeo-headers\">\n\t\t\t\t\t\t\t\t<div class=\"uael-vimeo-title\">\n\t\t\t\t\t<a href=\"\">Illusion in motion<\/a>\n\t\t\t\t<\/div>\n\t\t\t\t\t\t\t\t\t\t\t\t<div class=\"uael-vimeo-byline\">\n\t\t\t\t\tfrom  <a href=\"\">ximena velasquez<\/a>\n\t\t\t\t<\/div>\n\t\t\t\t\t\t\t<\/div>\n\t\t\t\t\t<\/div>\n\t\t\t\t\t\t\t<div class=\"uael-video-inner-wrap\">\n\t\t\t\t<div class=\"uael-video__play\" data-src=\"https:\/\/player.vimeo.com\/video\/451352138?loop=0&amp;title=1&amp;portrait=0&amp;byline=1&amp;muted=0&amp;color&amp;autopause=0&amp;autoplay=1#t=\">\n\t\t\t\t\t<img decoding=\"async\" class=\"uael-video__thumb\" src=\"https:\/\/i.vimeocdn.com\/video\/946152214-9992743bfbda64bcca698620fedcdbc88fb972685598b04f0dc5f458bb323fa9-d_840?region=us\" alt=\"\"><\/img>\n\t\t\t\t\t<div class=\"uael-video__play-icon uael-animation-\">\n\t\t\t\t\t\t<svg aria-hidden=\"true\" class=\"e-font-icon-svg e-fa-play-circle\" viewbox=\"0 0 512 512\" xmlns=\"http:\/\/www.w3.org\/2000\/svg\"><path d=\"M256 8C119 8 8 119 8 256s111 248 248 248 248-111 248-248S393 8 256 8zm115.7 272l-176 101c-15.8 8.8-35.7-2.5-35.7-21V152c0-18.4 19.8-29.8 35.7-21l176 107c16.4 9.2 16.4 32.9 0 42z\"><\/path><\/svg>\t\t\t\t\t<\/div>\n\t\t\t\t<\/div>\n\t\t\t\t\t\t\t\t\t\t\t<\/div>\n\t\t<\/div>\n\t\t\t\t\t\t\t<\/div>\n\t\t\t\t<\/div>\n\t\t\t\t<div class=\"elementor-element elementor-element-0d5ed78 elementor-widget__width-auto uael-ins-normal elementor-widget elementor-widget-uael-image-gallery\" data-id=\"0d5ed78\" data-element_type=\"widget\" data-settings=\"{&quot;justified_margin&quot;:{&quot;unit&quot;:&quot;px&quot;,&quot;size&quot;:2,&quot;sizes&quot;:[]},&quot;justified_margin_tablet&quot;:{&quot;unit&quot;:&quot;px&quot;,&quot;size&quot;:&quot;&quot;,&quot;sizes&quot;:[]},&quot;justified_margin_mobile&quot;:{&quot;unit&quot;:&quot;px&quot;,&quot;size&quot;:&quot;&quot;,&quot;sizes&quot;:[]}}\" data-widget_type=\"uael-image-gallery.default\">\n\t\t\t\t<div class=\"elementor-widget-container\">\n\t\t\t\t\t<div class=\"uael-gallery-parent uael-caption-\"><div class=\"uael-img-gallery-wrap uael-img-justified-wrap uael-img-grid-masonry-wrap uael-image-lightbox-wrap\" data-filter-default=\"All\" data-rowheight=\"379\" data-lastrow=\"nojustify\" data-lightbox_actions=\"[&quot;close&quot;]\" data-lightbox-gallery-loop=\"1\"><div class=\"uael-grid-item\"><div class=\"uael-grid-item-content\"><a class=\"uael-grid-img uael-grid-gallery-img uael-ins-hover elementor-clickable\" data-fancybox=\"uael-gallery\" href=\"https:\/\/laximenavelasquez.com\/wp-content\/uploads\/2024\/12\/Ilusion-en-movimiento-scaled.jpg\" data-elementor-open-lightbox=\"no\"><div class=\"uael-grid-img-thumbnail uael-ins-target\"><img fetchpriority=\"high\" decoding=\"async\" width=\"768\" height=\"456\" src=\"https:\/\/laximenavelasquez.com\/wp-content\/uploads\/2024\/12\/Ilusion-en-movimiento-768x456.jpg\" class=\"attachment-medium_large size-medium_large wp-image-480\" alt=\"\" srcset=\"http:\/\/laximenavelasquez.com\/wp-content\/uploads\/2024\/12\/Ilusion-en-movimiento-768x456.jpg 768w, http:\/\/laximenavelasquez.com\/wp-content\/uploads\/2024\/12\/Ilusion-en-movimiento-300x178.jpg 300w, http:\/\/laximenavelasquez.com\/wp-content\/uploads\/2024\/12\/Ilusion-en-movimiento-1024x607.jpg 1024w, http:\/\/laximenavelasquez.com\/wp-content\/uploads\/2024\/12\/Ilusion-en-movimiento-1536x911.jpg 1536w, http:\/\/laximenavelasquez.com\/wp-content\/uploads\/2024\/12\/Ilusion-en-movimiento-2048x1215.jpg 2048w, http:\/\/laximenavelasquez.com\/wp-content\/uploads\/2024\/12\/Ilusion-en-movimiento-18x12.jpg 18w\" sizes=\"(max-width: 768px) 100vw, 768px\" \/><\/div><div class=\"uael-grid-img-overlay\"><\/div><\/a><\/div><\/div><div class=\"uael-grid-item\"><div class=\"uael-grid-item-content\"><a class=\"uael-grid-img uael-grid-gallery-img uael-ins-hover elementor-clickable\" data-fancybox=\"uael-gallery\" href=\"https:\/\/laximenavelasquez.com\/wp-content\/smush-webp\/2024\/12\/Ilusion-de-movimiento-fotograma.png.webp\" data-elementor-open-lightbox=\"no\" data-smush-webp-fallback=\"{&quot;href&quot;:&quot;https:\\\/\\\/laximenavelasquez.com\\\/wp-content\\\/uploads\\\/2024\\\/12\\\/Ilusion-de-movimiento-fotograma.png&quot;}\"><div class=\"uael-grid-img-thumbnail uael-ins-target\"><img decoding=\"async\" width=\"603\" height=\"564\" data-src=\"https:\/\/laximenavelasquez.com\/wp-content\/smush-webp\/2024\/12\/Ilusion-de-movimiento-fotograma.png.webp\" class=\"attachment-medium_large size-medium_large wp-image-735 lazyload\" alt=\"\" data-srcset=\"http:\/\/laximenavelasquez.com\/wp-content\/smush-webp\/2024\/12\/Ilusion-de-movimiento-fotograma.png.webp 603w, http:\/\/laximenavelasquez.com\/wp-content\/smush-webp\/2024\/12\/Ilusion-de-movimiento-fotograma-300x281.png.webp 300w, http:\/\/laximenavelasquez.com\/wp-content\/smush-webp\/2024\/12\/Ilusion-de-movimiento-fotograma-13x12.png.webp 13w\" data-sizes=\"(max-width: 603px) 100vw, 603px\" src=\"data:image\/gif;base64,R0lGODlhAQABAAAAACH5BAEKAAEALAAAAAABAAEAAAICTAEAOw==\" style=\"--smush-placeholder-width: 603px; --smush-placeholder-aspect-ratio: 603\/564;\" data-smush-webp-fallback=\"{&quot;data-src&quot;:&quot;https:\\\/\\\/laximenavelasquez.com\\\/wp-content\\\/uploads\\\/2024\\\/12\\\/Ilusion-de-movimiento-fotograma.png&quot;,&quot;data-srcset&quot;:&quot;http:\\\/\\\/laximenavelasquez.com\\\/wp-content\\\/uploads\\\/2024\\\/12\\\/Ilusion-de-movimiento-fotograma.png 603w, http:\\\/\\\/laximenavelasquez.com\\\/wp-content\\\/uploads\\\/2024\\\/12\\\/Ilusion-de-movimiento-fotograma-300x281.png 300w, http:\\\/\\\/laximenavelasquez.com\\\/wp-content\\\/uploads\\\/2024\\\/12\\\/Ilusion-de-movimiento-fotograma-13x12.png 13w&quot;}\" \/><noscript><img decoding=\"async\" width=\"603\" height=\"564\" src=\"https:\/\/laximenavelasquez.com\/wp-content\/uploads\/2024\/12\/Ilusion-de-movimiento-fotograma.png\" class=\"attachment-medium_large size-medium_large wp-image-735\" alt=\"\" srcset=\"http:\/\/laximenavelasquez.com\/wp-content\/uploads\/2024\/12\/Ilusion-de-movimiento-fotograma.png 603w, http:\/\/laximenavelasquez.com\/wp-content\/uploads\/2024\/12\/Ilusion-de-movimiento-fotograma-300x281.png 300w, http:\/\/laximenavelasquez.com\/wp-content\/uploads\/2024\/12\/Ilusion-de-movimiento-fotograma-13x12.png 13w\" sizes=\"(max-width: 603px) 100vw, 603px\" \/><\/noscript><\/div><div class=\"uael-grid-img-overlay\"><\/div><\/a><\/div><\/div><\/div><\/div>\t\t\t\t<\/div>\n\t\t\t\t<\/div>\n\t\t\t\t<div class=\"elementor-element elementor-element-96860be elementor-widget elementor-widget-text-editor\" data-id=\"96860be\" data-element_type=\"widget\" data-widget_type=\"text-editor.default\">\n\t\t\t\t<div class=\"elementor-widget-container\">\n\t\t\t\t\t\t\t\t\t<p><span class=\"TextRun SCXW265035681 BCX8\" lang=\"ES-ES\" xml:lang=\"ES-ES\" data-contrast=\"auto\"><span class=\"NormalTextRun SCXW265035681 BCX8\">Animation, a technique used in the creation of this work, transforms a static image and gives it life through motion. There is an inherent relationship that leads us to perceive that everything that moves possesses life; in this case, it is the image that comes to life. This technique allowed me to recreate fictional situations about what could have happened on the day the three photographs were taken. In this work, the reference to the photo album reappears, with the three photographs used being inscribed within it from other narrative possibilities, with an emotional approach guided by imagination.\u00a0\u00a0<\/span><\/span><span class=\"EOP SCXW265035681 BCX8\" data-ccp-props=\"{}\">\u00a0<\/span><\/p>\t\t\t\t\t\t\t\t<\/div>\n\t\t\t\t<\/div>\n\t\t\t\t<div class=\"elementor-element elementor-element-3fd4f6f elementor-widget elementor-widget-text-editor\" data-id=\"3fd4f6f\" data-element_type=\"widget\" data-widget_type=\"text-editor.default\">\n\t\t\t\t<div class=\"elementor-widget-container\">\n\t\t\t\t\t\t\t\t\t<p><em>Work exhibited at: GAIA Gallery. Selection of proposals from graduate students of the Institute of Arts, Unicamp, Brazil, 2022.\u00a0<\/em><\/p>\t\t\t\t\t\t\t\t<\/div>\n\t\t\t\t<\/div>\n\t\t\t\t\t<\/div>\n\t\t\t\t<\/div>\n\t\t\t\t<\/div>","protected":false},"excerpt":{"rendered":"<p>Ilusi\u00f3n en Movimiento Instalaci\u00f3n, mesa y animaci\u00f3n cuadro a cuadro\u00a0Duraci\u00f3n animaci\u00f3n 00:01:24\u00a0Dimensiones variables, 4 x 3 metros aprox.\u00a0\u00a02019- 22\u00a0 https:\/\/vimeo.com\/451352138 La animaci\u00f3n, t\u00e9cnica empleada en la creaci\u00f3n de esta obra, transforma una imagen est\u00e1tica y la dota de vida mediante el movimiento. Existe una relaci\u00f3n inherente que nos lleva a percibir que todo lo que [&hellip;]<\/p>","protected":false},"author":1,"featured_media":0,"parent":371,"menu_order":0,"comment_status":"closed","ping_status":"closed","template":"","meta":{"footnotes":""},"class_list":["post-376","page","type-page","status-publish","hentry"],"_links":{"self":[{"href":"http:\/\/laximenavelasquez.com\/en\/wp-json\/wp\/v2\/pages\/376","targetHints":{"allow":["GET"]}}],"collection":[{"href":"http:\/\/laximenavelasquez.com\/en\/wp-json\/wp\/v2\/pages"}],"about":[{"href":"http:\/\/laximenavelasquez.com\/en\/wp-json\/wp\/v2\/types\/page"}],"author":[{"embeddable":true,"href":"http:\/\/laximenavelasquez.com\/en\/wp-json\/wp\/v2\/users\/1"}],"replies":[{"embeddable":true,"href":"http:\/\/laximenavelasquez.com\/en\/wp-json\/wp\/v2\/comments?post=376"}],"version-history":[{"count":10,"href":"http:\/\/laximenavelasquez.com\/en\/wp-json\/wp\/v2\/pages\/376\/revisions"}],"predecessor-version":[{"id":940,"href":"http:\/\/laximenavelasquez.com\/en\/wp-json\/wp\/v2\/pages\/376\/revisions\/940"}],"up":[{"embeddable":true,"href":"http:\/\/laximenavelasquez.com\/en\/wp-json\/wp\/v2\/pages\/371"}],"wp:attachment":[{"href":"http:\/\/laximenavelasquez.com\/en\/wp-json\/wp\/v2\/media?parent=376"}],"curies":[{"name":"wp","href":"https:\/\/api.w.org\/{rel}","templated":true}]}}