{"id":210,"date":"2024-11-10T02:10:27","date_gmt":"2024-11-10T02:10:27","guid":{"rendered":"http:\/\/laximenavelasquez.com\/mundos-e-imaginarios-en-torno-a-lo-femenino\/la-seduccion\/"},"modified":"2024-12-16T23:03:59","modified_gmt":"2024-12-16T23:03:59","slug":"la-seduccion","status":"publish","type":"page","link":"http:\/\/laximenavelasquez.com\/pt\/mundos-e-imaginarios-en-torno-a-lo-femenino\/la-seduccion\/","title":{"rendered":"Sedu\u00e7\u00e3o"},"content":{"rendered":"<div data-elementor-type=\"wp-page\" data-elementor-id=\"210\" class=\"elementor elementor-210\" data-elementor-post-type=\"page\">\n\t\t\t\t<div class=\"elementor-element elementor-element-476bf6c e-flex e-con-boxed e-con e-child\" data-id=\"476bf6c\" data-element_type=\"container\">\n\t\t\t\t\t<div class=\"e-con-inner\">\n\t\t\t\t<div class=\"elementor-element elementor-element-eefc1fb elementor-widget elementor-widget-heading\" data-id=\"eefc1fb\" data-element_type=\"widget\" data-widget_type=\"heading.default\">\n\t\t\t\t<div class=\"elementor-widget-container\">\n\t\t\t\t\t<h1 class=\"elementor-heading-title elementor-size-default\">Sedu\u00e7\u00e3o<\/h1>\t\t\t\t<\/div>\n\t\t\t\t<\/div>\n\t\t\t\t<div class=\"elementor-element elementor-element-bde5f22 elementor-widget elementor-widget-text-editor\" data-id=\"bde5f22\" data-element_type=\"widget\" data-widget_type=\"text-editor.default\">\n\t\t\t\t<div class=\"elementor-widget-container\">\n\t\t\t\t\t\t\t\t\t<p><strong>Instala\u00e7\u00e3o de v\u00eddeo, mala, tapete e TV antiga.\u00a0<br \/>Dimens\u00f5es vari\u00e1veis da instala\u00e7\u00e3o, aprox. 4 x 4 metros.\u00a0\u00a0<br \/>Dura\u00e7\u00e3o do v\u00eddeo: 00:07:47 <br \/>2008\u00a0<\/strong><\/p>\t\t\t\t\t\t\t\t<\/div>\n\t\t\t\t<\/div>\n\t\t\t\t<div class=\"elementor-element elementor-element-32ef7ea elementor-widget-mobile__width-inherit uael-aspect-ratio-16_9 elementor-widget elementor-widget-uael-video\" data-id=\"32ef7ea\" data-element_type=\"widget\" data-widget_type=\"uael-video.default\">\n\t\t\t\t<div class=\"elementor-widget-container\">\n\t\t\t\t\t\t\t\t\t<div class=\"uael-video__outer-wrap  uael-video-type-vimeo\" data-device=\"false\" data-vsticky=\"no\" data-hidedesktop=\"\" data-hidetablet=\"\" data-hidemobile=\"\" data-vsticky-viewport=\"0\" data-autoplay=\"0\">\n\t\t\t\t\t<div class=\"uael-vimeo-wrap\">\n\t\t\t\t\t\t\t\t\t<div class=\"uael-vimeo-headers\">\n\t\t\t\t\t\t\t\t<div class=\"uael-vimeo-title\">\n\t\t\t\t\t<a href=\"\">Sedu\u00e7\u00e3o<\/a>\n\t\t\t\t<\/div>\n\t\t\t\t\t\t\t\t\t\t\t\t<div class=\"uael-vimeo-byline\">\n\t\t\t\t\tde  <a href=\"\">ximena vel\u00e1squez<\/a>\n\t\t\t\t<\/div>\n\t\t\t\t\t\t\t<\/div>\n\t\t\t\t\t<\/div>\n\t\t\t\t\t\t\t<div class=\"uael-video-inner-wrap\">\n\t\t\t\t<div class=\"uael-video__play\" data-src=\"https:\/\/player.vimeo.com\/video\/5822944?loop=0&amp;title=1&amp;portrait=0&amp;byline=1&amp;muted=0&amp;color&amp;autopause=0&amp;autoplay=1#t=\">\n\t\t\t\t\t<img decoding=\"async\" class=\"uael-video__thumb\" src=\"https:\/\/i.vimeocdn.com\/video\/20401428-b6102c4d0a80bbd1202b184c96467b249505321402c6e89bfd5d5469f328981d-d_840?region=us\" alt=\"\"><\/img>\n\t\t\t\t\t<div class=\"uael-video__play-icon uael-animation-\">\n\t\t\t\t\t\t<svg aria-hidden=\"true\" class=\"e-font-icon-svg e-fa-play-circle\" viewbox=\"0 0 512 512\" xmlns=\"http:\/\/www.w3.org\/2000\/svg\"><path d=\"M256 8C119 8 8 119 8 256s111 248 248 248 248-111 248-248S393 8 256 8zm115.7 272l-176 101c-15.8 8.8-35.7-2.5-35.7-21V152c0-18.4 19.8-29.8 35.7-21l176 107c16.4 9.2 16.4 32.9 0 42z\"><\/path><\/svg>\t\t\t\t\t<\/div>\n\t\t\t\t<\/div>\n\t\t\t\t\t\t\t\t\t\t\t<\/div>\n\t\t<\/div>\n\t\t\t\t\t\t\t<\/div>\n\t\t\t\t<\/div>\n\t\t\t\t<div class=\"elementor-element elementor-element-ccff633 uael-img-grid__column-1 uael-img-grid-mobile__column-1 uael-img-grid-tablet__column-3 uael-ins-normal elementor-widget elementor-widget-uael-image-gallery\" data-id=\"ccff633\" data-element_type=\"widget\" data-settings=\"{&quot;gallery_columns&quot;:&quot;1&quot;,&quot;gallery_columns_mobile&quot;:&quot;1&quot;,&quot;gallery_columns_tablet&quot;:&quot;3&quot;,&quot;column_gap&quot;:{&quot;unit&quot;:&quot;px&quot;,&quot;size&quot;:20,&quot;sizes&quot;:[]},&quot;column_gap_tablet&quot;:{&quot;unit&quot;:&quot;px&quot;,&quot;size&quot;:&quot;&quot;,&quot;sizes&quot;:[]},&quot;column_gap_mobile&quot;:{&quot;unit&quot;:&quot;px&quot;,&quot;size&quot;:&quot;&quot;,&quot;sizes&quot;:[]},&quot;row_gap&quot;:{&quot;unit&quot;:&quot;px&quot;,&quot;size&quot;:20,&quot;sizes&quot;:[]},&quot;row_gap_tablet&quot;:{&quot;unit&quot;:&quot;px&quot;,&quot;size&quot;:&quot;&quot;,&quot;sizes&quot;:[]},&quot;row_gap_mobile&quot;:{&quot;unit&quot;:&quot;px&quot;,&quot;size&quot;:&quot;&quot;,&quot;sizes&quot;:[]},&quot;images_valign&quot;:&quot;flex-start&quot;}\" data-widget_type=\"uael-image-gallery.default\">\n\t\t\t\t<div class=\"elementor-widget-container\">\n\t\t\t\t\t<div class=\"uael-gallery-parent uael-caption- uael-gallery-unjustified\"><div class=\"uael-img-gallery-wrap uael-img-grid-wrap uael-img-grid-masonry-wrap uael-image-lightbox-wrap\" data-filter-default=\"All\" data-lightbox_actions=\"[&quot;close&quot;]\" data-lightbox-gallery-loop=\"1\"><div class=\"uael-grid-item  uael-img-gallery-item-1\"><div class=\"uael-grid-item-content\"><a class=\"uael-grid-img uael-grid-gallery-img uael-ins-hover elementor-clickable\" data-fancybox=\"uael-gallery\" href=\"http:\/\/laximenavelasquez.com\/wp-content\/uploads\/2024\/12\/la-seduccion-hoja.jpg\" data-elementor-open-lightbox=\"no\"><div class=\"uael-grid-img-thumbnail uael-ins-target\"><img fetchpriority=\"high\" decoding=\"async\" width=\"768\" height=\"711\" src=\"http:\/\/laximenavelasquez.com\/wp-content\/smush-webp\/2024\/12\/la-seduccion-hoja-768x711.jpg.webp\" class=\"attachment-medium_large size-medium_large wp-image-465\" alt=\"\" srcset=\"http:\/\/laximenavelasquez.com\/wp-content\/smush-webp\/2024\/12\/la-seduccion-hoja-768x711.jpg.webp 768w, http:\/\/laximenavelasquez.com\/wp-content\/smush-webp\/2024\/12\/la-seduccion-hoja-300x278.jpg.webp 300w, http:\/\/laximenavelasquez.com\/wp-content\/smush-webp\/2024\/12\/la-seduccion-hoja-1024x947.jpg.webp 1024w, http:\/\/laximenavelasquez.com\/wp-content\/smush-webp\/2024\/12\/la-seduccion-hoja-1536x1421.jpg.webp 1536w, http:\/\/laximenavelasquez.com\/wp-content\/smush-webp\/2024\/12\/la-seduccion-hoja-2048x1895.jpg.webp 2048w, http:\/\/laximenavelasquez.com\/wp-content\/uploads\/2024\/12\/la-seduccion-hoja-13x12.jpg 13w\" sizes=\"(max-width: 768px) 100vw, 768px\" data-smush-webp-fallback=\"{&quot;src&quot;:&quot;http:\\\/\\\/laximenavelasquez.com\\\/wp-content\\\/uploads\\\/2024\\\/12\\\/la-seduccion-hoja-768x711.jpg&quot;,&quot;srcset&quot;:&quot;http:\\\/\\\/laximenavelasquez.com\\\/wp-content\\\/uploads\\\/2024\\\/12\\\/la-seduccion-hoja-768x711.jpg 768w, http:\\\/\\\/laximenavelasquez.com\\\/wp-content\\\/uploads\\\/2024\\\/12\\\/la-seduccion-hoja-300x278.jpg 300w, http:\\\/\\\/laximenavelasquez.com\\\/wp-content\\\/uploads\\\/2024\\\/12\\\/la-seduccion-hoja-1024x947.jpg 1024w, http:\\\/\\\/laximenavelasquez.com\\\/wp-content\\\/uploads\\\/2024\\\/12\\\/la-seduccion-hoja-1536x1421.jpg 1536w, http:\\\/\\\/laximenavelasquez.com\\\/wp-content\\\/uploads\\\/2024\\\/12\\\/la-seduccion-hoja-2048x1895.jpg 2048w, http:\\\/\\\/laximenavelasquez.com\\\/wp-content\\\/uploads\\\/2024\\\/12\\\/la-seduccion-hoja-13x12.jpg 13w&quot;}\" \/><\/div><div class=\"uael-grid-img-overlay\"><\/div><\/a><\/div><\/div><div class=\"uael-grid-item  uael-img-gallery-item-2\"><div class=\"uael-grid-item-content\"><a class=\"uael-grid-img uael-grid-gallery-img uael-ins-hover elementor-clickable\" data-fancybox=\"uael-gallery\" href=\"http:\/\/laximenavelasquez.com\/wp-content\/smush-webp\/2024\/12\/La-seduccion-montaje-scaled.jpg.webp\" data-elementor-open-lightbox=\"no\" data-smush-webp-fallback=\"{&quot;href&quot;:&quot;http:\\\/\\\/laximenavelasquez.com\\\/wp-content\\\/uploads\\\/2024\\\/12\\\/La-seduccion-montaje-scaled.jpg&quot;}\"><div class=\"uael-grid-img-thumbnail uael-ins-target\"><img decoding=\"async\" width=\"768\" height=\"576\" data-src=\"http:\/\/laximenavelasquez.com\/wp-content\/uploads\/2024\/12\/La-seduccion-montaje-768x576.jpg\" class=\"attachment-medium_large size-medium_large wp-image-491 lazyload\" alt=\"\" data-srcset=\"http:\/\/laximenavelasquez.com\/wp-content\/uploads\/2024\/12\/La-seduccion-montaje-768x576.jpg 768w, http:\/\/laximenavelasquez.com\/wp-content\/uploads\/2024\/12\/La-seduccion-montaje-300x225.jpg 300w, http:\/\/laximenavelasquez.com\/wp-content\/uploads\/2024\/12\/La-seduccion-montaje-1024x768.jpg 1024w, http:\/\/laximenavelasquez.com\/wp-content\/uploads\/2024\/12\/La-seduccion-montaje-1536x1152.jpg 1536w, http:\/\/laximenavelasquez.com\/wp-content\/smush-webp\/2024\/12\/La-seduccion-montaje-2048x1536.jpg.webp 2048w, http:\/\/laximenavelasquez.com\/wp-content\/uploads\/2024\/12\/La-seduccion-montaje-16x12.jpg 16w\" data-sizes=\"(max-width: 768px) 100vw, 768px\" src=\"data:image\/gif;base64,R0lGODlhAQABAAAAACH5BAEKAAEALAAAAAABAAEAAAICTAEAOw==\" style=\"--smush-placeholder-width: 768px; --smush-placeholder-aspect-ratio: 768\/576;\" data-smush-webp-fallback=\"{&quot;data-srcset&quot;:&quot;http:\\\/\\\/laximenavelasquez.com\\\/wp-content\\\/uploads\\\/2024\\\/12\\\/La-seduccion-montaje-768x576.jpg 768w, http:\\\/\\\/laximenavelasquez.com\\\/wp-content\\\/uploads\\\/2024\\\/12\\\/La-seduccion-montaje-300x225.jpg 300w, http:\\\/\\\/laximenavelasquez.com\\\/wp-content\\\/uploads\\\/2024\\\/12\\\/La-seduccion-montaje-1024x768.jpg 1024w, http:\\\/\\\/laximenavelasquez.com\\\/wp-content\\\/uploads\\\/2024\\\/12\\\/La-seduccion-montaje-1536x1152.jpg 1536w, http:\\\/\\\/laximenavelasquez.com\\\/wp-content\\\/uploads\\\/2024\\\/12\\\/La-seduccion-montaje-2048x1536.jpg 2048w, http:\\\/\\\/laximenavelasquez.com\\\/wp-content\\\/uploads\\\/2024\\\/12\\\/La-seduccion-montaje-16x12.jpg 16w&quot;}\" \/><noscript><img decoding=\"async\" width=\"768\" height=\"576\" src=\"http:\/\/laximenavelasquez.com\/wp-content\/uploads\/2024\/12\/La-seduccion-montaje-768x576.jpg\" class=\"attachment-medium_large size-medium_large wp-image-491\" alt=\"\" srcset=\"http:\/\/laximenavelasquez.com\/wp-content\/uploads\/2024\/12\/La-seduccion-montaje-768x576.jpg 768w, http:\/\/laximenavelasquez.com\/wp-content\/uploads\/2024\/12\/La-seduccion-montaje-300x225.jpg 300w, http:\/\/laximenavelasquez.com\/wp-content\/uploads\/2024\/12\/La-seduccion-montaje-1024x768.jpg 1024w, http:\/\/laximenavelasquez.com\/wp-content\/uploads\/2024\/12\/La-seduccion-montaje-1536x1152.jpg 1536w, http:\/\/laximenavelasquez.com\/wp-content\/uploads\/2024\/12\/La-seduccion-montaje-2048x1536.jpg 2048w, http:\/\/laximenavelasquez.com\/wp-content\/uploads\/2024\/12\/La-seduccion-montaje-16x12.jpg 16w\" sizes=\"(max-width: 768px) 100vw, 768px\" \/><\/noscript><\/div><div class=\"uael-grid-img-overlay\"><\/div><\/a><\/div><\/div><\/div><\/div>\t\t\t\t<\/div>\n\t\t\t\t<\/div>\n\t\t\t\t<div class=\"elementor-element elementor-element-e803c73 elementor-widget elementor-widget-text-editor\" data-id=\"e803c73\" data-element_type=\"widget\" data-widget_type=\"text-editor.default\">\n\t\t\t\t<div class=\"elementor-widget-container\">\n\t\t\t\t\t\t\t\t\t<p class=\"translation-block\">Uma mesa com uma toalha dourada, delicadamente posta com flores, copos de vinho, pratos e uma vela acesa convida a permanecer, criando seu pr\u00f3prio ritmo e acrescentando um novo significado \u00e0 rua. O espa\u00e7o \u00e9 desviado de seu prop\u00f3sito original para lhe dar uma nova fun\u00e7\u00e3o: um encontro rom\u00e2ntico.\n\nO espa\u00e7o seduzido \u00e9 o ponto de encontro de duas pessoas. 'A sedu\u00e7\u00e3o sempre foi produzida como um teatro estruturado pela oposi\u00e7\u00e3o bin\u00e1ria do masculino e do feminino.' O uso de uma vestimenta ou certos objetos dedicados \u00e0 atra\u00e7\u00e3o confere a eles a tarefa de manifestar\u00a0um\u00a0sentimento<\/p>\t\t\t\t\t\t\t\t<\/div>\n\t\t\t\t<\/div>\n\t\t\t\t<div class=\"elementor-element elementor-element-f1effe9 elementor-widget elementor-widget-text-editor\" data-id=\"f1effe9\" data-element_type=\"widget\" data-widget_type=\"text-editor.default\">\n\t\t\t\t<div class=\"elementor-widget-container\">\n\t\t\t\t\t\t\t\t\t<p><span data-contrast=\"auto\">C\u00e2mera: Dixon Quitian, Jos\u00e9 Domingo Garz\u00f3n<\/span><span data-ccp-props=\"{}\">\u00a0<br \/><\/span><span data-contrast=\"auto\">M\u00fasica: Faixa 1 Siboney, de Eliades Ochoa - Faixa 2 Yumeji's Theme, de Shigeru Umebayashi (In the mood for love)<\/span><span data-ccp-props=\"{}\">\u00a0<br \/><\/span><span data-contrast=\"auto\">Convidado: Leonardo Vargas<br \/><span class=\"TextRun SCXW260134638 BCX8\" lang=\"ES-ES\" xml:lang=\"ES-ES\" data-contrast=\"auto\"><span class=\"NormalTextRun SCXW260134638 BCX8\">Trabalho<\/span><span class=\"NormalTextRun SCXW260134638 BCX8\"> selecionado para a exposi\u00e7\u00e3o \u00bfY el amor c\u00f3mo va? Galer\u00eda Santa Fe. Bogot\u00e1, Col\u00f4mbia, 2008 e <\/span><span class=\"NormalTextRun SpellingErrorV2Themed SCXW260134638 BCX8\">Expoci\u00eancia<\/span> <span class=\"NormalTextRun SpellingErrorV2Themed SCXW260134638 BCX8\">Expot\u00e9cnologia<\/span><span class=\"NormalTextRun SCXW260134638 BCX8\"> 09 ACAC<\/span><span class=\"NormalTextRun SCXW260134638 BCX8\">, <\/span><span class=\"NormalTextRun SpellingErrorV2Themed SCXW260134638 BCX8\">Museu<\/span><span class=\"NormalTextRun SCXW260134638 BCX8\"> de Corferias.<\/span><span class=\"NormalTextRun SCXW260134638 BCX8\"> Bogot\u00e1, Col\u00f4mbia<\/span><span class=\"NormalTextRun SCXW260134638 BCX8\">, <\/span><span class=\"NormalTextRun SCXW260134638 BCX8\">2009<\/span><span class=\"NormalTextRun SCXW260134638 BCX8\">.<\/span><\/span><span class=\"EOP SCXW260134638 BCX8\" data-ccp-props=\"{}\">\u00a0<\/span><\/span><span data-ccp-props=\"{}\">\u00a0<\/span><\/p>\t\t\t\t\t\t\t\t<\/div>\n\t\t\t\t<\/div>\n\t\t\t\t\t<\/div>\n\t\t\t\t<\/div>\n\t\t\t\t<\/div>","protected":false},"excerpt":{"rendered":"<p>La seducci\u00f3n Video instalaci\u00f3n, maleta, tapete y televisor antiguo.\u00a0Dimensiones instalaci\u00f3n variables, 4 x 4 metros aprox.\u00a0\u00a0Duraci\u00f3n del Video: 00:07:47 2008\u00a0 https:\/\/vimeo.com\/5822944 Una mesa con mantel dorado primorosamente dispuesta con flores, copas de vino, platos servidos y una vela encendida invitan a detenerse, creando un ritmo propio, agregando un sentido diferente a la calle, espacio que [&hellip;]<\/p>","protected":false},"author":1,"featured_media":0,"parent":206,"menu_order":0,"comment_status":"closed","ping_status":"closed","template":"","meta":{"footnotes":""},"class_list":["post-210","page","type-page","status-publish","hentry"],"_links":{"self":[{"href":"http:\/\/laximenavelasquez.com\/pt\/wp-json\/wp\/v2\/pages\/210","targetHints":{"allow":["GET"]}}],"collection":[{"href":"http:\/\/laximenavelasquez.com\/pt\/wp-json\/wp\/v2\/pages"}],"about":[{"href":"http:\/\/laximenavelasquez.com\/pt\/wp-json\/wp\/v2\/types\/page"}],"author":[{"embeddable":true,"href":"http:\/\/laximenavelasquez.com\/pt\/wp-json\/wp\/v2\/users\/1"}],"replies":[{"embeddable":true,"href":"http:\/\/laximenavelasquez.com\/pt\/wp-json\/wp\/v2\/comments?post=210"}],"version-history":[{"count":21,"href":"http:\/\/laximenavelasquez.com\/pt\/wp-json\/wp\/v2\/pages\/210\/revisions"}],"predecessor-version":[{"id":943,"href":"http:\/\/laximenavelasquez.com\/pt\/wp-json\/wp\/v2\/pages\/210\/revisions\/943"}],"up":[{"embeddable":true,"href":"http:\/\/laximenavelasquez.com\/pt\/wp-json\/wp\/v2\/pages\/206"}],"wp:attachment":[{"href":"http:\/\/laximenavelasquez.com\/pt\/wp-json\/wp\/v2\/media?parent=210"}],"curies":[{"name":"wp","href":"https:\/\/api.w.org\/{rel}","templated":true}]}}