{"id":375,"date":"2024-11-18T22:29:28","date_gmt":"2024-11-18T22:29:28","guid":{"rendered":"http:\/\/laximenavelasquez.com\/lo-que-no-alcanza-a-ser-llovizna\/imagenes-fosiles\/"},"modified":"2024-12-03T04:16:29","modified_gmt":"2024-12-03T04:16:29","slug":"imagenes-fosiles","status":"publish","type":"page","link":"http:\/\/laximenavelasquez.com\/pt\/lo-que-no-alcanza-a-ser-llovizna\/imagenes-fosiles\/","title":{"rendered":"Imagens de f\u00f3sseis"},"content":{"rendered":"<div data-elementor-type=\"wp-page\" data-elementor-id=\"375\" class=\"elementor elementor-375\" data-elementor-post-type=\"page\">\n\t\t\t\t<div class=\"elementor-element elementor-element-dc571c7 e-flex e-con-boxed e-con e-parent\" data-id=\"dc571c7\" data-element_type=\"container\">\n\t\t\t\t\t<div class=\"e-con-inner\">\n\t\t\t\t<div class=\"elementor-element elementor-element-2065838 elementor-widget elementor-widget-heading\" data-id=\"2065838\" data-element_type=\"widget\" data-widget_type=\"heading.default\">\n\t\t\t\t<div class=\"elementor-widget-container\">\n\t\t\t\t\t<h2 class=\"elementor-heading-title elementor-size-default\">Imagens de f\u00f3sseis <\/h2>\t\t\t\t<\/div>\n\t\t\t\t<\/div>\n\t\t\t\t<div class=\"elementor-element elementor-element-92ff96d elementor-widget elementor-widget-text-editor\" data-id=\"92ff96d\" data-element_type=\"widget\" data-widget_type=\"text-editor.default\">\n\t\t\t\t<div class=\"elementor-widget-container\">\n\t\t\t\t\t\t\t\t\t<p><span data-contrast=\"auto\">3 moldes de gesso de 3 placas de cobre e p\u00e1ginas de \u00e1lbum.<\/span><span data-ccp-props=\"{}\">\u00a0<br \/><\/span><span data-contrast=\"auto\">Dimens\u00f5es da placa de gesso 23,5 x 16,5 cm, cada.<\/span><span data-ccp-props=\"{}\">\u00a0<br \/><\/span><span data-contrast=\"auto\">2022<\/span><span data-ccp-props=\"{}\">\u00a0<\/span><\/p>\t\t\t\t\t\t\t\t<\/div>\n\t\t\t\t<\/div>\n\t\t\t\t<div class=\"elementor-element elementor-element-b04cd31 uael-img-grid__column-3 uael-img-grid-mobile__column-1 uael-img-grid-tablet__column-3 uael-ins-normal elementor-widget elementor-widget-uael-image-gallery\" data-id=\"b04cd31\" data-element_type=\"widget\" data-settings=\"{&quot;gallery_columns&quot;:&quot;3&quot;,&quot;gallery_columns_mobile&quot;:&quot;1&quot;,&quot;gallery_columns_tablet&quot;:&quot;3&quot;,&quot;column_gap&quot;:{&quot;unit&quot;:&quot;px&quot;,&quot;size&quot;:20,&quot;sizes&quot;:[]},&quot;column_gap_tablet&quot;:{&quot;unit&quot;:&quot;px&quot;,&quot;size&quot;:&quot;&quot;,&quot;sizes&quot;:[]},&quot;column_gap_mobile&quot;:{&quot;unit&quot;:&quot;px&quot;,&quot;size&quot;:&quot;&quot;,&quot;sizes&quot;:[]},&quot;row_gap&quot;:{&quot;unit&quot;:&quot;px&quot;,&quot;size&quot;:20,&quot;sizes&quot;:[]},&quot;row_gap_tablet&quot;:{&quot;unit&quot;:&quot;px&quot;,&quot;size&quot;:&quot;&quot;,&quot;sizes&quot;:[]},&quot;row_gap_mobile&quot;:{&quot;unit&quot;:&quot;px&quot;,&quot;size&quot;:&quot;&quot;,&quot;sizes&quot;:[]},&quot;images_valign&quot;:&quot;flex-start&quot;}\" data-widget_type=\"uael-image-gallery.default\">\n\t\t\t\t<div class=\"elementor-widget-container\">\n\t\t\t\t\t<div class=\"uael-gallery-parent uael-caption- uael-gallery-unjustified\"><div class=\"uael-img-gallery-wrap uael-img-grid-wrap uael-img-grid-masonry-wrap uael-image-lightbox-wrap\" data-filter-default=\"All\" data-lightbox_actions=\"[&quot;close&quot;]\" data-lightbox-gallery-loop=\"1\"><div class=\"uael-grid-item  uael-img-gallery-item-1\"><div class=\"uael-grid-item-content\"><a class=\"uael-grid-img uael-grid-gallery-img uael-ins-hover elementor-clickable\" data-fancybox=\"uael-gallery\" href=\"https:\/\/laximenavelasquez.com\/wp-content\/uploads\/2024\/12\/Imagnes-fosiles-1.png\" data-elementor-open-lightbox=\"no\"><div class=\"uael-grid-img-thumbnail uael-ins-target\"><img fetchpriority=\"high\" decoding=\"async\" width=\"541\" height=\"748\" src=\"https:\/\/laximenavelasquez.com\/wp-content\/uploads\/2024\/12\/Imagnes-fosiles-1.png\" class=\"attachment-medium_large size-medium_large wp-image-466\" alt=\"\" srcset=\"http:\/\/laximenavelasquez.com\/wp-content\/uploads\/2024\/12\/Imagnes-fosiles-1.png 541w, http:\/\/laximenavelasquez.com\/wp-content\/smush-webp\/2024\/12\/Imagnes-fosiles-1-217x300.png.webp 217w, http:\/\/laximenavelasquez.com\/wp-content\/smush-webp\/2024\/12\/Imagnes-fosiles-1-9x12.png.webp 9w\" sizes=\"(max-width: 541px) 100vw, 541px\" data-smush-webp-fallback=\"{&quot;srcset&quot;:&quot;http:\\\/\\\/laximenavelasquez.com\\\/wp-content\\\/uploads\\\/2024\\\/12\\\/Imagnes-fosiles-1.png 541w, http:\\\/\\\/laximenavelasquez.com\\\/wp-content\\\/uploads\\\/2024\\\/12\\\/Imagnes-fosiles-1-217x300.png 217w, http:\\\/\\\/laximenavelasquez.com\\\/wp-content\\\/uploads\\\/2024\\\/12\\\/Imagnes-fosiles-1-9x12.png 9w&quot;}\" \/><\/div><div class=\"uael-grid-img-overlay\"><\/div><\/a><\/div><\/div><div class=\"uael-grid-item  uael-img-gallery-item-2\"><div class=\"uael-grid-item-content\"><a class=\"uael-grid-img uael-grid-gallery-img uael-ins-hover elementor-clickable\" data-fancybox=\"uael-gallery\" href=\"https:\/\/laximenavelasquez.com\/wp-content\/uploads\/2024\/12\/Imagenes-fosiles-3.png\" data-elementor-open-lightbox=\"no\"><div class=\"uael-grid-img-thumbnail uael-ins-target\"><img decoding=\"async\" width=\"591\" height=\"823\" data-src=\"https:\/\/laximenavelasquez.com\/wp-content\/uploads\/2024\/12\/Imagenes-fosiles-3.png\" class=\"attachment-medium_large size-medium_large wp-image-517 lazyload\" alt=\"\" data-srcset=\"http:\/\/laximenavelasquez.com\/wp-content\/uploads\/2024\/12\/Imagenes-fosiles-3.png 591w, http:\/\/laximenavelasquez.com\/wp-content\/smush-webp\/2024\/12\/Imagenes-fosiles-3-215x300.png.webp 215w, http:\/\/laximenavelasquez.com\/wp-content\/smush-webp\/2024\/12\/Imagenes-fosiles-3-9x12.png.webp 9w\" data-sizes=\"(max-width: 591px) 100vw, 591px\" src=\"data:image\/gif;base64,R0lGODlhAQABAAAAACH5BAEKAAEALAAAAAABAAEAAAICTAEAOw==\" style=\"--smush-placeholder-width: 591px; --smush-placeholder-aspect-ratio: 591\/823;\" data-smush-webp-fallback=\"{&quot;data-srcset&quot;:&quot;http:\\\/\\\/laximenavelasquez.com\\\/wp-content\\\/uploads\\\/2024\\\/12\\\/Imagenes-fosiles-3.png 591w, http:\\\/\\\/laximenavelasquez.com\\\/wp-content\\\/uploads\\\/2024\\\/12\\\/Imagenes-fosiles-3-215x300.png 215w, http:\\\/\\\/laximenavelasquez.com\\\/wp-content\\\/uploads\\\/2024\\\/12\\\/Imagenes-fosiles-3-9x12.png 9w&quot;}\" \/><noscript><img decoding=\"async\" width=\"591\" height=\"823\" src=\"https:\/\/laximenavelasquez.com\/wp-content\/uploads\/2024\/12\/Imagenes-fosiles-3.png\" class=\"attachment-medium_large size-medium_large wp-image-517\" alt=\"\" srcset=\"http:\/\/laximenavelasquez.com\/wp-content\/uploads\/2024\/12\/Imagenes-fosiles-3.png 591w, http:\/\/laximenavelasquez.com\/wp-content\/uploads\/2024\/12\/Imagenes-fosiles-3-215x300.png 215w, http:\/\/laximenavelasquez.com\/wp-content\/uploads\/2024\/12\/Imagenes-fosiles-3-9x12.png 9w\" sizes=\"(max-width: 591px) 100vw, 591px\" \/><\/noscript><\/div><div class=\"uael-grid-img-overlay\"><\/div><\/a><\/div><\/div><div class=\"uael-grid-item  uael-img-gallery-item-3\"><div class=\"uael-grid-item-content\"><a class=\"uael-grid-img uael-grid-gallery-img uael-ins-hover elementor-clickable\" data-fancybox=\"uael-gallery\" href=\"https:\/\/laximenavelasquez.com\/wp-content\/uploads\/2024\/12\/Imagenes-fosiles-2.png\" data-elementor-open-lightbox=\"no\"><div class=\"uael-grid-img-thumbnail uael-ins-target\"><img decoding=\"async\" width=\"526\" height=\"735\" data-src=\"https:\/\/laximenavelasquez.com\/wp-content\/uploads\/2024\/12\/Imagenes-fosiles-2.png\" class=\"attachment-medium_large size-medium_large wp-image-498 lazyload\" alt=\"\" data-srcset=\"http:\/\/laximenavelasquez.com\/wp-content\/uploads\/2024\/12\/Imagenes-fosiles-2.png 526w, http:\/\/laximenavelasquez.com\/wp-content\/smush-webp\/2024\/12\/Imagenes-fosiles-2-215x300.png.webp 215w, http:\/\/laximenavelasquez.com\/wp-content\/smush-webp\/2024\/12\/Imagenes-fosiles-2-9x12.png.webp 9w\" data-sizes=\"(max-width: 526px) 100vw, 526px\" src=\"data:image\/gif;base64,R0lGODlhAQABAAAAACH5BAEKAAEALAAAAAABAAEAAAICTAEAOw==\" style=\"--smush-placeholder-width: 526px; --smush-placeholder-aspect-ratio: 526\/735;\" data-smush-webp-fallback=\"{&quot;data-srcset&quot;:&quot;http:\\\/\\\/laximenavelasquez.com\\\/wp-content\\\/uploads\\\/2024\\\/12\\\/Imagenes-fosiles-2.png 526w, http:\\\/\\\/laximenavelasquez.com\\\/wp-content\\\/uploads\\\/2024\\\/12\\\/Imagenes-fosiles-2-215x300.png 215w, http:\\\/\\\/laximenavelasquez.com\\\/wp-content\\\/uploads\\\/2024\\\/12\\\/Imagenes-fosiles-2-9x12.png 9w&quot;}\" \/><noscript><img decoding=\"async\" width=\"526\" height=\"735\" src=\"https:\/\/laximenavelasquez.com\/wp-content\/uploads\/2024\/12\/Imagenes-fosiles-2.png\" class=\"attachment-medium_large size-medium_large wp-image-498\" alt=\"\" srcset=\"http:\/\/laximenavelasquez.com\/wp-content\/uploads\/2024\/12\/Imagenes-fosiles-2.png 526w, http:\/\/laximenavelasquez.com\/wp-content\/uploads\/2024\/12\/Imagenes-fosiles-2-215x300.png 215w, http:\/\/laximenavelasquez.com\/wp-content\/uploads\/2024\/12\/Imagenes-fosiles-2-9x12.png 9w\" sizes=\"(max-width: 526px) 100vw, 526px\" \/><\/noscript><\/div><div class=\"uael-grid-img-overlay\"><\/div><\/a><\/div><\/div><\/div><\/div>\t\t\t\t<\/div>\n\t\t\t\t<\/div>\n\t\t\t\t<div class=\"elementor-element elementor-element-2284af2 elementor-widget elementor-widget-text-editor\" data-id=\"2284af2\" data-element_type=\"widget\" data-widget_type=\"text-editor.default\">\n\t\t\t\t<div class=\"elementor-widget-container\">\n\t\t\t\t\t\t\t\t\t<p><span data-contrast=\"auto\">Das tr\u00eas placas de cobre, as mesmas que est\u00e3o projetadas no canteiro de obras. <\/span><i><span data-contrast=\"auto\">Imagem gravada<\/span><\/i><span data-contrast=\"auto\">Os desenhos t\u00eam a caracter\u00edstica comum de terem sido submersos por mais de 4 horas em produtos qu\u00edmicos, o que permitiu que o desenho se transformasse em uma fenda, servindo assim de molde para 3 moldes de gesso que copiam os tra\u00e7os deixados no metal e que foram colocados em uma p\u00e1gina do \u00e1lbum de fam\u00edlia.<\/span><span data-ccp-props=\"{}\">\u00a0<\/span><\/p><p><span data-contrast=\"auto\">Esse reflexo decorre da deteriora\u00e7\u00e3o causada pela umidade, que levou ao aparecimento de uma camada esbranqui\u00e7ada cobrindo as formas, os rostos e a paisagem de fundo. Mas, de certa forma, essa oculta\u00e7\u00e3o sempre for\u00e7ou um olhar insistente e \u00edntimo. Curiosamente, essa \u00e9 a mesma atitude necess\u00e1ria para poder apreciar as imagens inscritas nos pain\u00e9is de gesso, pois somente de perto \u00e9 poss\u00edvel observar os detalhes, que desaparecem na brancura quando vistos \u00e0 dist\u00e2ncia.<\/span><span data-ccp-props=\"{}\">\u00a0<\/span><\/p>\t\t\t\t\t\t\t\t<\/div>\n\t\t\t\t<\/div>\n\t\t\t\t\t<\/div>\n\t\t\t\t<\/div>\n\t\t\t\t<\/div>","protected":false},"excerpt":{"rendered":"<p>Im\u00e1genes f\u00f3siles 3 vaciados en yeso a partir de 3 placas de cobre y p\u00e1ginas de \u00e1lbum.\u00a0Dimensiones placas de yeso 23,5 x 16,5 cm, cada una.\u00a02022\u00a0 A partir de las tres placas de cobre, las mismas que son proyectadas en la obra Imagen gravada, y que tienen el com\u00fan el hecho de haber estado sumergidas [&hellip;]<\/p>","protected":false},"author":1,"featured_media":0,"parent":371,"menu_order":0,"comment_status":"closed","ping_status":"closed","template":"","meta":{"footnotes":""},"class_list":["post-375","page","type-page","status-publish","hentry"],"_links":{"self":[{"href":"http:\/\/laximenavelasquez.com\/pt\/wp-json\/wp\/v2\/pages\/375","targetHints":{"allow":["GET"]}}],"collection":[{"href":"http:\/\/laximenavelasquez.com\/pt\/wp-json\/wp\/v2\/pages"}],"about":[{"href":"http:\/\/laximenavelasquez.com\/pt\/wp-json\/wp\/v2\/types\/page"}],"author":[{"embeddable":true,"href":"http:\/\/laximenavelasquez.com\/pt\/wp-json\/wp\/v2\/users\/1"}],"replies":[{"embeddable":true,"href":"http:\/\/laximenavelasquez.com\/pt\/wp-json\/wp\/v2\/comments?post=375"}],"version-history":[{"count":6,"href":"http:\/\/laximenavelasquez.com\/pt\/wp-json\/wp\/v2\/pages\/375\/revisions"}],"predecessor-version":[{"id":741,"href":"http:\/\/laximenavelasquez.com\/pt\/wp-json\/wp\/v2\/pages\/375\/revisions\/741"}],"up":[{"embeddable":true,"href":"http:\/\/laximenavelasquez.com\/pt\/wp-json\/wp\/v2\/pages\/371"}],"wp:attachment":[{"href":"http:\/\/laximenavelasquez.com\/pt\/wp-json\/wp\/v2\/media?parent=375"}],"curies":[{"name":"wp","href":"https:\/\/api.w.org\/{rel}","templated":true}]}}