{"id":413,"date":"2024-11-18T23:03:37","date_gmt":"2024-11-18T23:03:37","guid":{"rendered":"http:\/\/laximenavelasquez.com\/fotografia-y-archivo\/otros-formatos\/"},"modified":"2024-12-03T16:07:15","modified_gmt":"2024-12-03T16:07:15","slug":"time-is-money","status":"publish","type":"page","link":"http:\/\/laximenavelasquez.com\/pt\/fotografia-y-archivo\/time-is-money\/","title":{"rendered":"Tempo \u00e9 dinheiro"},"content":{"rendered":"<div data-elementor-type=\"wp-page\" data-elementor-id=\"413\" class=\"elementor elementor-413\" data-elementor-post-type=\"page\">\n\t\t\t\t<div class=\"elementor-element elementor-element-3a410c2 e-flex e-con-boxed e-con e-parent\" data-id=\"3a410c2\" data-element_type=\"container\">\n\t\t\t\t\t<div class=\"e-con-inner\">\n\t\t<div class=\"elementor-element elementor-element-626de5d e-con-full e-flex e-con e-child\" data-id=\"626de5d\" data-element_type=\"container\">\n\t\t\t\t<div class=\"elementor-element elementor-element-8f98815 elementor-widget elementor-widget-heading\" data-id=\"8f98815\" data-element_type=\"widget\" data-widget_type=\"heading.default\">\n\t\t\t\t<div class=\"elementor-widget-container\">\n\t\t\t\t\t<h1 class=\"elementor-heading-title elementor-size-default\">Tempo \u00e9 dinheiro<\/h1>\t\t\t\t<\/div>\n\t\t\t\t<\/div>\n\t\t\t\t<div class=\"elementor-element elementor-element-ccd5e44 elementor-widget elementor-widget-text-editor\" data-id=\"ccd5e44\" data-element_type=\"widget\" data-widget_type=\"text-editor.default\">\n\t\t\t\t<div class=\"elementor-widget-container\">\n\t\t\t\t\t\t\t\t\t<p><strong><span class=\"TextRun SCXW105978715 BCX8\" lang=\"ES-CO\" xml:lang=\"ES-CO\" data-contrast=\"auto\"><span class=\"NormalTextRun SCXW105978715 BCX8\">C\u00e9dulas reconstru\u00eddas a partir de estilha\u00e7os descartados pelo Banco de la Rep\u00fablica e rel\u00f3gio de estilha\u00e7os.<\/span><\/span><span class=\"LineBreakBlob BlobObject DragDrop SCXW105978715 BCX8\"><span class=\"SCXW105978715 BCX8\">\u00a0<\/span><br class=\"SCXW105978715 BCX8\" \/><\/span><span class=\"TextRun SCXW105978715 BCX8\" lang=\"ES-CO\" xml:lang=\"ES-CO\" data-contrast=\"auto\"><span class=\"NormalTextRun SCXW105978715 BCX8\">2008<\/span><\/span><span class=\"EOP SCXW105978715 BCX8\" data-ccp-props=\"{}\">\u00a0<\/span><\/strong><\/p>\t\t\t\t\t\t\t\t<\/div>\n\t\t\t\t<\/div>\n\t\t\t\t<div class=\"elementor-element elementor-element-aeb901d uael-ins-normal elementor-widget elementor-widget-uael-image-gallery\" data-id=\"aeb901d\" data-element_type=\"widget\" data-settings=\"{&quot;justified_margin&quot;:{&quot;unit&quot;:&quot;px&quot;,&quot;size&quot;:3,&quot;sizes&quot;:[]},&quot;justified_margin_tablet&quot;:{&quot;unit&quot;:&quot;px&quot;,&quot;size&quot;:&quot;&quot;,&quot;sizes&quot;:[]},&quot;justified_margin_mobile&quot;:{&quot;unit&quot;:&quot;px&quot;,&quot;size&quot;:&quot;&quot;,&quot;sizes&quot;:[]}}\" data-widget_type=\"uael-image-gallery.default\">\n\t\t\t\t<div class=\"elementor-widget-container\">\n\t\t\t\t\t<div class=\"uael-gallery-parent uael-caption-\"><div class=\"uael-img-gallery-wrap uael-img-justified-wrap uael-img-grid-masonry-wrap uael-image-lightbox-wrap\" data-filter-default=\"All\" data-rowheight=\"212\" data-lastrow=\"justify\" data-lightbox_actions=\"[&quot;close&quot;]\" data-lightbox-gallery-loop=\"1\"><div class=\"uael-grid-item\"><div class=\"uael-grid-item-content\"><a class=\"uael-grid-img uael-grid-gallery-img uael-ins-hover elementor-clickable\" data-fancybox=\"uael-gallery\" href=\"https:\/\/laximenavelasquez.com\/wp-content\/smush-webp\/2024\/12\/Time-is-money-x-3.jpg.webp\" data-elementor-open-lightbox=\"no\" data-smush-webp-fallback=\"{&quot;href&quot;:&quot;https:\\\/\\\/laximenavelasquez.com\\\/wp-content\\\/uploads\\\/2024\\\/12\\\/Time-is-money-x-3.jpg&quot;}\"><div class=\"uael-grid-img-thumbnail uael-ins-target\"><img fetchpriority=\"high\" decoding=\"async\" width=\"768\" height=\"1151\" src=\"https:\/\/laximenavelasquez.com\/wp-content\/smush-webp\/2024\/12\/Time-is-money-x-3-768x1151.jpg.webp\" class=\"attachment-medium_large size-medium_large wp-image-450\" alt=\"\" srcset=\"http:\/\/laximenavelasquez.com\/wp-content\/smush-webp\/2024\/12\/Time-is-money-x-3-768x1151.jpg.webp 768w, http:\/\/laximenavelasquez.com\/wp-content\/smush-webp\/2024\/12\/Time-is-money-x-3-200x300.jpg.webp 200w, http:\/\/laximenavelasquez.com\/wp-content\/smush-webp\/2024\/12\/Time-is-money-x-3-683x1024.jpg.webp 683w, http:\/\/laximenavelasquez.com\/wp-content\/smush-webp\/2024\/12\/Time-is-money-x-3-1025x1536.jpg.webp 1025w, http:\/\/laximenavelasquez.com\/wp-content\/uploads\/2024\/12\/Time-is-money-x-3-8x12.jpg 8w, http:\/\/laximenavelasquez.com\/wp-content\/smush-webp\/2024\/12\/Time-is-money-x-3.jpg.webp 1195w\" sizes=\"(max-width: 768px) 100vw, 768px\" data-smush-webp-fallback=\"{&quot;src&quot;:&quot;https:\\\/\\\/laximenavelasquez.com\\\/wp-content\\\/uploads\\\/2024\\\/12\\\/Time-is-money-x-3-768x1151.jpg&quot;,&quot;srcset&quot;:&quot;http:\\\/\\\/laximenavelasquez.com\\\/wp-content\\\/uploads\\\/2024\\\/12\\\/Time-is-money-x-3-768x1151.jpg 768w, http:\\\/\\\/laximenavelasquez.com\\\/wp-content\\\/uploads\\\/2024\\\/12\\\/Time-is-money-x-3-200x300.jpg 200w, http:\\\/\\\/laximenavelasquez.com\\\/wp-content\\\/uploads\\\/2024\\\/12\\\/Time-is-money-x-3-683x1024.jpg 683w, http:\\\/\\\/laximenavelasquez.com\\\/wp-content\\\/uploads\\\/2024\\\/12\\\/Time-is-money-x-3-1025x1536.jpg 1025w, http:\\\/\\\/laximenavelasquez.com\\\/wp-content\\\/uploads\\\/2024\\\/12\\\/Time-is-money-x-3-8x12.jpg 8w, http:\\\/\\\/laximenavelasquez.com\\\/wp-content\\\/uploads\\\/2024\\\/12\\\/Time-is-money-x-3.jpg 1195w&quot;}\" \/><\/div><div class=\"uael-grid-img-overlay\"><\/div><\/a><\/div><\/div><div class=\"uael-grid-item\"><div class=\"uael-grid-item-content\"><a class=\"uael-grid-img uael-grid-gallery-img uael-ins-hover elementor-clickable\" data-fancybox=\"uael-gallery\" href=\"https:\/\/laximenavelasquez.com\/wp-content\/uploads\/2024\/12\/Time-is-momey-DETALLE-MONTAJE.jpeg\" data-elementor-open-lightbox=\"no\"><div class=\"uael-grid-img-thumbnail uael-ins-target\"><img decoding=\"async\" width=\"768\" height=\"576\" data-src=\"https:\/\/laximenavelasquez.com\/wp-content\/smush-webp\/2024\/12\/Time-is-momey-DETALLE-MONTAJE-768x576.jpeg.webp\" class=\"attachment-medium_large size-medium_large wp-image-467 lazyload\" alt=\"\" data-srcset=\"http:\/\/laximenavelasquez.com\/wp-content\/smush-webp\/2024\/12\/Time-is-momey-DETALLE-MONTAJE-768x576.jpeg.webp 768w, http:\/\/laximenavelasquez.com\/wp-content\/uploads\/2024\/12\/Time-is-momey-DETALLE-MONTAJE-300x225.jpeg 300w, http:\/\/laximenavelasquez.com\/wp-content\/smush-webp\/2024\/12\/Time-is-momey-DETALLE-MONTAJE-1024x768.jpeg.webp 1024w, http:\/\/laximenavelasquez.com\/wp-content\/smush-webp\/2024\/12\/Time-is-momey-DETALLE-MONTAJE-1536x1152.jpeg.webp 1536w, http:\/\/laximenavelasquez.com\/wp-content\/smush-webp\/2024\/12\/Time-is-momey-DETALLE-MONTAJE-2048x1536.jpeg.webp 2048w, http:\/\/laximenavelasquez.com\/wp-content\/uploads\/2024\/12\/Time-is-momey-DETALLE-MONTAJE-16x12.jpeg 16w\" data-sizes=\"(max-width: 768px) 100vw, 768px\" src=\"data:image\/gif;base64,R0lGODlhAQABAAAAACH5BAEKAAEALAAAAAABAAEAAAICTAEAOw==\" style=\"--smush-placeholder-width: 768px; --smush-placeholder-aspect-ratio: 768\/576;\" data-smush-webp-fallback=\"{&quot;data-src&quot;:&quot;https:\\\/\\\/laximenavelasquez.com\\\/wp-content\\\/uploads\\\/2024\\\/12\\\/Time-is-momey-DETALLE-MONTAJE-768x576.jpeg&quot;,&quot;data-srcset&quot;:&quot;http:\\\/\\\/laximenavelasquez.com\\\/wp-content\\\/uploads\\\/2024\\\/12\\\/Time-is-momey-DETALLE-MONTAJE-768x576.jpeg 768w, http:\\\/\\\/laximenavelasquez.com\\\/wp-content\\\/uploads\\\/2024\\\/12\\\/Time-is-momey-DETALLE-MONTAJE-300x225.jpeg 300w, http:\\\/\\\/laximenavelasquez.com\\\/wp-content\\\/uploads\\\/2024\\\/12\\\/Time-is-momey-DETALLE-MONTAJE-1024x768.jpeg 1024w, http:\\\/\\\/laximenavelasquez.com\\\/wp-content\\\/uploads\\\/2024\\\/12\\\/Time-is-momey-DETALLE-MONTAJE-1536x1152.jpeg 1536w, http:\\\/\\\/laximenavelasquez.com\\\/wp-content\\\/uploads\\\/2024\\\/12\\\/Time-is-momey-DETALLE-MONTAJE-2048x1536.jpeg 2048w, http:\\\/\\\/laximenavelasquez.com\\\/wp-content\\\/uploads\\\/2024\\\/12\\\/Time-is-momey-DETALLE-MONTAJE-16x12.jpeg 16w&quot;}\" \/><noscript><img decoding=\"async\" width=\"768\" height=\"576\" src=\"https:\/\/laximenavelasquez.com\/wp-content\/uploads\/2024\/12\/Time-is-momey-DETALLE-MONTAJE-768x576.jpeg\" class=\"attachment-medium_large size-medium_large wp-image-467\" alt=\"\" srcset=\"http:\/\/laximenavelasquez.com\/wp-content\/uploads\/2024\/12\/Time-is-momey-DETALLE-MONTAJE-768x576.jpeg 768w, http:\/\/laximenavelasquez.com\/wp-content\/uploads\/2024\/12\/Time-is-momey-DETALLE-MONTAJE-300x225.jpeg 300w, http:\/\/laximenavelasquez.com\/wp-content\/uploads\/2024\/12\/Time-is-momey-DETALLE-MONTAJE-1024x768.jpeg 1024w, http:\/\/laximenavelasquez.com\/wp-content\/uploads\/2024\/12\/Time-is-momey-DETALLE-MONTAJE-1536x1152.jpeg 1536w, http:\/\/laximenavelasquez.com\/wp-content\/uploads\/2024\/12\/Time-is-momey-DETALLE-MONTAJE-2048x1536.jpeg 2048w, http:\/\/laximenavelasquez.com\/wp-content\/uploads\/2024\/12\/Time-is-momey-DETALLE-MONTAJE-16x12.jpeg 16w\" sizes=\"(max-width: 768px) 100vw, 768px\" \/><\/noscript><\/div><div class=\"uael-grid-img-overlay\"><\/div><\/a><\/div><\/div><div class=\"uael-grid-item\"><div class=\"uael-grid-item-content\"><a class=\"uael-grid-img uael-grid-gallery-img uael-ins-hover elementor-clickable\" data-fancybox=\"uael-gallery\" href=\"https:\/\/laximenavelasquez.com\/wp-content\/uploads\/2024\/12\/Time-is-money-proceso-2.png\" data-elementor-open-lightbox=\"no\"><div class=\"uael-grid-img-thumbnail uael-ins-target\"><img decoding=\"async\" width=\"768\" height=\"375\" data-src=\"https:\/\/laximenavelasquez.com\/wp-content\/smush-webp\/2024\/12\/Time-is-money-proceso-2-768x375.png.webp\" class=\"attachment-medium_large size-medium_large wp-image-486 lazyload\" alt=\"\" data-srcset=\"http:\/\/laximenavelasquez.com\/wp-content\/smush-webp\/2024\/12\/Time-is-money-proceso-2-768x375.png.webp 768w, http:\/\/laximenavelasquez.com\/wp-content\/smush-webp\/2024\/12\/Time-is-money-proceso-2-300x147.png.webp 300w, http:\/\/laximenavelasquez.com\/wp-content\/smush-webp\/2024\/12\/Time-is-money-proceso-2-1024x500.png.webp 1024w, http:\/\/laximenavelasquez.com\/wp-content\/smush-webp\/2024\/12\/Time-is-money-proceso-2-18x9.png.webp 18w, http:\/\/laximenavelasquez.com\/wp-content\/uploads\/2024\/12\/Time-is-money-proceso-2.png 1103w\" data-sizes=\"(max-width: 768px) 100vw, 768px\" src=\"data:image\/gif;base64,R0lGODlhAQABAAAAACH5BAEKAAEALAAAAAABAAEAAAICTAEAOw==\" style=\"--smush-placeholder-width: 768px; --smush-placeholder-aspect-ratio: 768\/375;\" data-smush-webp-fallback=\"{&quot;data-src&quot;:&quot;https:\\\/\\\/laximenavelasquez.com\\\/wp-content\\\/uploads\\\/2024\\\/12\\\/Time-is-money-proceso-2-768x375.png&quot;,&quot;data-srcset&quot;:&quot;http:\\\/\\\/laximenavelasquez.com\\\/wp-content\\\/uploads\\\/2024\\\/12\\\/Time-is-money-proceso-2-768x375.png 768w, http:\\\/\\\/laximenavelasquez.com\\\/wp-content\\\/uploads\\\/2024\\\/12\\\/Time-is-money-proceso-2-300x147.png 300w, http:\\\/\\\/laximenavelasquez.com\\\/wp-content\\\/uploads\\\/2024\\\/12\\\/Time-is-money-proceso-2-1024x500.png 1024w, http:\\\/\\\/laximenavelasquez.com\\\/wp-content\\\/uploads\\\/2024\\\/12\\\/Time-is-money-proceso-2-18x9.png 18w, http:\\\/\\\/laximenavelasquez.com\\\/wp-content\\\/uploads\\\/2024\\\/12\\\/Time-is-money-proceso-2.png 1103w&quot;}\" \/><noscript><img decoding=\"async\" width=\"768\" height=\"375\" src=\"https:\/\/laximenavelasquez.com\/wp-content\/uploads\/2024\/12\/Time-is-money-proceso-2-768x375.png\" class=\"attachment-medium_large size-medium_large wp-image-486\" alt=\"\" srcset=\"http:\/\/laximenavelasquez.com\/wp-content\/uploads\/2024\/12\/Time-is-money-proceso-2-768x375.png 768w, http:\/\/laximenavelasquez.com\/wp-content\/uploads\/2024\/12\/Time-is-money-proceso-2-300x147.png 300w, http:\/\/laximenavelasquez.com\/wp-content\/uploads\/2024\/12\/Time-is-money-proceso-2-1024x500.png 1024w, http:\/\/laximenavelasquez.com\/wp-content\/uploads\/2024\/12\/Time-is-money-proceso-2-18x9.png 18w, http:\/\/laximenavelasquez.com\/wp-content\/uploads\/2024\/12\/Time-is-money-proceso-2.png 1103w\" sizes=\"(max-width: 768px) 100vw, 768px\" \/><\/noscript><\/div><div class=\"uael-grid-img-overlay\"><\/div><\/a><\/div><\/div><div class=\"uael-grid-item\"><div class=\"uael-grid-item-content\"><a class=\"uael-grid-img uael-grid-gallery-img uael-ins-hover elementor-clickable\" data-fancybox=\"uael-gallery\" href=\"https:\/\/laximenavelasquez.com\/wp-content\/uploads\/2024\/12\/Time-is-money-proceso.png\" data-elementor-open-lightbox=\"no\"><div class=\"uael-grid-img-thumbnail uael-ins-target\"><img decoding=\"async\" width=\"768\" height=\"451\" data-src=\"https:\/\/laximenavelasquez.com\/wp-content\/smush-webp\/2024\/12\/Time-is-money-proceso-768x451.png.webp\" class=\"attachment-medium_large size-medium_large wp-image-477 lazyload\" alt=\"\" data-srcset=\"http:\/\/laximenavelasquez.com\/wp-content\/smush-webp\/2024\/12\/Time-is-money-proceso-768x451.png.webp 768w, http:\/\/laximenavelasquez.com\/wp-content\/smush-webp\/2024\/12\/Time-is-money-proceso-300x176.png.webp 300w, http:\/\/laximenavelasquez.com\/wp-content\/smush-webp\/2024\/12\/Time-is-money-proceso-1024x602.png.webp 1024w, http:\/\/laximenavelasquez.com\/wp-content\/smush-webp\/2024\/12\/Time-is-money-proceso-18x12.png.webp 18w, http:\/\/laximenavelasquez.com\/wp-content\/uploads\/2024\/12\/Time-is-money-proceso.png 1409w\" data-sizes=\"(max-width: 768px) 100vw, 768px\" src=\"data:image\/gif;base64,R0lGODlhAQABAAAAACH5BAEKAAEALAAAAAABAAEAAAICTAEAOw==\" style=\"--smush-placeholder-width: 768px; --smush-placeholder-aspect-ratio: 768\/451;\" data-smush-webp-fallback=\"{&quot;data-src&quot;:&quot;https:\\\/\\\/laximenavelasquez.com\\\/wp-content\\\/uploads\\\/2024\\\/12\\\/Time-is-money-proceso-768x451.png&quot;,&quot;data-srcset&quot;:&quot;http:\\\/\\\/laximenavelasquez.com\\\/wp-content\\\/uploads\\\/2024\\\/12\\\/Time-is-money-proceso-768x451.png 768w, http:\\\/\\\/laximenavelasquez.com\\\/wp-content\\\/uploads\\\/2024\\\/12\\\/Time-is-money-proceso-300x176.png 300w, http:\\\/\\\/laximenavelasquez.com\\\/wp-content\\\/uploads\\\/2024\\\/12\\\/Time-is-money-proceso-1024x602.png 1024w, http:\\\/\\\/laximenavelasquez.com\\\/wp-content\\\/uploads\\\/2024\\\/12\\\/Time-is-money-proceso-18x12.png 18w, http:\\\/\\\/laximenavelasquez.com\\\/wp-content\\\/uploads\\\/2024\\\/12\\\/Time-is-money-proceso.png 1409w&quot;}\" \/><noscript><img loading=\"lazy\" decoding=\"async\" width=\"768\" height=\"451\" src=\"https:\/\/laximenavelasquez.com\/wp-content\/uploads\/2024\/12\/Time-is-money-proceso-768x451.png\" class=\"attachment-medium_large size-medium_large wp-image-477\" alt=\"\" srcset=\"http:\/\/laximenavelasquez.com\/wp-content\/uploads\/2024\/12\/Time-is-money-proceso-768x451.png 768w, http:\/\/laximenavelasquez.com\/wp-content\/uploads\/2024\/12\/Time-is-money-proceso-300x176.png 300w, http:\/\/laximenavelasquez.com\/wp-content\/uploads\/2024\/12\/Time-is-money-proceso-1024x602.png 1024w, http:\/\/laximenavelasquez.com\/wp-content\/uploads\/2024\/12\/Time-is-money-proceso-18x12.png 18w, http:\/\/laximenavelasquez.com\/wp-content\/uploads\/2024\/12\/Time-is-money-proceso.png 1409w\" sizes=\"(max-width: 768px) 100vw, 768px\" \/><\/noscript><\/div><div class=\"uael-grid-img-overlay\"><\/div><\/a><\/div><\/div><div class=\"uael-grid-item\"><div class=\"uael-grid-item-content\"><a class=\"uael-grid-img uael-grid-gallery-img uael-ins-hover elementor-clickable\" data-fancybox=\"uael-gallery\" href=\"https:\/\/laximenavelasquez.com\/wp-content\/uploads\/2024\/12\/Time-is-money-montaje.png\" data-elementor-open-lightbox=\"no\"><div class=\"uael-grid-img-thumbnail uael-ins-target\"><img decoding=\"async\" width=\"768\" height=\"443\" data-src=\"https:\/\/laximenavelasquez.com\/wp-content\/smush-webp\/2024\/12\/Time-is-money-montaje-768x443.png.webp\" class=\"attachment-medium_large size-medium_large wp-image-468 lazyload\" alt=\"\" data-srcset=\"http:\/\/laximenavelasquez.com\/wp-content\/smush-webp\/2024\/12\/Time-is-money-montaje-768x443.png.webp 768w, http:\/\/laximenavelasquez.com\/wp-content\/smush-webp\/2024\/12\/Time-is-money-montaje-300x173.png.webp 300w, http:\/\/laximenavelasquez.com\/wp-content\/smush-webp\/2024\/12\/Time-is-money-montaje-1024x591.png.webp 1024w, http:\/\/laximenavelasquez.com\/wp-content\/smush-webp\/2024\/12\/Time-is-money-montaje-18x10.png.webp 18w, http:\/\/laximenavelasquez.com\/wp-content\/uploads\/2024\/12\/Time-is-money-montaje.png 1090w\" data-sizes=\"(max-width: 768px) 100vw, 768px\" src=\"data:image\/gif;base64,R0lGODlhAQABAAAAACH5BAEKAAEALAAAAAABAAEAAAICTAEAOw==\" style=\"--smush-placeholder-width: 768px; --smush-placeholder-aspect-ratio: 768\/443;\" data-smush-webp-fallback=\"{&quot;data-src&quot;:&quot;https:\\\/\\\/laximenavelasquez.com\\\/wp-content\\\/uploads\\\/2024\\\/12\\\/Time-is-money-montaje-768x443.png&quot;,&quot;data-srcset&quot;:&quot;http:\\\/\\\/laximenavelasquez.com\\\/wp-content\\\/uploads\\\/2024\\\/12\\\/Time-is-money-montaje-768x443.png 768w, http:\\\/\\\/laximenavelasquez.com\\\/wp-content\\\/uploads\\\/2024\\\/12\\\/Time-is-money-montaje-300x173.png 300w, http:\\\/\\\/laximenavelasquez.com\\\/wp-content\\\/uploads\\\/2024\\\/12\\\/Time-is-money-montaje-1024x591.png 1024w, http:\\\/\\\/laximenavelasquez.com\\\/wp-content\\\/uploads\\\/2024\\\/12\\\/Time-is-money-montaje-18x10.png 18w, http:\\\/\\\/laximenavelasquez.com\\\/wp-content\\\/uploads\\\/2024\\\/12\\\/Time-is-money-montaje.png 1090w&quot;}\" \/><noscript><img loading=\"lazy\" decoding=\"async\" width=\"768\" height=\"443\" src=\"https:\/\/laximenavelasquez.com\/wp-content\/uploads\/2024\/12\/Time-is-money-montaje-768x443.png\" class=\"attachment-medium_large size-medium_large wp-image-468\" alt=\"\" srcset=\"http:\/\/laximenavelasquez.com\/wp-content\/uploads\/2024\/12\/Time-is-money-montaje-768x443.png 768w, http:\/\/laximenavelasquez.com\/wp-content\/uploads\/2024\/12\/Time-is-money-montaje-300x173.png 300w, http:\/\/laximenavelasquez.com\/wp-content\/uploads\/2024\/12\/Time-is-money-montaje-1024x591.png 1024w, http:\/\/laximenavelasquez.com\/wp-content\/uploads\/2024\/12\/Time-is-money-montaje-18x10.png 18w, http:\/\/laximenavelasquez.com\/wp-content\/uploads\/2024\/12\/Time-is-money-montaje.png 1090w\" sizes=\"(max-width: 768px) 100vw, 768px\" \/><\/noscript><\/div><div class=\"uael-grid-img-overlay\"><\/div><\/a><\/div><\/div><\/div><\/div>\t\t\t\t<\/div>\n\t\t\t\t<\/div>\n\t\t\t\t<div class=\"elementor-element elementor-element-101a26e elementor-widget elementor-widget-text-editor\" data-id=\"101a26e\" data-element_type=\"widget\" data-widget_type=\"text-editor.default\">\n\t\t\t\t<div class=\"elementor-widget-container\">\n\t\t\t\t\t\t\t\t\t<p><span class=\"TextRun SCXW60634642 BCX8\" lang=\"ES-CO\" xml:lang=\"ES-CO\" data-contrast=\"auto\"><span class=\"NormalTextRun SCXW60634642 BCX8\">A express\u00e3o <\/span><\/span><span class=\"TextRun SCXW60634642 BCX8\" lang=\"ES-CO\" xml:lang=\"ES-CO\" data-contrast=\"auto\"><span class=\"NormalTextRun SCXW60634642 BCX8\">tempo <\/span><span class=\"NormalTextRun SpellingErrorV2Themed SCXW60634642 BCX8\">\u00e9<\/span> <span class=\"NormalTextRun SpellingErrorV2Themed SCXW60634642 BCX8\">dinheiro<\/span><\/span><span class=\"TextRun SCXW60634642 BCX8\" lang=\"ES-CO\" xml:lang=\"ES-CO\" data-contrast=\"auto\"><span class=\"NormalTextRun SCXW60634642 BCX8\">que definiu o ritmo da produ\u00e7\u00e3o capitalista americana desde o in\u00edcio da era industrial, \u00e9 retomada neste trabalho de forma ir\u00f4nica por meio da a\u00e7\u00e3o de reconstru\u00e7\u00e3o das c\u00e9dulas atuais, para a qual \u00e9 necess\u00e1rio dedicar longos dias de trabalho, que claramente n\u00e3o ser\u00e3o compensados pela denomina\u00e7\u00e3o econ\u00f4mica reconstru\u00edda: uma nota de $10.000.<\/span><\/span><span class=\"EOP SCXW60634642 BCX8\" data-ccp-props=\"{}\">\u00a0<\/span><\/p>\t\t\t\t\t\t\t\t<\/div>\n\t\t\t\t<\/div>\n\t\t\t\t<\/div>\n\t\t\t\t\t<\/div>\n\t\t\t\t<\/div>\n\t\t\t\t<\/div>","protected":false},"excerpt":{"rendered":"<p>Time is money Billetes reconstruidos del ripio desechado por el Banco de la Rep\u00fablica y reloj de ripio.\u00a02008\u00a0 La expresi\u00f3n time is money, que marcar\u00eda el ritmo de la producci\u00f3n capitalista norteamericana, desde los albores de la era industrial, es retomada en esta obra de manera ir\u00f3nica a trav\u00e9s de la acci\u00f3n de reconstruir billetes [&hellip;]<\/p>","protected":false},"author":1,"featured_media":0,"parent":213,"menu_order":0,"comment_status":"closed","ping_status":"closed","template":"","meta":{"footnotes":""},"class_list":["post-413","page","type-page","status-publish","hentry"],"_links":{"self":[{"href":"http:\/\/laximenavelasquez.com\/pt\/wp-json\/wp\/v2\/pages\/413","targetHints":{"allow":["GET"]}}],"collection":[{"href":"http:\/\/laximenavelasquez.com\/pt\/wp-json\/wp\/v2\/pages"}],"about":[{"href":"http:\/\/laximenavelasquez.com\/pt\/wp-json\/wp\/v2\/types\/page"}],"author":[{"embeddable":true,"href":"http:\/\/laximenavelasquez.com\/pt\/wp-json\/wp\/v2\/users\/1"}],"replies":[{"embeddable":true,"href":"http:\/\/laximenavelasquez.com\/pt\/wp-json\/wp\/v2\/comments?post=413"}],"version-history":[{"count":7,"href":"http:\/\/laximenavelasquez.com\/pt\/wp-json\/wp\/v2\/pages\/413\/revisions"}],"predecessor-version":[{"id":902,"href":"http:\/\/laximenavelasquez.com\/pt\/wp-json\/wp\/v2\/pages\/413\/revisions\/902"}],"up":[{"embeddable":true,"href":"http:\/\/laximenavelasquez.com\/pt\/wp-json\/wp\/v2\/pages\/213"}],"wp:attachment":[{"href":"http:\/\/laximenavelasquez.com\/pt\/wp-json\/wp\/v2\/media?parent=413"}],"curies":[{"name":"wp","href":"https:\/\/api.w.org\/{rel}","templated":true}]}}