{"id":208,"date":"2024-11-10T02:10:20","date_gmt":"2024-11-10T02:10:20","guid":{"rendered":"http:\/\/laximenavelasquez.com\/mundos-e-imaginarios-en-torno-a-lo-femenino\/espacio-con-figura\/"},"modified":"2024-12-03T15:49:41","modified_gmt":"2024-12-03T15:49:41","slug":"espacio-con-figura","status":"publish","type":"page","link":"https:\/\/laximenavelasquez.com\/en\/mundos-e-imaginarios-en-torno-a-lo-femenino\/espacio-con-figura\/","title":{"rendered":"Space with Figure"},"content":{"rendered":"<div data-elementor-type=\"wp-page\" data-elementor-id=\"208\" class=\"elementor elementor-208\" data-elementor-post-type=\"page\">\n\t\t\t\t<div class=\"elementor-element elementor-element-43ac0a8 e-flex e-con-boxed e-con e-child\" data-id=\"43ac0a8\" data-element_type=\"container\">\n\t\t\t\t\t<div class=\"e-con-inner\">\n\t\t\t\t<div class=\"elementor-element elementor-element-8fb100c elementor-widget elementor-widget-heading\" data-id=\"8fb100c\" data-element_type=\"widget\" data-widget_type=\"heading.default\">\n\t\t\t\t<div class=\"elementor-widget-container\">\n\t\t\t\t\t<h1 class=\"elementor-heading-title elementor-size-default\">Space with Figure<\/h1>\t\t\t\t<\/div>\n\t\t\t\t<\/div>\n\t\t\t\t<div class=\"elementor-element elementor-element-ff908a6 elementor-widget elementor-widget-text-editor\" data-id=\"ff908a6\" data-element_type=\"widget\" data-widget_type=\"text-editor.default\">\n\t\t\t\t<div class=\"elementor-widget-container\">\n\t\t\t\t\t\t\t\t\t<p><strong>Performance and video\u00a0<br \/>Duration of performance: 3 hours\u00a0<br \/>Variable dimensions 3\u00d73 meters approx.\u00a0\u00a0<br \/>2015\u00a0<\/strong><\/p>\t\t\t\t\t\t\t\t<\/div>\n\t\t\t\t<\/div>\n\t\t\t\t<div class=\"elementor-element elementor-element-056a132 elementor-widget-mobile__width-inherit uael-aspect-ratio-16_9 elementor-widget elementor-widget-uael-video\" data-id=\"056a132\" data-element_type=\"widget\" data-widget_type=\"uael-video.default\">\n\t\t\t\t<div class=\"elementor-widget-container\">\n\t\t\t\t\t\t\t\t\t<div class=\"uael-video__outer-wrap  uael-video-type-vimeo\" data-device=\"false\" data-vsticky=\"no\" data-hidedesktop=\"\" data-hidetablet=\"\" data-hidemobile=\"\" data-vsticky-viewport=\"0\" data-autoplay=\"0\">\n\t\t\t\t\t<div class=\"uael-vimeo-wrap\">\n\t\t\t\t\t\t\t\t\t<div class=\"uael-vimeo-headers\">\n\t\t\t\t\t\t\t\t<div class=\"uael-vimeo-title\">\n\t\t\t\t\t<a href=\"\">Space with figure - register<\/a>\n\t\t\t\t<\/div>\n\t\t\t\t\t\t\t\t\t\t\t\t<div class=\"uael-vimeo-byline\">\n\t\t\t\t\tfrom  <a href=\"\">ximena vel\u00e1squez<\/a>\n\t\t\t\t<\/div>\n\t\t\t\t\t\t\t<\/div>\n\t\t\t\t\t<\/div>\n\t\t\t\t\t\t\t<div class=\"uael-video-inner-wrap\">\n\t\t\t\t<div class=\"uael-video__play\" data-src=\"https:\/\/player.vimeo.com\/video\/185978302?loop=0&amp;title=1&amp;portrait=0&amp;byline=1&amp;muted=0&amp;color&amp;autopause=0&amp;autoplay=1#t=\">\n\t\t\t\t\t<img decoding=\"async\" class=\"uael-video__thumb\" src=\"https:\/\/i.vimeocdn.com\/video\/595893718-0c9f4986a0b4a37ef8c2e5c64d41b2caa8b4e73f6e624f3d57068b323036018e-d_840?region=us\" alt=\"\"><\/img>\n\t\t\t\t\t<div class=\"uael-video__play-icon uael-animation-\">\n\t\t\t\t\t\t<svg aria-hidden=\"true\" class=\"e-font-icon-svg e-fa-play-circle\" viewbox=\"0 0 512 512\" xmlns=\"http:\/\/www.w3.org\/2000\/svg\"><path d=\"M256 8C119 8 8 119 8 256s111 248 248 248 248-111 248-248S393 8 256 8zm115.7 272l-176 101c-15.8 8.8-35.7-2.5-35.7-21V152c0-18.4 19.8-29.8 35.7-21l176 107c16.4 9.2 16.4 32.9 0 42z\"><\/path><\/svg>\t\t\t\t\t<\/div>\n\t\t\t\t<\/div>\n\t\t\t\t\t\t\t\t\t\t\t<\/div>\n\t\t<\/div>\n\t\t\t\t\t\t\t<\/div>\n\t\t\t\t<\/div>\n\t\t\t\t<div class=\"elementor-element elementor-element-fab9071 uael-ins-normal elementor-widget elementor-widget-uael-image-gallery\" data-id=\"fab9071\" data-element_type=\"widget\" data-settings=\"{&quot;justified_margin&quot;:{&quot;unit&quot;:&quot;px&quot;,&quot;size&quot;:3,&quot;sizes&quot;:[]},&quot;justified_margin_tablet&quot;:{&quot;unit&quot;:&quot;px&quot;,&quot;size&quot;:&quot;&quot;,&quot;sizes&quot;:[]},&quot;justified_margin_mobile&quot;:{&quot;unit&quot;:&quot;px&quot;,&quot;size&quot;:&quot;&quot;,&quot;sizes&quot;:[]}}\" data-widget_type=\"uael-image-gallery.default\">\n\t\t\t\t<div class=\"elementor-widget-container\">\n\t\t\t\t\t<div class=\"uael-gallery-parent uael-caption-\"><div class=\"uael-img-gallery-wrap uael-img-justified-wrap uael-img-grid-masonry-wrap uael-image-lightbox-wrap\" data-filter-default=\"All\" data-rowheight=\"410\" data-lastrow=\"nojustify\" data-lightbox_actions=\"[&quot;close&quot;]\" data-lightbox-gallery-loop=\"1\"><div class=\"uael-grid-item\"><div class=\"uael-grid-item-content\"><a class=\"uael-grid-img uael-grid-gallery-img uael-ins-hover elementor-clickable\" data-fancybox=\"uael-gallery\" href=\"https:\/\/laximenavelasquez.com\/wp-content\/smush-webp\/2024\/12\/Esapcio-con-figura-1.png.webp\" data-elementor-open-lightbox=\"no\" data-smush-webp-fallback=\"{&quot;href&quot;:&quot;https:\\\/\\\/laximenavelasquez.com\\\/wp-content\\\/uploads\\\/2024\\\/12\\\/Esapcio-con-figura-1.png&quot;}\"><div class=\"uael-grid-img-thumbnail uael-ins-target\"><img fetchpriority=\"high\" decoding=\"async\" width=\"768\" height=\"777\" src=\"https:\/\/laximenavelasquez.com\/wp-content\/smush-webp\/2024\/12\/Esapcio-con-figura-1-768x777.png.webp\" class=\"attachment-medium_large size-medium_large wp-image-611\" alt=\"\" srcset=\"https:\/\/laximenavelasquez.com\/wp-content\/smush-webp\/2024\/12\/Esapcio-con-figura-1-768x777.png.webp 768w, https:\/\/laximenavelasquez.com\/wp-content\/smush-webp\/2024\/12\/Esapcio-con-figura-1-296x300.png.webp 296w, https:\/\/laximenavelasquez.com\/wp-content\/smush-webp\/2024\/12\/Esapcio-con-figura-1-12x12.png.webp 12w, https:\/\/laximenavelasquez.com\/wp-content\/smush-webp\/2024\/12\/Esapcio-con-figura-1.png.webp 822w\" sizes=\"(max-width: 768px) 100vw, 768px\" data-smush-webp-fallback=\"{&quot;src&quot;:&quot;https:\\\/\\\/laximenavelasquez.com\\\/wp-content\\\/uploads\\\/2024\\\/12\\\/Esapcio-con-figura-1-768x777.png&quot;,&quot;srcset&quot;:&quot;https:\\\/\\\/laximenavelasquez.com\\\/wp-content\\\/uploads\\\/2024\\\/12\\\/Esapcio-con-figura-1-768x777.png 768w, https:\\\/\\\/laximenavelasquez.com\\\/wp-content\\\/uploads\\\/2024\\\/12\\\/Esapcio-con-figura-1-296x300.png 296w, https:\\\/\\\/laximenavelasquez.com\\\/wp-content\\\/uploads\\\/2024\\\/12\\\/Esapcio-con-figura-1-12x12.png 12w, https:\\\/\\\/laximenavelasquez.com\\\/wp-content\\\/uploads\\\/2024\\\/12\\\/Esapcio-con-figura-1.png 822w&quot;}\" \/><\/div><div class=\"uael-grid-img-overlay\"><\/div><\/a><\/div><\/div><div class=\"uael-grid-item\"><div class=\"uael-grid-item-content\"><a class=\"uael-grid-img uael-grid-gallery-img uael-ins-hover elementor-clickable\" data-fancybox=\"uael-gallery\" href=\"https:\/\/laximenavelasquez.com\/wp-content\/smush-webp\/2024\/12\/Espacio-con-figura-2.png.webp\" data-elementor-open-lightbox=\"no\" data-smush-webp-fallback=\"{&quot;href&quot;:&quot;https:\\\/\\\/laximenavelasquez.com\\\/wp-content\\\/uploads\\\/2024\\\/12\\\/Espacio-con-figura-2.png&quot;}\"><div class=\"uael-grid-img-thumbnail uael-ins-target\"><img decoding=\"async\" width=\"768\" height=\"431\" data-src=\"https:\/\/laximenavelasquez.com\/wp-content\/smush-webp\/2024\/12\/Espacio-con-figura-2-768x431.png.webp\" class=\"attachment-medium_large size-medium_large wp-image-610 lazyload\" alt=\"\" data-srcset=\"https:\/\/laximenavelasquez.com\/wp-content\/smush-webp\/2024\/12\/Espacio-con-figura-2-768x431.png.webp 768w, https:\/\/laximenavelasquez.com\/wp-content\/smush-webp\/2024\/12\/Espacio-con-figura-2-300x168.png.webp 300w, https:\/\/laximenavelasquez.com\/wp-content\/smush-webp\/2024\/12\/Espacio-con-figura-2-1024x574.png.webp 1024w, https:\/\/laximenavelasquez.com\/wp-content\/smush-webp\/2024\/12\/Espacio-con-figura-2-1536x861.png.webp 1536w, https:\/\/laximenavelasquez.com\/wp-content\/smush-webp\/2024\/12\/Espacio-con-figura-2-18x10.png.webp 18w, https:\/\/laximenavelasquez.com\/wp-content\/smush-webp\/2024\/12\/Espacio-con-figura-2.png.webp 1657w\" data-sizes=\"(max-width: 768px) 100vw, 768px\" src=\"data:image\/gif;base64,R0lGODlhAQABAAAAACH5BAEKAAEALAAAAAABAAEAAAICTAEAOw==\" style=\"--smush-placeholder-width: 768px; --smush-placeholder-aspect-ratio: 768\/431;\" data-smush-webp-fallback=\"{&quot;data-src&quot;:&quot;https:\\\/\\\/laximenavelasquez.com\\\/wp-content\\\/uploads\\\/2024\\\/12\\\/Espacio-con-figura-2-768x431.png&quot;,&quot;data-srcset&quot;:&quot;https:\\\/\\\/laximenavelasquez.com\\\/wp-content\\\/uploads\\\/2024\\\/12\\\/Espacio-con-figura-2-768x431.png 768w, https:\\\/\\\/laximenavelasquez.com\\\/wp-content\\\/uploads\\\/2024\\\/12\\\/Espacio-con-figura-2-300x168.png 300w, https:\\\/\\\/laximenavelasquez.com\\\/wp-content\\\/uploads\\\/2024\\\/12\\\/Espacio-con-figura-2-1024x574.png 1024w, https:\\\/\\\/laximenavelasquez.com\\\/wp-content\\\/uploads\\\/2024\\\/12\\\/Espacio-con-figura-2-1536x861.png 1536w, https:\\\/\\\/laximenavelasquez.com\\\/wp-content\\\/uploads\\\/2024\\\/12\\\/Espacio-con-figura-2-18x10.png 18w, https:\\\/\\\/laximenavelasquez.com\\\/wp-content\\\/uploads\\\/2024\\\/12\\\/Espacio-con-figura-2.png 1657w&quot;}\" \/><noscript><img decoding=\"async\" width=\"768\" height=\"431\" src=\"https:\/\/laximenavelasquez.com\/wp-content\/uploads\/2024\/12\/Espacio-con-figura-2-768x431.png\" class=\"attachment-medium_large size-medium_large wp-image-610\" alt=\"\" srcset=\"https:\/\/laximenavelasquez.com\/wp-content\/uploads\/2024\/12\/Espacio-con-figura-2-768x431.png 768w, https:\/\/laximenavelasquez.com\/wp-content\/uploads\/2024\/12\/Espacio-con-figura-2-300x168.png 300w, https:\/\/laximenavelasquez.com\/wp-content\/uploads\/2024\/12\/Espacio-con-figura-2-1024x574.png 1024w, https:\/\/laximenavelasquez.com\/wp-content\/uploads\/2024\/12\/Espacio-con-figura-2-1536x861.png 1536w, https:\/\/laximenavelasquez.com\/wp-content\/uploads\/2024\/12\/Espacio-con-figura-2-18x10.png 18w, https:\/\/laximenavelasquez.com\/wp-content\/uploads\/2024\/12\/Espacio-con-figura-2.png 1657w\" sizes=\"(max-width: 768px) 100vw, 768px\" \/><\/noscript><\/div><div class=\"uael-grid-img-overlay\"><\/div><\/a><\/div><\/div><\/div><\/div>\t\t\t\t<\/div>\n\t\t\t\t<\/div>\n\t\t\t\t<div class=\"elementor-element elementor-element-5cf54ab elementor-widget elementor-widget-text-editor\" data-id=\"5cf54ab\" data-element_type=\"widget\" data-widget_type=\"text-editor.default\">\n\t\t\t\t<div class=\"elementor-widget-container\">\n\t\t\t\t\t\t\t\t\t<p><span data-contrast=\"auto\">Space with figure is an appropriation of <\/span><i><span data-contrast=\"auto\">The milkmaid<\/span><\/i><span data-contrast=\"auto\"> by Vermeer, in which a woman pours milk into a container, an everyday action that reflects the historical link between the female body and domestic chores. In the Western pictorial tradition, this representation has assigned a passive role to women, especially before the twentieth century, when their presence as artists was almost nil. Thus, much of Western art shows a female world seen through the male gaze of the painter.<\/span><span data-ccp-props=\"{}\">\u00a0<\/span><\/p><p><span data-contrast=\"auto\">The performance consists of two moments: first, the woman repeats the action of pouring milk, which never ends, transforming the simple into something overwhelming. The second moment is mediated by a video circuit, in which the action is reproduced on a monitor and superimposed on Vermeer's painting, as if trying to follow a historically imposed pattern.<\/span><span data-ccp-props=\"{}\">\u00a0<\/span><\/p><p><span data-contrast=\"auto\">With this work, I propose a reflection on the feminine and its link with the domestic, a culturally underestimated sphere that has forced women to fight for equality. The domestic space, far from being only a place of work, is a space of encounter and emotional order, where, in silence, we can dialogue with ourselves and affirm our identity, beyond the imposed roles.<\/span><span data-ccp-props=\"{}\">\u00a0<\/span><\/p>\t\t\t\t\t\t\t\t<\/div>\n\t\t\t\t<\/div>\n\t\t\t\t<div class=\"elementor-element elementor-element-6fa69f4 elementor-widget elementor-widget-text-editor\" data-id=\"6fa69f4\" data-element_type=\"widget\" data-widget_type=\"text-editor.default\">\n\t\t\t\t<div class=\"elementor-widget-container\">\n\t\t\t\t\t\t\t\t\t<p><span data-contrast=\"auto\">Registration of photography and video: Juan Alonso\u00a0<\/span><span data-ccp-props=\"{}\">\u00a0<br \/><\/span><span data-contrast=\"auto\">Performance at the event: M\u00e9todos y pr\u00e1cticas del Performance Vol 1, Galer\u00eda Neebex. Colombia. Record exhibited in Ca\u00f1onazos de la pirater\u00eda. Centro Colombo Americano and Department of Arts, Universidad de los Andes. Bogot\u00e1.<\/span><span data-ccp-props=\"{}\">\u00a0<\/span><\/p>\t\t\t\t\t\t\t\t<\/div>\n\t\t\t\t<\/div>\n\t\t\t\t\t<\/div>\n\t\t\t\t<\/div>\n\t\t\t\t<\/div>","protected":false},"excerpt":{"rendered":"<p>Espacio con Figura Performance y video\u00a0Duraci\u00f3n del performance: 3 horas\u00a0Dimensiones variables 3&#215;3 metros aprox.\u00a0\u00a02015\u00a0 https:\/\/vimeo.com\/185978302 Espacio con figura es una apropiaci\u00f3n de La lechera de Vermeer, en la que una mujer vierte leche en un recipiente, una acci\u00f3n cotidiana que refleja la hist\u00f3rica vinculaci\u00f3n del cuerpo femenino con las labores dom\u00e9sticas. En la tradici\u00f3n pict\u00f3rica [&hellip;]<\/p>","protected":false},"author":1,"featured_media":0,"parent":206,"menu_order":0,"comment_status":"closed","ping_status":"closed","template":"","meta":{"footnotes":""},"class_list":["post-208","page","type-page","status-publish","hentry"],"_links":{"self":[{"href":"https:\/\/laximenavelasquez.com\/en\/wp-json\/wp\/v2\/pages\/208","targetHints":{"allow":["GET"]}}],"collection":[{"href":"https:\/\/laximenavelasquez.com\/en\/wp-json\/wp\/v2\/pages"}],"about":[{"href":"https:\/\/laximenavelasquez.com\/en\/wp-json\/wp\/v2\/types\/page"}],"author":[{"embeddable":true,"href":"https:\/\/laximenavelasquez.com\/en\/wp-json\/wp\/v2\/users\/1"}],"replies":[{"embeddable":true,"href":"https:\/\/laximenavelasquez.com\/en\/wp-json\/wp\/v2\/comments?post=208"}],"version-history":[{"count":9,"href":"https:\/\/laximenavelasquez.com\/en\/wp-json\/wp\/v2\/pages\/208\/revisions"}],"predecessor-version":[{"id":863,"href":"https:\/\/laximenavelasquez.com\/en\/wp-json\/wp\/v2\/pages\/208\/revisions\/863"}],"up":[{"embeddable":true,"href":"https:\/\/laximenavelasquez.com\/en\/wp-json\/wp\/v2\/pages\/206"}],"wp:attachment":[{"href":"https:\/\/laximenavelasquez.com\/en\/wp-json\/wp\/v2\/media?parent=208"}],"curies":[{"name":"wp","href":"https:\/\/api.w.org\/{rel}","templated":true}]}}