{"id":203,"date":"2024-11-10T02:10:01","date_gmt":"2024-11-10T02:10:01","guid":{"rendered":"http:\/\/laximenavelasquez.com\/reflexiones-sobre-el-paisaje\/la-contemplacion\/"},"modified":"2024-12-03T15:21:16","modified_gmt":"2024-12-03T15:21:16","slug":"la-contemplacion","status":"publish","type":"page","link":"https:\/\/laximenavelasquez.com\/pt\/reflexiones-sobre-el-paisaje\/la-contemplacion\/","title":{"rendered":"Contempla\u00e7\u00e3o"},"content":{"rendered":"<div data-elementor-type=\"wp-page\" data-elementor-id=\"203\" class=\"elementor elementor-203\" data-elementor-post-type=\"page\">\n\t\t\t\t<div class=\"elementor-element elementor-element-550e0a8 e-flex e-con-boxed e-con e-parent\" data-id=\"550e0a8\" data-element_type=\"container\">\n\t\t\t\t\t<div class=\"e-con-inner\">\n\t\t<div class=\"elementor-element elementor-element-fd5b6b7 e-con-full e-flex e-con e-child\" data-id=\"fd5b6b7\" data-element_type=\"container\">\n\t\t\t\t<div class=\"elementor-element elementor-element-699295a elementor-widget elementor-widget-heading\" data-id=\"699295a\" data-element_type=\"widget\" data-widget_type=\"heading.default\">\n\t\t\t\t<div class=\"elementor-widget-container\">\n\t\t\t\t\t<h1 class=\"elementor-heading-title elementor-size-default\">Contempla\u00e7\u00e3o<\/h1>\t\t\t\t<\/div>\n\t\t\t\t<\/div>\n\t\t\t\t<div class=\"elementor-element elementor-element-8e8ada3 elementor-widget elementor-widget-text-editor\" data-id=\"8e8ada3\" data-element_type=\"widget\" data-widget_type=\"text-editor.default\">\n\t\t\t\t<div class=\"elementor-widget-container\">\n\t\t\t\t\t\t\t\t\t<p><strong>Instala\u00e7\u00e3o de v\u00eddeo, dimens\u00f5es vari\u00e1veis, aprox. 2 x 3 metros.\u00a0<br \/>Dura\u00e7\u00e3o do v\u00eddeo: 45 min.\u00a0<br \/>2009\u00a0<\/strong><\/p>\t\t\t\t\t\t\t\t<\/div>\n\t\t\t\t<\/div>\n\t\t\t\t<div class=\"elementor-element elementor-element-5620f0b elementor-widget-mobile__width-inherit uael-aspect-ratio-16_9 elementor-widget elementor-widget-uael-video\" data-id=\"5620f0b\" data-element_type=\"widget\" data-widget_type=\"uael-video.default\">\n\t\t\t\t<div class=\"elementor-widget-container\">\n\t\t\t\t\t\t\t\t\t<div class=\"uael-video__outer-wrap  uael-video-type-vimeo\" data-device=\"false\" data-vsticky=\"no\" data-hidedesktop=\"\" data-hidetablet=\"\" data-hidemobile=\"\" data-vsticky-viewport=\"0\" data-autoplay=\"0\">\n\t\t\t\t\t<div class=\"uael-vimeo-wrap\">\n\t\t\t\t\t\t\t\t\t<div class=\"uael-vimeo-headers\">\n\t\t\t\t\t\t\t\t<div class=\"uael-vimeo-title\">\n\t\t\t\t\t<a href=\"\">Contempla\u00e7\u00e3o<\/a>\n\t\t\t\t<\/div>\n\t\t\t\t\t\t\t\t\t\t\t\t<div class=\"uael-vimeo-byline\">\n\t\t\t\t\tde  <a href=\"\">ximena vel\u00e1squez<\/a>\n\t\t\t\t<\/div>\n\t\t\t\t\t\t\t<\/div>\n\t\t\t\t\t<\/div>\n\t\t\t\t\t\t\t<div class=\"uael-video-inner-wrap\">\n\t\t\t\t<div class=\"uael-video__play\" data-src=\"https:\/\/player.vimeo.com\/video\/33720556?loop=0&amp;title=1&amp;portrait=0&amp;byline=1&amp;muted=0&amp;color&amp;autopause=0&amp;autoplay=1#t=\">\n\t\t\t\t\t<img decoding=\"async\" class=\"uael-video__thumb\" src=\"https:\/\/i.vimeocdn.com\/video\/229102062-6cae7f502f93f0d76821e09847ee3b9ac225ab88f4361f3446dc88843c30764e-d_840?region=us\" alt=\"\"><\/img>\n\t\t\t\t\t<div class=\"uael-video__play-icon uael-animation-\">\n\t\t\t\t\t\t<svg aria-hidden=\"true\" class=\"e-font-icon-svg e-fa-play-circle\" viewbox=\"0 0 512 512\" xmlns=\"http:\/\/www.w3.org\/2000\/svg\"><path d=\"M256 8C119 8 8 119 8 256s111 248 248 248 248-111 248-248S393 8 256 8zm115.7 272l-176 101c-15.8 8.8-35.7-2.5-35.7-21V152c0-18.4 19.8-29.8 35.7-21l176 107c16.4 9.2 16.4 32.9 0 42z\"><\/path><\/svg>\t\t\t\t\t<\/div>\n\t\t\t\t<\/div>\n\t\t\t\t\t\t\t\t\t\t\t<\/div>\n\t\t<\/div>\n\t\t\t\t\t\t\t<\/div>\n\t\t\t\t<\/div>\n\t\t\t\t<div class=\"elementor-element elementor-element-75ae252 uael-ins-normal elementor-widget elementor-widget-uael-image-gallery\" data-id=\"75ae252\" data-element_type=\"widget\" data-settings=\"{&quot;justified_margin&quot;:{&quot;unit&quot;:&quot;px&quot;,&quot;size&quot;:3,&quot;sizes&quot;:[]},&quot;justified_margin_tablet&quot;:{&quot;unit&quot;:&quot;px&quot;,&quot;size&quot;:&quot;&quot;,&quot;sizes&quot;:[]},&quot;justified_margin_mobile&quot;:{&quot;unit&quot;:&quot;px&quot;,&quot;size&quot;:&quot;&quot;,&quot;sizes&quot;:[]}}\" data-widget_type=\"uael-image-gallery.default\">\n\t\t\t\t<div class=\"elementor-widget-container\">\n\t\t\t\t\t<div class=\"uael-gallery-parent uael-caption-\"><div class=\"uael-img-gallery-wrap uael-img-justified-wrap uael-img-grid-masonry-wrap uael-image-lightbox-wrap\" data-filter-default=\"All\" data-rowheight=\"222\" data-lastrow=\"nojustify\" data-lightbox_actions=\"[&quot;close&quot;]\" data-lightbox-gallery-loop=\"1\"><div class=\"uael-grid-item\"><div class=\"uael-grid-item-content\"><a class=\"uael-grid-img uael-grid-gallery-img uael-ins-hover elementor-clickable\" data-fancybox=\"uael-gallery\" href=\"https:\/\/laximenavelasquez.com\/wp-content\/smush-webp\/2024\/12\/La-contemplacion-montaje-videobrasil-scaled.jpeg.webp\" data-elementor-open-lightbox=\"no\" data-smush-webp-fallback=\"{&quot;href&quot;:&quot;https:\\\/\\\/laximenavelasquez.com\\\/wp-content\\\/uploads\\\/2024\\\/12\\\/La-contemplacion-montaje-videobrasil-scaled.jpeg&quot;}\"><div class=\"uael-grid-img-thumbnail uael-ins-target\"><img fetchpriority=\"high\" decoding=\"async\" width=\"768\" height=\"471\" src=\"https:\/\/laximenavelasquez.com\/wp-content\/smush-webp\/2024\/12\/La-contemplacion-montaje-videobrasil-768x471.jpeg.webp\" class=\"attachment-medium_large size-medium_large wp-image-459\" alt=\"\" srcset=\"https:\/\/laximenavelasquez.com\/wp-content\/smush-webp\/2024\/12\/La-contemplacion-montaje-videobrasil-768x471.jpeg.webp 768w, https:\/\/laximenavelasquez.com\/wp-content\/uploads\/2024\/12\/La-contemplacion-montaje-videobrasil-300x184.jpeg 300w, https:\/\/laximenavelasquez.com\/wp-content\/smush-webp\/2024\/12\/La-contemplacion-montaje-videobrasil-1024x629.jpeg.webp 1024w, https:\/\/laximenavelasquez.com\/wp-content\/smush-webp\/2024\/12\/La-contemplacion-montaje-videobrasil-1536x943.jpeg.webp 1536w, https:\/\/laximenavelasquez.com\/wp-content\/smush-webp\/2024\/12\/La-contemplacion-montaje-videobrasil-2048x1257.jpeg.webp 2048w, https:\/\/laximenavelasquez.com\/wp-content\/uploads\/2024\/12\/La-contemplacion-montaje-videobrasil-18x12.jpeg 18w\" sizes=\"(max-width: 768px) 100vw, 768px\" data-smush-webp-fallback=\"{&quot;src&quot;:&quot;https:\\\/\\\/laximenavelasquez.com\\\/wp-content\\\/uploads\\\/2024\\\/12\\\/La-contemplacion-montaje-videobrasil-768x471.jpeg&quot;,&quot;srcset&quot;:&quot;https:\\\/\\\/laximenavelasquez.com\\\/wp-content\\\/uploads\\\/2024\\\/12\\\/La-contemplacion-montaje-videobrasil-768x471.jpeg 768w, https:\\\/\\\/laximenavelasquez.com\\\/wp-content\\\/uploads\\\/2024\\\/12\\\/La-contemplacion-montaje-videobrasil-300x184.jpeg 300w, https:\\\/\\\/laximenavelasquez.com\\\/wp-content\\\/uploads\\\/2024\\\/12\\\/La-contemplacion-montaje-videobrasil-1024x629.jpeg 1024w, https:\\\/\\\/laximenavelasquez.com\\\/wp-content\\\/uploads\\\/2024\\\/12\\\/La-contemplacion-montaje-videobrasil-1536x943.jpeg 1536w, https:\\\/\\\/laximenavelasquez.com\\\/wp-content\\\/uploads\\\/2024\\\/12\\\/La-contemplacion-montaje-videobrasil-2048x1257.jpeg 2048w, https:\\\/\\\/laximenavelasquez.com\\\/wp-content\\\/uploads\\\/2024\\\/12\\\/La-contemplacion-montaje-videobrasil-18x12.jpeg 18w&quot;}\" \/><\/div><div class=\"uael-grid-img-overlay\"><\/div><\/a><\/div><\/div><div class=\"uael-grid-item\"><div class=\"uael-grid-item-content\"><a class=\"uael-grid-img uael-grid-gallery-img uael-ins-hover elementor-clickable\" data-fancybox=\"uael-gallery\" href=\"https:\/\/laximenavelasquez.com\/wp-content\/uploads\/2024\/12\/La-contemplacion-montaje.jpeg\" data-elementor-open-lightbox=\"no\"><div class=\"uael-grid-img-thumbnail uael-ins-target\"><img decoding=\"async\" width=\"768\" height=\"480\" data-src=\"https:\/\/laximenavelasquez.com\/wp-content\/smush-webp\/2024\/12\/La-contemplacion-montaje-768x480.jpeg.webp\" class=\"attachment-medium_large size-medium_large wp-image-457 lazyload\" alt=\"\" data-srcset=\"https:\/\/laximenavelasquez.com\/wp-content\/smush-webp\/2024\/12\/La-contemplacion-montaje-768x480.jpeg.webp 768w, https:\/\/laximenavelasquez.com\/wp-content\/uploads\/2024\/12\/La-contemplacion-montaje-300x188.jpeg 300w, https:\/\/laximenavelasquez.com\/wp-content\/smush-webp\/2024\/12\/La-contemplacion-montaje-1024x640.jpeg.webp 1024w, https:\/\/laximenavelasquez.com\/wp-content\/smush-webp\/2024\/12\/La-contemplacion-montaje-1536x960.jpeg.webp 1536w, https:\/\/laximenavelasquez.com\/wp-content\/smush-webp\/2024\/12\/La-contemplacion-montaje-2048x1280.jpeg.webp 2048w, https:\/\/laximenavelasquez.com\/wp-content\/uploads\/2024\/12\/La-contemplacion-montaje-18x12.jpeg 18w\" data-sizes=\"(max-width: 768px) 100vw, 768px\" src=\"data:image\/gif;base64,R0lGODlhAQABAAAAACH5BAEKAAEALAAAAAABAAEAAAICTAEAOw==\" style=\"--smush-placeholder-width: 768px; --smush-placeholder-aspect-ratio: 768\/480;\" data-smush-webp-fallback=\"{&quot;data-src&quot;:&quot;https:\\\/\\\/laximenavelasquez.com\\\/wp-content\\\/uploads\\\/2024\\\/12\\\/La-contemplacion-montaje-768x480.jpeg&quot;,&quot;data-srcset&quot;:&quot;https:\\\/\\\/laximenavelasquez.com\\\/wp-content\\\/uploads\\\/2024\\\/12\\\/La-contemplacion-montaje-768x480.jpeg 768w, https:\\\/\\\/laximenavelasquez.com\\\/wp-content\\\/uploads\\\/2024\\\/12\\\/La-contemplacion-montaje-300x188.jpeg 300w, https:\\\/\\\/laximenavelasquez.com\\\/wp-content\\\/uploads\\\/2024\\\/12\\\/La-contemplacion-montaje-1024x640.jpeg 1024w, https:\\\/\\\/laximenavelasquez.com\\\/wp-content\\\/uploads\\\/2024\\\/12\\\/La-contemplacion-montaje-1536x960.jpeg 1536w, https:\\\/\\\/laximenavelasquez.com\\\/wp-content\\\/uploads\\\/2024\\\/12\\\/La-contemplacion-montaje-2048x1280.jpeg 2048w, https:\\\/\\\/laximenavelasquez.com\\\/wp-content\\\/uploads\\\/2024\\\/12\\\/La-contemplacion-montaje-18x12.jpeg 18w&quot;}\" \/><noscript><img decoding=\"async\" width=\"768\" height=\"480\" src=\"https:\/\/laximenavelasquez.com\/wp-content\/uploads\/2024\/12\/La-contemplacion-montaje-768x480.jpeg\" class=\"attachment-medium_large size-medium_large wp-image-457\" alt=\"\" srcset=\"https:\/\/laximenavelasquez.com\/wp-content\/uploads\/2024\/12\/La-contemplacion-montaje-768x480.jpeg 768w, https:\/\/laximenavelasquez.com\/wp-content\/uploads\/2024\/12\/La-contemplacion-montaje-300x188.jpeg 300w, https:\/\/laximenavelasquez.com\/wp-content\/uploads\/2024\/12\/La-contemplacion-montaje-1024x640.jpeg 1024w, https:\/\/laximenavelasquez.com\/wp-content\/uploads\/2024\/12\/La-contemplacion-montaje-1536x960.jpeg 1536w, https:\/\/laximenavelasquez.com\/wp-content\/uploads\/2024\/12\/La-contemplacion-montaje-2048x1280.jpeg 2048w, https:\/\/laximenavelasquez.com\/wp-content\/uploads\/2024\/12\/La-contemplacion-montaje-18x12.jpeg 18w\" sizes=\"(max-width: 768px) 100vw, 768px\" \/><\/noscript><\/div><div class=\"uael-grid-img-overlay\"><\/div><\/a><\/div><\/div><div class=\"uael-grid-item\"><div class=\"uael-grid-item-content\"><a class=\"uael-grid-img uael-grid-gallery-img uael-ins-hover elementor-clickable\" data-fancybox=\"uael-gallery\" href=\"https:\/\/laximenavelasquez.com\/wp-content\/smush-webp\/2024\/12\/La-contemplacion-detalle-scaled.jpg.webp\" data-elementor-open-lightbox=\"no\" data-smush-webp-fallback=\"{&quot;href&quot;:&quot;https:\\\/\\\/laximenavelasquez.com\\\/wp-content\\\/uploads\\\/2024\\\/12\\\/La-contemplacion-detalle-scaled.jpg&quot;}\"><div class=\"uael-grid-img-thumbnail uael-ins-target\"><img decoding=\"async\" width=\"768\" height=\"510\" data-src=\"https:\/\/laximenavelasquez.com\/wp-content\/uploads\/2024\/12\/La-contemplacion-detalle-768x510.jpg\" class=\"attachment-medium_large size-medium_large wp-image-445 lazyload\" alt=\"\" data-srcset=\"https:\/\/laximenavelasquez.com\/wp-content\/uploads\/2024\/12\/La-contemplacion-detalle-768x510.jpg 768w, https:\/\/laximenavelasquez.com\/wp-content\/uploads\/2024\/12\/La-contemplacion-detalle-300x199.jpg 300w, https:\/\/laximenavelasquez.com\/wp-content\/uploads\/2024\/12\/La-contemplacion-detalle-1024x680.jpg 1024w, https:\/\/laximenavelasquez.com\/wp-content\/smush-webp\/2024\/12\/La-contemplacion-detalle-1536x1021.jpg.webp 1536w, https:\/\/laximenavelasquez.com\/wp-content\/smush-webp\/2024\/12\/La-contemplacion-detalle-2048x1361.jpg.webp 2048w, https:\/\/laximenavelasquez.com\/wp-content\/uploads\/2024\/12\/La-contemplacion-detalle-18x12.jpg 18w\" data-sizes=\"(max-width: 768px) 100vw, 768px\" src=\"data:image\/gif;base64,R0lGODlhAQABAAAAACH5BAEKAAEALAAAAAABAAEAAAICTAEAOw==\" style=\"--smush-placeholder-width: 768px; --smush-placeholder-aspect-ratio: 768\/510;\" data-smush-webp-fallback=\"{&quot;data-srcset&quot;:&quot;https:\\\/\\\/laximenavelasquez.com\\\/wp-content\\\/uploads\\\/2024\\\/12\\\/La-contemplacion-detalle-768x510.jpg 768w, https:\\\/\\\/laximenavelasquez.com\\\/wp-content\\\/uploads\\\/2024\\\/12\\\/La-contemplacion-detalle-300x199.jpg 300w, https:\\\/\\\/laximenavelasquez.com\\\/wp-content\\\/uploads\\\/2024\\\/12\\\/La-contemplacion-detalle-1024x680.jpg 1024w, https:\\\/\\\/laximenavelasquez.com\\\/wp-content\\\/uploads\\\/2024\\\/12\\\/La-contemplacion-detalle-1536x1021.jpg 1536w, https:\\\/\\\/laximenavelasquez.com\\\/wp-content\\\/uploads\\\/2024\\\/12\\\/La-contemplacion-detalle-2048x1361.jpg 2048w, https:\\\/\\\/laximenavelasquez.com\\\/wp-content\\\/uploads\\\/2024\\\/12\\\/La-contemplacion-detalle-18x12.jpg 18w&quot;}\" \/><noscript><img decoding=\"async\" width=\"768\" height=\"510\" src=\"https:\/\/laximenavelasquez.com\/wp-content\/uploads\/2024\/12\/La-contemplacion-detalle-768x510.jpg\" class=\"attachment-medium_large size-medium_large wp-image-445\" alt=\"\" srcset=\"https:\/\/laximenavelasquez.com\/wp-content\/uploads\/2024\/12\/La-contemplacion-detalle-768x510.jpg 768w, https:\/\/laximenavelasquez.com\/wp-content\/uploads\/2024\/12\/La-contemplacion-detalle-300x199.jpg 300w, https:\/\/laximenavelasquez.com\/wp-content\/uploads\/2024\/12\/La-contemplacion-detalle-1024x680.jpg 1024w, https:\/\/laximenavelasquez.com\/wp-content\/uploads\/2024\/12\/La-contemplacion-detalle-1536x1021.jpg 1536w, https:\/\/laximenavelasquez.com\/wp-content\/uploads\/2024\/12\/La-contemplacion-detalle-2048x1361.jpg 2048w, https:\/\/laximenavelasquez.com\/wp-content\/uploads\/2024\/12\/La-contemplacion-detalle-18x12.jpg 18w\" sizes=\"(max-width: 768px) 100vw, 768px\" \/><\/noscript><\/div><div class=\"uael-grid-img-overlay\"><\/div><\/a><\/div><\/div><\/div><\/div>\t\t\t\t<\/div>\n\t\t\t\t<\/div>\n\t\t\t\t<div class=\"elementor-element elementor-element-ff34160 elementor-widget elementor-widget-text-editor\" data-id=\"ff34160\" data-element_type=\"widget\" data-widget_type=\"text-editor.default\">\n\t\t\t\t<div class=\"elementor-widget-container\">\n\t\t\t\t\t\t\t\t\t<p><span class=\"TextRun SCXW140449918 BCX8\" lang=\"ES-ES\" xml:lang=\"ES-ES\" data-contrast=\"auto\"><span class=\"NormalTextRun SCXW140449918 BCX8\">Quando a mala \u00e9 aberta e a lanterna \u00e9 retirada, um ponto de observa\u00e7\u00e3o fica imediatamente vis\u00edvel, o que \u00e9 muito simples e vers\u00e1til. Um amante de paisagens pode arriscar um palpite de que \u00e9 perfeito, pelo simples fato de permitir que voc\u00ea veja um lugar diferente a cada vez.<\/span><\/span><span class=\"EOP SCXW140449918 BCX8\" data-ccp-props=\"{}\">\u00a0<\/span><\/p>\t\t\t\t\t\t\t\t<\/div>\n\t\t\t\t<\/div>\n\t\t\t\t<div class=\"elementor-element elementor-element-0ab6991 elementor-widget elementor-widget-text-editor\" data-id=\"0ab6991\" data-element_type=\"widget\" data-widget_type=\"text-editor.default\">\n\t\t\t\t<div class=\"elementor-widget-container\">\n\t\t\t\t\t\t\t\t\t<div style=\"text-align: justify;\"><p>\"Fazer uma caminhada com o \u00fanico prop\u00f3sito de fazer uma caminhada... n\u00e3o para chegar a lugar algum... porque o ato de contemplar a paisagem tornou-se uma afirma\u00e7\u00e3o de si mesmo, em vez de um processo de apreens\u00e3o do mundo natural\".<\/p><p style=\"text-align: right; margin-top: 10px;\">John O. Lyons<\/p><\/div>\t\t\t\t\t\t\t\t<\/div>\n\t\t\t\t<\/div>\n\t\t\t\t<div class=\"elementor-element elementor-element-97cf846 elementor-widget elementor-widget-text-editor\" data-id=\"97cf846\" data-element_type=\"widget\" data-widget_type=\"text-editor.default\">\n\t\t\t\t<div class=\"elementor-widget-container\">\n\t\t\t\t\t\t\t\t\t<p><span class=\"TextRun SCXW7196257 BCX8\" lang=\"ES-ES\" xml:lang=\"ES-ES\" data-contrast=\"none\"><span class=\"NormalTextRun SCXW7196257 BCX8\">Trabalho<\/span> <span class=\"NormalTextRun SCXW7196257 BCX8\">selecionado<\/span> <span class=\"NormalTextRun SCXW7196257 BCX8\">em<\/span> <span class=\"NormalTextRun SCXW7196257 BCX8\">o<\/span> <span class=\"NormalTextRun SCXW7196257 BCX8\">17\u00ba<\/span> <span class=\"NormalTextRun SCXW7196257 BCX8\">Festival<\/span> <span class=\"NormalTextRun SCXW7196257 BCX8\">Internacional<\/span> <span class=\"NormalTextRun SCXW7196257 BCX8\">de<\/span> <span class=\"NormalTextRun SCXW7196257 BCX8\">Arte<\/span> <span class=\"NormalTextRun SCXW7196257 BCX8\">Contempor\u00e2neo<\/span> <span class=\"NormalTextRun SpellingErrorV2Themed SCXW7196257 BCX8\">SESC_Videobrasil<\/span><span class=\"NormalTextRun SCXW7196257 BCX8\">.<\/span> <span class=\"NormalTextRun SCXW7196257 BCX8\">S\u00e3o<\/span> <span class=\"NormalTextRun SCXW7196257 BCX8\">Paulo,<\/span> <span class=\"NormalTextRun SCXW7196257 BCX8\">Brasil,<\/span> <span class=\"NormalTextRun SCXW7196257 BCX8\">2011.<\/span> <span class=\"NormalTextRun SCXW7196257 BCX8\">Amostra<\/span> <span class=\"NormalTextRun SCXW7196257 BCX8\">individual:<\/span> <span class=\"NormalTextRun SCXW7196257 BCX8\">Quarto<\/span> <span class=\"NormalTextRun SCXW7196257 BCX8\">de<\/span> <span class=\"NormalTextRun SCXW7196257 BCX8\">Projetos<\/span> <span class=\"NormalTextRun SCXW7196257 BCX8\">Universidade<\/span> <span class=\"NormalTextRun SCXW7196257 BCX8\">de<\/span> <span class=\"NormalTextRun SCXW7196257 BCX8\">o<\/span> <span class=\"NormalTextRun SCXW7196257 BCX8\">Andes<\/span> <span class=\"NormalTextRun SCXW7196257 BCX8\">Bogot\u00e1<\/span> <span class=\"NormalTextRun SCXW7196257 BCX8\">-<\/span> <span class=\"NormalTextRun SCXW7196257 BCX8\">Col\u00f4mbia,<\/span> <span class=\"NormalTextRun SCXW7196257 BCX8\">2011.<\/span> <span class=\"NormalTextRun SCXW7196257 BCX8\">Amostra<\/span> <span class=\"NormalTextRun SCXW7196257 BCX8\">coletivo: <\/span><span class=\"NormalTextRun SpellingErrorV2Themed SCXW7196257 BCX8\">Museu<\/span><span class=\"NormalTextRun SCXW7196257 BCX8\"> de Corferias. <\/span><span class=\"NormalTextRun SpellingErrorV2Themed SCXW7196257 BCX8\">Expoci\u00eancia<\/span> <span class=\"NormalTextRun SpellingErrorV2Themed SCXW7196257 BCX8\">Expot\u00e9cnologia<\/span><span class=\"NormalTextRun SCXW7196257 BCX8\"> 09 ACAC. Col\u00f4mbia, 2009.<\/span><\/span><span class=\"EOP SCXW7196257 BCX8\" data-ccp-props=\"{&quot;201341983&quot;:0,&quot;335559737&quot;:732,&quot;335559740&quot;:235}\">\u00a0<\/span><\/p><p><span class=\"TextRun SCXW211763009 BCX8\" lang=\"ES-ES\" xml:lang=\"ES-ES\" data-contrast=\"auto\"><span class=\"NormalTextRun SCXW211763009 BCX8\">C\u00e2mera: Jos\u00e9 Domingo Garz\u00f3n, Dixon Quitian Assistentes de produ\u00e7\u00e3o: Laura Qui\u00f1ones<\/span><\/span><span class=\"EOP SCXW211763009 BCX8\" data-ccp-props=\"{}\">\u00a0<\/span><\/p>\t\t\t\t\t\t\t\t<\/div>\n\t\t\t\t<\/div>\n\t\t\t\t<\/div>\n\t\t\t\t\t<\/div>\n\t\t\t\t<\/div>\n\t\t\t\t<\/div>","protected":false},"excerpt":{"rendered":"<p>La contemplaci\u00f3n Video instalaci\u00f3n, dimensiones variables, 2 x 3 metros aprox.\u00a0Video duraci\u00f3n: 45 min.\u00a02009\u00a0 https:\/\/vimeo.com\/33720556 Cuando la maleta se abre y se saca el farol, inmediatamente se emplaza un mirador, que es muy sencillo y vers\u00e1til. Una persona amante de los paisajes podr\u00eda arriesgarse a decir que es perfecto, por la simple raz\u00f3n de que [&hellip;]<\/p>","protected":false},"author":1,"featured_media":0,"parent":195,"menu_order":0,"comment_status":"closed","ping_status":"closed","template":"","meta":{"footnotes":""},"class_list":["post-203","page","type-page","status-publish","hentry"],"_links":{"self":[{"href":"https:\/\/laximenavelasquez.com\/pt\/wp-json\/wp\/v2\/pages\/203","targetHints":{"allow":["GET"]}}],"collection":[{"href":"https:\/\/laximenavelasquez.com\/pt\/wp-json\/wp\/v2\/pages"}],"about":[{"href":"https:\/\/laximenavelasquez.com\/pt\/wp-json\/wp\/v2\/types\/page"}],"author":[{"embeddable":true,"href":"https:\/\/laximenavelasquez.com\/pt\/wp-json\/wp\/v2\/users\/1"}],"replies":[{"embeddable":true,"href":"https:\/\/laximenavelasquez.com\/pt\/wp-json\/wp\/v2\/comments?post=203"}],"version-history":[{"count":13,"href":"https:\/\/laximenavelasquez.com\/pt\/wp-json\/wp\/v2\/pages\/203\/revisions"}],"predecessor-version":[{"id":812,"href":"https:\/\/laximenavelasquez.com\/pt\/wp-json\/wp\/v2\/pages\/203\/revisions\/812"}],"up":[{"embeddable":true,"href":"https:\/\/laximenavelasquez.com\/pt\/wp-json\/wp\/v2\/pages\/195"}],"wp:attachment":[{"href":"https:\/\/laximenavelasquez.com\/pt\/wp-json\/wp\/v2\/media?parent=203"}],"curies":[{"name":"wp","href":"https:\/\/api.w.org\/{rel}","templated":true}]}}