{"id":207,"date":"2024-11-10T02:10:16","date_gmt":"2024-11-10T02:10:16","guid":{"rendered":"http:\/\/laximenavelasquez.com\/mundos-e-imaginarios-en-torno-a-lo-femenino\/tempo-saudoso\/"},"modified":"2024-12-03T15:44:10","modified_gmt":"2024-12-03T15:44:10","slug":"tempo-saudoso","status":"publish","type":"page","link":"https:\/\/laximenavelasquez.com\/pt\/mundos-e-imaginarios-en-torno-a-lo-femenino\/tempo-saudoso\/","title":{"rendered":"Tempo saudoso"},"content":{"rendered":"<div data-elementor-type=\"wp-page\" data-elementor-id=\"207\" class=\"elementor elementor-207\" data-elementor-post-type=\"page\">\n\t\t\t\t<div class=\"elementor-element elementor-element-0212ed9 e-flex e-con-boxed e-con e-child\" data-id=\"0212ed9\" data-element_type=\"container\">\n\t\t\t\t\t<div class=\"e-con-inner\">\n\t\t\t\t<div class=\"elementor-element elementor-element-c1285e6 elementor-widget elementor-widget-heading\" data-id=\"c1285e6\" data-element_type=\"widget\" data-widget_type=\"heading.default\">\n\t\t\t\t<div class=\"elementor-widget-container\">\n\t\t\t\t\t<h1 class=\"elementor-heading-title elementor-size-default\">Tempo Saudoso<\/h1>\t\t\t\t<\/div>\n\t\t\t\t<\/div>\n\t\t\t\t<div class=\"elementor-element elementor-element-cb5d061 elementor-widget elementor-widget-text-editor\" data-id=\"cb5d061\" data-element_type=\"widget\" data-widget_type=\"text-editor.default\">\n\t\t\t\t<div class=\"elementor-widget-container\">\n\t\t\t\t\t\t\t\t\t<p><strong>Instala\u00e7\u00e3o de proje\u00e7\u00e3o de v\u00eddeo e lanterna m\u00e1gica com imagem fixa.<\/strong><br \/><strong>Dimens\u00f5es vari\u00e1veis, aprox. 3 x 3 metros.<\/strong><br \/><strong>Dura\u00e7\u00e3o do v\u00eddeo: 00:07:45<\/strong><br \/><strong>2017<\/strong><\/p>\t\t\t\t\t\t\t\t<\/div>\n\t\t\t\t<\/div>\n\t\t\t\t<div class=\"elementor-element elementor-element-09dceac elementor-widget-mobile__width-inherit uael-aspect-ratio-16_9 elementor-widget elementor-widget-uael-video\" data-id=\"09dceac\" data-element_type=\"widget\" data-widget_type=\"uael-video.default\">\n\t\t\t\t<div class=\"elementor-widget-container\">\n\t\t\t\t\t\t\t\t\t<div class=\"uael-video__outer-wrap  uael-video-type-vimeo\" data-device=\"false\" data-vsticky=\"no\" data-hidedesktop=\"\" data-hidetablet=\"\" data-hidemobile=\"\" data-vsticky-viewport=\"0\" data-autoplay=\"0\">\n\t\t\t\t\t<div class=\"uael-vimeo-wrap\">\n\t\t\t\t\t\t\t\t\t<div class=\"uael-vimeo-headers\">\n\t\t\t\t\t\t\t\t<div class=\"uael-vimeo-title\">\n\t\t\t\t\t<a href=\"\">Tempo Saudoso<\/a>\n\t\t\t\t<\/div>\n\t\t\t\t\t\t\t\t\t\t\t\t<div class=\"uael-vimeo-byline\">\n\t\t\t\t\tde  <a href=\"\">ximena velasquez<\/a>\n\t\t\t\t<\/div>\n\t\t\t\t\t\t\t<\/div>\n\t\t\t\t\t<\/div>\n\t\t\t\t\t\t\t<div class=\"uael-video-inner-wrap\">\n\t\t\t\t<div class=\"uael-video__play\" data-src=\"https:\/\/player.vimeo.com\/video\/263535668?loop=0&amp;title=1&amp;portrait=0&amp;byline=1&amp;muted=0&amp;color&amp;autopause=0&amp;autoplay=1#t=\">\n\t\t\t\t\t<img decoding=\"async\" class=\"uael-video__thumb\" src=\"https:\/\/i.vimeocdn.com\/video\/693094812-fe988f38019da78f20515b8b50e82d3bbbb638ff9748c3de28ab1e19a36d4e26-d_840?region=us\" alt=\"\"><\/img>\n\t\t\t\t\t<div class=\"uael-video__play-icon uael-animation-\">\n\t\t\t\t\t\t<svg aria-hidden=\"true\" class=\"e-font-icon-svg e-fa-play-circle\" viewbox=\"0 0 512 512\" xmlns=\"http:\/\/www.w3.org\/2000\/svg\"><path d=\"M256 8C119 8 8 119 8 256s111 248 248 248 248-111 248-248S393 8 256 8zm115.7 272l-176 101c-15.8 8.8-35.7-2.5-35.7-21V152c0-18.4 19.8-29.8 35.7-21l176 107c16.4 9.2 16.4 32.9 0 42z\"><\/path><\/svg>\t\t\t\t\t<\/div>\n\t\t\t\t<\/div>\n\t\t\t\t\t\t\t\t\t\t\t<\/div>\n\t\t<\/div>\n\t\t\t\t\t\t\t<\/div>\n\t\t\t\t<\/div>\n\t\t\t\t<div class=\"elementor-element elementor-element-68a0cb6 uael-img-grid-mobile__column-1 uael-img-grid-tablet__column-2 uael-img-grid__column-1 uael-ins-normal elementor-widget elementor-widget-uael-image-gallery\" data-id=\"68a0cb6\" data-element_type=\"widget\" data-settings=\"{&quot;gallery_columns_mobile&quot;:&quot;1&quot;,&quot;gallery_columns_tablet&quot;:&quot;2&quot;,&quot;gallery_columns&quot;:&quot;1&quot;,&quot;column_gap&quot;:{&quot;unit&quot;:&quot;px&quot;,&quot;size&quot;:20,&quot;sizes&quot;:[]},&quot;column_gap_tablet&quot;:{&quot;unit&quot;:&quot;px&quot;,&quot;size&quot;:&quot;&quot;,&quot;sizes&quot;:[]},&quot;column_gap_mobile&quot;:{&quot;unit&quot;:&quot;px&quot;,&quot;size&quot;:&quot;&quot;,&quot;sizes&quot;:[]},&quot;row_gap&quot;:{&quot;unit&quot;:&quot;px&quot;,&quot;size&quot;:20,&quot;sizes&quot;:[]},&quot;row_gap_tablet&quot;:{&quot;unit&quot;:&quot;px&quot;,&quot;size&quot;:&quot;&quot;,&quot;sizes&quot;:[]},&quot;row_gap_mobile&quot;:{&quot;unit&quot;:&quot;px&quot;,&quot;size&quot;:&quot;&quot;,&quot;sizes&quot;:[]},&quot;images_valign&quot;:&quot;flex-start&quot;}\" data-widget_type=\"uael-image-gallery.default\">\n\t\t\t\t<div class=\"elementor-widget-container\">\n\t\t\t\t\t<div class=\"uael-gallery-parent uael-caption- uael-gallery-unjustified\"><div class=\"uael-img-gallery-wrap uael-img-grid-wrap uael-img-grid-masonry-wrap uael-image-lightbox-wrap\" data-filter-default=\"All\" data-lightbox_actions=\"[&quot;close&quot;]\" data-lightbox-gallery-loop=\"1\"><div class=\"uael-grid-item  uael-img-gallery-item-1\"><div class=\"uael-grid-item-content\"><a class=\"uael-grid-img uael-grid-gallery-img uael-ins-hover elementor-clickable\" data-fancybox=\"uael-gallery\" href=\"https:\/\/laximenavelasquez.com\/wp-content\/uploads\/2024\/12\/Tempo-Saudoso-scaled.jpg\" data-elementor-open-lightbox=\"no\"><div class=\"uael-grid-img-thumbnail uael-ins-target\"><img fetchpriority=\"high\" decoding=\"async\" width=\"768\" height=\"512\" src=\"https:\/\/laximenavelasquez.com\/wp-content\/uploads\/2024\/12\/Tempo-Saudoso-768x512.jpg\" class=\"attachment-medium_large size-medium_large wp-image-470\" alt=\"\" srcset=\"https:\/\/laximenavelasquez.com\/wp-content\/uploads\/2024\/12\/Tempo-Saudoso-768x512.jpg 768w, https:\/\/laximenavelasquez.com\/wp-content\/uploads\/2024\/12\/Tempo-Saudoso-300x200.jpg 300w, https:\/\/laximenavelasquez.com\/wp-content\/uploads\/2024\/12\/Tempo-Saudoso-1024x683.jpg 1024w, https:\/\/laximenavelasquez.com\/wp-content\/uploads\/2024\/12\/Tempo-Saudoso-1536x1024.jpg 1536w, https:\/\/laximenavelasquez.com\/wp-content\/uploads\/2024\/12\/Tempo-Saudoso-2048x1365.jpg 2048w, https:\/\/laximenavelasquez.com\/wp-content\/uploads\/2024\/12\/Tempo-Saudoso-18x12.jpg 18w\" sizes=\"(max-width: 768px) 100vw, 768px\" \/><\/div><div class=\"uael-grid-img-overlay\"><\/div><\/a><\/div><\/div><\/div><\/div>\t\t\t\t<\/div>\n\t\t\t\t<\/div>\n\t\t\t\t<div class=\"elementor-element elementor-element-9736304 elementor-widget elementor-widget-text-editor\" data-id=\"9736304\" data-element_type=\"widget\" data-widget_type=\"text-editor.default\">\n\t\t\t\t<div class=\"elementor-widget-container\">\n\t\t\t\t\t\t\t\t\t<p><span data-contrast=\"auto\">O ponto de partida do trabalho \u00e9 a explora\u00e7\u00e3o da palavra Saudade da poesia portuguesa, associando esse termo espec\u00edfico a uma condi\u00e7\u00e3o de espera, saudade, alegrias e tristezas. A saudade portuguesa, nesse sentido, est\u00e1 associada ao mar e ao olhar constante e fixo das mulheres que olham para o horizonte aguardando o retorno da pessoa amada. O olhar fixo no mar representa a ambiguidade de um sentimento que \u00e9 incorporado pela palavra Saudade, que n\u00e3o tem tradu\u00e7\u00e3o precisa em outros idiomas.<\/span><\/p><p><span data-contrast=\"auto\">O tempo saudoso \u00e9 uma forma de criar o cotidiano e, neste projeto, busco colocar em tens\u00e3o a condi\u00e7\u00e3o de espera em rela\u00e7\u00e3o \u00e0 mem\u00f3ria, fazendo uma pequena refer\u00eancia a Pen\u00e9lope, que tece para fazer o tempo e que, finalmente, n\u00e3o consegue reconhecer o que est\u00e1 esperando. Com essa experi\u00eancia, busco colocar em di\u00e1logo a poesia e a no\u00e7\u00e3o de contempla\u00e7\u00e3o dos paisagistas rom\u00e2nticos, a fim de construir um olhar cr\u00edtico sobre essa condi\u00e7\u00e3o do tempo, da espera e da submiss\u00e3o impl\u00edcita nesse gesto.<\/span><span data-ccp-props=\"{}\">\u00a0<\/span><\/p>\t\t\t\t\t\t\t\t<\/div>\n\t\t\t\t<\/div>\n\t\t\t\t<div class=\"elementor-element elementor-element-928b48c elementor-widget elementor-widget-text-editor\" data-id=\"928b48c\" data-element_type=\"widget\" data-widget_type=\"text-editor.default\">\n\t\t\t\t<div class=\"elementor-widget-container\">\n\t\t\t\t\t\t\t\t\t<p><span data-contrast=\"auto\">Agradecimentos: Anabela de Acevedo Texeira Sobrino, personagem feminina, Gon\u00e7alo Beja da Costa, assistente de c\u00e2mera. C\u00e9lio Silva, Paulo Martins, Bruno Mota, assistentes de produ\u00e7\u00e3o.<\/span><\/p>\n<p><span data-contrast=\"none\">Projeto realizado durante a resid\u00eancia art\u00edstica em Vila Nova de Cerveira Portugal 2017, com a Bolsa de Circula\u00e7\u00e3o Internacional Minist\u00e9rio da Cultura 2017 e a Bolsa de Circula\u00e7\u00e3o Internacional IDARTES 2017. V\u00eddeo selecionado em <\/span><span data-contrast=\"none\">Festival de cinema comunit\u00e1rio FILMARE DARIEN, San Francisco Acand\u00ed, Choc\u00f3, Col\u00f4mbia 2018.<\/span><span data-ccp-props=\"{}\">&nbsp;<\/span><\/p>\t\t\t\t\t\t\t\t<\/div>\n\t\t\t\t<\/div>\n\t\t\t\t\t<\/div>\n\t\t\t\t<\/div>\n\t\t\t\t<\/div>","protected":false},"excerpt":{"rendered":"<p>Tempo Saudoso Instalaci\u00f3n video proyecci\u00f3n y linterna m\u00e1gica con imagen fija.Dimensiones variables, 3 x 3 metros aprox.Video duraci\u00f3n: 00:07:452017 https:\/\/vimeo.com\/263535668 La obra tiene como punto de partida la exploraci\u00f3n de la palabra Saudade desde la poes\u00eda portuguesa, asociando este particular t\u00e9rmino a una condici\u00f3n de espera, de a\u00f1oranza, de alegr\u00edas y tristezas. La Saudade portuguesa [&hellip;]<\/p>","protected":false},"author":1,"featured_media":0,"parent":206,"menu_order":0,"comment_status":"closed","ping_status":"closed","template":"","meta":{"footnotes":""},"class_list":["post-207","page","type-page","status-publish","hentry"],"_links":{"self":[{"href":"https:\/\/laximenavelasquez.com\/pt\/wp-json\/wp\/v2\/pages\/207","targetHints":{"allow":["GET"]}}],"collection":[{"href":"https:\/\/laximenavelasquez.com\/pt\/wp-json\/wp\/v2\/pages"}],"about":[{"href":"https:\/\/laximenavelasquez.com\/pt\/wp-json\/wp\/v2\/types\/page"}],"author":[{"embeddable":true,"href":"https:\/\/laximenavelasquez.com\/pt\/wp-json\/wp\/v2\/users\/1"}],"replies":[{"embeddable":true,"href":"https:\/\/laximenavelasquez.com\/pt\/wp-json\/wp\/v2\/comments?post=207"}],"version-history":[{"count":9,"href":"https:\/\/laximenavelasquez.com\/pt\/wp-json\/wp\/v2\/pages\/207\/revisions"}],"predecessor-version":[{"id":846,"href":"https:\/\/laximenavelasquez.com\/pt\/wp-json\/wp\/v2\/pages\/207\/revisions\/846"}],"up":[{"embeddable":true,"href":"https:\/\/laximenavelasquez.com\/pt\/wp-json\/wp\/v2\/pages\/206"}],"wp:attachment":[{"href":"https:\/\/laximenavelasquez.com\/pt\/wp-json\/wp\/v2\/media?parent=207"}],"curies":[{"name":"wp","href":"https:\/\/api.w.org\/{rel}","templated":true}]}}