{"id":209,"date":"2024-11-10T02:10:23","date_gmt":"2024-11-10T02:10:23","guid":{"rendered":"http:\/\/laximenavelasquez.com\/mundos-e-imaginarios-en-torno-a-lo-femenino\/acururar\/"},"modified":"2024-12-03T15:38:59","modified_gmt":"2024-12-03T15:38:59","slug":"acururar","status":"publish","type":"page","link":"https:\/\/laximenavelasquez.com\/pt\/mundos-e-imaginarios-en-torno-a-lo-femenino\/acururar\/","title":{"rendered":"Acururar"},"content":{"rendered":"<div data-elementor-type=\"wp-page\" data-elementor-id=\"209\" class=\"elementor elementor-209\" data-elementor-post-type=\"page\">\n\t\t\t\t<div class=\"elementor-element elementor-element-27d517d e-flex e-con-boxed e-con e-parent\" data-id=\"27d517d\" data-element_type=\"container\">\n\t\t\t\t\t<div class=\"e-con-inner\">\n\t\t<div class=\"elementor-element elementor-element-9dac55c e-con-full e-flex e-con e-child\" data-id=\"9dac55c\" data-element_type=\"container\">\n\t\t\t\t<div class=\"elementor-element elementor-element-198b2a0 elementor-widget elementor-widget-heading\" data-id=\"198b2a0\" data-element_type=\"widget\" data-widget_type=\"heading.default\">\n\t\t\t\t<div class=\"elementor-widget-container\">\n\t\t\t\t\t<h1 class=\"elementor-heading-title elementor-size-default\">Acururar <\/h1>\t\t\t\t<\/div>\n\t\t\t\t<\/div>\n\t\t\t\t<div class=\"elementor-element elementor-element-d6d9e4a elementor-widget elementor-widget-text-editor\" data-id=\"d6d9e4a\" data-element_type=\"widget\" data-widget_type=\"text-editor.default\">\n\t\t\t\t<div class=\"elementor-widget-container\">\n\t\t\t\t\t\t\t\t\t<p><strong>Instala\u00e7\u00e3o de v\u00eddeo, mesa com vitrine e bola de cabelo tran\u00e7ado.<\/strong><br \/><strong>Dura\u00e7\u00e3o do v\u00eddeo: 03:26:28. Dimens\u00f5es vari\u00e1veis da instala\u00e7\u00e3o: 5 x 5 metros.<\/strong><br \/><strong>Vers\u00e3o 2021<\/strong><\/p>\t\t\t\t\t\t\t\t<\/div>\n\t\t\t\t<\/div>\n\t\t\t\t<div class=\"elementor-element elementor-element-cf18bdb elementor-widget-mobile__width-inherit uael-aspect-ratio-16_9 elementor-widget elementor-widget-uael-video\" data-id=\"cf18bdb\" data-element_type=\"widget\" data-widget_type=\"uael-video.default\">\n\t\t\t\t<div class=\"elementor-widget-container\">\n\t\t\t\t\t\t\t\t\t<div class=\"uael-video__outer-wrap  uael-video-type-vimeo\" data-device=\"false\" data-vsticky=\"no\" data-hidedesktop=\"\" data-hidetablet=\"\" data-hidemobile=\"\" data-vsticky-viewport=\"0\" data-autoplay=\"0\">\n\t\t\t\t\t<div class=\"uael-vimeo-wrap\">\n\t\t\t\t\t\t\t\t\t<div class=\"uael-vimeo-headers\">\n\t\t\t\t\t\t\t\t<div class=\"uael-vimeo-title\">\n\t\t\t\t\t<a href=\"\">FRAGMENTO DO ACURUR<\/a>\n\t\t\t\t<\/div>\n\t\t\t\t\t\t\t\t\t\t\t\t<div class=\"uael-vimeo-byline\">\n\t\t\t\t\tde  <a href=\"\">ximena velasquez<\/a>\n\t\t\t\t<\/div>\n\t\t\t\t\t\t\t<\/div>\n\t\t\t\t\t<\/div>\n\t\t\t\t\t\t\t<div class=\"uael-video-inner-wrap\">\n\t\t\t\t<div class=\"uael-video__play\" data-src=\"https:\/\/player.vimeo.com\/video\/1030046655?loop=0&amp;title=1&amp;portrait=0&amp;byline=1&amp;muted=0&amp;color&amp;autopause=0&amp;autoplay=1#t=\">\n\t\t\t\t\t<img decoding=\"async\" class=\"uael-video__thumb\" src=\"https:\/\/i.vimeocdn.com\/video\/1950506500-3cc420a9ad1b83bed55462ad617ac1f9ddcd31dc61034e76da161a2199600c04-d_840?region=us\" alt=\"\"><\/img>\n\t\t\t\t\t<div class=\"uael-video__play-icon uael-animation-\">\n\t\t\t\t\t\t<svg aria-hidden=\"true\" class=\"e-font-icon-svg e-fa-play-circle\" viewbox=\"0 0 512 512\" xmlns=\"http:\/\/www.w3.org\/2000\/svg\"><path d=\"M256 8C119 8 8 119 8 256s111 248 248 248 248-111 248-248S393 8 256 8zm115.7 272l-176 101c-15.8 8.8-35.7-2.5-35.7-21V152c0-18.4 19.8-29.8 35.7-21l176 107c16.4 9.2 16.4 32.9 0 42z\"><\/path><\/svg>\t\t\t\t\t<\/div>\n\t\t\t\t<\/div>\n\t\t\t\t\t\t\t\t\t\t\t<\/div>\n\t\t<\/div>\n\t\t\t\t\t\t\t<\/div>\n\t\t\t\t<\/div>\n\t\t\t\t<div class=\"elementor-element elementor-element-ce8a892 uael-img-grid-mobile__column-1 uael-img-grid-tablet__column-2 uael-img-grid__column-1 uael-ins-normal elementor-widget elementor-widget-uael-image-gallery\" data-id=\"ce8a892\" data-element_type=\"widget\" data-settings=\"{&quot;gallery_columns_mobile&quot;:&quot;1&quot;,&quot;gallery_columns_tablet&quot;:&quot;2&quot;,&quot;gallery_columns&quot;:&quot;1&quot;,&quot;column_gap&quot;:{&quot;unit&quot;:&quot;px&quot;,&quot;size&quot;:20,&quot;sizes&quot;:[]},&quot;column_gap_tablet&quot;:{&quot;unit&quot;:&quot;px&quot;,&quot;size&quot;:&quot;&quot;,&quot;sizes&quot;:[]},&quot;column_gap_mobile&quot;:{&quot;unit&quot;:&quot;px&quot;,&quot;size&quot;:&quot;&quot;,&quot;sizes&quot;:[]},&quot;row_gap&quot;:{&quot;unit&quot;:&quot;px&quot;,&quot;size&quot;:20,&quot;sizes&quot;:[]},&quot;row_gap_tablet&quot;:{&quot;unit&quot;:&quot;px&quot;,&quot;size&quot;:&quot;&quot;,&quot;sizes&quot;:[]},&quot;row_gap_mobile&quot;:{&quot;unit&quot;:&quot;px&quot;,&quot;size&quot;:&quot;&quot;,&quot;sizes&quot;:[]},&quot;images_valign&quot;:&quot;flex-start&quot;}\" data-widget_type=\"uael-image-gallery.default\">\n\t\t\t\t<div class=\"elementor-widget-container\">\n\t\t\t\t\t<div class=\"uael-gallery-parent uael-caption- uael-gallery-unjustified\"><div class=\"uael-img-gallery-wrap uael-img-grid-wrap uael-img-grid-masonry-wrap uael-image-lightbox-wrap\" data-filter-default=\"All\" data-lightbox_actions=\"[&quot;close&quot;]\" data-lightbox-gallery-loop=\"1\"><div class=\"uael-grid-item  uael-img-gallery-item-1\"><div class=\"uael-grid-item-content\"><a class=\"uael-grid-img uael-grid-gallery-img uael-ins-hover elementor-clickable\" data-fancybox=\"uael-gallery\" href=\"https:\/\/laximenavelasquez.com\/wp-content\/smush-webp\/2024\/12\/Acuruar-Montaje-T-scaled.jpeg.webp\" data-elementor-open-lightbox=\"no\" data-smush-webp-fallback=\"{&quot;href&quot;:&quot;https:\\\/\\\/laximenavelasquez.com\\\/wp-content\\\/uploads\\\/2024\\\/12\\\/Acuruar-Montaje-T-scaled.jpeg&quot;}\"><div class=\"uael-grid-img-thumbnail uael-ins-target\"><img fetchpriority=\"high\" decoding=\"async\" width=\"768\" height=\"447\" src=\"https:\/\/laximenavelasquez.com\/wp-content\/uploads\/2024\/12\/Acuruar-Montaje-T-768x447.jpeg\" class=\"attachment-medium_large size-medium_large wp-image-507\" alt=\"\" srcset=\"https:\/\/laximenavelasquez.com\/wp-content\/uploads\/2024\/12\/Acuruar-Montaje-T-768x447.jpeg 768w, https:\/\/laximenavelasquez.com\/wp-content\/uploads\/2024\/12\/Acuruar-Montaje-T-300x175.jpeg 300w, https:\/\/laximenavelasquez.com\/wp-content\/uploads\/2024\/12\/Acuruar-Montaje-T-1024x597.jpeg 1024w, https:\/\/laximenavelasquez.com\/wp-content\/uploads\/2024\/12\/Acuruar-Montaje-T-1536x895.jpeg 1536w, https:\/\/laximenavelasquez.com\/wp-content\/smush-webp\/2024\/12\/Acuruar-Montaje-T-2048x1193.jpeg.webp 2048w, https:\/\/laximenavelasquez.com\/wp-content\/uploads\/2024\/12\/Acuruar-Montaje-T-18x10.jpeg 18w\" sizes=\"(max-width: 768px) 100vw, 768px\" data-smush-webp-fallback=\"{&quot;srcset&quot;:&quot;https:\\\/\\\/laximenavelasquez.com\\\/wp-content\\\/uploads\\\/2024\\\/12\\\/Acuruar-Montaje-T-768x447.jpeg 768w, https:\\\/\\\/laximenavelasquez.com\\\/wp-content\\\/uploads\\\/2024\\\/12\\\/Acuruar-Montaje-T-300x175.jpeg 300w, https:\\\/\\\/laximenavelasquez.com\\\/wp-content\\\/uploads\\\/2024\\\/12\\\/Acuruar-Montaje-T-1024x597.jpeg 1024w, https:\\\/\\\/laximenavelasquez.com\\\/wp-content\\\/uploads\\\/2024\\\/12\\\/Acuruar-Montaje-T-1536x895.jpeg 1536w, https:\\\/\\\/laximenavelasquez.com\\\/wp-content\\\/uploads\\\/2024\\\/12\\\/Acuruar-Montaje-T-2048x1193.jpeg 2048w, https:\\\/\\\/laximenavelasquez.com\\\/wp-content\\\/uploads\\\/2024\\\/12\\\/Acuruar-Montaje-T-18x10.jpeg 18w&quot;}\" \/><\/div><div class=\"uael-grid-img-overlay\"><\/div><\/a><\/div><\/div><div class=\"uael-grid-item  uael-img-gallery-item-2\"><div class=\"uael-grid-item-content\"><a class=\"uael-grid-img uael-grid-gallery-img uael-ins-hover elementor-clickable\" data-fancybox=\"uael-gallery\" href=\"https:\/\/laximenavelasquez.com\/wp-content\/smush-webp\/2024\/12\/Acururar-Alta-scaled.jpg.webp\" data-elementor-open-lightbox=\"no\" data-smush-webp-fallback=\"{&quot;href&quot;:&quot;https:\\\/\\\/laximenavelasquez.com\\\/wp-content\\\/uploads\\\/2024\\\/12\\\/Acururar-Alta-scaled.jpg&quot;}\"><div class=\"uael-grid-img-thumbnail uael-ins-target\"><img decoding=\"async\" width=\"768\" height=\"509\" data-src=\"https:\/\/laximenavelasquez.com\/wp-content\/smush-webp\/2024\/12\/Acururar-Alta-768x509.jpg.webp\" class=\"attachment-medium_large size-medium_large wp-image-458 lazyload\" alt=\"\" data-srcset=\"https:\/\/laximenavelasquez.com\/wp-content\/smush-webp\/2024\/12\/Acururar-Alta-768x509.jpg.webp 768w, https:\/\/laximenavelasquez.com\/wp-content\/uploads\/2024\/12\/Acururar-Alta-300x199.jpg 300w, https:\/\/laximenavelasquez.com\/wp-content\/smush-webp\/2024\/12\/Acururar-Alta-1024x678.jpg.webp 1024w, https:\/\/laximenavelasquez.com\/wp-content\/smush-webp\/2024\/12\/Acururar-Alta-1536x1017.jpg.webp 1536w, https:\/\/laximenavelasquez.com\/wp-content\/smush-webp\/2024\/12\/Acururar-Alta-2048x1356.jpg.webp 2048w, https:\/\/laximenavelasquez.com\/wp-content\/uploads\/2024\/12\/Acururar-Alta-18x12.jpg 18w\" data-sizes=\"(max-width: 768px) 100vw, 768px\" src=\"data:image\/gif;base64,R0lGODlhAQABAAAAACH5BAEKAAEALAAAAAABAAEAAAICTAEAOw==\" style=\"--smush-placeholder-width: 768px; --smush-placeholder-aspect-ratio: 768\/509;\" data-smush-webp-fallback=\"{&quot;data-src&quot;:&quot;https:\\\/\\\/laximenavelasquez.com\\\/wp-content\\\/uploads\\\/2024\\\/12\\\/Acururar-Alta-768x509.jpg&quot;,&quot;data-srcset&quot;:&quot;https:\\\/\\\/laximenavelasquez.com\\\/wp-content\\\/uploads\\\/2024\\\/12\\\/Acururar-Alta-768x509.jpg 768w, https:\\\/\\\/laximenavelasquez.com\\\/wp-content\\\/uploads\\\/2024\\\/12\\\/Acururar-Alta-300x199.jpg 300w, https:\\\/\\\/laximenavelasquez.com\\\/wp-content\\\/uploads\\\/2024\\\/12\\\/Acururar-Alta-1024x678.jpg 1024w, https:\\\/\\\/laximenavelasquez.com\\\/wp-content\\\/uploads\\\/2024\\\/12\\\/Acururar-Alta-1536x1017.jpg 1536w, https:\\\/\\\/laximenavelasquez.com\\\/wp-content\\\/uploads\\\/2024\\\/12\\\/Acururar-Alta-2048x1356.jpg 2048w, https:\\\/\\\/laximenavelasquez.com\\\/wp-content\\\/uploads\\\/2024\\\/12\\\/Acururar-Alta-18x12.jpg 18w&quot;}\" \/><noscript><img decoding=\"async\" width=\"768\" height=\"509\" src=\"https:\/\/laximenavelasquez.com\/wp-content\/uploads\/2024\/12\/Acururar-Alta-768x509.jpg\" class=\"attachment-medium_large size-medium_large wp-image-458\" alt=\"\" srcset=\"https:\/\/laximenavelasquez.com\/wp-content\/uploads\/2024\/12\/Acururar-Alta-768x509.jpg 768w, https:\/\/laximenavelasquez.com\/wp-content\/uploads\/2024\/12\/Acururar-Alta-300x199.jpg 300w, https:\/\/laximenavelasquez.com\/wp-content\/uploads\/2024\/12\/Acururar-Alta-1024x678.jpg 1024w, https:\/\/laximenavelasquez.com\/wp-content\/uploads\/2024\/12\/Acururar-Alta-1536x1017.jpg 1536w, https:\/\/laximenavelasquez.com\/wp-content\/uploads\/2024\/12\/Acururar-Alta-2048x1356.jpg 2048w, https:\/\/laximenavelasquez.com\/wp-content\/uploads\/2024\/12\/Acururar-Alta-18x12.jpg 18w\" sizes=\"(max-width: 768px) 100vw, 768px\" \/><\/noscript><\/div><div class=\"uael-grid-img-overlay\"><\/div><\/a><\/div><\/div><\/div><\/div>\t\t\t\t<\/div>\n\t\t\t\t<\/div>\n\t\t\t\t<div class=\"elementor-element elementor-element-a02dac7 elementor-widget elementor-widget-text-editor\" data-id=\"a02dac7\" data-element_type=\"widget\" data-widget_type=\"text-editor.default\">\n\t\t\t\t<div class=\"elementor-widget-container\">\n\t\t\t\t\t\t\t\t\t<p class=\"translation-block\">A obra acururar, uma palavra ind\u00edgena usada no departamento de Nari\u00f1o, na Col\u00f4mbia, que se traduz como \u201cfazer uma bola\u201d, envolve o processo de fiar e tecer, a\u00e7\u00f5es que unem os cabelos de mulheres que decidiram cort\u00e1-los como um sinal de transforma\u00e7\u00e3o, exaust\u00e3o ou tristeza, formando um \u00fanico fio cont\u00ednuo.\n\nEsse fio entrela\u00e7a n\u00e3o apenas a mat\u00e9ria, mas tamb\u00e9m sentimentos e afetos que materializam um per\u00edodo de luto.<\/p><p><span data-contrast=\"auto\">A palavra denota \"enrolar-se\" ou \"enrolar-se\" quando o corpo \u00e9 puxado para dentro de si por algum fator, como medo ou dor.<\/span><span data-ccp-props=\"{}\">\u00a0<\/span><\/p>\t\t\t\t\t\t\t\t<\/div>\n\t\t\t\t<\/div>\n\t\t\t\t<div class=\"elementor-element elementor-element-2df73c1 uael-img-grid-mobile__column-1 uael-img-grid-tablet__column-2 uael-img-grid__column-1 uael-ins-normal elementor-widget elementor-widget-uael-image-gallery\" data-id=\"2df73c1\" data-element_type=\"widget\" data-settings=\"{&quot;gallery_columns_mobile&quot;:&quot;1&quot;,&quot;gallery_columns_tablet&quot;:&quot;2&quot;,&quot;gallery_columns&quot;:&quot;1&quot;,&quot;column_gap&quot;:{&quot;unit&quot;:&quot;px&quot;,&quot;size&quot;:20,&quot;sizes&quot;:[]},&quot;column_gap_tablet&quot;:{&quot;unit&quot;:&quot;px&quot;,&quot;size&quot;:&quot;&quot;,&quot;sizes&quot;:[]},&quot;column_gap_mobile&quot;:{&quot;unit&quot;:&quot;px&quot;,&quot;size&quot;:&quot;&quot;,&quot;sizes&quot;:[]},&quot;row_gap&quot;:{&quot;unit&quot;:&quot;px&quot;,&quot;size&quot;:20,&quot;sizes&quot;:[]},&quot;row_gap_tablet&quot;:{&quot;unit&quot;:&quot;px&quot;,&quot;size&quot;:&quot;&quot;,&quot;sizes&quot;:[]},&quot;row_gap_mobile&quot;:{&quot;unit&quot;:&quot;px&quot;,&quot;size&quot;:&quot;&quot;,&quot;sizes&quot;:[]},&quot;images_valign&quot;:&quot;flex-start&quot;}\" data-widget_type=\"uael-image-gallery.default\">\n\t\t\t\t<div class=\"elementor-widget-container\">\n\t\t\t\t\t<div class=\"uael-gallery-parent uael-caption- uael-gallery-unjustified\"><div class=\"uael-img-gallery-wrap uael-img-grid-wrap uael-img-grid-masonry-wrap uael-image-lightbox-wrap\" data-filter-default=\"All\" data-lightbox_actions=\"[&quot;close&quot;]\" data-lightbox-gallery-loop=\"1\"><div class=\"uael-grid-item  uael-img-gallery-item-1\"><div class=\"uael-grid-item-content\"><a class=\"uael-grid-img uael-grid-gallery-img uael-ins-hover elementor-clickable\" data-fancybox=\"uael-gallery\" href=\"https:\/\/laximenavelasquez.com\/wp-content\/uploads\/2024\/12\/Acururar3.jpg\" data-elementor-open-lightbox=\"no\"><div class=\"uael-grid-img-thumbnail uael-ins-target\"><img decoding=\"async\" width=\"768\" height=\"1033\" data-src=\"https:\/\/laximenavelasquez.com\/wp-content\/smush-webp\/2024\/12\/Acururar3-768x1033.jpg.webp\" class=\"attachment-medium_large size-medium_large wp-image-497 lazyload\" alt=\"\" data-srcset=\"https:\/\/laximenavelasquez.com\/wp-content\/smush-webp\/2024\/12\/Acururar3-768x1033.jpg.webp 768w, https:\/\/laximenavelasquez.com\/wp-content\/smush-webp\/2024\/12\/Acururar3-223x300.jpg.webp 223w, https:\/\/laximenavelasquez.com\/wp-content\/smush-webp\/2024\/12\/Acururar3-761x1024.jpg.webp 761w, https:\/\/laximenavelasquez.com\/wp-content\/smush-webp\/2024\/12\/Acururar3-1142x1536.jpg.webp 1142w, https:\/\/laximenavelasquez.com\/wp-content\/uploads\/2024\/12\/Acururar3-9x12.jpg 9w, https:\/\/laximenavelasquez.com\/wp-content\/uploads\/2024\/12\/Acururar3.jpg 1223w\" data-sizes=\"(max-width: 768px) 100vw, 768px\" src=\"data:image\/gif;base64,R0lGODlhAQABAAAAACH5BAEKAAEALAAAAAABAAEAAAICTAEAOw==\" style=\"--smush-placeholder-width: 768px; --smush-placeholder-aspect-ratio: 768\/1033;\" data-smush-webp-fallback=\"{&quot;data-src&quot;:&quot;https:\\\/\\\/laximenavelasquez.com\\\/wp-content\\\/uploads\\\/2024\\\/12\\\/Acururar3-768x1033.jpg&quot;,&quot;data-srcset&quot;:&quot;https:\\\/\\\/laximenavelasquez.com\\\/wp-content\\\/uploads\\\/2024\\\/12\\\/Acururar3-768x1033.jpg 768w, https:\\\/\\\/laximenavelasquez.com\\\/wp-content\\\/uploads\\\/2024\\\/12\\\/Acururar3-223x300.jpg 223w, https:\\\/\\\/laximenavelasquez.com\\\/wp-content\\\/uploads\\\/2024\\\/12\\\/Acururar3-761x1024.jpg 761w, https:\\\/\\\/laximenavelasquez.com\\\/wp-content\\\/uploads\\\/2024\\\/12\\\/Acururar3-1142x1536.jpg 1142w, https:\\\/\\\/laximenavelasquez.com\\\/wp-content\\\/uploads\\\/2024\\\/12\\\/Acururar3-9x12.jpg 9w, https:\\\/\\\/laximenavelasquez.com\\\/wp-content\\\/uploads\\\/2024\\\/12\\\/Acururar3.jpg 1223w&quot;}\" \/><noscript><img decoding=\"async\" width=\"768\" height=\"1033\" src=\"https:\/\/laximenavelasquez.com\/wp-content\/uploads\/2024\/12\/Acururar3-768x1033.jpg\" class=\"attachment-medium_large size-medium_large wp-image-497\" alt=\"\" srcset=\"https:\/\/laximenavelasquez.com\/wp-content\/uploads\/2024\/12\/Acururar3-768x1033.jpg 768w, https:\/\/laximenavelasquez.com\/wp-content\/uploads\/2024\/12\/Acururar3-223x300.jpg 223w, https:\/\/laximenavelasquez.com\/wp-content\/uploads\/2024\/12\/Acururar3-761x1024.jpg 761w, https:\/\/laximenavelasquez.com\/wp-content\/uploads\/2024\/12\/Acururar3-1142x1536.jpg 1142w, https:\/\/laximenavelasquez.com\/wp-content\/uploads\/2024\/12\/Acururar3-9x12.jpg 9w, https:\/\/laximenavelasquez.com\/wp-content\/uploads\/2024\/12\/Acururar3.jpg 1223w\" sizes=\"(max-width: 768px) 100vw, 768px\" \/><\/noscript><\/div><div class=\"uael-grid-img-overlay\"><\/div><\/a><\/div><\/div><\/div><\/div>\t\t\t\t<\/div>\n\t\t\t\t<\/div>\n\t\t\t\t<div class=\"elementor-element elementor-element-976b9bd elementor-widget elementor-widget-text-editor\" data-id=\"976b9bd\" data-element_type=\"widget\" data-widget_type=\"text-editor.default\">\n\t\t\t\t<div class=\"elementor-widget-container\">\n\t\t\t\t\t\t\t\t\t<p><span data-contrast=\"auto\">Agradecimentos pelo v\u00eddeo: Sandra Martinez, Katerine Morales.<\/span><span data-ccp-props=\"{}\">\u00a0<\/span><\/p><p><span data-contrast=\"auto\">Assistentes de produ\u00e7\u00e3o: Laura Duque, Adri\u00e1n Hueso, Melquin R\u00edos, Roc\u00edo Garz\u00f3n<\/span><\/p><p><span data-contrast=\"auto\">Trabalho exibido em: <\/span><span data-contrast=\"auto\">On Americanity &amp; Other Experiences of Belonging (Sobre a Americanidade e Outras Experi\u00eancias de Pertencimento). Com curadoria de Analys \u00c1lvarez Hern\u00e1ndez e Colette Lalibert\u00e9. Onsite Gallery - Toronto, Canad\u00e1, 2023. Primeira vers\u00e3o, selecionada na <\/span><span data-contrast=\"auto\">Sal\u00f3n de Arte Joven, FUGA 2015 e exibido na exposi\u00e7\u00e3o Entwine, com curadoria de Paola Camargo Gonz\u00e1lez. Galeria Valenzuela Klenner. Bogot\u00e1, Col\u00f4mbia. Junho de 2013.<\/span><span data-ccp-props=\"{}\">\u00a0<\/span><\/p>\t\t\t\t\t\t\t\t<\/div>\n\t\t\t\t<\/div>\n\t\t\t\t<\/div>\n\t\t\t\t\t<\/div>\n\t\t\t\t<\/div>\n\t\t\t\t<\/div>","protected":false},"excerpt":{"rendered":"<p>Acururar Video instalaci\u00f3n, mesa con vitrina y ovillo de cabello tejido.Duraci\u00f3n del video: 03:26:28. Dimensiones instalaci\u00f3n variables 5 X 5 metros.Versi\u00f3n 2021 https:\/\/vimeo.com\/1030046655 La obra acururar, palabra ind\u00edgena usada en el departamento de Nari\u00f1o, Colombia, que traduce \u201chacer ovillo\u201d, tiene impl\u00edcito el proceso de hilar y tejer, acciones con las que se logra unir los [&hellip;]<\/p>","protected":false},"author":1,"featured_media":0,"parent":206,"menu_order":0,"comment_status":"closed","ping_status":"closed","template":"","meta":{"footnotes":""},"class_list":["post-209","page","type-page","status-publish","hentry"],"_links":{"self":[{"href":"https:\/\/laximenavelasquez.com\/pt\/wp-json\/wp\/v2\/pages\/209","targetHints":{"allow":["GET"]}}],"collection":[{"href":"https:\/\/laximenavelasquez.com\/pt\/wp-json\/wp\/v2\/pages"}],"about":[{"href":"https:\/\/laximenavelasquez.com\/pt\/wp-json\/wp\/v2\/types\/page"}],"author":[{"embeddable":true,"href":"https:\/\/laximenavelasquez.com\/pt\/wp-json\/wp\/v2\/users\/1"}],"replies":[{"embeddable":true,"href":"https:\/\/laximenavelasquez.com\/pt\/wp-json\/wp\/v2\/comments?post=209"}],"version-history":[{"count":7,"href":"https:\/\/laximenavelasquez.com\/pt\/wp-json\/wp\/v2\/pages\/209\/revisions"}],"predecessor-version":[{"id":836,"href":"https:\/\/laximenavelasquez.com\/pt\/wp-json\/wp\/v2\/pages\/209\/revisions\/836"}],"up":[{"embeddable":true,"href":"https:\/\/laximenavelasquez.com\/pt\/wp-json\/wp\/v2\/pages\/206"}],"wp:attachment":[{"href":"https:\/\/laximenavelasquez.com\/pt\/wp-json\/wp\/v2\/media?parent=209"}],"curies":[{"name":"wp","href":"https:\/\/api.w.org\/{rel}","templated":true}]}}