{"id":212,"date":"2024-11-10T02:10:34","date_gmt":"2024-11-10T02:10:34","guid":{"rendered":"http:\/\/laximenavelasquez.com\/mundos-e-imaginarios-en-torno-a-lo-femenino\/vestido-para-detenerse\/"},"modified":"2024-12-16T23:11:33","modified_gmt":"2024-12-16T23:11:33","slug":"acciones-gestos","status":"publish","type":"page","link":"https:\/\/laximenavelasquez.com\/pt\/mundos-e-imaginarios-en-torno-a-lo-femenino\/acciones-gestos\/","title":{"rendered":"Vestido para parar"},"content":{"rendered":"<div data-elementor-type=\"wp-page\" data-elementor-id=\"212\" class=\"elementor elementor-212\" data-elementor-post-type=\"page\">\n\t\t\t\t<div class=\"elementor-element elementor-element-5584eed e-flex e-con-boxed e-con e-child\" data-id=\"5584eed\" data-element_type=\"container\">\n\t\t\t\t\t<div class=\"e-con-inner\">\n\t\t\t\t<div class=\"elementor-element elementor-element-285e319 elementor-widget elementor-widget-heading\" data-id=\"285e319\" data-element_type=\"widget\" data-widget_type=\"heading.default\">\n\t\t\t\t<div class=\"elementor-widget-container\">\n\t\t\t\t\t<h1 class=\"elementor-heading-title elementor-size-default\">A\u00e7\u00f5es e gestos<\/h1>\t\t\t\t<\/div>\n\t\t\t\t<\/div>\n\t\t\t\t<div class=\"elementor-element elementor-element-5ada06a elementor-widget elementor-widget-heading\" data-id=\"5ada06a\" data-element_type=\"widget\" data-widget_type=\"heading.default\">\n\t\t\t\t<div class=\"elementor-widget-container\">\n\t\t\t\t\t<h2 class=\"elementor-heading-title elementor-size-default\">Vestido para parar<\/h2>\t\t\t\t<\/div>\n\t\t\t\t<\/div>\n\t\t\t\t<div class=\"elementor-element elementor-element-60c55a3 elementor-widget elementor-widget-text-editor\" data-id=\"60c55a3\" data-element_type=\"widget\" data-widget_type=\"text-editor.default\">\n\t\t\t\t<div class=\"elementor-widget-container\">\n\t\t\t\t\t\t\t\t\t<p><strong>A\u00e7\u00f5es e gestos para um site\u00a0<br \/>Fotografia digital\u00a0<br \/>2008\u00a0<\/strong><\/p>\t\t\t\t\t\t\t\t<\/div>\n\t\t\t\t<\/div>\n\t\t\t\t<div class=\"elementor-element elementor-element-dcdc4b2 uael-img-grid__column-2 uael-img-grid-mobile__column-1 uael-img-grid-tablet__column-3 uael-ins-normal elementor-widget elementor-widget-uael-image-gallery\" data-id=\"dcdc4b2\" data-element_type=\"widget\" data-settings=\"{&quot;gallery_columns&quot;:&quot;2&quot;,&quot;gallery_columns_mobile&quot;:&quot;1&quot;,&quot;gallery_columns_tablet&quot;:&quot;3&quot;,&quot;column_gap&quot;:{&quot;unit&quot;:&quot;px&quot;,&quot;size&quot;:20,&quot;sizes&quot;:[]},&quot;column_gap_tablet&quot;:{&quot;unit&quot;:&quot;px&quot;,&quot;size&quot;:&quot;&quot;,&quot;sizes&quot;:[]},&quot;column_gap_mobile&quot;:{&quot;unit&quot;:&quot;px&quot;,&quot;size&quot;:&quot;&quot;,&quot;sizes&quot;:[]},&quot;row_gap&quot;:{&quot;unit&quot;:&quot;px&quot;,&quot;size&quot;:20,&quot;sizes&quot;:[]},&quot;row_gap_tablet&quot;:{&quot;unit&quot;:&quot;px&quot;,&quot;size&quot;:&quot;&quot;,&quot;sizes&quot;:[]},&quot;row_gap_mobile&quot;:{&quot;unit&quot;:&quot;px&quot;,&quot;size&quot;:&quot;&quot;,&quot;sizes&quot;:[]},&quot;images_valign&quot;:&quot;flex-start&quot;}\" data-widget_type=\"uael-image-gallery.default\">\n\t\t\t\t<div class=\"elementor-widget-container\">\n\t\t\t\t\t<div class=\"uael-gallery-parent uael-caption- uael-gallery-unjustified\"><div class=\"uael-img-gallery-wrap uael-img-grid-wrap uael-img-grid-masonry-wrap uael-image-lightbox-wrap\" data-filter-default=\"All\" data-lightbox_actions=\"[&quot;close&quot;]\" data-lightbox-gallery-loop=\"1\"><div class=\"uael-grid-item  uael-img-gallery-item-1\"><div class=\"uael-grid-item-content\"><a class=\"uael-grid-img uael-grid-gallery-img uael-ins-hover elementor-clickable\" data-fancybox=\"uael-gallery\" href=\"https:\/\/laximenavelasquez.com\/wp-content\/smush-webp\/2024\/12\/vestido-para-detenerse-3-scaled.jpg.webp\" data-elementor-open-lightbox=\"no\" data-smush-webp-fallback=\"{&quot;href&quot;:&quot;https:\\\/\\\/laximenavelasquez.com\\\/wp-content\\\/uploads\\\/2024\\\/12\\\/vestido-para-detenerse-3-scaled.jpg&quot;}\"><div class=\"uael-grid-img-thumbnail uael-ins-target\"><img fetchpriority=\"high\" decoding=\"async\" width=\"768\" height=\"576\" src=\"https:\/\/laximenavelasquez.com\/wp-content\/smush-webp\/2024\/12\/vestido-para-detenerse-3-768x576.jpg.webp\" class=\"attachment-medium_large size-medium_large wp-image-481\" alt=\"\" srcset=\"https:\/\/laximenavelasquez.com\/wp-content\/smush-webp\/2024\/12\/vestido-para-detenerse-3-768x576.jpg.webp 768w, https:\/\/laximenavelasquez.com\/wp-content\/smush-webp\/2024\/12\/vestido-para-detenerse-3-300x225.jpg.webp 300w, https:\/\/laximenavelasquez.com\/wp-content\/smush-webp\/2024\/12\/vestido-para-detenerse-3-1024x768.jpg.webp 1024w, https:\/\/laximenavelasquez.com\/wp-content\/smush-webp\/2024\/12\/vestido-para-detenerse-3-1536x1152.jpg.webp 1536w, https:\/\/laximenavelasquez.com\/wp-content\/smush-webp\/2024\/12\/vestido-para-detenerse-3-2048x1536.jpg.webp 2048w, https:\/\/laximenavelasquez.com\/wp-content\/uploads\/2024\/12\/vestido-para-detenerse-3-16x12.jpg 16w\" sizes=\"(max-width: 768px) 100vw, 768px\" data-smush-webp-fallback=\"{&quot;src&quot;:&quot;https:\\\/\\\/laximenavelasquez.com\\\/wp-content\\\/uploads\\\/2024\\\/12\\\/vestido-para-detenerse-3-768x576.jpg&quot;,&quot;srcset&quot;:&quot;https:\\\/\\\/laximenavelasquez.com\\\/wp-content\\\/uploads\\\/2024\\\/12\\\/vestido-para-detenerse-3-768x576.jpg 768w, https:\\\/\\\/laximenavelasquez.com\\\/wp-content\\\/uploads\\\/2024\\\/12\\\/vestido-para-detenerse-3-300x225.jpg 300w, https:\\\/\\\/laximenavelasquez.com\\\/wp-content\\\/uploads\\\/2024\\\/12\\\/vestido-para-detenerse-3-1024x768.jpg 1024w, https:\\\/\\\/laximenavelasquez.com\\\/wp-content\\\/uploads\\\/2024\\\/12\\\/vestido-para-detenerse-3-1536x1152.jpg 1536w, https:\\\/\\\/laximenavelasquez.com\\\/wp-content\\\/uploads\\\/2024\\\/12\\\/vestido-para-detenerse-3-2048x1536.jpg 2048w, https:\\\/\\\/laximenavelasquez.com\\\/wp-content\\\/uploads\\\/2024\\\/12\\\/vestido-para-detenerse-3-16x12.jpg 16w&quot;}\" \/><\/div><div class=\"uael-grid-img-overlay\"><\/div><\/a><\/div><\/div><div class=\"uael-grid-item  uael-img-gallery-item-2\"><div class=\"uael-grid-item-content\"><a class=\"uael-grid-img uael-grid-gallery-img uael-ins-hover elementor-clickable\" data-fancybox=\"uael-gallery\" href=\"https:\/\/laximenavelasquez.com\/wp-content\/smush-webp\/2024\/12\/Vestido-para-detenerse-scaled.jpg.webp\" data-elementor-open-lightbox=\"no\" data-smush-webp-fallback=\"{&quot;href&quot;:&quot;https:\\\/\\\/laximenavelasquez.com\\\/wp-content\\\/uploads\\\/2024\\\/12\\\/Vestido-para-detenerse-scaled.jpg&quot;}\"><div class=\"uael-grid-img-thumbnail uael-ins-target\"><img decoding=\"async\" width=\"768\" height=\"576\" data-src=\"https:\/\/laximenavelasquez.com\/wp-content\/smush-webp\/2024\/12\/Vestido-para-detenerse-768x576.jpg.webp\" class=\"attachment-medium_large size-medium_large wp-image-502 lazyload\" alt=\"\" data-srcset=\"https:\/\/laximenavelasquez.com\/wp-content\/smush-webp\/2024\/12\/Vestido-para-detenerse-768x576.jpg.webp 768w, https:\/\/laximenavelasquez.com\/wp-content\/smush-webp\/2024\/12\/Vestido-para-detenerse-300x225.jpg.webp 300w, https:\/\/laximenavelasquez.com\/wp-content\/smush-webp\/2024\/12\/Vestido-para-detenerse-1024x768.jpg.webp 1024w, https:\/\/laximenavelasquez.com\/wp-content\/smush-webp\/2024\/12\/Vestido-para-detenerse-1536x1152.jpg.webp 1536w, https:\/\/laximenavelasquez.com\/wp-content\/smush-webp\/2024\/12\/Vestido-para-detenerse-2048x1536.jpg.webp 2048w, https:\/\/laximenavelasquez.com\/wp-content\/uploads\/2024\/12\/Vestido-para-detenerse-16x12.jpg 16w\" data-sizes=\"(max-width: 768px) 100vw, 768px\" src=\"data:image\/gif;base64,R0lGODlhAQABAAAAACH5BAEKAAEALAAAAAABAAEAAAICTAEAOw==\" style=\"--smush-placeholder-width: 768px; --smush-placeholder-aspect-ratio: 768\/576;\" data-smush-webp-fallback=\"{&quot;data-src&quot;:&quot;https:\\\/\\\/laximenavelasquez.com\\\/wp-content\\\/uploads\\\/2024\\\/12\\\/Vestido-para-detenerse-768x576.jpg&quot;,&quot;data-srcset&quot;:&quot;https:\\\/\\\/laximenavelasquez.com\\\/wp-content\\\/uploads\\\/2024\\\/12\\\/Vestido-para-detenerse-768x576.jpg 768w, https:\\\/\\\/laximenavelasquez.com\\\/wp-content\\\/uploads\\\/2024\\\/12\\\/Vestido-para-detenerse-300x225.jpg 300w, https:\\\/\\\/laximenavelasquez.com\\\/wp-content\\\/uploads\\\/2024\\\/12\\\/Vestido-para-detenerse-1024x768.jpg 1024w, https:\\\/\\\/laximenavelasquez.com\\\/wp-content\\\/uploads\\\/2024\\\/12\\\/Vestido-para-detenerse-1536x1152.jpg 1536w, https:\\\/\\\/laximenavelasquez.com\\\/wp-content\\\/uploads\\\/2024\\\/12\\\/Vestido-para-detenerse-2048x1536.jpg 2048w, https:\\\/\\\/laximenavelasquez.com\\\/wp-content\\\/uploads\\\/2024\\\/12\\\/Vestido-para-detenerse-16x12.jpg 16w&quot;}\" \/><noscript><img decoding=\"async\" width=\"768\" height=\"576\" src=\"https:\/\/laximenavelasquez.com\/wp-content\/uploads\/2024\/12\/Vestido-para-detenerse-768x576.jpg\" class=\"attachment-medium_large size-medium_large wp-image-502\" alt=\"\" srcset=\"https:\/\/laximenavelasquez.com\/wp-content\/uploads\/2024\/12\/Vestido-para-detenerse-768x576.jpg 768w, https:\/\/laximenavelasquez.com\/wp-content\/uploads\/2024\/12\/Vestido-para-detenerse-300x225.jpg 300w, https:\/\/laximenavelasquez.com\/wp-content\/uploads\/2024\/12\/Vestido-para-detenerse-1024x768.jpg 1024w, https:\/\/laximenavelasquez.com\/wp-content\/uploads\/2024\/12\/Vestido-para-detenerse-1536x1152.jpg 1536w, https:\/\/laximenavelasquez.com\/wp-content\/uploads\/2024\/12\/Vestido-para-detenerse-2048x1536.jpg 2048w, https:\/\/laximenavelasquez.com\/wp-content\/uploads\/2024\/12\/Vestido-para-detenerse-16x12.jpg 16w\" sizes=\"(max-width: 768px) 100vw, 768px\" \/><\/noscript><\/div><div class=\"uael-grid-img-overlay\"><\/div><\/a><\/div><\/div><\/div><\/div>\t\t\t\t<\/div>\n\t\t\t\t<\/div>\n\t\t<div class=\"elementor-element elementor-element-6e6917f e-con-full e-flex e-con e-child\" data-id=\"6e6917f\" data-element_type=\"container\">\n\t\t\t\t<div class=\"elementor-element elementor-element-a50eac7 elementor-widget elementor-widget-heading\" data-id=\"a50eac7\" data-element_type=\"widget\" data-widget_type=\"heading.default\">\n\t\t\t\t<div class=\"elementor-widget-container\">\n\t\t\t\t\t<h2 class=\"elementor-heading-title elementor-size-default\">Cantinho para choro <\/h2>\t\t\t\t<\/div>\n\t\t\t\t<\/div>\n\t\t\t\t<div class=\"elementor-element elementor-element-afdbd2c elementor-widget elementor-widget-text-editor\" data-id=\"afdbd2c\" data-element_type=\"widget\" data-widget_type=\"text-editor.default\">\n\t\t\t\t<div class=\"elementor-widget-container\">\n\t\t\t\t\t\t\t\t\t<p><strong>A\u00e7\u00f5es e gestos para uma deriva<br \/>V\u00eddeo: 00:00.45\u00a0<br \/>2008\u00a0<\/strong><\/p>\t\t\t\t\t\t\t\t<\/div>\n\t\t\t\t<\/div>\n\t\t\t\t<div class=\"elementor-element elementor-element-cfdeb05 uael-aspect-ratio-16_9 elementor-widget elementor-widget-uael-video\" data-id=\"cfdeb05\" data-element_type=\"widget\" data-widget_type=\"uael-video.default\">\n\t\t\t\t<div class=\"elementor-widget-container\">\n\t\t\t\t\t\t\t\t\t<div class=\"uael-video__outer-wrap  uael-video-type-vimeo\" data-device=\"false\" data-vsticky=\"no\" data-hidedesktop=\"\" data-hidetablet=\"\" data-hidemobile=\"\" data-vsticky-viewport=\"0\" data-autoplay=\"0\">\n\t\t\t\t\t<div class=\"uael-vimeo-wrap\">\n\t\t\t\t\t\t<div class=\"uael-vimeo-portrait\">\n\t\t\t\t<a href=\"\"><img decoding=\"async\" src=\"https:\/\/i.vimeocdn.com\/portrait\/1031277_300x300?sig=52498b7d3eafa2bba93748d94da4471546867ffa1f45a198e2ec56913561f1fe&#038;v=1&#038;region=us\" alt=\"\"><\/a>\n\t\t\t<\/div>\n\t\t\t\t\t\t\t\t\t<div class=\"uael-vimeo-headers\">\n\t\t\t\t\t\t\t\t<div class=\"uael-vimeo-title\">\n\t\t\t\t\t<a href=\"\">Cantinho para choro<\/a>\n\t\t\t\t<\/div>\n\t\t\t\t\t\t\t\t\t\t\t\t<div class=\"uael-vimeo-byline\">\n\t\t\t\t\tde  <a href=\"\">ximena vel\u00e1squez<\/a>\n\t\t\t\t<\/div>\n\t\t\t\t\t\t\t<\/div>\n\t\t\t\t\t<\/div>\n\t\t\t\t\t\t\t<div class=\"uael-video-inner-wrap\">\n\t\t\t\t<div class=\"uael-video__play\" data-src=\"https:\/\/player.vimeo.com\/video\/39916152?loop=0&amp;title=1&amp;portrait=1&amp;byline=1&amp;muted=0&amp;color&amp;autopause=0&amp;autoplay=1#t=\">\n\t\t\t\t\t<img decoding=\"async\" class=\"uael-video__thumb\" src=\"https:\/\/i.vimeocdn.com\/video\/275592732-3e7c3c19e0cd05e3c3e49aaa4db318b8547803f366c4ac874ca4d58946ad1090-d_840?region=us\" alt=\"\"><\/img>\n\t\t\t\t\t<div class=\"uael-video__play-icon uael-animation-\">\n\t\t\t\t\t\t<svg aria-hidden=\"true\" class=\"e-font-icon-svg e-fa-play-circle\" viewbox=\"0 0 512 512\" xmlns=\"http:\/\/www.w3.org\/2000\/svg\"><path d=\"M256 8C119 8 8 119 8 256s111 248 248 248 248-111 248-248S393 8 256 8zm115.7 272l-176 101c-15.8 8.8-35.7-2.5-35.7-21V152c0-18.4 19.8-29.8 35.7-21l176 107c16.4 9.2 16.4 32.9 0 42z\"><\/path><\/svg>\t\t\t\t\t<\/div>\n\t\t\t\t<\/div>\n\t\t\t\t\t\t\t\t\t\t\t<\/div>\n\t\t<\/div>\n\t\t\t\t\t\t\t<\/div>\n\t\t\t\t<\/div>\n\t\t\t\t<div class=\"elementor-element elementor-element-07df6fd uael-img-grid__column-1 uael-img-grid-mobile__column-1 uael-img-grid-tablet__column-3 uael-ins-normal elementor-widget elementor-widget-uael-image-gallery\" data-id=\"07df6fd\" data-element_type=\"widget\" data-settings=\"{&quot;gallery_columns&quot;:&quot;1&quot;,&quot;gallery_columns_mobile&quot;:&quot;1&quot;,&quot;gallery_columns_tablet&quot;:&quot;3&quot;,&quot;column_gap&quot;:{&quot;unit&quot;:&quot;px&quot;,&quot;size&quot;:20,&quot;sizes&quot;:[]},&quot;column_gap_tablet&quot;:{&quot;unit&quot;:&quot;px&quot;,&quot;size&quot;:&quot;&quot;,&quot;sizes&quot;:[]},&quot;column_gap_mobile&quot;:{&quot;unit&quot;:&quot;px&quot;,&quot;size&quot;:&quot;&quot;,&quot;sizes&quot;:[]},&quot;row_gap&quot;:{&quot;unit&quot;:&quot;px&quot;,&quot;size&quot;:20,&quot;sizes&quot;:[]},&quot;row_gap_tablet&quot;:{&quot;unit&quot;:&quot;px&quot;,&quot;size&quot;:&quot;&quot;,&quot;sizes&quot;:[]},&quot;row_gap_mobile&quot;:{&quot;unit&quot;:&quot;px&quot;,&quot;size&quot;:&quot;&quot;,&quot;sizes&quot;:[]},&quot;images_valign&quot;:&quot;flex-start&quot;}\" data-widget_type=\"uael-image-gallery.default\">\n\t\t\t\t<div class=\"elementor-widget-container\">\n\t\t\t\t\t<div class=\"uael-gallery-parent uael-caption- uael-gallery-unjustified\"><div class=\"uael-img-gallery-wrap uael-img-grid-wrap uael-img-grid-masonry-wrap uael-image-lightbox-wrap\" data-filter-default=\"All\" data-lightbox_actions=\"[&quot;close&quot;]\" data-lightbox-gallery-loop=\"1\"><div class=\"uael-grid-item  uael-img-gallery-item-1\"><div class=\"uael-grid-item-content\"><a class=\"uael-grid-img uael-grid-gallery-img uael-ins-hover elementor-clickable\" data-fancybox=\"uael-gallery\" href=\"https:\/\/laximenavelasquez.com\/wp-content\/smush-webp\/2024\/12\/Rincon-para-llorar3-scaled-e1733182484865.jpg.webp\" data-elementor-open-lightbox=\"no\" data-smush-webp-fallback=\"{&quot;href&quot;:&quot;https:\\\/\\\/laximenavelasquez.com\\\/wp-content\\\/uploads\\\/2024\\\/12\\\/Rincon-para-llorar3-scaled-e1733182484865.jpg&quot;}\"><div class=\"uael-grid-img-thumbnail uael-ins-target\"><img decoding=\"async\" width=\"768\" height=\"1024\" data-src=\"https:\/\/laximenavelasquez.com\/wp-content\/smush-webp\/2024\/12\/Rincon-para-llorar3-scaled-e1733182484865-768x1024.jpg.webp\" class=\"attachment-medium_large size-medium_large wp-image-444 lazyload\" alt=\"\" data-srcset=\"https:\/\/laximenavelasquez.com\/wp-content\/smush-webp\/2024\/12\/Rincon-para-llorar3-scaled-e1733182484865-768x1024.jpg.webp 768w, https:\/\/laximenavelasquez.com\/wp-content\/smush-webp\/2024\/12\/Rincon-para-llorar3-scaled-e1733182484865-225x300.jpg.webp 225w, https:\/\/laximenavelasquez.com\/wp-content\/smush-webp\/2024\/12\/Rincon-para-llorar3-scaled-e1733182484865-1152x1536.jpg.webp 1152w, https:\/\/laximenavelasquez.com\/wp-content\/smush-webp\/2024\/12\/Rincon-para-llorar3-scaled-e1733182484865-1536x2048.jpg.webp 1536w, https:\/\/laximenavelasquez.com\/wp-content\/uploads\/2024\/12\/Rincon-para-llorar3-scaled-e1733182484865-9x12.jpg 9w, https:\/\/laximenavelasquez.com\/wp-content\/smush-webp\/2024\/12\/Rincon-para-llorar3-scaled-e1733182484865.jpg.webp 1920w\" data-sizes=\"(max-width: 768px) 100vw, 768px\" src=\"data:image\/gif;base64,R0lGODlhAQABAAAAACH5BAEKAAEALAAAAAABAAEAAAICTAEAOw==\" style=\"--smush-placeholder-width: 768px; --smush-placeholder-aspect-ratio: 768\/1024;\" data-smush-webp-fallback=\"{&quot;data-src&quot;:&quot;https:\\\/\\\/laximenavelasquez.com\\\/wp-content\\\/uploads\\\/2024\\\/12\\\/Rincon-para-llorar3-scaled-e1733182484865-768x1024.jpg&quot;,&quot;data-srcset&quot;:&quot;https:\\\/\\\/laximenavelasquez.com\\\/wp-content\\\/uploads\\\/2024\\\/12\\\/Rincon-para-llorar3-scaled-e1733182484865-768x1024.jpg 768w, https:\\\/\\\/laximenavelasquez.com\\\/wp-content\\\/uploads\\\/2024\\\/12\\\/Rincon-para-llorar3-scaled-e1733182484865-225x300.jpg 225w, https:\\\/\\\/laximenavelasquez.com\\\/wp-content\\\/uploads\\\/2024\\\/12\\\/Rincon-para-llorar3-scaled-e1733182484865-1152x1536.jpg 1152w, https:\\\/\\\/laximenavelasquez.com\\\/wp-content\\\/uploads\\\/2024\\\/12\\\/Rincon-para-llorar3-scaled-e1733182484865-1536x2048.jpg 1536w, https:\\\/\\\/laximenavelasquez.com\\\/wp-content\\\/uploads\\\/2024\\\/12\\\/Rincon-para-llorar3-scaled-e1733182484865-9x12.jpg 9w, https:\\\/\\\/laximenavelasquez.com\\\/wp-content\\\/uploads\\\/2024\\\/12\\\/Rincon-para-llorar3-scaled-e1733182484865.jpg 1920w&quot;}\" \/><noscript><img decoding=\"async\" width=\"768\" height=\"1024\" src=\"https:\/\/laximenavelasquez.com\/wp-content\/uploads\/2024\/12\/Rincon-para-llorar3-scaled-e1733182484865-768x1024.jpg\" class=\"attachment-medium_large size-medium_large wp-image-444\" alt=\"\" srcset=\"https:\/\/laximenavelasquez.com\/wp-content\/uploads\/2024\/12\/Rincon-para-llorar3-scaled-e1733182484865-768x1024.jpg 768w, https:\/\/laximenavelasquez.com\/wp-content\/uploads\/2024\/12\/Rincon-para-llorar3-scaled-e1733182484865-225x300.jpg 225w, https:\/\/laximenavelasquez.com\/wp-content\/uploads\/2024\/12\/Rincon-para-llorar3-scaled-e1733182484865-1152x1536.jpg 1152w, https:\/\/laximenavelasquez.com\/wp-content\/uploads\/2024\/12\/Rincon-para-llorar3-scaled-e1733182484865-1536x2048.jpg 1536w, https:\/\/laximenavelasquez.com\/wp-content\/uploads\/2024\/12\/Rincon-para-llorar3-scaled-e1733182484865-9x12.jpg 9w, https:\/\/laximenavelasquez.com\/wp-content\/uploads\/2024\/12\/Rincon-para-llorar3-scaled-e1733182484865.jpg 1920w\" sizes=\"(max-width: 768px) 100vw, 768px\" \/><\/noscript><\/div><div class=\"uael-grid-img-overlay\"><\/div><\/a><\/div><\/div><\/div><\/div>\t\t\t\t<\/div>\n\t\t\t\t<\/div>\n\t\t\t\t<\/div>\n\t\t\t\t\t<\/div>\n\t\t\t\t<\/div>\n\t\t<div class=\"elementor-element elementor-element-0ef7465 e-flex e-con-boxed e-con e-parent\" data-id=\"0ef7465\" data-element_type=\"container\">\n\t\t\t\t\t<div class=\"e-con-inner\">\n\t\t\t\t<div class=\"elementor-element elementor-element-08385de elementor-widget elementor-widget-text-editor\" data-id=\"08385de\" data-element_type=\"widget\" data-widget_type=\"text-editor.default\">\n\t\t\t\t<div class=\"elementor-widget-container\">\n\t\t\t\t\t\t\t\t\t<div style=\"text-align: justify;\"><p>\"<span class=\"TextRun SCXW48097893 BCX8\" lang=\"ES-ES\" xml:lang=\"ES-ES\" data-contrast=\"auto\"><span class=\"NormalTextRun SCXW48097893 BCX8\">O territ\u00f3rio \u00e9, antes de mais nada, a dist\u00e2ncia cr\u00edtica entre dois seres da mesma esp\u00e9cie: ele marca suas dist\u00e2ncias. A minha dist\u00e2ncia \u00e9 acima de tudo minha, eu s\u00f3 tenho dist\u00e2ncias. N\u00e3o quero que me toquem, rosno se entrarem em meu territ\u00f3rio, coloco faixas.<\/span><\/span>\"<\/p><p style=\"text-align: right; margin-top: 10px;\"><span class=\"TextRun SCXW259709227 BCX8\" lang=\"ES-ES\" xml:lang=\"ES-ES\" data-contrast=\"auto\"><span class=\"NormalTextRun SCXW259709227 BCX8\">Gilles Deleuze, F\u00e9lix Guattari.<\/span><\/span><span class=\"EOP SCXW259709227 BCX8\" data-ccp-props=\"{}\">\u00a0<\/span><\/p><\/div>\t\t\t\t\t\t\t\t<\/div>\n\t\t\t\t<\/div>\n\t\t\t\t\t<\/div>\n\t\t\t\t<\/div>\n\t\t\t\t<\/div>","protected":false},"excerpt":{"rendered":"<p>Acciones\u00a0y\u00a0gestos Vestido para detenerse Acciones y gestos para un emplazamiento\u00a0Fotograf\u00eda digital\u00a02008\u00a0 Rinc\u00f3n para llorar Acciones y gestos para una derivaVideo: 00:00.45\u00a02008\u00a0 https:\/\/vimeo.com\/39916152 \u00abEl territorio es en primer lugar la distancia cr\u00edtica entre dos seres de la misma especie: marca sus distancias. Lo m\u00edo es sobre todo mi distancia, s\u00f3lo poseo distancias. No quiero que me [&hellip;]<\/p>","protected":false},"author":1,"featured_media":0,"parent":206,"menu_order":0,"comment_status":"closed","ping_status":"closed","template":"","meta":{"footnotes":""},"class_list":["post-212","page","type-page","status-publish","hentry"],"_links":{"self":[{"href":"https:\/\/laximenavelasquez.com\/pt\/wp-json\/wp\/v2\/pages\/212","targetHints":{"allow":["GET"]}}],"collection":[{"href":"https:\/\/laximenavelasquez.com\/pt\/wp-json\/wp\/v2\/pages"}],"about":[{"href":"https:\/\/laximenavelasquez.com\/pt\/wp-json\/wp\/v2\/types\/page"}],"author":[{"embeddable":true,"href":"https:\/\/laximenavelasquez.com\/pt\/wp-json\/wp\/v2\/users\/1"}],"replies":[{"embeddable":true,"href":"https:\/\/laximenavelasquez.com\/pt\/wp-json\/wp\/v2\/comments?post=212"}],"version-history":[{"count":22,"href":"https:\/\/laximenavelasquez.com\/pt\/wp-json\/wp\/v2\/pages\/212\/revisions"}],"predecessor-version":[{"id":946,"href":"https:\/\/laximenavelasquez.com\/pt\/wp-json\/wp\/v2\/pages\/212\/revisions\/946"}],"up":[{"embeddable":true,"href":"https:\/\/laximenavelasquez.com\/pt\/wp-json\/wp\/v2\/pages\/206"}],"wp:attachment":[{"href":"https:\/\/laximenavelasquez.com\/pt\/wp-json\/wp\/v2\/media?parent=212"}],"curies":[{"name":"wp","href":"https:\/\/api.w.org\/{rel}","templated":true}]}}