{"id":214,"date":"2024-11-10T02:10:42","date_gmt":"2024-11-10T02:10:42","guid":{"rendered":"http:\/\/laximenavelasquez.com\/fotografia-y-archivo\/ambar\/"},"modified":"2024-12-03T15:55:44","modified_gmt":"2024-12-03T15:55:44","slug":"ambar","status":"publish","type":"page","link":"https:\/\/laximenavelasquez.com\/pt\/fotografia-y-archivo\/ambar\/","title":{"rendered":"\u00c2mbar"},"content":{"rendered":"<div data-elementor-type=\"wp-page\" data-elementor-id=\"214\" class=\"elementor elementor-214\" data-elementor-post-type=\"page\">\n\t\t\t\t<div class=\"elementor-element elementor-element-52a3316 e-flex e-con-boxed e-con e-parent\" data-id=\"52a3316\" data-element_type=\"container\">\n\t\t\t\t\t<div class=\"e-con-inner\">\n\t\t<div class=\"elementor-element elementor-element-326ce77 e-con-full e-flex e-con e-child\" data-id=\"326ce77\" data-element_type=\"container\">\n\t\t\t\t<div class=\"elementor-element elementor-element-b407747 elementor-widget elementor-widget-heading\" data-id=\"b407747\" data-element_type=\"widget\" data-widget_type=\"heading.default\">\n\t\t\t\t<div class=\"elementor-widget-container\">\n\t\t\t\t\t<h1 class=\"elementor-heading-title elementor-size-default\">\u00c2MBAR <\/h1>\t\t\t\t<\/div>\n\t\t\t\t<\/div>\n\t\t\t\t<div class=\"elementor-element elementor-element-e3fb3cc elementor-widget elementor-widget-text-editor\" data-id=\"e3fb3cc\" data-element_type=\"widget\" data-widget_type=\"text-editor.default\">\n\t\t\t\t<div class=\"elementor-widget-container\">\n\t\t\t\t\t\t\t\t\t<p><strong><i>Ximena Vel\u00e1squez S\u00e1nchez e Camilo Sabogal<\/i>\u00a0<br \/>Instala\u00e7\u00e3o de 4 vitrines com daguerre\u00f3tipos, fotografia digital, objetos e textos.\u00a0<br \/>Dimens\u00f5es vari\u00e1veis de aproximadamente 3 x 2 metros.\u00a0<br \/>2018\u00a0<\/strong><\/p>\t\t\t\t\t\t\t\t<\/div>\n\t\t\t\t<\/div>\n\t\t\t\t<div class=\"elementor-element elementor-element-89d6a5b uael-img-grid__column-1 uael-img-grid-mobile__column-1 uael-img-grid-tablet__column-2 uael-ins-normal elementor-widget elementor-widget-uael-image-gallery\" data-id=\"89d6a5b\" data-element_type=\"widget\" data-settings=\"{&quot;gallery_columns&quot;:&quot;1&quot;,&quot;gallery_columns_mobile&quot;:&quot;1&quot;,&quot;gallery_columns_tablet&quot;:&quot;2&quot;,&quot;column_gap&quot;:{&quot;unit&quot;:&quot;px&quot;,&quot;size&quot;:20,&quot;sizes&quot;:[]},&quot;column_gap_tablet&quot;:{&quot;unit&quot;:&quot;px&quot;,&quot;size&quot;:&quot;&quot;,&quot;sizes&quot;:[]},&quot;column_gap_mobile&quot;:{&quot;unit&quot;:&quot;px&quot;,&quot;size&quot;:&quot;&quot;,&quot;sizes&quot;:[]},&quot;row_gap&quot;:{&quot;unit&quot;:&quot;px&quot;,&quot;size&quot;:20,&quot;sizes&quot;:[]},&quot;row_gap_tablet&quot;:{&quot;unit&quot;:&quot;px&quot;,&quot;size&quot;:&quot;&quot;,&quot;sizes&quot;:[]},&quot;row_gap_mobile&quot;:{&quot;unit&quot;:&quot;px&quot;,&quot;size&quot;:&quot;&quot;,&quot;sizes&quot;:[]},&quot;images_valign&quot;:&quot;flex-start&quot;}\" data-widget_type=\"uael-image-gallery.default\">\n\t\t\t\t<div class=\"elementor-widget-container\">\n\t\t\t\t\t<div class=\"uael-gallery-parent uael-caption- uael-gallery-unjustified\"><div class=\"uael-img-gallery-wrap uael-img-grid-wrap uael-img-grid-masonry-wrap uael-image-lightbox-wrap\" data-filter-default=\"All\" data-lightbox_actions=\"[&quot;close&quot;]\" data-lightbox-gallery-loop=\"1\"><div class=\"uael-grid-item  uael-img-gallery-item-1\"><div class=\"uael-grid-item-content\"><a class=\"uael-grid-img uael-grid-gallery-img uael-ins-hover elementor-clickable\" data-fancybox=\"uael-gallery\" href=\"http:\/\/laximenavelasquez.com\/wp-content\/smush-webp\/2024\/12\/Ambar-1-scaled.jpg.webp\" data-elementor-open-lightbox=\"no\" data-smush-webp-fallback=\"{&quot;href&quot;:&quot;http:\\\/\\\/laximenavelasquez.com\\\/wp-content\\\/uploads\\\/2024\\\/12\\\/Ambar-1-scaled.jpg&quot;}\"><div class=\"uael-grid-img-thumbnail uael-ins-target\"><img fetchpriority=\"high\" decoding=\"async\" width=\"768\" height=\"528\" src=\"http:\/\/laximenavelasquez.com\/wp-content\/smush-webp\/2024\/12\/Ambar-1-768x528.jpg.webp\" class=\"attachment-medium_large size-medium_large wp-image-483\" alt=\"\" srcset=\"https:\/\/laximenavelasquez.com\/wp-content\/smush-webp\/2024\/12\/Ambar-1-768x528.jpg.webp 768w, https:\/\/laximenavelasquez.com\/wp-content\/uploads\/2024\/12\/Ambar-1-300x206.jpg 300w, https:\/\/laximenavelasquez.com\/wp-content\/smush-webp\/2024\/12\/Ambar-1-1024x703.jpg.webp 1024w, https:\/\/laximenavelasquez.com\/wp-content\/smush-webp\/2024\/12\/Ambar-1-1536x1055.jpg.webp 1536w, https:\/\/laximenavelasquez.com\/wp-content\/smush-webp\/2024\/12\/Ambar-1-2048x1407.jpg.webp 2048w, https:\/\/laximenavelasquez.com\/wp-content\/uploads\/2024\/12\/Ambar-1-18x12.jpg 18w\" sizes=\"(max-width: 768px) 100vw, 768px\" data-smush-webp-fallback=\"{&quot;src&quot;:&quot;http:\\\/\\\/laximenavelasquez.com\\\/wp-content\\\/uploads\\\/2024\\\/12\\\/Ambar-1-768x528.jpg&quot;,&quot;srcset&quot;:&quot;https:\\\/\\\/laximenavelasquez.com\\\/wp-content\\\/uploads\\\/2024\\\/12\\\/Ambar-1-768x528.jpg 768w, https:\\\/\\\/laximenavelasquez.com\\\/wp-content\\\/uploads\\\/2024\\\/12\\\/Ambar-1-300x206.jpg 300w, https:\\\/\\\/laximenavelasquez.com\\\/wp-content\\\/uploads\\\/2024\\\/12\\\/Ambar-1-1024x703.jpg 1024w, https:\\\/\\\/laximenavelasquez.com\\\/wp-content\\\/uploads\\\/2024\\\/12\\\/Ambar-1-1536x1055.jpg 1536w, https:\\\/\\\/laximenavelasquez.com\\\/wp-content\\\/uploads\\\/2024\\\/12\\\/Ambar-1-2048x1407.jpg 2048w, https:\\\/\\\/laximenavelasquez.com\\\/wp-content\\\/uploads\\\/2024\\\/12\\\/Ambar-1-18x12.jpg 18w&quot;}\" \/><\/div><div class=\"uael-grid-img-overlay\"><\/div><\/a><\/div><\/div><\/div><\/div>\t\t\t\t<\/div>\n\t\t\t\t<\/div>\n\t\t\t\t<div class=\"elementor-element elementor-element-02c7311 uael-img-grid__column-2 uael-img-grid-mobile__column-1 uael-img-grid-tablet__column-2 uael-ins-normal elementor-widget elementor-widget-uael-image-gallery\" data-id=\"02c7311\" data-element_type=\"widget\" data-settings=\"{&quot;gallery_columns&quot;:&quot;2&quot;,&quot;gallery_columns_mobile&quot;:&quot;1&quot;,&quot;gallery_columns_tablet&quot;:&quot;2&quot;,&quot;column_gap&quot;:{&quot;unit&quot;:&quot;px&quot;,&quot;size&quot;:20,&quot;sizes&quot;:[]},&quot;column_gap_tablet&quot;:{&quot;unit&quot;:&quot;px&quot;,&quot;size&quot;:&quot;&quot;,&quot;sizes&quot;:[]},&quot;column_gap_mobile&quot;:{&quot;unit&quot;:&quot;px&quot;,&quot;size&quot;:&quot;&quot;,&quot;sizes&quot;:[]},&quot;row_gap&quot;:{&quot;unit&quot;:&quot;px&quot;,&quot;size&quot;:20,&quot;sizes&quot;:[]},&quot;row_gap_tablet&quot;:{&quot;unit&quot;:&quot;px&quot;,&quot;size&quot;:&quot;&quot;,&quot;sizes&quot;:[]},&quot;row_gap_mobile&quot;:{&quot;unit&quot;:&quot;px&quot;,&quot;size&quot;:&quot;&quot;,&quot;sizes&quot;:[]},&quot;images_valign&quot;:&quot;flex-start&quot;}\" data-widget_type=\"uael-image-gallery.default\">\n\t\t\t\t<div class=\"elementor-widget-container\">\n\t\t\t\t\t<div class=\"uael-gallery-parent uael-caption- uael-gallery-unjustified\"><div class=\"uael-img-gallery-wrap uael-img-grid-wrap uael-img-grid-masonry-wrap uael-image-lightbox-wrap\" data-filter-default=\"All\" data-lightbox_actions=\"[&quot;close&quot;]\" data-lightbox-gallery-loop=\"1\"><div class=\"uael-grid-item  uael-img-gallery-item-1\"><div class=\"uael-grid-item-content\"><a class=\"uael-grid-img uael-grid-gallery-img uael-ins-hover elementor-clickable\" data-fancybox=\"uael-gallery\" href=\"http:\/\/laximenavelasquez.com\/wp-content\/uploads\/2024\/12\/Ambar-2.jpg\" data-elementor-open-lightbox=\"no\"><div class=\"uael-grid-img-thumbnail uael-ins-target\"><img decoding=\"async\" width=\"768\" height=\"512\" data-src=\"http:\/\/laximenavelasquez.com\/wp-content\/smush-webp\/2024\/12\/Ambar-2-768x512.jpg.webp\" class=\"attachment-medium_large size-medium_large wp-image-453 lazyload\" alt=\"\" data-srcset=\"https:\/\/laximenavelasquez.com\/wp-content\/smush-webp\/2024\/12\/Ambar-2-768x512.jpg.webp 768w, https:\/\/laximenavelasquez.com\/wp-content\/uploads\/2024\/12\/Ambar-2-300x200.jpg 300w, https:\/\/laximenavelasquez.com\/wp-content\/smush-webp\/2024\/12\/Ambar-2-1024x683.jpg.webp 1024w, https:\/\/laximenavelasquez.com\/wp-content\/smush-webp\/2024\/12\/Ambar-2-1536x1024.jpg.webp 1536w, https:\/\/laximenavelasquez.com\/wp-content\/smush-webp\/2024\/12\/Ambar-2-2048x1365.jpg.webp 2048w, https:\/\/laximenavelasquez.com\/wp-content\/uploads\/2024\/12\/Ambar-2-18x12.jpg 18w\" data-sizes=\"(max-width: 768px) 100vw, 768px\" src=\"data:image\/gif;base64,R0lGODlhAQABAAAAACH5BAEKAAEALAAAAAABAAEAAAICTAEAOw==\" style=\"--smush-placeholder-width: 768px; --smush-placeholder-aspect-ratio: 768\/512;\" data-smush-webp-fallback=\"{&quot;data-src&quot;:&quot;http:\\\/\\\/laximenavelasquez.com\\\/wp-content\\\/uploads\\\/2024\\\/12\\\/Ambar-2-768x512.jpg&quot;,&quot;data-srcset&quot;:&quot;https:\\\/\\\/laximenavelasquez.com\\\/wp-content\\\/uploads\\\/2024\\\/12\\\/Ambar-2-768x512.jpg 768w, https:\\\/\\\/laximenavelasquez.com\\\/wp-content\\\/uploads\\\/2024\\\/12\\\/Ambar-2-300x200.jpg 300w, https:\\\/\\\/laximenavelasquez.com\\\/wp-content\\\/uploads\\\/2024\\\/12\\\/Ambar-2-1024x683.jpg 1024w, https:\\\/\\\/laximenavelasquez.com\\\/wp-content\\\/uploads\\\/2024\\\/12\\\/Ambar-2-1536x1024.jpg 1536w, https:\\\/\\\/laximenavelasquez.com\\\/wp-content\\\/uploads\\\/2024\\\/12\\\/Ambar-2-2048x1365.jpg 2048w, https:\\\/\\\/laximenavelasquez.com\\\/wp-content\\\/uploads\\\/2024\\\/12\\\/Ambar-2-18x12.jpg 18w&quot;}\" \/><noscript><img decoding=\"async\" width=\"768\" height=\"512\" src=\"http:\/\/laximenavelasquez.com\/wp-content\/uploads\/2024\/12\/Ambar-2-768x512.jpg\" class=\"attachment-medium_large size-medium_large wp-image-453\" alt=\"\" srcset=\"https:\/\/laximenavelasquez.com\/wp-content\/uploads\/2024\/12\/Ambar-2-768x512.jpg 768w, https:\/\/laximenavelasquez.com\/wp-content\/uploads\/2024\/12\/Ambar-2-300x200.jpg 300w, https:\/\/laximenavelasquez.com\/wp-content\/uploads\/2024\/12\/Ambar-2-1024x683.jpg 1024w, https:\/\/laximenavelasquez.com\/wp-content\/uploads\/2024\/12\/Ambar-2-1536x1024.jpg 1536w, https:\/\/laximenavelasquez.com\/wp-content\/uploads\/2024\/12\/Ambar-2-2048x1365.jpg 2048w, https:\/\/laximenavelasquez.com\/wp-content\/uploads\/2024\/12\/Ambar-2-18x12.jpg 18w\" sizes=\"(max-width: 768px) 100vw, 768px\" \/><\/noscript><\/div><div class=\"uael-grid-img-overlay\"><\/div><\/a><\/div><\/div><div class=\"uael-grid-item  uael-img-gallery-item-2\"><div class=\"uael-grid-item-content\"><a class=\"uael-grid-img uael-grid-gallery-img uael-ins-hover elementor-clickable\" data-fancybox=\"uael-gallery\" href=\"http:\/\/laximenavelasquez.com\/wp-content\/uploads\/2024\/12\/Ambar-3.jpg\" data-elementor-open-lightbox=\"no\"><div class=\"uael-grid-img-thumbnail uael-ins-target\"><img decoding=\"async\" width=\"768\" height=\"512\" data-src=\"http:\/\/laximenavelasquez.com\/wp-content\/uploads\/2024\/12\/Ambar-3-768x512.jpg\" class=\"attachment-medium_large size-medium_large wp-image-495 lazyload\" alt=\"\" data-srcset=\"https:\/\/laximenavelasquez.com\/wp-content\/uploads\/2024\/12\/Ambar-3-768x512.jpg 768w, https:\/\/laximenavelasquez.com\/wp-content\/uploads\/2024\/12\/Ambar-3-300x200.jpg 300w, https:\/\/laximenavelasquez.com\/wp-content\/smush-webp\/2024\/12\/Ambar-3-1024x683.jpg.webp 1024w, https:\/\/laximenavelasquez.com\/wp-content\/smush-webp\/2024\/12\/Ambar-3-1536x1024.jpg.webp 1536w, https:\/\/laximenavelasquez.com\/wp-content\/smush-webp\/2024\/12\/Ambar-3-2048x1365.jpg.webp 2048w, https:\/\/laximenavelasquez.com\/wp-content\/uploads\/2024\/12\/Ambar-3-18x12.jpg 18w\" data-sizes=\"(max-width: 768px) 100vw, 768px\" src=\"data:image\/gif;base64,R0lGODlhAQABAAAAACH5BAEKAAEALAAAAAABAAEAAAICTAEAOw==\" style=\"--smush-placeholder-width: 768px; --smush-placeholder-aspect-ratio: 768\/512;\" data-smush-webp-fallback=\"{&quot;data-srcset&quot;:&quot;https:\\\/\\\/laximenavelasquez.com\\\/wp-content\\\/uploads\\\/2024\\\/12\\\/Ambar-3-768x512.jpg 768w, https:\\\/\\\/laximenavelasquez.com\\\/wp-content\\\/uploads\\\/2024\\\/12\\\/Ambar-3-300x200.jpg 300w, https:\\\/\\\/laximenavelasquez.com\\\/wp-content\\\/uploads\\\/2024\\\/12\\\/Ambar-3-1024x683.jpg 1024w, https:\\\/\\\/laximenavelasquez.com\\\/wp-content\\\/uploads\\\/2024\\\/12\\\/Ambar-3-1536x1024.jpg 1536w, https:\\\/\\\/laximenavelasquez.com\\\/wp-content\\\/uploads\\\/2024\\\/12\\\/Ambar-3-2048x1365.jpg 2048w, https:\\\/\\\/laximenavelasquez.com\\\/wp-content\\\/uploads\\\/2024\\\/12\\\/Ambar-3-18x12.jpg 18w&quot;}\" \/><noscript><img decoding=\"async\" width=\"768\" height=\"512\" src=\"http:\/\/laximenavelasquez.com\/wp-content\/uploads\/2024\/12\/Ambar-3-768x512.jpg\" class=\"attachment-medium_large size-medium_large wp-image-495\" alt=\"\" srcset=\"https:\/\/laximenavelasquez.com\/wp-content\/uploads\/2024\/12\/Ambar-3-768x512.jpg 768w, https:\/\/laximenavelasquez.com\/wp-content\/uploads\/2024\/12\/Ambar-3-300x200.jpg 300w, https:\/\/laximenavelasquez.com\/wp-content\/uploads\/2024\/12\/Ambar-3-1024x683.jpg 1024w, https:\/\/laximenavelasquez.com\/wp-content\/uploads\/2024\/12\/Ambar-3-1536x1024.jpg 1536w, https:\/\/laximenavelasquez.com\/wp-content\/uploads\/2024\/12\/Ambar-3-2048x1365.jpg 2048w, https:\/\/laximenavelasquez.com\/wp-content\/uploads\/2024\/12\/Ambar-3-18x12.jpg 18w\" sizes=\"(max-width: 768px) 100vw, 768px\" \/><\/noscript><\/div><div class=\"uael-grid-img-overlay\"><\/div><\/a><\/div><\/div><\/div><\/div>\t\t\t\t<\/div>\n\t\t\t\t<\/div>\n\t\t\t\t<div class=\"elementor-element elementor-element-02d9fc4 elementor-widget elementor-widget-text-editor\" data-id=\"02d9fc4\" data-element_type=\"widget\" data-widget_type=\"text-editor.default\">\n\t\t\t\t<div class=\"elementor-widget-container\">\n\t\t\t\t\t\t\t\t\t<p><span data-contrast=\"auto\">A palavra eletricidade vem da palavra grega \u00e9lektron, que significa \u00e2mbar, um produto extra\u00eddo da casca das \u00e1rvores, cuja textura leve e quebradi\u00e7a \u00e9 facilmente eletrificada quando esfregada. Da\u00ed o nome da obra.<\/span><span data-ccp-props=\"{}\">\u00a0<\/span><\/p><p class=\"translation-block\"><span data-contrast=\"auto\">E<\/span><span data-contrast=\"auto\">Este projeto explora as formas vis\u00edveis ou invis\u00edveis da eletricidade, raz\u00e3o pela qual decidimos explorar a imagem de uma aparente descarga el\u00e9trica, cuja forma se assemelha \u00e0 raiz de uma \u00e1rvore, seguindo a teoria dos fractais e recorrendo a uma licen\u00e7a po\u00e9tica para retornar \u00e0 sua antiga rela\u00e7\u00e3o com a \u00e1rvore. Em um n\u00edvel t\u00e9cnico, decidimos trabalhar com placas de daguerre\u00f3tipo, que \u00e9 o \u00fanico processo fotoqu\u00edmico que requer eletricidade para funcionar. Cada placa requer horas de trabalho para finalmente obter uma imagem com belos tons de azul e violeta, que acaba desaparecendo, da mesma forma que um raio passa pelo c\u00e9u antes de tocar o solo. Esse processo ef\u00eamero \u00e9 registrado para dar um relato do evento.<\/span><span data-ccp-props=\"{}\"> <\/span> <\/span><span data-ccp-props=\"{}\"> <\/span>.<\/p>\t\t\t\t\t\t\t\t<\/div>\n\t\t\t\t<\/div>\n\t\t\t\t<div class=\"elementor-element elementor-element-5bb7671 elementor-widget elementor-widget-text-editor\" data-id=\"5bb7671\" data-element_type=\"widget\" data-widget_type=\"text-editor.default\">\n\t\t\t\t<div class=\"elementor-widget-container\">\n\t\t\t\t\t\t\t\t\t<p><span class=\"TextRun SCXW260052822 BCX8\" lang=\"ES-ES\" xml:lang=\"ES-ES\" data-contrast=\"none\"><span class=\"NormalTextRun SCXW260052822 BCX8\">Trabalho<\/span> <span class=\"NormalTextRun SCXW260052822 BCX8\">exposto<\/span> <span class=\"NormalTextRun SCXW260052822 BCX8\">em<\/span> <span class=\"NormalTextRun SCXW260052822 BCX8\">VIII<\/span> <span class=\"NormalTextRun SCXW260052822 BCX8\">Bienal<\/span> <span class=\"NormalTextRun SCXW260052822 BCX8\">de<\/span> <span class=\"NormalTextRun SCXW260052822 BCX8\">professores.<\/span> <span class=\"NormalTextRun SCXW260052822 BCX8\">Departamento<\/span> <span class=\"NormalTextRun SCXW260052822 BCX8\">de<\/span> <span class=\"NormalTextRun SCXW260052822 BCX8\">Artes<\/span> <span class=\"NormalTextRun SCXW260052822 BCX8\">Pontif\u00edcia<\/span> <span class=\"NormalTextRun SCXW260052822 BCX8\">Universidade<\/span> <span class=\"NormalTextRun SCXW260052822 BCX8\">Javeriana.<\/span> <span class=\"NormalTextRun SCXW260052822 BCX8\">Bogot\u00e1<\/span> <span class=\"NormalTextRun SCXW260052822 BCX8\">Quarto<\/span> <span class=\"NormalTextRun SCXW260052822 BCX8\">de<\/span> <span class=\"NormalTextRun SCXW260052822 BCX8\">exposi\u00e7\u00f5es<\/span> <span class=\"NormalTextRun SCXW260052822 BCX8\">Edif\u00edcio<\/span> <span class=\"NormalTextRun SCXW260052822 BCX8\">Gerardo<\/span> <span class=\"NormalTextRun SCXW260052822 BCX8\">Arango.<\/span> <span class=\"NormalTextRun SCXW260052822 BCX8\">2018.<\/span><\/span><span class=\"EOP SCXW260052822 BCX8\" data-ccp-props=\"{&quot;335559738&quot;:1}\">\u00a0<\/span><\/p>\t\t\t\t\t\t\t\t<\/div>\n\t\t\t\t<\/div>\n\t\t\t\t<\/div>\n\t\t\t\t\t<\/div>\n\t\t\t\t<\/div>\n\t\t\t\t<\/div>","protected":false},"excerpt":{"rendered":"<p>\u00c1MBAR Ximena Vel\u00e1squez S\u00e1nchez y Camilo Sabogal\u00a0Instalaci\u00f3n de 4 vitrinas con daguerrotipos, fotograf\u00eda digital, objetos y textos.\u00a0Dimensiones variables 3 x 2 metros aprox.\u00a02018\u00a0 La palabra electricidad proviene del griego \u00e9lektron, que significa \u00e1mbar, producto extra\u00eddo de la corteza de los \u00e1rboles, cuya textura ligera y quebradiza se electriza f\u00e1cilmente al ser frotada. De ah\u00ed el [&hellip;]<\/p>","protected":false},"author":1,"featured_media":0,"parent":213,"menu_order":0,"comment_status":"closed","ping_status":"closed","template":"","meta":{"footnotes":""},"class_list":["post-214","page","type-page","status-publish","hentry"],"_links":{"self":[{"href":"https:\/\/laximenavelasquez.com\/pt\/wp-json\/wp\/v2\/pages\/214","targetHints":{"allow":["GET"]}}],"collection":[{"href":"https:\/\/laximenavelasquez.com\/pt\/wp-json\/wp\/v2\/pages"}],"about":[{"href":"https:\/\/laximenavelasquez.com\/pt\/wp-json\/wp\/v2\/types\/page"}],"author":[{"embeddable":true,"href":"https:\/\/laximenavelasquez.com\/pt\/wp-json\/wp\/v2\/users\/1"}],"replies":[{"embeddable":true,"href":"https:\/\/laximenavelasquez.com\/pt\/wp-json\/wp\/v2\/comments?post=214"}],"version-history":[{"count":6,"href":"https:\/\/laximenavelasquez.com\/pt\/wp-json\/wp\/v2\/pages\/214\/revisions"}],"predecessor-version":[{"id":885,"href":"https:\/\/laximenavelasquez.com\/pt\/wp-json\/wp\/v2\/pages\/214\/revisions\/885"}],"up":[{"embeddable":true,"href":"https:\/\/laximenavelasquez.com\/pt\/wp-json\/wp\/v2\/pages\/213"}],"wp:attachment":[{"href":"https:\/\/laximenavelasquez.com\/pt\/wp-json\/wp\/v2\/media?parent=214"}],"curies":[{"name":"wp","href":"https:\/\/api.w.org\/{rel}","templated":true}]}}