{"id":215,"date":"2024-11-10T02:10:46","date_gmt":"2024-11-10T02:10:46","guid":{"rendered":"http:\/\/laximenavelasquez.com\/fotografia-y-archivo\/serie-reliquias\/"},"modified":"2024-12-16T23:12:56","modified_gmt":"2024-12-16T23:12:56","slug":"levedad","status":"publish","type":"page","link":"https:\/\/laximenavelasquez.com\/pt\/fotografia-y-archivo\/levedad\/","title":{"rendered":"Levidade"},"content":{"rendered":"<div data-elementor-type=\"wp-page\" data-elementor-id=\"215\" class=\"elementor elementor-215\" data-elementor-post-type=\"page\">\n\t\t\t\t<div class=\"elementor-element elementor-element-f3eaec5 e-flex e-con-boxed e-con e-parent\" data-id=\"f3eaec5\" data-element_type=\"container\">\n\t\t\t\t\t<div class=\"e-con-inner\">\n\t\t<div class=\"elementor-element elementor-element-df6d711 e-con-full e-flex e-con e-child\" data-id=\"df6d711\" data-element_type=\"container\">\n\t\t\t\t<div class=\"elementor-element elementor-element-4667c23 elementor-widget elementor-widget-heading\" data-id=\"4667c23\" data-element_type=\"widget\" data-widget_type=\"heading.default\">\n\t\t\t\t<div class=\"elementor-widget-container\">\n\t\t\t\t\t<h1 class=\"elementor-heading-title elementor-size-default\">Levidade<\/h1>\t\t\t\t<\/div>\n\t\t\t\t<\/div>\n\t\t\t\t<div class=\"elementor-element elementor-element-40e8f9b elementor-widget elementor-widget-text-editor\" data-id=\"40e8f9b\" data-element_type=\"widget\" data-widget_type=\"text-editor.default\">\n\t\t\t\t<div class=\"elementor-widget-container\">\n\t\t\t\t\t\t\t\t\t<p><strong>Anima\u00e7\u00e3o digital do arquivo Muybridge 733.\u00a0<br \/>2018\u00a0<\/strong><\/p>\t\t\t\t\t\t\t\t<\/div>\n\t\t\t\t<\/div>\n\t\t\t\t<div class=\"elementor-element elementor-element-1a61d59 elementor-widget-mobile__width-inherit uael-aspect-ratio-16_9 elementor-widget elementor-widget-uael-video\" data-id=\"1a61d59\" data-element_type=\"widget\" data-widget_type=\"uael-video.default\">\n\t\t\t\t<div class=\"elementor-widget-container\">\n\t\t\t\t\t\t\t\t\t<div class=\"uael-video__outer-wrap  uael-video-type-vimeo\" data-device=\"false\" data-vsticky=\"no\" data-hidedesktop=\"\" data-hidetablet=\"\" data-hidemobile=\"\" data-vsticky-viewport=\"0\" data-autoplay=\"0\">\n\t\t\t\t\t<div class=\"uael-vimeo-wrap\">\n\t\t\t\t\t\t\t\t\t<div class=\"uael-vimeo-headers\">\n\t\t\t\t\t\t\t\t<div class=\"uael-vimeo-title\">\n\t\t\t\t\t<a href=\"\">Levidade<\/a>\n\t\t\t\t<\/div>\n\t\t\t\t\t\t\t\t\t\t\t\t<div class=\"uael-vimeo-byline\">\n\t\t\t\t\tde  <a href=\"\">ximena vel\u00e1squez<\/a>\n\t\t\t\t<\/div>\n\t\t\t\t\t\t\t<\/div>\n\t\t\t\t\t<\/div>\n\t\t\t\t\t\t\t<div class=\"uael-video-inner-wrap\">\n\t\t\t\t<div class=\"uael-video__play\" data-src=\"https:\/\/player.vimeo.com\/video\/1030200865?loop=0&amp;title=1&amp;portrait=0&amp;byline=1&amp;muted=0&amp;color&amp;autopause=0&amp;autoplay=1#t=\">\n\t\t\t\t\t<img decoding=\"async\" class=\"uael-video__thumb\" src=\"https:\/\/i.vimeocdn.com\/video\/1950696501-d5d1131457891004faa3b48a393ed791b466312fe9f0cc0ddc0a68f729895fbe-d_840?region=us\" alt=\"\"><\/img>\n\t\t\t\t\t<div class=\"uael-video__play-icon uael-animation-\">\n\t\t\t\t\t\t<svg aria-hidden=\"true\" class=\"e-font-icon-svg e-fa-play-circle\" viewbox=\"0 0 512 512\" xmlns=\"http:\/\/www.w3.org\/2000\/svg\"><path d=\"M256 8C119 8 8 119 8 256s111 248 248 248 248-111 248-248S393 8 256 8zm115.7 272l-176 101c-15.8 8.8-35.7-2.5-35.7-21V152c0-18.4 19.8-29.8 35.7-21l176 107c16.4 9.2 16.4 32.9 0 42z\"><\/path><\/svg>\t\t\t\t\t<\/div>\n\t\t\t\t<\/div>\n\t\t\t\t\t\t\t\t\t\t\t<\/div>\n\t\t<\/div>\n\t\t\t\t\t\t\t<\/div>\n\t\t\t\t<\/div>\n\t\t\t\t<div class=\"elementor-element elementor-element-31475f7 uael-img-grid-mobile__column-1 uael-img-grid-tablet__column-2 uael-img-grid__column-1 uael-ins-normal elementor-widget elementor-widget-uael-image-gallery\" data-id=\"31475f7\" data-element_type=\"widget\" data-settings=\"{&quot;gallery_columns_mobile&quot;:&quot;1&quot;,&quot;gallery_columns_tablet&quot;:&quot;2&quot;,&quot;gallery_columns&quot;:&quot;1&quot;,&quot;column_gap&quot;:{&quot;unit&quot;:&quot;px&quot;,&quot;size&quot;:20,&quot;sizes&quot;:[]},&quot;column_gap_tablet&quot;:{&quot;unit&quot;:&quot;px&quot;,&quot;size&quot;:&quot;&quot;,&quot;sizes&quot;:[]},&quot;column_gap_mobile&quot;:{&quot;unit&quot;:&quot;px&quot;,&quot;size&quot;:&quot;&quot;,&quot;sizes&quot;:[]},&quot;row_gap&quot;:{&quot;unit&quot;:&quot;px&quot;,&quot;size&quot;:20,&quot;sizes&quot;:[]},&quot;row_gap_tablet&quot;:{&quot;unit&quot;:&quot;px&quot;,&quot;size&quot;:&quot;&quot;,&quot;sizes&quot;:[]},&quot;row_gap_mobile&quot;:{&quot;unit&quot;:&quot;px&quot;,&quot;size&quot;:&quot;&quot;,&quot;sizes&quot;:[]},&quot;images_valign&quot;:&quot;flex-start&quot;}\" data-widget_type=\"uael-image-gallery.default\">\n\t\t\t\t<div class=\"elementor-widget-container\">\n\t\t\t\t\t<div class=\"uael-gallery-parent uael-caption- uael-gallery-unjustified\"><div class=\"uael-img-gallery-wrap uael-img-grid-wrap uael-img-grid-masonry-wrap uael-image-lightbox-wrap\" data-filter-default=\"All\" data-lightbox_actions=\"[&quot;close&quot;]\" data-lightbox-gallery-loop=\"1\"><div class=\"uael-grid-item  uael-img-gallery-item-1\"><div class=\"uael-grid-item-content\"><a class=\"uael-grid-img uael-grid-gallery-img uael-ins-hover elementor-clickable\" data-fancybox=\"uael-gallery\" href=\"https:\/\/laximenavelasquez.com\/wp-content\/uploads\/2024\/12\/Levedad-placa-733-1887-Muybridge.png\" data-elementor-open-lightbox=\"no\"><div class=\"uael-grid-img-thumbnail uael-ins-target\"><img fetchpriority=\"high\" decoding=\"async\" width=\"768\" height=\"443\" src=\"https:\/\/laximenavelasquez.com\/wp-content\/smush-webp\/2024\/12\/Levedad-placa-733-1887-Muybridge-768x443.png.webp\" class=\"attachment-medium_large size-medium_large wp-image-509\" alt=\"\" srcset=\"https:\/\/laximenavelasquez.com\/wp-content\/smush-webp\/2024\/12\/Levedad-placa-733-1887-Muybridge-768x443.png.webp 768w, https:\/\/laximenavelasquez.com\/wp-content\/smush-webp\/2024\/12\/Levedad-placa-733-1887-Muybridge-300x173.png.webp 300w, https:\/\/laximenavelasquez.com\/wp-content\/smush-webp\/2024\/12\/Levedad-placa-733-1887-Muybridge-1024x590.png.webp 1024w, https:\/\/laximenavelasquez.com\/wp-content\/uploads\/2024\/12\/Levedad-placa-733-1887-Muybridge-18x10.png 18w, https:\/\/laximenavelasquez.com\/wp-content\/uploads\/2024\/12\/Levedad-placa-733-1887-Muybridge.png 1459w\" sizes=\"(max-width: 768px) 100vw, 768px\" data-smush-webp-fallback=\"{&quot;src&quot;:&quot;https:\\\/\\\/laximenavelasquez.com\\\/wp-content\\\/uploads\\\/2024\\\/12\\\/Levedad-placa-733-1887-Muybridge-768x443.png&quot;,&quot;srcset&quot;:&quot;https:\\\/\\\/laximenavelasquez.com\\\/wp-content\\\/uploads\\\/2024\\\/12\\\/Levedad-placa-733-1887-Muybridge-768x443.png 768w, https:\\\/\\\/laximenavelasquez.com\\\/wp-content\\\/uploads\\\/2024\\\/12\\\/Levedad-placa-733-1887-Muybridge-300x173.png 300w, https:\\\/\\\/laximenavelasquez.com\\\/wp-content\\\/uploads\\\/2024\\\/12\\\/Levedad-placa-733-1887-Muybridge-1024x590.png 1024w, https:\\\/\\\/laximenavelasquez.com\\\/wp-content\\\/uploads\\\/2024\\\/12\\\/Levedad-placa-733-1887-Muybridge-18x10.png 18w, https:\\\/\\\/laximenavelasquez.com\\\/wp-content\\\/uploads\\\/2024\\\/12\\\/Levedad-placa-733-1887-Muybridge.png 1459w&quot;}\" \/><\/div><div class=\"uael-grid-img-overlay\"><\/div><\/a><\/div><\/div><\/div><\/div>\t\t\t\t<\/div>\n\t\t\t\t<\/div>\n\t\t\t\t<div class=\"elementor-element elementor-element-6ba164c elementor-widget elementor-widget-text-editor\" data-id=\"6ba164c\" data-element_type=\"widget\" data-widget_type=\"text-editor.default\">\n\t\t\t\t<div class=\"elementor-widget-container\">\n\t\t\t\t\t\t\t\t\t<p><span class=\"TextRun SCXW255360178 BCX8\" lang=\"ES-ES\" xml:lang=\"ES-ES\" data-contrast=\"auto\"><span class=\"NormalTextRun SCXW255360178 BCX8\">Sempre fui apaixonado por cronofotografia, especialmente a desenvolvida por Marey, que buscava entender o movimento de uma perspectiva cient\u00edfica, capturando seu fluxo e reduzindo seus estudos aos tra\u00e7os deixados por um corpo que, em alguns casos, desapareciam em fundos pretos. Muybridge, por outro lado, era um entusiasta da beleza, <\/span><span class=\"NormalTextRun SCXW255360178 BCX8\">e movimento corporal anat\u00f4mico impercept\u00edvel aos olhos,<\/span><span class=\"NormalTextRun SCXW255360178 BCX8\"> que foi capturado por v\u00e1rias c\u00e2meras. <\/span><span class=\"NormalTextRun SCXW255360178 BCX8\">ativado por um corpo <\/span><span class=\"NormalTextRun SCXW255360178 BCX8\">durante o <\/span><span class=\"NormalTextRun SCXW255360178 BCX8\">desloca<\/span><span class=\"NormalTextRun SCXW255360178 BCX8\">miento<\/span><span class=\"NormalTextRun SCXW255360178 BCX8\">.<\/span><span class=\"NormalTextRun SCXW255360178 BCX8\"> Neste<\/span><span class=\"NormalTextRun SCXW255360178 BCX8\">m particular, o trabalho<\/span><span class=\"NormalTextRun SCXW255360178 BCX8\">Decidi colocar a corporeidade do elefante em tens\u00e3o.<\/span><span class=\"NormalTextRun SCXW255360178 BCX8\"> de <\/span><span class=\"NormalTextRun SCXW255360178 BCX8\">Muybridge, aplaudindo<\/span><span class=\"NormalTextRun SCXW255360178 BCX8\"> as fotografias<\/span> <span class=\"NormalTextRun SCXW255360178 BCX8\">de seus pratos <\/span><span class=\"NormalTextRun SCXW255360178 BCX8\">fotogr\u00e1fico e<\/span><span class=\"NormalTextRun SCXW255360178 BCX8\"> permitindo<\/span><span class=\"NormalTextRun SCXW255360178 BCX8\"> o elefante<\/span><span class=\"NormalTextRun SCXW255360178 BCX8\"> use um ventilador de m\u00e3o, leve e arejado<\/span><span class=\"NormalTextRun SCXW255360178 BCX8\">reafirmando<\/span><span class=\"NormalTextRun SCXW255360178 BCX8\">ou, de certa forma, o car\u00e1ter espetacular que eles promoveram <\/span><span class=\"NormalTextRun SCXW255360178 BCX8\">suas cronofotografias.<\/span><span class=\"NormalTextRun SCXW255360178 BCX8\">\u00a0<\/span><\/span><span class=\"EOP SCXW255360178 BCX8\" data-ccp-props=\"{}\">\u00a0<\/span><\/p>\t\t\t\t\t\t\t\t<\/div>\n\t\t\t\t<\/div>\n\t\t\t\t<div class=\"elementor-element elementor-element-590cf7f elementor-widget elementor-widget-text-editor\" data-id=\"590cf7f\" data-element_type=\"widget\" data-widget_type=\"text-editor.default\">\n\t\t\t\t<div class=\"elementor-widget-container\">\n\t\t\t\t\t\t\t\t\t<p><span class=\"TextRun SCXW198466538 BCX8\" lang=\"ES-ES\" xml:lang=\"ES-ES\" data-contrast=\"none\"><span class=\"NormalTextRun SCXW198466538 BCX8\">Obra de propriedade da SUBSOLO Laborat\u00f3rio de arte. Campinas, Brasil. Exibido na exposi\u00e7\u00e3o <\/span><span class=\"NormalTextRun SCXW198466538 BCX8\">Prismas <\/span><span class=\"NormalTextRun SpellingErrorV2Themed SCXW198466538 BCX8\">Leil\u00e3o<\/span><span class=\"NormalTextRun SCXW198466538 BCX8\"> de <\/span><span class=\"NormalTextRun SpellingErrorV2Themed SCXW198466538 BCX8\">Parede<\/span><span class=\"NormalTextRun SCXW198466538 BCX8\">.<\/span><\/span><\/p>\t\t\t\t\t\t\t\t<\/div>\n\t\t\t\t<\/div>\n\t\t\t\t<\/div>\n\t\t\t\t\t<\/div>\n\t\t\t\t<\/div>\n\t\t\t\t<\/div>","protected":false},"excerpt":{"rendered":"<p>Levedad Animaci\u00f3n digital a partir del archivo 733 de Muybridge.\u00a02018\u00a0 https:\/\/vimeo.com\/1030200865 Desde siempre me ha apasionado la cronofotograf\u00eda, especialmente la desarrollada por Marey, quien buscaba entender el movimiento desde una perspectiva cient\u00edfica, capturando su fluir y reduciendo sus estudios a los trazos dejados por un cuerpo que, en algunos casos, se desvanec\u00eda en fondos negros. [&hellip;]<\/p>","protected":false},"author":1,"featured_media":0,"parent":213,"menu_order":0,"comment_status":"closed","ping_status":"closed","template":"","meta":{"footnotes":""},"class_list":["post-215","page","type-page","status-publish","hentry"],"_links":{"self":[{"href":"https:\/\/laximenavelasquez.com\/pt\/wp-json\/wp\/v2\/pages\/215","targetHints":{"allow":["GET"]}}],"collection":[{"href":"https:\/\/laximenavelasquez.com\/pt\/wp-json\/wp\/v2\/pages"}],"about":[{"href":"https:\/\/laximenavelasquez.com\/pt\/wp-json\/wp\/v2\/types\/page"}],"author":[{"embeddable":true,"href":"https:\/\/laximenavelasquez.com\/pt\/wp-json\/wp\/v2\/users\/1"}],"replies":[{"embeddable":true,"href":"https:\/\/laximenavelasquez.com\/pt\/wp-json\/wp\/v2\/comments?post=215"}],"version-history":[{"count":13,"href":"https:\/\/laximenavelasquez.com\/pt\/wp-json\/wp\/v2\/pages\/215\/revisions"}],"predecessor-version":[{"id":949,"href":"https:\/\/laximenavelasquez.com\/pt\/wp-json\/wp\/v2\/pages\/215\/revisions\/949"}],"up":[{"embeddable":true,"href":"https:\/\/laximenavelasquez.com\/pt\/wp-json\/wp\/v2\/pages\/213"}],"wp:attachment":[{"href":"https:\/\/laximenavelasquez.com\/pt\/wp-json\/wp\/v2\/media?parent=215"}],"curies":[{"name":"wp","href":"https:\/\/api.w.org\/{rel}","templated":true}]}}