{"id":373,"date":"2024-11-18T22:28:53","date_gmt":"2024-11-18T22:28:53","guid":{"rendered":"http:\/\/laximenavelasquez.com\/lo-que-no-alcanza-a-ser-llovizna\/trampa-para-fantasmas-i\/"},"modified":"2024-12-16T22:24:09","modified_gmt":"2024-12-16T22:24:09","slug":"trampa-para-fantasmas-i","status":"publish","type":"page","link":"https:\/\/laximenavelasquez.com\/pt\/lo-que-no-alcanza-a-ser-llovizna\/trampa-para-fantasmas-i\/","title":{"rendered":"Armadilha para fantasmas I"},"content":{"rendered":"<div data-elementor-type=\"wp-page\" data-elementor-id=\"373\" class=\"elementor elementor-373\" data-elementor-post-type=\"page\">\n\t\t\t\t<div class=\"elementor-element elementor-element-fcfaddc e-flex e-con-boxed e-con e-parent\" data-id=\"fcfaddc\" data-element_type=\"container\">\n\t\t\t\t\t<div class=\"e-con-inner\">\n\t\t<div class=\"elementor-element elementor-element-e503cfc e-con-full e-flex e-con e-child\" data-id=\"e503cfc\" data-element_type=\"container\">\n\t\t\t\t<div class=\"elementor-element elementor-element-eb3aeb5 elementor-widget elementor-widget-heading\" data-id=\"eb3aeb5\" data-element_type=\"widget\" data-widget_type=\"heading.default\">\n\t\t\t\t<div class=\"elementor-widget-container\">\n\t\t\t\t\t<h2 class=\"elementor-heading-title elementor-size-default\">Armadilha para fantasmas I<\/h2>\t\t\t\t<\/div>\n\t\t\t\t<\/div>\n\t\t\t\t<div class=\"elementor-element elementor-element-126b7a3 elementor-widget elementor-widget-text-editor\" data-id=\"126b7a3\" data-element_type=\"widget\" data-widget_type=\"text-editor.default\">\n\t\t\t\t<div class=\"elementor-widget-container\">\n\t\t\t\t\t\t\t\t\t<p><strong>3 projetores de slides, 3 pain\u00e9is de vidro fosco\u00a0<br \/>Dimens\u00f5es vari\u00e1veis: 5 x 5 metros, aproximadamente.\u00a0<br \/>2022\u00a0<\/strong><\/p>\t\t\t\t\t\t\t\t<\/div>\n\t\t\t\t<\/div>\n\t\t\t\t<div class=\"elementor-element elementor-element-cedd81a uael-img-grid__column-1 uael-img-grid-tablet__column-3 uael-img-grid-mobile__column-2 uael-ins-normal elementor-widget elementor-widget-uael-image-gallery\" data-id=\"cedd81a\" data-element_type=\"widget\" data-settings=\"{&quot;gallery_columns&quot;:&quot;1&quot;,&quot;gallery_columns_tablet&quot;:&quot;3&quot;,&quot;gallery_columns_mobile&quot;:&quot;2&quot;,&quot;column_gap&quot;:{&quot;unit&quot;:&quot;px&quot;,&quot;size&quot;:20,&quot;sizes&quot;:[]},&quot;column_gap_tablet&quot;:{&quot;unit&quot;:&quot;px&quot;,&quot;size&quot;:&quot;&quot;,&quot;sizes&quot;:[]},&quot;column_gap_mobile&quot;:{&quot;unit&quot;:&quot;px&quot;,&quot;size&quot;:&quot;&quot;,&quot;sizes&quot;:[]},&quot;row_gap&quot;:{&quot;unit&quot;:&quot;px&quot;,&quot;size&quot;:20,&quot;sizes&quot;:[]},&quot;row_gap_tablet&quot;:{&quot;unit&quot;:&quot;px&quot;,&quot;size&quot;:&quot;&quot;,&quot;sizes&quot;:[]},&quot;row_gap_mobile&quot;:{&quot;unit&quot;:&quot;px&quot;,&quot;size&quot;:&quot;&quot;,&quot;sizes&quot;:[]},&quot;images_valign&quot;:&quot;flex-start&quot;}\" data-widget_type=\"uael-image-gallery.default\">\n\t\t\t\t<div class=\"elementor-widget-container\">\n\t\t\t\t\t<div class=\"uael-gallery-parent uael-caption- uael-gallery-unjustified\"><div class=\"uael-img-gallery-wrap uael-img-grid-wrap uael-img-grid-masonry-wrap\" data-filter-default=\"All\"><div class=\"uael-grid-item  uael-img-gallery-item-1\"><div class=\"uael-grid-item-content\"><a class=\"uael-grid-img uael-grid-gallery-img uael-ins-hover elementor-clickable\" target=\"_blank\" rel=\"dofollow\" href=\"https:\/\/laximenavelasquez.com\/wp-content\/smush-webp\/2024\/12\/Trampa-para-fantasmas-I-scaled.jpg.webp\" data-elementor-open-lightbox=\"no\" data-smush-webp-fallback=\"{&quot;href&quot;:&quot;https:\\\/\\\/laximenavelasquez.com\\\/wp-content\\\/uploads\\\/2024\\\/12\\\/Trampa-para-fantasmas-I-scaled.jpg&quot;}\"><div class=\"uael-grid-img-thumbnail uael-ins-target\"><img fetchpriority=\"high\" decoding=\"async\" width=\"768\" height=\"512\" src=\"https:\/\/laximenavelasquez.com\/wp-content\/smush-webp\/2024\/12\/Trampa-para-fantasmas-I-768x512.jpg.webp\" class=\"attachment-medium_large size-medium_large wp-image-520\" alt=\"\" srcset=\"https:\/\/laximenavelasquez.com\/wp-content\/smush-webp\/2024\/12\/Trampa-para-fantasmas-I-768x512.jpg.webp 768w, https:\/\/laximenavelasquez.com\/wp-content\/smush-webp\/2024\/12\/Trampa-para-fantasmas-I-300x200.jpg.webp 300w, https:\/\/laximenavelasquez.com\/wp-content\/smush-webp\/2024\/12\/Trampa-para-fantasmas-I-1024x683.jpg.webp 1024w, https:\/\/laximenavelasquez.com\/wp-content\/smush-webp\/2024\/12\/Trampa-para-fantasmas-I-1536x1024.jpg.webp 1536w, https:\/\/laximenavelasquez.com\/wp-content\/smush-webp\/2024\/12\/Trampa-para-fantasmas-I-2048x1365.jpg.webp 2048w, https:\/\/laximenavelasquez.com\/wp-content\/smush-webp\/2024\/12\/Trampa-para-fantasmas-I-18x12.jpg.webp 18w\" sizes=\"(max-width: 768px) 100vw, 768px\" data-smush-webp-fallback=\"{&quot;src&quot;:&quot;https:\\\/\\\/laximenavelasquez.com\\\/wp-content\\\/uploads\\\/2024\\\/12\\\/Trampa-para-fantasmas-I-768x512.jpg&quot;,&quot;srcset&quot;:&quot;https:\\\/\\\/laximenavelasquez.com\\\/wp-content\\\/uploads\\\/2024\\\/12\\\/Trampa-para-fantasmas-I-768x512.jpg 768w, https:\\\/\\\/laximenavelasquez.com\\\/wp-content\\\/uploads\\\/2024\\\/12\\\/Trampa-para-fantasmas-I-300x200.jpg 300w, https:\\\/\\\/laximenavelasquez.com\\\/wp-content\\\/uploads\\\/2024\\\/12\\\/Trampa-para-fantasmas-I-1024x683.jpg 1024w, https:\\\/\\\/laximenavelasquez.com\\\/wp-content\\\/uploads\\\/2024\\\/12\\\/Trampa-para-fantasmas-I-1536x1024.jpg 1536w, https:\\\/\\\/laximenavelasquez.com\\\/wp-content\\\/uploads\\\/2024\\\/12\\\/Trampa-para-fantasmas-I-2048x1365.jpg 2048w, https:\\\/\\\/laximenavelasquez.com\\\/wp-content\\\/uploads\\\/2024\\\/12\\\/Trampa-para-fantasmas-I-18x12.jpg 18w&quot;}\" \/><\/div><div class=\"uael-grid-img-overlay\"><\/div><\/a><\/div><\/div><div class=\"uael-grid-item  uael-img-gallery-item-2\"><div class=\"uael-grid-item-content\"><a class=\"uael-grid-img uael-grid-gallery-img uael-ins-hover elementor-clickable\" target=\"_blank\" rel=\"dofollow\" href=\"https:\/\/laximenavelasquez.com\/wp-content\/smush-webp\/2024\/12\/Tramapa-para-fantasmas-1.jpg.webp\" data-elementor-open-lightbox=\"no\" data-smush-webp-fallback=\"{&quot;href&quot;:&quot;https:\\\/\\\/laximenavelasquez.com\\\/wp-content\\\/uploads\\\/2024\\\/12\\\/Tramapa-para-fantasmas-1.jpg&quot;}\"><div class=\"uael-grid-img-thumbnail uael-ins-target\"><img decoding=\"async\" width=\"768\" height=\"342\" data-src=\"https:\/\/laximenavelasquez.com\/wp-content\/smush-webp\/2024\/12\/Tramapa-para-fantasmas-1-768x342.jpg.webp\" class=\"attachment-medium_large size-medium_large wp-image-715 lazyload\" alt=\"\" data-srcset=\"https:\/\/laximenavelasquez.com\/wp-content\/smush-webp\/2024\/12\/Tramapa-para-fantasmas-1-768x342.jpg.webp 768w, https:\/\/laximenavelasquez.com\/wp-content\/smush-webp\/2024\/12\/Tramapa-para-fantasmas-1-300x134.jpg.webp 300w, https:\/\/laximenavelasquez.com\/wp-content\/smush-webp\/2024\/12\/Tramapa-para-fantasmas-1-1024x456.jpg.webp 1024w, https:\/\/laximenavelasquez.com\/wp-content\/smush-webp\/2024\/12\/Tramapa-para-fantasmas-1-18x8.jpg.webp 18w, https:\/\/laximenavelasquez.com\/wp-content\/smush-webp\/2024\/12\/Tramapa-para-fantasmas-1.jpg.webp 1129w\" data-sizes=\"(max-width: 768px) 100vw, 768px\" src=\"data:image\/gif;base64,R0lGODlhAQABAAAAACH5BAEKAAEALAAAAAABAAEAAAICTAEAOw==\" style=\"--smush-placeholder-width: 768px; --smush-placeholder-aspect-ratio: 768\/342;\" data-smush-webp-fallback=\"{&quot;data-src&quot;:&quot;https:\\\/\\\/laximenavelasquez.com\\\/wp-content\\\/uploads\\\/2024\\\/12\\\/Tramapa-para-fantasmas-1-768x342.jpg&quot;,&quot;data-srcset&quot;:&quot;https:\\\/\\\/laximenavelasquez.com\\\/wp-content\\\/uploads\\\/2024\\\/12\\\/Tramapa-para-fantasmas-1-768x342.jpg 768w, https:\\\/\\\/laximenavelasquez.com\\\/wp-content\\\/uploads\\\/2024\\\/12\\\/Tramapa-para-fantasmas-1-300x134.jpg 300w, https:\\\/\\\/laximenavelasquez.com\\\/wp-content\\\/uploads\\\/2024\\\/12\\\/Tramapa-para-fantasmas-1-1024x456.jpg 1024w, https:\\\/\\\/laximenavelasquez.com\\\/wp-content\\\/uploads\\\/2024\\\/12\\\/Tramapa-para-fantasmas-1-18x8.jpg 18w, https:\\\/\\\/laximenavelasquez.com\\\/wp-content\\\/uploads\\\/2024\\\/12\\\/Tramapa-para-fantasmas-1.jpg 1129w&quot;}\" \/><noscript><img decoding=\"async\" width=\"768\" height=\"342\" src=\"https:\/\/laximenavelasquez.com\/wp-content\/uploads\/2024\/12\/Tramapa-para-fantasmas-1-768x342.jpg\" class=\"attachment-medium_large size-medium_large wp-image-715\" alt=\"\" srcset=\"https:\/\/laximenavelasquez.com\/wp-content\/uploads\/2024\/12\/Tramapa-para-fantasmas-1-768x342.jpg 768w, https:\/\/laximenavelasquez.com\/wp-content\/uploads\/2024\/12\/Tramapa-para-fantasmas-1-300x134.jpg 300w, https:\/\/laximenavelasquez.com\/wp-content\/uploads\/2024\/12\/Tramapa-para-fantasmas-1-1024x456.jpg 1024w, https:\/\/laximenavelasquez.com\/wp-content\/uploads\/2024\/12\/Tramapa-para-fantasmas-1-18x8.jpg 18w, https:\/\/laximenavelasquez.com\/wp-content\/uploads\/2024\/12\/Tramapa-para-fantasmas-1.jpg 1129w\" sizes=\"(max-width: 768px) 100vw, 768px\" \/><\/noscript><\/div><div class=\"uael-grid-img-overlay\"><\/div><\/a><\/div><\/div><\/div><\/div>\t\t\t\t<\/div>\n\t\t\t\t<\/div>\n\t\t\t\t<div class=\"elementor-element elementor-element-875fa8f elementor-widget elementor-widget-text-editor\" data-id=\"875fa8f\" data-element_type=\"widget\" data-widget_type=\"text-editor.default\">\n\t\t\t\t<div class=\"elementor-widget-container\">\n\t\t\t\t\t\t\t\t\t<p><i>N<\/i>arra Cl\u00e9ment Ch\u00e9roux, em seu livro sobre <em>O erro fotogr\u00e1fico<\/em> que, em 1981, Leon Wulff, editor da Progr\u00e8s photographique, recebeu uma carta de um amador chamado Ratelade, que descreveu a dificuldade de apagar imagens de placas de vidro quando elas n\u00e3o eram mais de seu interesse. Naquela \u00e9poca, os negativos eram feitos manualmente e era comum reutiliz\u00e1-los. Ratelade usava solventes para remover a emuls\u00e3o, mas sempre permaneciam vest\u00edgios t\u00eanues. Confiante de que esses \"fantasmas\" n\u00e3o afetariam as novas fotos, ele decidiu ignor\u00e1-los. Entretanto, essas presen\u00e7as se tornaram mais vis\u00edveis do que o esperado, alterando drasticamente a nova imagem. Ele havia criado uma armadilha para fantasmas.<\/p><p>Inspirado por essa hist\u00f3ria, decidi explorar minhas pr\u00f3prias armadilhas para fantasmas, evocando um tempo passado e a maneira inesperada com que a mem\u00f3ria nos surpreende. Usei vidro leitoso suspenso, no qual projetei retratos de inf\u00e2ncia que, com a umidade, adquiriram uma camada esbranqui\u00e7ada. A proje\u00e7\u00e3o permitiu que a imagem fosse vista de ambos os lados, na esperan\u00e7a de que, em algum momento, o verso recuperasse sua apar\u00eancia original. Na montagem, essas armadilhas geravam novas imagens na parede, ainda mais borradas e distantes, que se moviam e se entrela\u00e7avam ao menor movimento. O som dos projetores criava uma atmosfera nost\u00e1lgica e provocativa.<\/p>\t\t\t\t\t\t\t\t<\/div>\n\t\t\t\t<\/div>\n\t\t\t\t<\/div>\n\t\t\t\t\t<\/div>\n\t\t\t\t<\/div>\n\t\t\t\t<\/div>","protected":false},"excerpt":{"rendered":"<p>Trampa para fantasmas I 3 proyectores de diapositivas, 3 vidrios esmerilados\u00a0Dimensiones variables 5 x 5 metros aprox.\u00a02022\u00a0 Narra Cl\u00e9ment Ch\u00e9roux, en su libro sobre El error fotogr\u00e1fico que, en 1981, Le\u00f3n Wulff, editor de Progr\u00e8s photographique, recibi\u00f3 una carta de un aficionado llamado Ratelade, quien describ\u00eda la dificultad de borrar im\u00e1genes de las placas de [&hellip;]<\/p>","protected":false},"author":1,"featured_media":0,"parent":371,"menu_order":0,"comment_status":"closed","ping_status":"closed","template":"","meta":{"footnotes":""},"class_list":["post-373","page","type-page","status-publish","hentry"],"_links":{"self":[{"href":"https:\/\/laximenavelasquez.com\/pt\/wp-json\/wp\/v2\/pages\/373","targetHints":{"allow":["GET"]}}],"collection":[{"href":"https:\/\/laximenavelasquez.com\/pt\/wp-json\/wp\/v2\/pages"}],"about":[{"href":"https:\/\/laximenavelasquez.com\/pt\/wp-json\/wp\/v2\/types\/page"}],"author":[{"embeddable":true,"href":"https:\/\/laximenavelasquez.com\/pt\/wp-json\/wp\/v2\/users\/1"}],"replies":[{"embeddable":true,"href":"https:\/\/laximenavelasquez.com\/pt\/wp-json\/wp\/v2\/comments?post=373"}],"version-history":[{"count":15,"href":"https:\/\/laximenavelasquez.com\/pt\/wp-json\/wp\/v2\/pages\/373\/revisions"}],"predecessor-version":[{"id":936,"href":"https:\/\/laximenavelasquez.com\/pt\/wp-json\/wp\/v2\/pages\/373\/revisions\/936"}],"up":[{"embeddable":true,"href":"https:\/\/laximenavelasquez.com\/pt\/wp-json\/wp\/v2\/pages\/371"}],"wp:attachment":[{"href":"https:\/\/laximenavelasquez.com\/pt\/wp-json\/wp\/v2\/media?parent=373"}],"curies":[{"name":"wp","href":"https:\/\/api.w.org\/{rel}","templated":true}]}}