{"id":374,"date":"2024-11-18T22:29:12","date_gmt":"2024-11-18T22:29:12","guid":{"rendered":"http:\/\/laximenavelasquez.com\/lo-que-no-alcanza-a-ser-llovizna\/imagen-grabada\/"},"modified":"2024-12-03T15:00:54","modified_gmt":"2024-12-03T15:00:54","slug":"imagen-grabada","status":"publish","type":"page","link":"https:\/\/laximenavelasquez.com\/pt\/lo-que-no-alcanza-a-ser-llovizna\/imagen-grabada\/","title":{"rendered":"Imagem gravada"},"content":{"rendered":"<div data-elementor-type=\"wp-page\" data-elementor-id=\"374\" class=\"elementor elementor-374\" data-elementor-post-type=\"page\">\n\t\t\t\t<div class=\"elementor-element elementor-element-e64e6c5 e-flex e-con-boxed e-con e-parent\" data-id=\"e64e6c5\" data-element_type=\"container\">\n\t\t\t\t\t<div class=\"e-con-inner\">\n\t\t<div class=\"elementor-element elementor-element-9b32d28 e-con-full e-flex e-con e-child\" data-id=\"9b32d28\" data-element_type=\"container\">\n\t\t\t\t<div class=\"elementor-element elementor-element-90d3c56 elementor-widget elementor-widget-heading\" data-id=\"90d3c56\" data-element_type=\"widget\" data-widget_type=\"heading.default\">\n\t\t\t\t<div class=\"elementor-widget-container\">\n\t\t\t\t\t<h2 class=\"elementor-heading-title elementor-size-default\">Imagem gravada <\/h2>\t\t\t\t<\/div>\n\t\t\t\t<\/div>\n\t\t\t\t<div class=\"elementor-element elementor-element-2924004 elementor-widget elementor-widget-text-editor\" data-id=\"2924004\" data-element_type=\"widget\" data-widget_type=\"text-editor.default\">\n\t\t\t\t<div class=\"elementor-widget-container\">\n\t\t\t\t\t\t\t\t\t<p><span data-contrast=\"auto\">Projetores opacos caseiros e placas de \u00e1gua forte em cobre<\/span><span data-ccp-props=\"{}\">\u00a0<br \/><\/span><span data-contrast=\"auto\">Dimens\u00f5es vari\u00e1veis, aprox. 3 x 4 metros.<\/span><span data-ccp-props=\"{}\">\u00a0<br \/><\/span><span data-contrast=\"auto\">2019\/22<\/span><span data-ccp-props=\"{}\">\u00a0<\/span><\/p>\t\t\t\t\t\t\t\t<\/div>\n\t\t\t\t<\/div>\n\t\t\t\t<div class=\"elementor-element elementor-element-250ebba elementor-widget elementor-widget-uael-retina-image\" data-id=\"250ebba\" data-element_type=\"widget\" data-settings=\"{&quot;width&quot;:{&quot;unit&quot;:&quot;%&quot;,&quot;size&quot;:75,&quot;sizes&quot;:[]},&quot;space&quot;:{&quot;unit&quot;:&quot;%&quot;,&quot;size&quot;:75,&quot;sizes&quot;:[]},&quot;align&quot;:&quot;center&quot;,&quot;width_tablet&quot;:{&quot;unit&quot;:&quot;%&quot;,&quot;size&quot;:&quot;&quot;,&quot;sizes&quot;:[]},&quot;width_mobile&quot;:{&quot;unit&quot;:&quot;%&quot;,&quot;size&quot;:&quot;&quot;,&quot;sizes&quot;:[]},&quot;space_tablet&quot;:{&quot;unit&quot;:&quot;%&quot;,&quot;size&quot;:&quot;&quot;,&quot;sizes&quot;:[]},&quot;space_mobile&quot;:{&quot;unit&quot;:&quot;%&quot;,&quot;size&quot;:&quot;&quot;,&quot;sizes&quot;:[]},&quot;image_border_radius&quot;:{&quot;unit&quot;:&quot;px&quot;,&quot;top&quot;:&quot;&quot;,&quot;right&quot;:&quot;&quot;,&quot;bottom&quot;:&quot;&quot;,&quot;left&quot;:&quot;&quot;,&quot;isLinked&quot;:true},&quot;image_border_radius_tablet&quot;:{&quot;unit&quot;:&quot;px&quot;,&quot;top&quot;:&quot;&quot;,&quot;right&quot;:&quot;&quot;,&quot;bottom&quot;:&quot;&quot;,&quot;left&quot;:&quot;&quot;,&quot;isLinked&quot;:true},&quot;image_border_radius_mobile&quot;:{&quot;unit&quot;:&quot;px&quot;,&quot;top&quot;:&quot;&quot;,&quot;right&quot;:&quot;&quot;,&quot;bottom&quot;:&quot;&quot;,&quot;left&quot;:&quot;&quot;,&quot;isLinked&quot;:true}}\" data-widget_type=\"uael-retina-image.default\">\n\t\t\t\t<div class=\"elementor-widget-container\">\n\t\t\t\t\t\t\t<div class=\"uael-retina-image\">\n\t\t\t\t\t\t\t\t\t\t\t\t\t<div class=\"uael-retina-image-set\">\n\t\t\t\t\t<div class=\"uael-retina-image-container\">\n\t\t\t\t\t\t<img decoding=\"async\" class=\"uael-retina-img elementor-animation- lazyload\" data-src=\"https:\/\/laximenavelasquez.com\/wp-content\/uploads\/2024\/12\/Imagen-grabada-768x457.jpg\" alt=\"Imagen grabada\"data-srcset=\"https:\/\/laximenavelasquez.com\/wp-content\/uploads\/2024\/12\/Imagen-grabada-768x457.jpg 1x,https:\/\/laximenavelasquez.com\/wp-content\/uploads\/2024\/12\/Imagen-grabada-768x457.jpg 2x\" src=\"data:image\/gif;base64,R0lGODlhAQABAAAAACH5BAEKAAEALAAAAAABAAEAAAICTAEAOw==\" style=\"--smush-placeholder-width: 768px; --smush-placeholder-aspect-ratio: 768\/457;\" \/><noscript><img decoding=\"async\" class=\"uael-retina-img elementor-animation-\" src=\"https:\/\/laximenavelasquez.com\/wp-content\/uploads\/2024\/12\/Imagen-grabada-768x457.jpg\" alt=\"Imagen grabada\"srcset=\"https:\/\/laximenavelasquez.com\/wp-content\/uploads\/2024\/12\/Imagen-grabada-768x457.jpg 1x,https:\/\/laximenavelasquez.com\/wp-content\/uploads\/2024\/12\/Imagen-grabada-768x457.jpg 2x\"\/><\/noscript>\n\t\t\t\t\t<\/div>\n\t\t\t\t<\/div>\n\t\t\t\t\t\t\t\t<\/div>\n\t\t\t\t\t\t<\/div>\n\t\t\t\t<\/div>\n\t\t\t\t<div class=\"elementor-element elementor-element-02a92d7 elementor-widget elementor-widget-text-editor\" data-id=\"02a92d7\" data-element_type=\"widget\" data-widget_type=\"text-editor.default\">\n\t\t\t\t<div class=\"elementor-widget-container\">\n\t\t\t\t\t\t\t\t\t<p><span class=\"TextRun SCXW227388433 BCX8\" lang=\"ES-ES\" xml:lang=\"ES-ES\" data-contrast=\"auto\"><span class=\"NormalTextRun SCXW227388433 BCX8\">Esse trabalho consiste em tr\u00eas projetores opacos feitos \u00e0 m\u00e3o, lanternas m\u00e1gicas que, em vez de projetar uma imagem transl\u00facida, projetam objetos. Nesse caso, cada projetor cont\u00e9m tr\u00eas placas de cobre gravadas com \u00e1cido. <\/span><span class=\"NormalTextRun SCXW227388433 BCX8\">L<\/span><span class=\"NormalTextRun SCXW227388433 BCX8\">As placas podem ser vistas por uma pequena abertura na parte superior. A materialidade da placa contrasta com a leveza da imagem projetada, que assume uma tonalidade dourada t\u00edpica do metal. As bordas quadradas da placa desaparecem, seu formato retangular d\u00e1 lugar \u00e0s formas circulares das lentes caseiras. <\/span><span class=\"NormalTextRun SCXW227388433 BCX8\">A imagem que percebemos \u00e9 fr\u00e1gil, ao contr\u00e1rio da matriz que a produz.\u00a0<\/span><\/span><span class=\"EOP SCXW227388433 BCX8\" data-ccp-props=\"{}\">\u00a0<\/span><\/p>\t\t\t\t\t\t\t\t<\/div>\n\t\t\t\t<\/div>\n\t\t\t\t<\/div>\n\t\t\t\t\t<\/div>\n\t\t\t\t<\/div>\n\t\t\t\t<\/div>","protected":false},"excerpt":{"rendered":"<p>Imagen grabada Proyectores de opacos caseros y placas de agua fuerte en cobre\u00a0Dimensiones variables, 3 x 4 metros aprox.\u00a02019\/22\u00a0 Esta obra consta de tres proyectores artesanales de opacos, linternas m\u00e1gicas que en lugar de proyectar una imagen transl\u00facida proyecta objetos. En este caso cada proyector contiene en su interior tres placas de cobre grabadas en [&hellip;]<\/p>","protected":false},"author":1,"featured_media":0,"parent":371,"menu_order":0,"comment_status":"closed","ping_status":"closed","template":"","meta":{"footnotes":""},"class_list":["post-374","page","type-page","status-publish","hentry"],"_links":{"self":[{"href":"https:\/\/laximenavelasquez.com\/pt\/wp-json\/wp\/v2\/pages\/374","targetHints":{"allow":["GET"]}}],"collection":[{"href":"https:\/\/laximenavelasquez.com\/pt\/wp-json\/wp\/v2\/pages"}],"about":[{"href":"https:\/\/laximenavelasquez.com\/pt\/wp-json\/wp\/v2\/types\/page"}],"author":[{"embeddable":true,"href":"https:\/\/laximenavelasquez.com\/pt\/wp-json\/wp\/v2\/users\/1"}],"replies":[{"embeddable":true,"href":"https:\/\/laximenavelasquez.com\/pt\/wp-json\/wp\/v2\/comments?post=374"}],"version-history":[{"count":6,"href":"https:\/\/laximenavelasquez.com\/pt\/wp-json\/wp\/v2\/pages\/374\/revisions"}],"predecessor-version":[{"id":779,"href":"https:\/\/laximenavelasquez.com\/pt\/wp-json\/wp\/v2\/pages\/374\/revisions\/779"}],"up":[{"embeddable":true,"href":"https:\/\/laximenavelasquez.com\/pt\/wp-json\/wp\/v2\/pages\/371"}],"wp:attachment":[{"href":"https:\/\/laximenavelasquez.com\/pt\/wp-json\/wp\/v2\/media?parent=374"}],"curies":[{"name":"wp","href":"https:\/\/api.w.org\/{rel}","templated":true}]}}