{"id":377,"date":"2024-11-18T22:30:02","date_gmt":"2024-11-18T22:30:02","guid":{"rendered":"http:\/\/laximenavelasquez.com\/lo-que-no-alcanza-a-ser-llovizna\/imagen-lluviosa\/"},"modified":"2024-12-03T14:55:20","modified_gmt":"2024-12-03T14:55:20","slug":"imagen-lluviosa","status":"publish","type":"page","link":"https:\/\/laximenavelasquez.com\/pt\/lo-que-no-alcanza-a-ser-llovizna\/imagen-lluviosa\/","title":{"rendered":"Imagem chuvisco"},"content":{"rendered":"<div data-elementor-type=\"wp-page\" data-elementor-id=\"377\" class=\"elementor elementor-377\" data-elementor-post-type=\"page\">\n\t\t\t\t<div class=\"elementor-element elementor-element-3e4015e e-flex e-con-boxed e-con e-parent\" data-id=\"3e4015e\" data-element_type=\"container\">\n\t\t\t\t\t<div class=\"e-con-inner\">\n\t\t<div class=\"elementor-element elementor-element-1663986 e-con-full e-flex e-con e-child\" data-id=\"1663986\" data-element_type=\"container\">\n\t\t\t\t<div class=\"elementor-element elementor-element-27adb0c elementor-widget elementor-widget-heading\" data-id=\"27adb0c\" data-element_type=\"widget\" data-widget_type=\"heading.default\">\n\t\t\t\t<div class=\"elementor-widget-container\">\n\t\t\t\t\t<h2 class=\"elementor-heading-title elementor-size-default\">Imagem chuvisco <\/h2>\t\t\t\t<\/div>\n\t\t\t\t<\/div>\n\t\t\t\t<div class=\"elementor-element elementor-element-50d82ec elementor-widget elementor-widget-text-editor\" data-id=\"50d82ec\" data-element_type=\"widget\" data-widget_type=\"text-editor.default\">\n\t\t\t\t<div class=\"elementor-widget-container\">\n\t\t\t\t\t\t\t\t\t<p><span data-contrast=\"auto\">Televis\u00e3o e estrutura met\u00e1lica. <\/span><span data-ccp-props=\"{}\">\u00a0<br \/><\/span><span data-contrast=\"auto\">Dimens\u00f5es vari\u00e1veis de aproximadamente 1 x 1 metro.<\/span><span data-ccp-props=\"{}\">\u00a0<br \/><\/span><span data-contrast=\"auto\">2022<\/span><\/p>\t\t\t\t\t\t\t\t<\/div>\n\t\t\t\t<\/div>\n\t\t\t\t<div class=\"elementor-element elementor-element-e6c9ff1 elementor-widget elementor-widget-uael-retina-image\" data-id=\"e6c9ff1\" data-element_type=\"widget\" data-settings=\"{&quot;align&quot;:&quot;right&quot;,&quot;width&quot;:{&quot;unit&quot;:&quot;%&quot;,&quot;size&quot;:&quot;&quot;,&quot;sizes&quot;:[]},&quot;width_tablet&quot;:{&quot;unit&quot;:&quot;%&quot;,&quot;size&quot;:&quot;&quot;,&quot;sizes&quot;:[]},&quot;width_mobile&quot;:{&quot;unit&quot;:&quot;%&quot;,&quot;size&quot;:&quot;&quot;,&quot;sizes&quot;:[]},&quot;space&quot;:{&quot;unit&quot;:&quot;%&quot;,&quot;size&quot;:&quot;&quot;,&quot;sizes&quot;:[]},&quot;space_tablet&quot;:{&quot;unit&quot;:&quot;%&quot;,&quot;size&quot;:&quot;&quot;,&quot;sizes&quot;:[]},&quot;space_mobile&quot;:{&quot;unit&quot;:&quot;%&quot;,&quot;size&quot;:&quot;&quot;,&quot;sizes&quot;:[]},&quot;image_border_radius&quot;:{&quot;unit&quot;:&quot;px&quot;,&quot;top&quot;:&quot;&quot;,&quot;right&quot;:&quot;&quot;,&quot;bottom&quot;:&quot;&quot;,&quot;left&quot;:&quot;&quot;,&quot;isLinked&quot;:true},&quot;image_border_radius_tablet&quot;:{&quot;unit&quot;:&quot;px&quot;,&quot;top&quot;:&quot;&quot;,&quot;right&quot;:&quot;&quot;,&quot;bottom&quot;:&quot;&quot;,&quot;left&quot;:&quot;&quot;,&quot;isLinked&quot;:true},&quot;image_border_radius_mobile&quot;:{&quot;unit&quot;:&quot;px&quot;,&quot;top&quot;:&quot;&quot;,&quot;right&quot;:&quot;&quot;,&quot;bottom&quot;:&quot;&quot;,&quot;left&quot;:&quot;&quot;,&quot;isLinked&quot;:true}}\" data-widget_type=\"uael-retina-image.default\">\n\t\t\t\t<div class=\"elementor-widget-container\">\n\t\t\t\t\t\t\t<div class=\"uael-retina-image\">\n\t\t\t\t\t\t\t\t\t\t\t\t\t<div class=\"uael-retina-image-set\">\n\t\t\t\t\t<div class=\"uael-retina-image-container\">\n\t\t\t\t\t\t<img decoding=\"async\" class=\"uael-retina-img elementor-animation- lazyload\" data-src=\"https:\/\/laximenavelasquez.com\/wp-content\/smush-webp\/2024\/12\/Imagen-lluviosa-1024x949.jpg.webp?1777281268\" alt=\"Imagen lluviosa\"data-srcset=\"https:\/\/laximenavelasquez.com\/wp-content\/smush-webp\/2024\/12\/Imagen-lluviosa-1024x949.jpg.webp?1777281268 1x,https:\/\/laximenavelasquez.com\/wp-content\/smush-webp\/2024\/12\/Imagen-lluviosa-1024x949.jpg.webp?1777281268 2x\" src=\"data:image\/gif;base64,R0lGODlhAQABAAAAACH5BAEKAAEALAAAAAABAAEAAAICTAEAOw==\" style=\"--smush-placeholder-width: 1024px; --smush-placeholder-aspect-ratio: 1024\/949;\" data-smush-webp-fallback=\"{&quot;data-src&quot;:&quot;https:\\\/\\\/laximenavelasquez.com\\\/wp-content\\\/uploads\\\/2024\\\/12\\\/Imagen-lluviosa-1024x949.jpg?1777281268&quot;,&quot;data-srcset&quot;:&quot;https:\\\/\\\/laximenavelasquez.com\\\/wp-content\\\/uploads\\\/2024\\\/12\\\/Imagen-lluviosa-1024x949.jpg?1777281268 1x,https:\\\/\\\/laximenavelasquez.com\\\/wp-content\\\/uploads\\\/2024\\\/12\\\/Imagen-lluviosa-1024x949.jpg?1777281268 2x&quot;}\" \/><noscript><img decoding=\"async\" class=\"uael-retina-img elementor-animation-\" src=\"https:\/\/laximenavelasquez.com\/wp-content\/uploads\/2024\/12\/Imagen-lluviosa-1024x949.jpg?1777281268\" alt=\"Imagen lluviosa\"srcset=\"https:\/\/laximenavelasquez.com\/wp-content\/uploads\/2024\/12\/Imagen-lluviosa-1024x949.jpg?1777281268 1x,https:\/\/laximenavelasquez.com\/wp-content\/uploads\/2024\/12\/Imagen-lluviosa-1024x949.jpg?1777281268 2x\"\/><\/noscript>\n\t\t\t\t\t<\/div>\n\t\t\t\t<\/div>\n\t\t\t\t\t\t\t\t<\/div>\n\t\t\t\t\t\t<\/div>\n\t\t\t\t<\/div>\n\t\t\t\t<div class=\"elementor-element elementor-element-5240386 uael-aspect-ratio-16_9 elementor-widget elementor-widget-uael-video\" data-id=\"5240386\" data-element_type=\"widget\" data-widget_type=\"uael-video.default\">\n\t\t\t\t<div class=\"elementor-widget-container\">\n\t\t\t\t\t\t\t\t\t<div class=\"uael-video__outer-wrap  uael-video-type-vimeo\" data-device=\"false\" data-vsticky=\"no\" data-hidedesktop=\"\" data-hidetablet=\"\" data-hidemobile=\"\" data-vsticky-viewport=\"0\" data-autoplay=\"0\">\n\t\t\t\t\t<div class=\"uael-vimeo-wrap\">\n\t\t\t\t\t\t\t\t\t<div class=\"uael-vimeo-headers\">\n\t\t\t\t\t\t\t\t<div class=\"uael-vimeo-title\">\n\t\t\t\t\t<a href=\"\">Imagem chuvosa<\/a>\n\t\t\t\t<\/div>\n\t\t\t\t\t\t\t\t\t\t\t\t<div class=\"uael-vimeo-byline\">\n\t\t\t\t\tde  <a href=\"\">ximena vel\u00e1squez<\/a>\n\t\t\t\t<\/div>\n\t\t\t\t\t\t\t<\/div>\n\t\t\t\t\t<\/div>\n\t\t\t\t\t\t\t<div class=\"uael-video-inner-wrap\">\n\t\t\t\t<div class=\"uael-video__play\" data-src=\"https:\/\/player.vimeo.com\/video\/1030139523?loop=0&amp;title=1&amp;portrait=0&amp;byline=1&amp;muted=0&amp;color&amp;autopause=0&amp;autoplay=1#t=\">\n\t\t\t\t\t<img decoding=\"async\" class=\"uael-video__thumb\" src=\"https:\/\/i.vimeocdn.com\/video\/1950613265-3900db2dd2f457ebfe6198e89f736d667a63a0caed973b51b40e699c10d573fb-d_840?region=us\" alt=\"\"><\/img>\n\t\t\t\t\t<div class=\"uael-video__play-icon uael-animation-\">\n\t\t\t\t\t\t<svg aria-hidden=\"true\" class=\"e-font-icon-svg e-fa-play-circle\" viewbox=\"0 0 512 512\" xmlns=\"http:\/\/www.w3.org\/2000\/svg\"><path d=\"M256 8C119 8 8 119 8 256s111 248 248 248 248-111 248-248S393 8 256 8zm115.7 272l-176 101c-15.8 8.8-35.7-2.5-35.7-21V152c0-18.4 19.8-29.8 35.7-21l176 107c16.4 9.2 16.4 32.9 0 42z\"><\/path><\/svg>\t\t\t\t\t<\/div>\n\t\t\t\t<\/div>\n\t\t\t\t\t\t\t\t\t\t\t<\/div>\n\t\t<\/div>\n\t\t\t\t\t\t\t<\/div>\n\t\t\t\t<\/div>\n\t\t\t\t<div class=\"elementor-element elementor-element-34c87c8 elementor-widget elementor-widget-text-editor\" data-id=\"34c87c8\" data-element_type=\"widget\" data-widget_type=\"text-editor.default\">\n\t\t\t\t<div class=\"elementor-widget-container\">\n\t\t\t\t\t\t\t\t\t<p><span data-contrast=\"auto\">O trabalho <\/span><i><span data-contrast=\"auto\">Imagem chuvosa<\/span><\/i><span data-contrast=\"auto\"> \u00e9 composto por 10 fotografias Polaroid da fam\u00edlia do meu tio: seus tr\u00eas filhos e sua esposa, que se mudaram na d\u00e9cada de 1980 para o munic\u00edpio de La Hormiga, no departamento de Putumayo. Com o tempo, essas fotografias adquiriram uma tonalidade verde-azulada que evoca a profundidade do mar, um lugar distante e m\u00edtico submerso na \u00e1gua. Para mim, essas imagens come\u00e7aram a representar formas de vida aqu\u00e1ticas. <\/span><span data-contrast=\"auto\">O dispositivo usado para mostrar o v\u00eddeo \u00e9 um aparelho de televis\u00e3o antigo, colocado com a tela voltada para cima, como um recipiente de \u00e1gua.<\/span><span data-ccp-props=\"{}\">\u00a0<\/span><\/p>\t\t\t\t\t\t\t\t<\/div>\n\t\t\t\t<\/div>\n\t\t\t\t<\/div>\n\t\t\t\t\t<\/div>\n\t\t\t\t<\/div>\n\t\t\t\t<\/div>","protected":false},"excerpt":{"rendered":"<p>Imagen Lluviosa Televisor y estructura met\u00e1lica. \u00a0Dimensiones variables 1 x 1 metro aprox.\u00a02022 https:\/\/vimeo.com\/1030139523 La obra Imagen lluviosa est\u00e1 compuesta por 10 fotograf\u00edas Polaroid de la familia de mi t\u00edo: sus tres hijos y su esposa, quienes se trasladaron en la d\u00e9cada de 1980 al municipio de La Hormiga, en el departamento del Putumayo. Con [&hellip;]<\/p>","protected":false},"author":1,"featured_media":0,"parent":371,"menu_order":0,"comment_status":"closed","ping_status":"closed","template":"","meta":{"footnotes":""},"class_list":["post-377","page","type-page","status-publish","hentry"],"_links":{"self":[{"href":"https:\/\/laximenavelasquez.com\/pt\/wp-json\/wp\/v2\/pages\/377","targetHints":{"allow":["GET"]}}],"collection":[{"href":"https:\/\/laximenavelasquez.com\/pt\/wp-json\/wp\/v2\/pages"}],"about":[{"href":"https:\/\/laximenavelasquez.com\/pt\/wp-json\/wp\/v2\/types\/page"}],"author":[{"embeddable":true,"href":"https:\/\/laximenavelasquez.com\/pt\/wp-json\/wp\/v2\/users\/1"}],"replies":[{"embeddable":true,"href":"https:\/\/laximenavelasquez.com\/pt\/wp-json\/wp\/v2\/comments?post=377"}],"version-history":[{"count":6,"href":"https:\/\/laximenavelasquez.com\/pt\/wp-json\/wp\/v2\/pages\/377\/revisions"}],"predecessor-version":[{"id":773,"href":"https:\/\/laximenavelasquez.com\/pt\/wp-json\/wp\/v2\/pages\/377\/revisions\/773"}],"up":[{"embeddable":true,"href":"https:\/\/laximenavelasquez.com\/pt\/wp-json\/wp\/v2\/pages\/371"}],"wp:attachment":[{"href":"https:\/\/laximenavelasquez.com\/pt\/wp-json\/wp\/v2\/media?parent=377"}],"curies":[{"name":"wp","href":"https:\/\/api.w.org\/{rel}","templated":true}]}}