{"id":378,"date":"2024-11-18T22:30:23","date_gmt":"2024-11-18T22:30:23","guid":{"rendered":"http:\/\/laximenavelasquez.com\/lo-que-no-alcanza-a-ser-llovizna\/foto-grabada\/"},"modified":"2024-12-03T04:11:42","modified_gmt":"2024-12-03T04:11:42","slug":"foto-grabada","status":"publish","type":"page","link":"https:\/\/laximenavelasquez.com\/pt\/lo-que-no-alcanza-a-ser-llovizna\/foto-grabada\/","title":{"rendered":"Foto gravada"},"content":{"rendered":"<div data-elementor-type=\"wp-page\" data-elementor-id=\"378\" class=\"elementor elementor-378\" data-elementor-post-type=\"page\">\n\t\t\t\t<div class=\"elementor-element elementor-element-b91b730 e-flex e-con-boxed e-con e-parent\" data-id=\"b91b730\" data-element_type=\"container\">\n\t\t\t\t\t<div class=\"e-con-inner\">\n\t\t\t\t<div class=\"elementor-element elementor-element-65e4da2 elementor-widget elementor-widget-heading\" data-id=\"65e4da2\" data-element_type=\"widget\" data-widget_type=\"heading.default\">\n\t\t\t\t<div class=\"elementor-widget-container\">\n\t\t\t\t\t<h2 class=\"elementor-heading-title elementor-size-default\">Foto gravada<\/h2>\t\t\t\t<\/div>\n\t\t\t\t<\/div>\n\t\t\t\t<div class=\"elementor-element elementor-element-766aed5 elementor-widget elementor-widget-text-editor\" data-id=\"766aed5\" data-element_type=\"widget\" data-widget_type=\"text-editor.default\">\n\t\t\t\t<div class=\"elementor-widget-container\">\n\t\t\t\t\t\t\t\t\t<p><span data-contrast=\"auto\">S\u00e9rie de 15 fotogravuras em papel de algod\u00e3o<\/span><span data-ccp-props=\"{}\">\u00a0<br \/><\/span><span data-contrast=\"auto\">Tamanhos diferentes, aproximadamente 2 metros lineares.<\/span><span data-ccp-props=\"{}\">\u00a0<br \/><\/span><span data-contrast=\"auto\">2022<\/span><span data-ccp-props=\"{}\">\u00a0<\/span><\/p>\t\t\t\t\t\t\t\t<\/div>\n\t\t\t\t<\/div>\n\t\t\t\t<div class=\"elementor-element elementor-element-ee3796f elementor-widget elementor-widget-uael-retina-image\" data-id=\"ee3796f\" data-element_type=\"widget\" data-settings=\"{&quot;align&quot;:&quot;center&quot;,&quot;width&quot;:{&quot;unit&quot;:&quot;%&quot;,&quot;size&quot;:&quot;&quot;,&quot;sizes&quot;:[]},&quot;width_tablet&quot;:{&quot;unit&quot;:&quot;%&quot;,&quot;size&quot;:&quot;&quot;,&quot;sizes&quot;:[]},&quot;width_mobile&quot;:{&quot;unit&quot;:&quot;%&quot;,&quot;size&quot;:&quot;&quot;,&quot;sizes&quot;:[]},&quot;space&quot;:{&quot;unit&quot;:&quot;%&quot;,&quot;size&quot;:&quot;&quot;,&quot;sizes&quot;:[]},&quot;space_tablet&quot;:{&quot;unit&quot;:&quot;%&quot;,&quot;size&quot;:&quot;&quot;,&quot;sizes&quot;:[]},&quot;space_mobile&quot;:{&quot;unit&quot;:&quot;%&quot;,&quot;size&quot;:&quot;&quot;,&quot;sizes&quot;:[]},&quot;image_border_radius&quot;:{&quot;unit&quot;:&quot;px&quot;,&quot;top&quot;:&quot;&quot;,&quot;right&quot;:&quot;&quot;,&quot;bottom&quot;:&quot;&quot;,&quot;left&quot;:&quot;&quot;,&quot;isLinked&quot;:true},&quot;image_border_radius_tablet&quot;:{&quot;unit&quot;:&quot;px&quot;,&quot;top&quot;:&quot;&quot;,&quot;right&quot;:&quot;&quot;,&quot;bottom&quot;:&quot;&quot;,&quot;left&quot;:&quot;&quot;,&quot;isLinked&quot;:true},&quot;image_border_radius_mobile&quot;:{&quot;unit&quot;:&quot;px&quot;,&quot;top&quot;:&quot;&quot;,&quot;right&quot;:&quot;&quot;,&quot;bottom&quot;:&quot;&quot;,&quot;left&quot;:&quot;&quot;,&quot;isLinked&quot;:true}}\" data-widget_type=\"uael-retina-image.default\">\n\t\t\t\t<div class=\"elementor-widget-container\">\n\t\t\t\t\t\t\t<div class=\"uael-retina-image\">\n\t\t\t\t\t\t\t\t\t\t\t\t\t<div class=\"uael-retina-image-set\">\n\t\t\t\t\t<div class=\"uael-retina-image-container\">\n\t\t\t\t\t\t<img decoding=\"async\" class=\"uael-retina-img elementor-animation- lazyload\" data-src=\"https:\/\/laximenavelasquez.com\/wp-content\/smush-webp\/2024\/12\/Foto-grabada-768x512.jpg.webp\" alt=\"Foto grabada\"data-srcset=\"https:\/\/laximenavelasquez.com\/wp-content\/smush-webp\/2024\/12\/Foto-grabada-768x512.jpg.webp 1x,https:\/\/laximenavelasquez.com\/wp-content\/smush-webp\/2024\/12\/Foto-grabada-768x512.jpg.webp 2x\" src=\"data:image\/gif;base64,R0lGODlhAQABAAAAACH5BAEKAAEALAAAAAABAAEAAAICTAEAOw==\" style=\"--smush-placeholder-width: 768px; --smush-placeholder-aspect-ratio: 768\/512;\" data-smush-webp-fallback=\"{&quot;data-src&quot;:&quot;https:\\\/\\\/laximenavelasquez.com\\\/wp-content\\\/uploads\\\/2024\\\/12\\\/Foto-grabada-768x512.jpg&quot;,&quot;data-srcset&quot;:&quot;https:\\\/\\\/laximenavelasquez.com\\\/wp-content\\\/uploads\\\/2024\\\/12\\\/Foto-grabada-768x512.jpg 1x,https:\\\/\\\/laximenavelasquez.com\\\/wp-content\\\/uploads\\\/2024\\\/12\\\/Foto-grabada-768x512.jpg 2x&quot;}\" \/><noscript><img decoding=\"async\" class=\"uael-retina-img elementor-animation-\" src=\"https:\/\/laximenavelasquez.com\/wp-content\/uploads\/2024\/12\/Foto-grabada-768x512.jpg\" alt=\"Foto grabada\"srcset=\"https:\/\/laximenavelasquez.com\/wp-content\/uploads\/2024\/12\/Foto-grabada-768x512.jpg 1x,https:\/\/laximenavelasquez.com\/wp-content\/uploads\/2024\/12\/Foto-grabada-768x512.jpg 2x\"\/><\/noscript>\n\t\t\t\t\t<\/div>\n\t\t\t\t<\/div>\n\t\t\t\t\t\t\t\t<\/div>\n\t\t\t\t\t\t<\/div>\n\t\t\t\t<\/div>\n\t\t\t\t<div class=\"elementor-element elementor-element-8394932 elementor-widget elementor-widget-text-editor\" data-id=\"8394932\" data-element_type=\"widget\" data-widget_type=\"text-editor.default\">\n\t\t\t\t<div class=\"elementor-widget-container\">\n\t\t\t\t\t\t\t\t\t<p><span data-contrast=\"auto\">Quando algu\u00e9m diz: \"essa imagem ficou comigo\", est\u00e1 expressando o impacto de t\u00ea-la observado. Esse \u00e9 o aspecto que procuro destacar no trabalho. <\/span><i><span data-contrast=\"auto\">Foto gravada<\/span><\/i><span data-contrast=\"auto\">O projeto prop\u00f5e uma reflex\u00e3o sobre o significado da palavra \"grava\u00e7\u00e3o\", que faz alus\u00e3o tanto ao ato de n\u00e3o esquecer quanto ao processo t\u00e9cnico empregado.<\/span><\/p><p><span data-contrast=\"auto\">Nessa s\u00e9rie, estou interessado em mostrar a natureza org\u00e2nica da emuls\u00e3o fotossens\u00edvel, alterada por uma s\u00e9rie de arranh\u00f5es, rugas, borr\u00f5es e manchas qu\u00edmicas, causados intencionalmente ou n\u00e3o por fatores externos. Esses elementos s\u00e3o adicionados \u00e0 imagem original, dando a ela uma dimens\u00e3o emocional e gravando uma segunda hist\u00f3ria na fotografia. Al\u00e9m disso, o fato de que essas imagens n\u00e3o far\u00e3o mais parte de um \u00e1lbum a ser arquivado refor\u00e7a a ideia de usar a t\u00e9cnica da fotogravura, que me permite preservar seu aspecto fotogr\u00e1fico e, ao mesmo tempo, transformar suas escalas e adotar a montagem tradicional de trabalhos em papel. Dessa forma, acentuo a transi\u00e7\u00e3o do privado para o p\u00fablico.<\/span><span data-ccp-props=\"{}\">\u00a0<\/span><\/p>\t\t\t\t\t\t\t\t<\/div>\n\t\t\t\t<\/div>\n\t\t\t\t\t<\/div>\n\t\t\t\t<\/div>\n\t\t\t\t<\/div>","protected":false},"excerpt":{"rendered":"<p>Foto grabada Serie de 15 fotograbados en papel de algod\u00f3n\u00a0Diferentes tama\u00f1os, 2 metros lineales aprox.\u00a02022\u00a0 Cuando alguien dice: \u00abesa imagen se me qued\u00f3 grabada\u00bb, expresa el impacto que le caus\u00f3 haberla observado. Este es el aspecto que busco destacar en la obra Foto grabada, proponiendo una reflexi\u00f3n sobre el significado de la palabra \u00abgrabar\u00bb, que [&hellip;]<\/p>","protected":false},"author":1,"featured_media":0,"parent":371,"menu_order":0,"comment_status":"closed","ping_status":"closed","template":"","meta":{"footnotes":""},"class_list":["post-378","page","type-page","status-publish","hentry"],"_links":{"self":[{"href":"https:\/\/laximenavelasquez.com\/pt\/wp-json\/wp\/v2\/pages\/378","targetHints":{"allow":["GET"]}}],"collection":[{"href":"https:\/\/laximenavelasquez.com\/pt\/wp-json\/wp\/v2\/pages"}],"about":[{"href":"https:\/\/laximenavelasquez.com\/pt\/wp-json\/wp\/v2\/types\/page"}],"author":[{"embeddable":true,"href":"https:\/\/laximenavelasquez.com\/pt\/wp-json\/wp\/v2\/users\/1"}],"replies":[{"embeddable":true,"href":"https:\/\/laximenavelasquez.com\/pt\/wp-json\/wp\/v2\/comments?post=378"}],"version-history":[{"count":4,"href":"https:\/\/laximenavelasquez.com\/pt\/wp-json\/wp\/v2\/pages\/378\/revisions"}],"predecessor-version":[{"id":732,"href":"https:\/\/laximenavelasquez.com\/pt\/wp-json\/wp\/v2\/pages\/378\/revisions\/732"}],"up":[{"embeddable":true,"href":"https:\/\/laximenavelasquez.com\/pt\/wp-json\/wp\/v2\/pages\/371"}],"wp:attachment":[{"href":"https:\/\/laximenavelasquez.com\/pt\/wp-json\/wp\/v2\/media?parent=378"}],"curies":[{"name":"wp","href":"https:\/\/api.w.org\/{rel}","templated":true}]}}