{"id":390,"date":"2024-11-18T22:34:51","date_gmt":"2024-11-18T22:34:51","guid":{"rendered":"http:\/\/laximenavelasquez.com\/sobre-la-casa-y-la-memoria\/la-casona\/"},"modified":"2024-12-03T16:14:31","modified_gmt":"2024-12-03T16:14:31","slug":"la-casona","status":"publish","type":"page","link":"https:\/\/laximenavelasquez.com\/pt\/sobre-la-casa-y-la-memoria\/la-casona\/","title":{"rendered":"O casar\u00e3o"},"content":{"rendered":"<div data-elementor-type=\"wp-page\" data-elementor-id=\"390\" class=\"elementor elementor-390\" data-elementor-post-type=\"page\">\n\t\t\t\t<div class=\"elementor-element elementor-element-96ac727 e-flex e-con-boxed e-con e-parent\" data-id=\"96ac727\" data-element_type=\"container\">\n\t\t\t\t\t<div class=\"e-con-inner\">\n\t\t<div class=\"elementor-element elementor-element-4d48070 e-con-full e-flex e-con e-child\" data-id=\"4d48070\" data-element_type=\"container\">\n\t\t\t\t<div class=\"elementor-element elementor-element-c4e5a63 elementor-widget elementor-widget-heading\" data-id=\"c4e5a63\" data-element_type=\"widget\" data-widget_type=\"heading.default\">\n\t\t\t\t<div class=\"elementor-widget-container\">\n\t\t\t\t\t<h1 class=\"elementor-heading-title elementor-size-default\">O casar\u00e3o<\/h1>\t\t\t\t<\/div>\n\t\t\t\t<\/div>\n\t\t\t\t<div class=\"elementor-element elementor-element-2166e55 elementor-widget elementor-widget-text-editor\" data-id=\"2166e55\" data-element_type=\"widget\" data-widget_type=\"text-editor.default\">\n\t\t\t\t<div class=\"elementor-widget-container\">\n\t\t\t\t\t\t\t\t\t<p><strong>Instala\u00e7\u00e3o, tela de proje\u00e7\u00e3o, projetor de slides, m\u00f3veis em escala.\u00a0<br \/>2000\u00a0<\/strong><\/p>\t\t\t\t\t\t\t\t<\/div>\n\t\t\t\t<\/div>\n\t\t\t\t<div class=\"elementor-element elementor-element-2cfbfde uael-img-grid__column-1 uael-img-grid-mobile__column-1 uael-img-grid-tablet__column-2 uael-ins-normal elementor-widget elementor-widget-uael-image-gallery\" data-id=\"2cfbfde\" data-element_type=\"widget\" data-settings=\"{&quot;gallery_columns&quot;:&quot;1&quot;,&quot;gallery_columns_mobile&quot;:&quot;1&quot;,&quot;gallery_columns_tablet&quot;:&quot;2&quot;,&quot;column_gap&quot;:{&quot;unit&quot;:&quot;px&quot;,&quot;size&quot;:20,&quot;sizes&quot;:[]},&quot;column_gap_tablet&quot;:{&quot;unit&quot;:&quot;px&quot;,&quot;size&quot;:&quot;&quot;,&quot;sizes&quot;:[]},&quot;column_gap_mobile&quot;:{&quot;unit&quot;:&quot;px&quot;,&quot;size&quot;:&quot;&quot;,&quot;sizes&quot;:[]},&quot;row_gap&quot;:{&quot;unit&quot;:&quot;px&quot;,&quot;size&quot;:20,&quot;sizes&quot;:[]},&quot;row_gap_tablet&quot;:{&quot;unit&quot;:&quot;px&quot;,&quot;size&quot;:&quot;&quot;,&quot;sizes&quot;:[]},&quot;row_gap_mobile&quot;:{&quot;unit&quot;:&quot;px&quot;,&quot;size&quot;:&quot;&quot;,&quot;sizes&quot;:[]},&quot;images_valign&quot;:&quot;flex-start&quot;}\" data-widget_type=\"uael-image-gallery.default\">\n\t\t\t\t<div class=\"elementor-widget-container\">\n\t\t\t\t\t<div class=\"uael-gallery-parent uael-caption- uael-gallery-unjustified\"><div class=\"uael-img-gallery-wrap uael-img-grid-wrap uael-img-grid-masonry-wrap uael-image-lightbox-wrap\" data-filter-default=\"All\" data-lightbox_actions=\"[&quot;close&quot;]\" data-lightbox-gallery-loop=\"1\"><div class=\"uael-grid-item  uael-img-gallery-item-1\"><div class=\"uael-grid-item-content\"><a class=\"uael-grid-img uael-grid-gallery-img uael-ins-hover elementor-clickable\" data-fancybox=\"uael-gallery\" href=\"https:\/\/laximenavelasquez.com\/wp-content\/smush-webp\/2024\/12\/La-casona.jpg.webp\" data-elementor-open-lightbox=\"no\" data-smush-webp-fallback=\"{&quot;href&quot;:&quot;https:\\\/\\\/laximenavelasquez.com\\\/wp-content\\\/uploads\\\/2024\\\/12\\\/La-casona.jpg&quot;}\"><div class=\"uael-grid-img-thumbnail uael-ins-target\"><img fetchpriority=\"high\" decoding=\"async\" width=\"768\" height=\"489\" src=\"https:\/\/laximenavelasquez.com\/wp-content\/smush-webp\/2024\/12\/La-casona-768x489.jpg.webp\" class=\"attachment-medium_large size-medium_large wp-image-905\" alt=\"\" srcset=\"https:\/\/laximenavelasquez.com\/wp-content\/smush-webp\/2024\/12\/La-casona-768x489.jpg.webp 768w, https:\/\/laximenavelasquez.com\/wp-content\/smush-webp\/2024\/12\/La-casona-300x191.jpg.webp 300w, https:\/\/laximenavelasquez.com\/wp-content\/smush-webp\/2024\/12\/La-casona-18x12.jpg.webp 18w, https:\/\/laximenavelasquez.com\/wp-content\/smush-webp\/2024\/12\/La-casona.jpg.webp 867w\" sizes=\"(max-width: 768px) 100vw, 768px\" data-smush-webp-fallback=\"{&quot;src&quot;:&quot;https:\\\/\\\/laximenavelasquez.com\\\/wp-content\\\/uploads\\\/2024\\\/12\\\/La-casona-768x489.jpg&quot;,&quot;srcset&quot;:&quot;https:\\\/\\\/laximenavelasquez.com\\\/wp-content\\\/uploads\\\/2024\\\/12\\\/La-casona-768x489.jpg 768w, https:\\\/\\\/laximenavelasquez.com\\\/wp-content\\\/uploads\\\/2024\\\/12\\\/La-casona-300x191.jpg 300w, https:\\\/\\\/laximenavelasquez.com\\\/wp-content\\\/uploads\\\/2024\\\/12\\\/La-casona-18x12.jpg 18w, https:\\\/\\\/laximenavelasquez.com\\\/wp-content\\\/uploads\\\/2024\\\/12\\\/La-casona.jpg 867w&quot;}\" \/><\/div><div class=\"uael-grid-img-overlay\"><\/div><\/a><\/div><\/div><\/div><\/div>\t\t\t\t<\/div>\n\t\t\t\t<\/div>\n\t\t\t\t<div class=\"elementor-element elementor-element-dea7fc7 uael-ins-normal elementor-widget elementor-widget-uael-image-gallery\" data-id=\"dea7fc7\" data-element_type=\"widget\" data-settings=\"{&quot;justified_margin&quot;:{&quot;unit&quot;:&quot;px&quot;,&quot;size&quot;:3,&quot;sizes&quot;:[]},&quot;justified_margin_tablet&quot;:{&quot;unit&quot;:&quot;px&quot;,&quot;size&quot;:&quot;&quot;,&quot;sizes&quot;:[]},&quot;justified_margin_mobile&quot;:{&quot;unit&quot;:&quot;px&quot;,&quot;size&quot;:&quot;&quot;,&quot;sizes&quot;:[]}}\" data-widget_type=\"uael-image-gallery.default\">\n\t\t\t\t<div class=\"elementor-widget-container\">\n\t\t\t\t\t<div class=\"uael-gallery-parent uael-caption-\"><div class=\"uael-img-gallery-wrap uael-img-justified-wrap uael-img-grid-masonry-wrap uael-image-lightbox-wrap\" data-filter-default=\"All\" data-rowheight=\"328\" data-lastrow=\"nojustify\" data-lightbox_actions=\"[&quot;close&quot;]\" data-lightbox-gallery-loop=\"1\"><div class=\"uael-grid-item\"><div class=\"uael-grid-item-content\"><a class=\"uael-grid-img uael-grid-gallery-img uael-ins-hover elementor-clickable\" data-fancybox=\"uael-gallery\" href=\"https:\/\/laximenavelasquez.com\/wp-content\/smush-webp\/2024\/12\/La-casona-Detalle-scaled.jpeg.webp\" data-elementor-open-lightbox=\"no\" data-smush-webp-fallback=\"{&quot;href&quot;:&quot;https:\\\/\\\/laximenavelasquez.com\\\/wp-content\\\/uploads\\\/2024\\\/12\\\/La-casona-Detalle-scaled.jpeg&quot;}\"><div class=\"uael-grid-img-thumbnail uael-ins-target\"><img decoding=\"async\" width=\"768\" height=\"768\" data-src=\"https:\/\/laximenavelasquez.com\/wp-content\/uploads\/2024\/12\/La-casona-Detalle-768x768.jpeg\" class=\"attachment-medium_large size-medium_large wp-image-462 lazyload\" alt=\"\" data-srcset=\"https:\/\/laximenavelasquez.com\/wp-content\/uploads\/2024\/12\/La-casona-Detalle-768x768.jpeg 768w, https:\/\/laximenavelasquez.com\/wp-content\/uploads\/2024\/12\/La-casona-Detalle-300x300.jpeg 300w, https:\/\/laximenavelasquez.com\/wp-content\/uploads\/2024\/12\/La-casona-Detalle-1024x1024.jpeg 1024w, https:\/\/laximenavelasquez.com\/wp-content\/uploads\/2024\/12\/La-casona-Detalle-150x150.jpeg 150w, https:\/\/laximenavelasquez.com\/wp-content\/smush-webp\/2024\/12\/La-casona-Detalle-1536x1536.jpeg.webp 1536w, https:\/\/laximenavelasquez.com\/wp-content\/smush-webp\/2024\/12\/La-casona-Detalle-2048x2048.jpeg.webp 2048w, https:\/\/laximenavelasquez.com\/wp-content\/uploads\/2024\/12\/La-casona-Detalle-12x12.jpeg 12w\" data-sizes=\"(max-width: 768px) 100vw, 768px\" src=\"data:image\/gif;base64,R0lGODlhAQABAAAAACH5BAEKAAEALAAAAAABAAEAAAICTAEAOw==\" style=\"--smush-placeholder-width: 768px; --smush-placeholder-aspect-ratio: 768\/768;\" data-smush-webp-fallback=\"{&quot;data-srcset&quot;:&quot;https:\\\/\\\/laximenavelasquez.com\\\/wp-content\\\/uploads\\\/2024\\\/12\\\/La-casona-Detalle-768x768.jpeg 768w, https:\\\/\\\/laximenavelasquez.com\\\/wp-content\\\/uploads\\\/2024\\\/12\\\/La-casona-Detalle-300x300.jpeg 300w, https:\\\/\\\/laximenavelasquez.com\\\/wp-content\\\/uploads\\\/2024\\\/12\\\/La-casona-Detalle-1024x1024.jpeg 1024w, https:\\\/\\\/laximenavelasquez.com\\\/wp-content\\\/uploads\\\/2024\\\/12\\\/La-casona-Detalle-150x150.jpeg 150w, https:\\\/\\\/laximenavelasquez.com\\\/wp-content\\\/uploads\\\/2024\\\/12\\\/La-casona-Detalle-1536x1536.jpeg 1536w, https:\\\/\\\/laximenavelasquez.com\\\/wp-content\\\/uploads\\\/2024\\\/12\\\/La-casona-Detalle-2048x2048.jpeg 2048w, https:\\\/\\\/laximenavelasquez.com\\\/wp-content\\\/uploads\\\/2024\\\/12\\\/La-casona-Detalle-12x12.jpeg 12w&quot;}\" \/><noscript><img decoding=\"async\" width=\"768\" height=\"768\" src=\"https:\/\/laximenavelasquez.com\/wp-content\/uploads\/2024\/12\/La-casona-Detalle-768x768.jpeg\" class=\"attachment-medium_large size-medium_large wp-image-462\" alt=\"\" srcset=\"https:\/\/laximenavelasquez.com\/wp-content\/uploads\/2024\/12\/La-casona-Detalle-768x768.jpeg 768w, https:\/\/laximenavelasquez.com\/wp-content\/uploads\/2024\/12\/La-casona-Detalle-300x300.jpeg 300w, https:\/\/laximenavelasquez.com\/wp-content\/uploads\/2024\/12\/La-casona-Detalle-1024x1024.jpeg 1024w, https:\/\/laximenavelasquez.com\/wp-content\/uploads\/2024\/12\/La-casona-Detalle-150x150.jpeg 150w, https:\/\/laximenavelasquez.com\/wp-content\/uploads\/2024\/12\/La-casona-Detalle-1536x1536.jpeg 1536w, https:\/\/laximenavelasquez.com\/wp-content\/uploads\/2024\/12\/La-casona-Detalle-2048x2048.jpeg 2048w, https:\/\/laximenavelasquez.com\/wp-content\/uploads\/2024\/12\/La-casona-Detalle-12x12.jpeg 12w\" sizes=\"(max-width: 768px) 100vw, 768px\" \/><\/noscript><\/div><div class=\"uael-grid-img-overlay\"><\/div><\/a><\/div><\/div><div class=\"uael-grid-item\"><div class=\"uael-grid-item-content\"><a class=\"uael-grid-img uael-grid-gallery-img uael-ins-hover elementor-clickable\" data-fancybox=\"uael-gallery\" href=\"https:\/\/laximenavelasquez.com\/wp-content\/smush-webp\/2024\/12\/La-casona-2-scaled.jpeg.webp\" data-elementor-open-lightbox=\"no\" data-smush-webp-fallback=\"{&quot;href&quot;:&quot;https:\\\/\\\/laximenavelasquez.com\\\/wp-content\\\/uploads\\\/2024\\\/12\\\/La-casona-2-scaled.jpeg&quot;}\"><div class=\"uael-grid-img-thumbnail uael-ins-target\"><img decoding=\"async\" width=\"768\" height=\"768\" data-src=\"https:\/\/laximenavelasquez.com\/wp-content\/smush-webp\/2024\/12\/La-casona-2-768x768.jpeg.webp\" class=\"attachment-medium_large size-medium_large wp-image-454 lazyload\" alt=\"\" data-srcset=\"https:\/\/laximenavelasquez.com\/wp-content\/smush-webp\/2024\/12\/La-casona-2-768x768.jpeg.webp 768w, https:\/\/laximenavelasquez.com\/wp-content\/uploads\/2024\/12\/La-casona-2-300x300.jpeg 300w, https:\/\/laximenavelasquez.com\/wp-content\/smush-webp\/2024\/12\/La-casona-2-1024x1024.jpeg.webp 1024w, https:\/\/laximenavelasquez.com\/wp-content\/uploads\/2024\/12\/La-casona-2-150x150.jpeg 150w, https:\/\/laximenavelasquez.com\/wp-content\/smush-webp\/2024\/12\/La-casona-2-1536x1536.jpeg.webp 1536w, https:\/\/laximenavelasquez.com\/wp-content\/smush-webp\/2024\/12\/La-casona-2-2048x2048.jpeg.webp 2048w, https:\/\/laximenavelasquez.com\/wp-content\/uploads\/2024\/12\/La-casona-2-12x12.jpeg 12w\" data-sizes=\"(max-width: 768px) 100vw, 768px\" src=\"data:image\/gif;base64,R0lGODlhAQABAAAAACH5BAEKAAEALAAAAAABAAEAAAICTAEAOw==\" style=\"--smush-placeholder-width: 768px; --smush-placeholder-aspect-ratio: 768\/768;\" data-smush-webp-fallback=\"{&quot;data-src&quot;:&quot;https:\\\/\\\/laximenavelasquez.com\\\/wp-content\\\/uploads\\\/2024\\\/12\\\/La-casona-2-768x768.jpeg&quot;,&quot;data-srcset&quot;:&quot;https:\\\/\\\/laximenavelasquez.com\\\/wp-content\\\/uploads\\\/2024\\\/12\\\/La-casona-2-768x768.jpeg 768w, https:\\\/\\\/laximenavelasquez.com\\\/wp-content\\\/uploads\\\/2024\\\/12\\\/La-casona-2-300x300.jpeg 300w, https:\\\/\\\/laximenavelasquez.com\\\/wp-content\\\/uploads\\\/2024\\\/12\\\/La-casona-2-1024x1024.jpeg 1024w, https:\\\/\\\/laximenavelasquez.com\\\/wp-content\\\/uploads\\\/2024\\\/12\\\/La-casona-2-150x150.jpeg 150w, https:\\\/\\\/laximenavelasquez.com\\\/wp-content\\\/uploads\\\/2024\\\/12\\\/La-casona-2-1536x1536.jpeg 1536w, https:\\\/\\\/laximenavelasquez.com\\\/wp-content\\\/uploads\\\/2024\\\/12\\\/La-casona-2-2048x2048.jpeg 2048w, https:\\\/\\\/laximenavelasquez.com\\\/wp-content\\\/uploads\\\/2024\\\/12\\\/La-casona-2-12x12.jpeg 12w&quot;}\" \/><noscript><img decoding=\"async\" width=\"768\" height=\"768\" src=\"https:\/\/laximenavelasquez.com\/wp-content\/uploads\/2024\/12\/La-casona-2-768x768.jpeg\" class=\"attachment-medium_large size-medium_large wp-image-454\" alt=\"\" srcset=\"https:\/\/laximenavelasquez.com\/wp-content\/uploads\/2024\/12\/La-casona-2-768x768.jpeg 768w, https:\/\/laximenavelasquez.com\/wp-content\/uploads\/2024\/12\/La-casona-2-300x300.jpeg 300w, https:\/\/laximenavelasquez.com\/wp-content\/uploads\/2024\/12\/La-casona-2-1024x1024.jpeg 1024w, https:\/\/laximenavelasquez.com\/wp-content\/uploads\/2024\/12\/La-casona-2-150x150.jpeg 150w, https:\/\/laximenavelasquez.com\/wp-content\/uploads\/2024\/12\/La-casona-2-1536x1536.jpeg 1536w, https:\/\/laximenavelasquez.com\/wp-content\/uploads\/2024\/12\/La-casona-2-2048x2048.jpeg 2048w, https:\/\/laximenavelasquez.com\/wp-content\/uploads\/2024\/12\/La-casona-2-12x12.jpeg 12w\" sizes=\"(max-width: 768px) 100vw, 768px\" \/><\/noscript><\/div><div class=\"uael-grid-img-overlay\"><\/div><\/a><\/div><\/div><div class=\"uael-grid-item\"><div class=\"uael-grid-item-content\"><a class=\"uael-grid-img uael-grid-gallery-img uael-ins-hover elementor-clickable\" data-fancybox=\"uael-gallery\" href=\"https:\/\/laximenavelasquez.com\/wp-content\/smush-webp\/2024\/12\/La-casona-diapo.jpg.webp\" data-elementor-open-lightbox=\"no\" data-smush-webp-fallback=\"{&quot;href&quot;:&quot;https:\\\/\\\/laximenavelasquez.com\\\/wp-content\\\/uploads\\\/2024\\\/12\\\/La-casona-diapo.jpg&quot;}\"><div class=\"uael-grid-img-thumbnail uael-ins-target\"><img decoding=\"async\" width=\"709\" height=\"571\" data-src=\"https:\/\/laximenavelasquez.com\/wp-content\/smush-webp\/2024\/12\/La-casona-diapo.jpg.webp\" class=\"attachment-medium_large size-medium_large wp-image-710 lazyload\" alt=\"\" data-srcset=\"https:\/\/laximenavelasquez.com\/wp-content\/smush-webp\/2024\/12\/La-casona-diapo.jpg.webp 709w, https:\/\/laximenavelasquez.com\/wp-content\/smush-webp\/2024\/12\/La-casona-diapo-300x242.jpg.webp 300w, https:\/\/laximenavelasquez.com\/wp-content\/smush-webp\/2024\/12\/La-casona-diapo-15x12.jpg.webp 15w\" data-sizes=\"(max-width: 709px) 100vw, 709px\" src=\"data:image\/gif;base64,R0lGODlhAQABAAAAACH5BAEKAAEALAAAAAABAAEAAAICTAEAOw==\" style=\"--smush-placeholder-width: 709px; --smush-placeholder-aspect-ratio: 709\/571;\" data-smush-webp-fallback=\"{&quot;data-src&quot;:&quot;https:\\\/\\\/laximenavelasquez.com\\\/wp-content\\\/uploads\\\/2024\\\/12\\\/La-casona-diapo.jpg&quot;,&quot;data-srcset&quot;:&quot;https:\\\/\\\/laximenavelasquez.com\\\/wp-content\\\/uploads\\\/2024\\\/12\\\/La-casona-diapo.jpg 709w, https:\\\/\\\/laximenavelasquez.com\\\/wp-content\\\/uploads\\\/2024\\\/12\\\/La-casona-diapo-300x242.jpg 300w, https:\\\/\\\/laximenavelasquez.com\\\/wp-content\\\/uploads\\\/2024\\\/12\\\/La-casona-diapo-15x12.jpg 15w&quot;}\" \/><noscript><img loading=\"lazy\" decoding=\"async\" width=\"709\" height=\"571\" src=\"https:\/\/laximenavelasquez.com\/wp-content\/uploads\/2024\/12\/La-casona-diapo.jpg\" class=\"attachment-medium_large size-medium_large wp-image-710\" alt=\"\" srcset=\"https:\/\/laximenavelasquez.com\/wp-content\/uploads\/2024\/12\/La-casona-diapo.jpg 709w, https:\/\/laximenavelasquez.com\/wp-content\/uploads\/2024\/12\/La-casona-diapo-300x242.jpg 300w, https:\/\/laximenavelasquez.com\/wp-content\/uploads\/2024\/12\/La-casona-diapo-15x12.jpg 15w\" sizes=\"(max-width: 709px) 100vw, 709px\" \/><\/noscript><\/div><div class=\"uael-grid-img-overlay\"><\/div><\/a><\/div><\/div><\/div><\/div>\t\t\t\t<\/div>\n\t\t\t\t<\/div>\n\t\t\t\t<div class=\"elementor-element elementor-element-f376e81 elementor-widget elementor-widget-text-editor\" data-id=\"f376e81\" data-element_type=\"widget\" data-widget_type=\"text-editor.default\">\n\t\t\t\t<div class=\"elementor-widget-container\">\n\t\t\t\t\t\t\t\t\t<p><span data-contrast=\"auto\">A casa \u00e9 a evoca\u00e7\u00e3o de uma mem\u00f3ria: os m\u00f3veis pequenos e o palco min\u00fasculo querem contar uma hist\u00f3ria. O trabalho \u00e9 uma resist\u00eancia ao esquecimento. Durante o processo de elabora\u00e7\u00e3o, minha fam\u00edlia e eu assumimos a tarefa de desenhar os objetos e m\u00f3veis que t\u00ednhamos na \u00e9poca. N\u00e3o hav\u00edamos percebido que o esquecimento j\u00e1 havia tomado conta de muitas coisas. De certa forma, sab\u00edamos disso desde o in\u00edcio. Sempre estivemos esperando por ele, talvez desde o dia em que n\u00e3o pudemos mais guardar as fotos no \u00e1lbum de fam\u00edlia. Tivemos que jogar fora, uma a uma, as fotografias cheias de fungos que nada mais eram do que cores \u00famidas desbotando no papel. Guardamos algumas em que alguns detalhes ainda nos permitiam reconhecer uns aos outros. A casa tamb\u00e9m desapareceu depois de tr\u00eas anos, quando foi demolida. A fotografia da casa projetada foi tirada dois dias antes de sua destrui\u00e7\u00e3o.<\/span><span data-ccp-props=\"{}\">\u00a0<\/span><\/p><p><span data-contrast=\"auto\">A partir dos desenhos feitos por minha fam\u00edlia, comecei a fazer os m\u00f3veis com peda\u00e7os de madeira que encontrei na rua. Eu os pintei como me lembrava deles. Quando decidi projetar a casa nos m\u00f3veis, era apenas um fantasma que ro\u00e7ava neles. A imagem da luz nunca conseguia absorv\u00ea-los; eles permaneciam como uma parte externa cont\u00ednua, o que era ainda mais acentuado quando o fantasma da luz da casa projetada ricocheteava na parede, deixando uma imagem ainda mais fraca. As pequenas pe\u00e7as de mob\u00edlia assumiram uma apar\u00eancia solit\u00e1ria e silenciosa.<\/span><span data-ccp-props=\"{}\">\u00a0<\/span><\/p>\t\t\t\t\t\t\t\t<\/div>\n\t\t\t\t<\/div>\n\t\t\t\t<\/div>\n\t\t\t\t\t<\/div>\n\t\t\t\t<\/div>\n\t\t\t\t<\/div>","protected":false},"excerpt":{"rendered":"<p>La casona Instalaci\u00f3n, pantalla de proyecci\u00f3n, proyector de diapositiva, muebles a escala.\u00a02000\u00a0 La casona es la evocaci\u00f3n de un recuerdo: los muebles peque\u00f1os y el diminuto escenario quieren contar una historia. La obra es una resistencia al olvido. Durante el proceso de elaboraci\u00f3n, mi familia y yo nos dimos a la tarea de dibujar los [&hellip;]<\/p>","protected":false},"author":1,"featured_media":0,"parent":389,"menu_order":0,"comment_status":"closed","ping_status":"closed","template":"","meta":{"footnotes":""},"class_list":["post-390","page","type-page","status-publish","hentry"],"_links":{"self":[{"href":"https:\/\/laximenavelasquez.com\/pt\/wp-json\/wp\/v2\/pages\/390","targetHints":{"allow":["GET"]}}],"collection":[{"href":"https:\/\/laximenavelasquez.com\/pt\/wp-json\/wp\/v2\/pages"}],"about":[{"href":"https:\/\/laximenavelasquez.com\/pt\/wp-json\/wp\/v2\/types\/page"}],"author":[{"embeddable":true,"href":"https:\/\/laximenavelasquez.com\/pt\/wp-json\/wp\/v2\/users\/1"}],"replies":[{"embeddable":true,"href":"https:\/\/laximenavelasquez.com\/pt\/wp-json\/wp\/v2\/comments?post=390"}],"version-history":[{"count":6,"href":"https:\/\/laximenavelasquez.com\/pt\/wp-json\/wp\/v2\/pages\/390\/revisions"}],"predecessor-version":[{"id":910,"href":"https:\/\/laximenavelasquez.com\/pt\/wp-json\/wp\/v2\/pages\/390\/revisions\/910"}],"up":[{"embeddable":true,"href":"https:\/\/laximenavelasquez.com\/pt\/wp-json\/wp\/v2\/pages\/389"}],"wp:attachment":[{"href":"https:\/\/laximenavelasquez.com\/pt\/wp-json\/wp\/v2\/media?parent=390"}],"curies":[{"name":"wp","href":"https:\/\/api.w.org\/{rel}","templated":true}]}}