{"id":392,"date":"2024-11-18T22:35:24","date_gmt":"2024-11-18T22:35:24","guid":{"rendered":"http:\/\/laximenavelasquez.com\/sobre-la-casa-y-la-memoria\/cuando-las-puertas-estan-cerradas-no-necesito-recordar-lo-que-hay-adentro\/"},"modified":"2024-12-03T16:14:39","modified_gmt":"2024-12-03T16:14:39","slug":"cuando-las-puertas-estan-cerradas-no-necesito-recordar-lo-que-hay-adentro","status":"publish","type":"page","link":"https:\/\/laximenavelasquez.com\/pt\/sobre-la-casa-y-la-memoria\/cuando-las-puertas-estan-cerradas-no-necesito-recordar-lo-que-hay-adentro\/","title":{"rendered":"Quando as portas est\u00e3o fechadas, n\u00e3o preciso me lembrar do que est\u00e1 l\u00e1 dentro."},"content":{"rendered":"<div data-elementor-type=\"wp-page\" data-elementor-id=\"392\" class=\"elementor elementor-392\" data-elementor-post-type=\"page\">\n\t\t\t\t<div class=\"elementor-element elementor-element-45fba94 e-flex e-con-boxed e-con e-parent\" data-id=\"45fba94\" data-element_type=\"container\">\n\t\t\t\t\t<div class=\"e-con-inner\">\n\t\t<div class=\"elementor-element elementor-element-0a78480 e-con-full e-flex e-con e-child\" data-id=\"0a78480\" data-element_type=\"container\">\n\t\t\t\t<div class=\"elementor-element elementor-element-4f75cc6 elementor-widget elementor-widget-heading\" data-id=\"4f75cc6\" data-element_type=\"widget\" data-widget_type=\"heading.default\">\n\t\t\t\t<div class=\"elementor-widget-container\">\n\t\t\t\t\t<h1 class=\"elementor-heading-title elementor-size-default\">Quando as portas est\u00e3o fechadas\n<\/h1>\t\t\t\t<\/div>\n\t\t\t\t<\/div>\n\t\t\t\t<div class=\"elementor-element elementor-element-c61c3aa elementor-widget elementor-widget-heading\" data-id=\"c61c3aa\" data-element_type=\"widget\" data-widget_type=\"heading.default\">\n\t\t\t\t<div class=\"elementor-widget-container\">\n\t\t\t\t\t<h1 class=\"elementor-heading-title elementor-size-default\">N\u00e3o preciso me lembrar do que est\u00e1 l\u00e1 dentro<\/h1>\t\t\t\t<\/div>\n\t\t\t\t<\/div>\n\t\t\t\t<div class=\"elementor-element elementor-element-64971a4 elementor-widget elementor-widget-text-editor\" data-id=\"64971a4\" data-element_type=\"widget\" data-widget_type=\"text-editor.default\">\n\t\t\t\t<div class=\"elementor-widget-container\">\n\t\t\t\t\t\t\t\t\t<p><span data-contrast=\"auto\">Fotografia anal\u00f3gica<\/span><span data-ccp-props=\"{&quot;201341983&quot;:0,&quot;335559740&quot;:259}\">\u00a0<br \/><\/span><span data-contrast=\"auto\">2000<\/span><span data-ccp-props=\"{}\">\u00a0<\/span><\/p>\t\t\t\t\t\t\t\t<\/div>\n\t\t\t\t<\/div>\n\t\t\t\t<div class=\"elementor-element elementor-element-2f08a65 uael-img-grid__column-2 uael-img-grid-mobile__column-1 uael-img-grid-tablet__column-2 uael-ins-normal elementor-widget elementor-widget-uael-image-gallery\" data-id=\"2f08a65\" data-element_type=\"widget\" data-settings=\"{&quot;gallery_columns&quot;:&quot;2&quot;,&quot;gallery_columns_mobile&quot;:&quot;1&quot;,&quot;gallery_columns_tablet&quot;:&quot;2&quot;,&quot;column_gap&quot;:{&quot;unit&quot;:&quot;px&quot;,&quot;size&quot;:20,&quot;sizes&quot;:[]},&quot;column_gap_tablet&quot;:{&quot;unit&quot;:&quot;px&quot;,&quot;size&quot;:&quot;&quot;,&quot;sizes&quot;:[]},&quot;column_gap_mobile&quot;:{&quot;unit&quot;:&quot;px&quot;,&quot;size&quot;:&quot;&quot;,&quot;sizes&quot;:[]},&quot;row_gap&quot;:{&quot;unit&quot;:&quot;px&quot;,&quot;size&quot;:20,&quot;sizes&quot;:[]},&quot;row_gap_tablet&quot;:{&quot;unit&quot;:&quot;px&quot;,&quot;size&quot;:&quot;&quot;,&quot;sizes&quot;:[]},&quot;row_gap_mobile&quot;:{&quot;unit&quot;:&quot;px&quot;,&quot;size&quot;:&quot;&quot;,&quot;sizes&quot;:[]},&quot;images_valign&quot;:&quot;flex-start&quot;}\" data-widget_type=\"uael-image-gallery.default\">\n\t\t\t\t<div class=\"elementor-widget-container\">\n\t\t\t\t\t<div class=\"uael-gallery-parent uael-caption- uael-gallery-unjustified\"><div class=\"uael-img-gallery-wrap uael-img-grid-wrap uael-img-grid-masonry-wrap uael-image-lightbox-wrap\" data-filter-default=\"All\" data-lightbox_actions=\"[&quot;close&quot;]\" data-lightbox-gallery-loop=\"1\"><div class=\"uael-grid-item  uael-img-gallery-item-1\"><div class=\"uael-grid-item-content\"><a class=\"uael-grid-img uael-grid-gallery-img uael-ins-hover elementor-clickable\" data-fancybox=\"uael-gallery\" href=\"https:\/\/laximenavelasquez.com\/wp-content\/smush-webp\/2024\/12\/Con-las-puertas-cerradas-1.jpg.webp\" data-elementor-open-lightbox=\"no\" data-smush-webp-fallback=\"{&quot;href&quot;:&quot;https:\\\/\\\/laximenavelasquez.com\\\/wp-content\\\/uploads\\\/2024\\\/12\\\/Con-las-puertas-cerradas-1.jpg&quot;}\"><div class=\"uael-grid-img-thumbnail uael-ins-target\"><img fetchpriority=\"high\" decoding=\"async\" width=\"768\" height=\"1176\" src=\"https:\/\/laximenavelasquez.com\/wp-content\/smush-webp\/2024\/12\/Con-las-puertas-cerradas-1-768x1176.jpg.webp\" class=\"attachment-medium_large size-medium_large wp-image-690\" alt=\"\" srcset=\"https:\/\/laximenavelasquez.com\/wp-content\/smush-webp\/2024\/12\/Con-las-puertas-cerradas-1-768x1176.jpg.webp 768w, https:\/\/laximenavelasquez.com\/wp-content\/smush-webp\/2024\/12\/Con-las-puertas-cerradas-1-196x300.jpg.webp 196w, https:\/\/laximenavelasquez.com\/wp-content\/smush-webp\/2024\/12\/Con-las-puertas-cerradas-1-669x1024.jpg.webp 669w, https:\/\/laximenavelasquez.com\/wp-content\/smush-webp\/2024\/12\/Con-las-puertas-cerradas-1-1003x1536.jpg.webp 1003w, https:\/\/laximenavelasquez.com\/wp-content\/smush-webp\/2024\/12\/Con-las-puertas-cerradas-1-8x12.jpg.webp 8w, https:\/\/laximenavelasquez.com\/wp-content\/smush-webp\/2024\/12\/Con-las-puertas-cerradas-1.jpg.webp 1164w\" sizes=\"(max-width: 768px) 100vw, 768px\" data-smush-webp-fallback=\"{&quot;src&quot;:&quot;https:\\\/\\\/laximenavelasquez.com\\\/wp-content\\\/uploads\\\/2024\\\/12\\\/Con-las-puertas-cerradas-1-768x1176.jpg&quot;,&quot;srcset&quot;:&quot;https:\\\/\\\/laximenavelasquez.com\\\/wp-content\\\/uploads\\\/2024\\\/12\\\/Con-las-puertas-cerradas-1-768x1176.jpg 768w, https:\\\/\\\/laximenavelasquez.com\\\/wp-content\\\/uploads\\\/2024\\\/12\\\/Con-las-puertas-cerradas-1-196x300.jpg 196w, https:\\\/\\\/laximenavelasquez.com\\\/wp-content\\\/uploads\\\/2024\\\/12\\\/Con-las-puertas-cerradas-1-669x1024.jpg 669w, https:\\\/\\\/laximenavelasquez.com\\\/wp-content\\\/uploads\\\/2024\\\/12\\\/Con-las-puertas-cerradas-1-1003x1536.jpg 1003w, https:\\\/\\\/laximenavelasquez.com\\\/wp-content\\\/uploads\\\/2024\\\/12\\\/Con-las-puertas-cerradas-1-8x12.jpg 8w, https:\\\/\\\/laximenavelasquez.com\\\/wp-content\\\/uploads\\\/2024\\\/12\\\/Con-las-puertas-cerradas-1.jpg 1164w&quot;}\" \/><\/div><div class=\"uael-grid-img-overlay\"><\/div><\/a><\/div><\/div><div class=\"uael-grid-item  uael-img-gallery-item-2\"><div class=\"uael-grid-item-content\"><a class=\"uael-grid-img uael-grid-gallery-img uael-ins-hover elementor-clickable\" data-fancybox=\"uael-gallery\" href=\"https:\/\/laximenavelasquez.com\/wp-content\/smush-webp\/2024\/12\/Con-las-puertas-cerradas-rotated.jpg.webp\" data-elementor-open-lightbox=\"no\" data-smush-webp-fallback=\"{&quot;href&quot;:&quot;https:\\\/\\\/laximenavelasquez.com\\\/wp-content\\\/uploads\\\/2024\\\/12\\\/Con-las-puertas-cerradas-rotated.jpg&quot;}\"><div class=\"uael-grid-img-thumbnail uael-ins-target\"><img decoding=\"async\" width=\"567\" height=\"867\" data-src=\"https:\/\/laximenavelasquez.com\/wp-content\/smush-webp\/2024\/12\/Con-las-puertas-cerradas-rotated.jpg.webp\" class=\"attachment-medium_large size-medium_large wp-image-900 lazyload\" alt=\"\" data-srcset=\"https:\/\/laximenavelasquez.com\/wp-content\/smush-webp\/2024\/12\/Con-las-puertas-cerradas-rotated.jpg.webp 567w, https:\/\/laximenavelasquez.com\/wp-content\/smush-webp\/2024\/12\/Con-las-puertas-cerradas-196x300.jpg.webp 196w, https:\/\/laximenavelasquez.com\/wp-content\/smush-webp\/2024\/12\/Con-las-puertas-cerradas-8x12.jpg.webp 8w\" data-sizes=\"(max-width: 567px) 100vw, 567px\" src=\"data:image\/gif;base64,R0lGODlhAQABAAAAACH5BAEKAAEALAAAAAABAAEAAAICTAEAOw==\" style=\"--smush-placeholder-width: 567px; --smush-placeholder-aspect-ratio: 567\/867;\" data-smush-webp-fallback=\"{&quot;data-src&quot;:&quot;https:\\\/\\\/laximenavelasquez.com\\\/wp-content\\\/uploads\\\/2024\\\/12\\\/Con-las-puertas-cerradas-rotated.jpg&quot;,&quot;data-srcset&quot;:&quot;https:\\\/\\\/laximenavelasquez.com\\\/wp-content\\\/uploads\\\/2024\\\/12\\\/Con-las-puertas-cerradas-rotated.jpg 567w, https:\\\/\\\/laximenavelasquez.com\\\/wp-content\\\/uploads\\\/2024\\\/12\\\/Con-las-puertas-cerradas-196x300.jpg 196w, https:\\\/\\\/laximenavelasquez.com\\\/wp-content\\\/uploads\\\/2024\\\/12\\\/Con-las-puertas-cerradas-8x12.jpg 8w&quot;}\" \/><noscript><img decoding=\"async\" width=\"567\" height=\"867\" src=\"https:\/\/laximenavelasquez.com\/wp-content\/uploads\/2024\/12\/Con-las-puertas-cerradas-rotated.jpg\" class=\"attachment-medium_large size-medium_large wp-image-900\" alt=\"\" srcset=\"https:\/\/laximenavelasquez.com\/wp-content\/uploads\/2024\/12\/Con-las-puertas-cerradas-rotated.jpg 567w, https:\/\/laximenavelasquez.com\/wp-content\/uploads\/2024\/12\/Con-las-puertas-cerradas-196x300.jpg 196w, https:\/\/laximenavelasquez.com\/wp-content\/uploads\/2024\/12\/Con-las-puertas-cerradas-8x12.jpg 8w\" sizes=\"(max-width: 567px) 100vw, 567px\" \/><\/noscript><\/div><div class=\"uael-grid-img-overlay\"><\/div><\/a><\/div><\/div><\/div><\/div>\t\t\t\t<\/div>\n\t\t\t\t<\/div>\n\t\t\t\t<div class=\"elementor-element elementor-element-fb3f1bb uael-img-grid__column-1 uael-img-grid-mobile__column-1 uael-img-grid-tablet__column-2 uael-ins-normal elementor-widget elementor-widget-uael-image-gallery\" data-id=\"fb3f1bb\" data-element_type=\"widget\" data-settings=\"{&quot;gallery_columns&quot;:&quot;1&quot;,&quot;gallery_columns_mobile&quot;:&quot;1&quot;,&quot;gallery_columns_tablet&quot;:&quot;2&quot;,&quot;column_gap&quot;:{&quot;unit&quot;:&quot;px&quot;,&quot;size&quot;:20,&quot;sizes&quot;:[]},&quot;column_gap_tablet&quot;:{&quot;unit&quot;:&quot;px&quot;,&quot;size&quot;:&quot;&quot;,&quot;sizes&quot;:[]},&quot;column_gap_mobile&quot;:{&quot;unit&quot;:&quot;px&quot;,&quot;size&quot;:&quot;&quot;,&quot;sizes&quot;:[]},&quot;row_gap&quot;:{&quot;unit&quot;:&quot;px&quot;,&quot;size&quot;:20,&quot;sizes&quot;:[]},&quot;row_gap_tablet&quot;:{&quot;unit&quot;:&quot;px&quot;,&quot;size&quot;:&quot;&quot;,&quot;sizes&quot;:[]},&quot;row_gap_mobile&quot;:{&quot;unit&quot;:&quot;px&quot;,&quot;size&quot;:&quot;&quot;,&quot;sizes&quot;:[]},&quot;images_valign&quot;:&quot;flex-start&quot;}\" data-widget_type=\"uael-image-gallery.default\">\n\t\t\t\t<div class=\"elementor-widget-container\">\n\t\t\t\t\t<div class=\"uael-gallery-parent uael-caption- uael-gallery-unjustified\"><div class=\"uael-img-gallery-wrap uael-img-grid-wrap uael-img-grid-masonry-wrap uael-image-lightbox-wrap\" data-filter-default=\"All\" data-lightbox_actions=\"[&quot;close&quot;]\" data-lightbox-gallery-loop=\"1\"><div class=\"uael-grid-item  uael-img-gallery-item-1\"><div class=\"uael-grid-item-content\"><a class=\"uael-grid-img uael-grid-gallery-img uael-ins-hover elementor-clickable\" data-fancybox=\"uael-gallery\" href=\"https:\/\/laximenavelasquez.com\/wp-content\/smush-webp\/2024\/12\/Con-puerta-cerrada-paisaje-.jpg.webp\" data-elementor-open-lightbox=\"no\" data-smush-webp-fallback=\"{&quot;href&quot;:&quot;https:\\\/\\\/laximenavelasquez.com\\\/wp-content\\\/uploads\\\/2024\\\/12\\\/Con-puerta-cerrada-paisaje-.jpg&quot;}\"><div class=\"uael-grid-img-thumbnail uael-ins-target\"><img decoding=\"async\" width=\"591\" height=\"435\" data-src=\"https:\/\/laximenavelasquez.com\/wp-content\/smush-webp\/2024\/12\/Con-puerta-cerrada-paisaje-.jpg.webp\" class=\"attachment-medium_large size-medium_large wp-image-692 lazyload\" alt=\"\" data-srcset=\"https:\/\/laximenavelasquez.com\/wp-content\/smush-webp\/2024\/12\/Con-puerta-cerrada-paisaje-.jpg.webp 591w, https:\/\/laximenavelasquez.com\/wp-content\/smush-webp\/2024\/12\/Con-puerta-cerrada-paisaje--300x221.jpg.webp 300w, https:\/\/laximenavelasquez.com\/wp-content\/smush-webp\/2024\/12\/Con-puerta-cerrada-paisaje--16x12.jpg.webp 16w\" data-sizes=\"(max-width: 591px) 100vw, 591px\" src=\"data:image\/gif;base64,R0lGODlhAQABAAAAACH5BAEKAAEALAAAAAABAAEAAAICTAEAOw==\" style=\"--smush-placeholder-width: 591px; --smush-placeholder-aspect-ratio: 591\/435;\" data-smush-webp-fallback=\"{&quot;data-src&quot;:&quot;https:\\\/\\\/laximenavelasquez.com\\\/wp-content\\\/uploads\\\/2024\\\/12\\\/Con-puerta-cerrada-paisaje-.jpg&quot;,&quot;data-srcset&quot;:&quot;https:\\\/\\\/laximenavelasquez.com\\\/wp-content\\\/uploads\\\/2024\\\/12\\\/Con-puerta-cerrada-paisaje-.jpg 591w, https:\\\/\\\/laximenavelasquez.com\\\/wp-content\\\/uploads\\\/2024\\\/12\\\/Con-puerta-cerrada-paisaje--300x221.jpg 300w, https:\\\/\\\/laximenavelasquez.com\\\/wp-content\\\/uploads\\\/2024\\\/12\\\/Con-puerta-cerrada-paisaje--16x12.jpg 16w&quot;}\" \/><noscript><img decoding=\"async\" width=\"591\" height=\"435\" src=\"https:\/\/laximenavelasquez.com\/wp-content\/uploads\/2024\/12\/Con-puerta-cerrada-paisaje-.jpg\" class=\"attachment-medium_large size-medium_large wp-image-692\" alt=\"\" srcset=\"https:\/\/laximenavelasquez.com\/wp-content\/uploads\/2024\/12\/Con-puerta-cerrada-paisaje-.jpg 591w, https:\/\/laximenavelasquez.com\/wp-content\/uploads\/2024\/12\/Con-puerta-cerrada-paisaje--300x221.jpg 300w, https:\/\/laximenavelasquez.com\/wp-content\/uploads\/2024\/12\/Con-puerta-cerrada-paisaje--16x12.jpg 16w\" sizes=\"(max-width: 591px) 100vw, 591px\" \/><\/noscript><\/div><div class=\"uael-grid-img-overlay\"><\/div><\/a><\/div><\/div><\/div><\/div>\t\t\t\t<\/div>\n\t\t\t\t<\/div>\n\t\t\t\t<div class=\"elementor-element elementor-element-817b991 elementor-widget elementor-widget-text-editor\" data-id=\"817b991\" data-element_type=\"widget\" data-widget_type=\"text-editor.default\">\n\t\t\t\t<div class=\"elementor-widget-container\">\n\t\t\t\t\t\t\t\t\t<p><span data-contrast=\"auto\">A casa \u00e9 um assunto que tem atra\u00eddo muito minha aten\u00e7\u00e3o, especialmente aquelas que deixamos para tr\u00e1s ou que deixaram de existir, pois fazem parte de uma hist\u00f3ria pessoal, seja como institui\u00e7\u00e3o, lugar emocional ou espa\u00e7o f\u00edsico. Por algum motivo, talvez um instinto profundo, nos recusamos a deixar suas mem\u00f3rias morrerem. No entanto, o tempo cobre lentamente os vest\u00edgios e, ap\u00f3s cada gera\u00e7\u00e3o, haver\u00e1 menos para contar. Por esse motivo, decidi colocar uma porta nos poucos vest\u00edgios deixados por uma casa, exatamente onde os azulejos amarelos e azuis marcam o limite com a cal\u00e7ada, evidenciando o limiar entre um espa\u00e7o p\u00fablico e um privado.<\/span><\/p><p><span data-contrast=\"auto\">O nome do trabalho foi tirado de um texto de uma pe\u00e7a de teatro, inspirado em uma fotografia da imprensa de um homem deslocado pela viol\u00eancia, carregando uma porta nas costas: a \u00fanica coisa que lhe restava de sua casa. Essa abordagem me levou a explorar o posicionamento da porta em uma paisagem aberta.<\/span><span data-ccp-props=\"{}\">\u00a0<\/span><\/p>\t\t\t\t\t\t\t\t<\/div>\n\t\t\t\t<\/div>\n\t\t\t\t<\/div>\n\t\t\t\t\t<\/div>\n\t\t\t\t<\/div>\n\t\t\t\t<\/div>","protected":false},"excerpt":{"rendered":"<p>Cuando las puertas est\u00e1n cerradas no necesito recordar lo que hay adentro Fotograf\u00eda anal\u00f3gica\u00a02000\u00a0 La casa ha sido un tema que ha llamado mucho mi atenci\u00f3n, especialmente aquellas que dejamos atr\u00e1s o que dejaron de existir, ya que forman parte de una historia personal, ya sea como instituci\u00f3n, lugar emotivo o espacio f\u00edsico. Por alguna [&hellip;]<\/p>","protected":false},"author":1,"featured_media":0,"parent":389,"menu_order":0,"comment_status":"closed","ping_status":"closed","template":"","meta":{"footnotes":""},"class_list":["post-392","page","type-page","status-publish","hentry"],"_links":{"self":[{"href":"https:\/\/laximenavelasquez.com\/pt\/wp-json\/wp\/v2\/pages\/392","targetHints":{"allow":["GET"]}}],"collection":[{"href":"https:\/\/laximenavelasquez.com\/pt\/wp-json\/wp\/v2\/pages"}],"about":[{"href":"https:\/\/laximenavelasquez.com\/pt\/wp-json\/wp\/v2\/types\/page"}],"author":[{"embeddable":true,"href":"https:\/\/laximenavelasquez.com\/pt\/wp-json\/wp\/v2\/users\/1"}],"replies":[{"embeddable":true,"href":"https:\/\/laximenavelasquez.com\/pt\/wp-json\/wp\/v2\/comments?post=392"}],"version-history":[{"count":19,"href":"https:\/\/laximenavelasquez.com\/pt\/wp-json\/wp\/v2\/pages\/392\/revisions"}],"predecessor-version":[{"id":911,"href":"https:\/\/laximenavelasquez.com\/pt\/wp-json\/wp\/v2\/pages\/392\/revisions\/911"}],"up":[{"embeddable":true,"href":"https:\/\/laximenavelasquez.com\/pt\/wp-json\/wp\/v2\/pages\/389"}],"wp:attachment":[{"href":"https:\/\/laximenavelasquez.com\/pt\/wp-json\/wp\/v2\/media?parent=392"}],"curies":[{"name":"wp","href":"https:\/\/api.w.org\/{rel}","templated":true}]}}